{"id":4862,"date":"2019-05-07T08:03:49","date_gmt":"2019-05-07T08:03:49","guid":{"rendered":"https:\/\/www.stvvalves.com\/?post_type=product&#038;p=4862"},"modified":"2025-02-17T18:32:10","modified_gmt":"2025-02-17T10:32:10","slug":"c95800-forging-floating-ball-valve-800lb-dn25-npt-end","status":"publish","type":"product","link":"https:\/\/www.stvvalves.com\/fr\/products\/c95800-forging-floating-ball-valve-800lb-dn25-npt-end\/","title":{"rendered":"Vanne \u00e0 bille flottante forg\u00e9e C95800, 800LB, DN25, extr\u00e9mit\u00e9 NPT"},"content":{"rendered":"<p>Robinet \u00e0 tournant sph\u00e9rique flottant forg\u00e9 en 3 pi\u00e8ces<\/p>\n<p>Caract\u00e9ristiques:<\/p>\n<p>Taille:1\/2\u2033-2\u2033<\/p>\n<p>Pression normale\u00a0: 800-2500LB<\/p>\n<p>FP. Conception de port complet\/RP. Port r\u00e9gulier \/ Port r\u00e9duit<\/p>\n<p>Deux pi\u00e8ces \/ Corps divis\u00e9, boule flottante<\/p>\n<p>Tige anti-\u00e9clatement<\/p>\n<p>Extr\u00e9mit\u00e9 \u00e0 bride, face sur\u00e9lev\u00e9e<\/p>\n<p>CAPI \/ ISO5211 Support de montage<\/p>\n<p>Niveau ou engrenage \u00e0 vis sans fin<\/p>\n<p>Caract\u00e9ristiques<\/p>\n<p>Normes de conception et de fabrication\u00a0:\u00a0API 608,API 607,API 6D,BS 5351<\/p>\n<p>Norme face \u00e0 face\u00a0: API B16.10, API 6D, DIN 3202<br \/>\nNorme de connexion d&#039;extr\u00e9mit\u00e9\u00a0: NPT, BSP, BSPT, DIN259\/2999<\/p>\n<p>Norme d&#039;essai\u00a0: ISO5208,API 6D,BS 6755,API598<br \/>\nMat\u00e9riau du corps\u00a0:\u00a0A105, F304, F316<\/p>\n<p>Si\u00e8ge\u00a0: RPTFE, PPL, nylon<\/p>\n<p>Temp\u00e9rature de fonctionnement:-40-180 \u2103<\/p>\n<p>Convient: eau, p\u00e9trole, gaz<\/p>\n<table>\n<tbody>\n<tr>\n<td width=\"200\"><strong>Nom du produit<\/strong><\/td>\n<td width=\"481\">Vanne \u00e0 bille flottante forg\u00e9e C95800, 800LB, DN25, extr\u00e9mit\u00e9 NPT<\/td>\n<\/tr>\n<tr>\n<td width=\"200\">1. Mat\u00e9riel<\/td>\n<td width=\"481\">C95800<\/td>\n<\/tr>\n<tr>\n<td width=\"200\">2. Taille<\/td>\n<td width=\"481\">1&quot;<\/td>\n<\/tr>\n<tr>\n<td width=\"200\">4. Port<\/td>\n<td width=\"481\">Port complet<\/td>\n<\/tr>\n<tr>\n<td width=\"200\">5. Pression de travail<\/td>\n<td width=\"481\">800 livres<\/td>\n<\/tr>\n<tr>\n<td width=\"200\">6. Fin de la connexion<\/td>\n<td width=\"481\">TNP<\/td>\n<\/tr>\n<tr>\n<td width=\"200\">7. Temp\u00e9rature de travail.<\/td>\n<td width=\"481\">-29~120\u00baC,<\/td>\n<\/tr>\n<tr>\n<td width=\"200\">8. Support appropri\u00e9<\/td>\n<td width=\"481\">Eau, gaz naturel, p\u00e9trole et certains liquides corrosifs<\/td>\n<\/tr>\n<tr>\n<td width=\"200\">9. Exploit\u00e9<\/td>\n<td width=\"481\">Volant<\/td>\n<\/tr>\n<tr>\n<td width=\"200\">10. Inspection et tests<\/td>\n<td width=\"481\">Selon API598<\/td>\n<\/tr>\n<tr>\n<td width=\"200\"><strong>Exp\u00e9dition<\/strong><\/td>\n<td width=\"481\"><\/td>\n<\/tr>\n<tr>\n<td width=\"200\">D\u00e9lai de livraison<\/td>\n<td width=\"481\">30 jours<\/td>\n<\/tr>\n<tr>\n<td width=\"200\">Emballer<\/td>\n<td width=\"481\">Caisse en contreplaqu\u00e9 d&#039;exportation standard<\/td>\n<\/tr>\n<tr>\n<td width=\"200\">Port d&#039;exp\u00e9dition<\/td>\n<td width=\"481\">Ningbo\/Shanghai, Chine<\/td>\n<\/tr>\n<tr>\n<td width=\"200\">Conditions d&#039;exp\u00e9dition<\/td>\n<td width=\"481\">Exw, FOB, CFR, CIF, etc.<\/td>\n<\/tr>\n<tr>\n<td width=\"200\">Modalit\u00e9s de paiement<\/td>\n<td width=\"481\">T\/T, Western Union, PayPal, etc.<\/td>\n<\/tr>\n<tr>\n<td width=\"200\"><\/td>\n<td width=\"481\">Pr\u00e9paiement 30%, solde 70% pay\u00e9 avant l&#039;exp\u00e9dition<\/td>\n<\/tr>\n<tr>\n<td width=\"200\">Pays d&#039;origine<\/td>\n<td width=\"481\">Ville de Wenzhou, Chine<\/td>\n<\/tr>\n<tr>\n<td width=\"200\">Capacit\u00e9 de production<\/td>\n<td width=\"481\">6000 tonnes\/an<\/td>\n<\/tr>\n<tr>\n<td width=\"200\">MOQ<\/td>\n<td width=\"481\">1 pi\u00e8ces\/taille<\/td>\n<\/tr>\n<\/tbody>\n<\/table>","protected":false},"excerpt":{"rendered":"<p>Mod\u00e8le\u00a0: STV-Q11F-800LB-DN25-C95800<\/p>\n<p>Vanne \u00e0 bille flottante forg\u00e9e C95800, vanne STV fabriquant diff\u00e9rents types de vannes \u00e0 bille en acier forg\u00e9 industriel en al\u00e9sage r\u00e9gulier (r\u00e9duit) et standard (al\u00e9sage complet) avec extr\u00e9mit\u00e9 viss\u00e9e, extr\u00e9mit\u00e9 \u00e0 souder par douille et connexion d&#039;extr\u00e9mit\u00e9 \u00e0 souder bout \u00e0 bout (col soud\u00e9). Vannes en acier disponibles dans des pressions nominales allant jusqu&#039;\u00e0 800 lb\/1 500 lb\/2 500 lb et dans une gamme de tailles de (DN15) \u00e0 2 (DN 50) en port r\u00e9duit et de 3\/8 \u00e0 DN 40 en conception \u00e0 port complet avec une vari\u00e9t\u00e9 de mat\u00e9riaux de corps et de garnitures.<\/p>\n<p>STV Valve Technology Group Co., Ltd est un leader professionnel de la Chine ASTM B 148 C95800 Ball Valve, 800lb C95800 Ball Valve, 3 pi\u00e8ces C95800 ball valve, haute pression C95800 Ball Valve, Thread C95800 Ball Valve, Chine Forged Ball C95800 Fabricant de vannes \u00e0 bille avec haute qualit\u00e9 et prix comp\u00e9titif.<\/p>\n<p>Veuillez contacter notre sales@stvvalve.com pour d&#039;autres mat\u00e9riaux et d\u00e9tails.<\/p>\n<p>Feuille de dates\u00a0:<a href=\"https:\/\/www.stvvalves.com\/wp-content\/uploads\/2019\/05\/c95800-forging-floating-ball-valve-800lb-dn25-npt-end-DRAWING.pdf\">Vanne \u00e0 bille flottante forg\u00e9e C95800, 800LB, DN25, extr\u00e9mit\u00e9 NPT<\/a><\/p>","protected":false},"featured_media":4865,"template":"","meta":[],"product_brand":[],"product_cat":[43,78,55],"product_tag":[897,896,895,898,899],"class_list":{"0":"post-4862","1":"product","2":"type-product","3":"status-publish","4":"has-post-thumbnail","6":"product_cat-ball-valve","7":"product_cat-floating-ball-valve","8":"product_cat-forged-steel-ball-valve","9":"product_tag-3-piece-c95800-ball-valve","10":"product_tag-800lb-c95800-ball-valve","11":"product_tag-astm-b-148-c95800-ball-valve","12":"product_tag-high-pressure-c95800-ball-valve","13":"product_tag-thread-c95800-ball-valve","15":"first","16":"instock","17":"shipping-taxable","18":"product-type-simple"},"_links":{"self":[{"href":"https:\/\/www.stvvalves.com\/fr\/wp-json\/wp\/v2\/product\/4862","targetHints":{"allow":["GET"]}}],"collection":[{"href":"https:\/\/www.stvvalves.com\/fr\/wp-json\/wp\/v2\/product"}],"about":[{"href":"https:\/\/www.stvvalves.com\/fr\/wp-json\/wp\/v2\/types\/product"}],"wp:featuredmedia":[{"embeddable":true,"href":"https:\/\/www.stvvalves.com\/fr\/wp-json\/wp\/v2\/media\/4865"}],"wp:attachment":[{"href":"https:\/\/www.stvvalves.com\/fr\/wp-json\/wp\/v2\/media?parent=4862"}],"wp:term":[{"taxonomy":"product_brand","embeddable":true,"href":"https:\/\/www.stvvalves.com\/fr\/wp-json\/wp\/v2\/product_brand?post=4862"},{"taxonomy":"product_cat","embeddable":true,"href":"https:\/\/www.stvvalves.com\/fr\/wp-json\/wp\/v2\/product_cat?post=4862"},{"taxonomy":"product_tag","embeddable":true,"href":"https:\/\/www.stvvalves.com\/fr\/wp-json\/wp\/v2\/product_tag?post=4862"}],"curies":[{"name":"wp","href":"https:\/\/api.w.org\/{rel}","templated":true}]}}