{"id":4874,"date":"2019-05-17T02:58:23","date_gmt":"2019-05-17T02:58:23","guid":{"rendered":"https:\/\/www.stvvalves.com\/?post_type=product&#038;p=4874"},"modified":"2025-02-17T18:31:55","modified_gmt":"2025-02-17T10:31:55","slug":"api-602-2500lb-globe-valve-a105n-body-dn50-bw-end","status":"publish","type":"product","link":"https:\/\/www.stvvalves.com\/fr\/products\/api-602-2500lb-globe-valve-a105n-body-dn50-bw-end\/","title":{"rendered":"Vanne \u00e0 soupape API 602 2500LB, corps A105N, DN50, extr\u00e9mit\u00e9 BW"},"content":{"rendered":"<p>Conception et fabrication conformes \u00e0 BS 5352, ANSI B16.34<\/p>\n<p>Les extr\u00e9mit\u00e9s de connexion sont conformes \u00e0\u00a0:<\/p>\n<p>1. Les extr\u00e9mit\u00e9s soud\u00e9es sont conformes \u00e0 la norme ANSI B16.11.<\/p>\n<p>2. Les extr\u00e9mit\u00e9s des vis sont conformes \u00e0 ANSI B1.20.1<\/p>\n<p>3..Les extr\u00e9mit\u00e9s soud\u00e9es bout \u00e0 bout sont conformes \u00e0 la norme ANSI B16.25<\/p>\n<p>Test et inspection conformes \u00e0 :API 598<\/p>\n<p>1) Informations sur le produit : les vannes fournies sont principalement utilis\u00e9es pour l&#039;eau, l&#039;air, le p\u00e9trole, le gaz.<br \/>\n2) Type de connexion\u00a0: type \u00e0 bride, type de soudage par douille, type de soudage bout \u00e0 bout, type \u00e0 vis<br \/>\n3) Mat\u00e9riel\u00a0:<br \/>\na) Carrosserie : A105, LCB, F11, F22, F304, F316, F304L, F316L<br \/>\nb) Disque : A105, LCB, F11, F22, F304, F316, F304L, F316L<br \/>\nc) Tige : F6a, F11, F22, F304, F316, F304L, F316L<br \/>\nd) Capot : A105, LCB, F11, F22, F304, F316, F304L, F316L<br \/>\n4) Taille : 15-50 mm\/1\/2\u2033 \u2013 2\u2033<br \/>\n5) Cat\u00e9gorie de pression : PN16~PN100, 150Lb~2500Lb<br \/>\n6) Rev\u00eatement\u00a0:\u00a0Rev\u00eatement selon l&#039;exigence des clients<br \/>\n7) Paquet : Caisses en bois<\/p>\n<p>&nbsp;<\/p>\n<table>\n<tbody>\n<tr>\n<td width=\"200\"><strong>Nom du produit<\/strong><\/td>\n<td width=\"481\">Vanne \u00e0 soupape API 602 2500LB, corps A105N, DN50, extr\u00e9mit\u00e9 BW<\/td>\n<\/tr>\n<tr>\n<td width=\"200\">1. Mat\u00e9riel<\/td>\n<td width=\"481\">A105N<\/td>\n<\/tr>\n<tr>\n<td width=\"200\">2. Taille<\/td>\n<td width=\"481\">2&quot;<\/td>\n<\/tr>\n<tr>\n<td width=\"200\">4. Port<\/td>\n<td width=\"481\">Port r\u00e9ducteur<\/td>\n<\/tr>\n<tr>\n<td width=\"200\">5. Pression de travail<\/td>\n<td width=\"481\">2500 lb<\/td>\n<\/tr>\n<tr>\n<td width=\"200\">6. Fin de la connexion<\/td>\n<td width=\"481\">PC<\/td>\n<\/tr>\n<tr>\n<td width=\"200\">7. Temp\u00e9rature de travail.<\/td>\n<td width=\"481\">-29~425\u00baC,<\/td>\n<\/tr>\n<tr>\n<td width=\"200\">8. Support appropri\u00e9<\/td>\n<td width=\"481\">Eau, gaz naturel, p\u00e9trole et certains liquides corrosifs<\/td>\n<\/tr>\n<tr>\n<td width=\"200\">9. Exploit\u00e9<\/td>\n<td width=\"481\">Volant<\/td>\n<\/tr>\n<tr>\n<td width=\"200\">10. Inspection et tests<\/td>\n<td width=\"481\">Selon API598<\/td>\n<\/tr>\n<tr>\n<td width=\"200\"><strong>Exp\u00e9dition<\/strong><\/td>\n<td width=\"481\"><\/td>\n<\/tr>\n<tr>\n<td width=\"200\">D\u00e9lai de livraison<\/td>\n<td width=\"481\">30 jours<\/td>\n<\/tr>\n<tr>\n<td width=\"200\">Emballer<\/td>\n<td width=\"481\">Caisse en contreplaqu\u00e9 d&#039;exportation standard<\/td>\n<\/tr>\n<tr>\n<td width=\"200\">Port d&#039;exp\u00e9dition<\/td>\n<td width=\"481\">Ningbo\/Shanghai, Chine<\/td>\n<\/tr>\n<tr>\n<td width=\"200\">Conditions d&#039;exp\u00e9dition<\/td>\n<td width=\"481\">Exw, FOB, CFR, CIF, etc.<\/td>\n<\/tr>\n<tr>\n<td width=\"200\">Modalit\u00e9s de paiement<\/td>\n<td width=\"481\">T\/T, Western Union, PayPal, etc.<\/td>\n<\/tr>\n<tr>\n<td width=\"200\"><\/td>\n<td width=\"481\">Pr\u00e9paiement 30%, solde 70% pay\u00e9 avant l&#039;exp\u00e9dition<\/td>\n<\/tr>\n<tr>\n<td width=\"200\">Pays d&#039;origine<\/td>\n<td width=\"481\">Ville de Wenzhou, Chine<\/td>\n<\/tr>\n<tr>\n<td width=\"200\">Capacit\u00e9 de production<\/td>\n<td width=\"481\">6000 tonnes\/an<\/td>\n<\/tr>\n<tr>\n<td width=\"200\">MOQ<\/td>\n<td width=\"481\">1 pi\u00e8ces\/taille<\/td>\n<\/tr>\n<\/tbody>\n<\/table>","protected":false},"excerpt":{"rendered":"<h1 class=\"product_title entry-title\">Vanne \u00e0 soupape API 602 2500LB, corps A105N, DN50, extr\u00e9mit\u00e9 BW<\/h1>\n<div class=\"woocommerce-product-details__short-description\">\n<p>Mod\u00e8le\u00a0: STV-PJ61Y-2500LB-DN50-A105N<\/p>\n<p>Le robinet \u00e0 soupape en acier forg\u00e9 est la vanne qui d\u00e9place l&#039;\u00e9l\u00e9ment de fermeture (vanne) le long de la ligne centrale du si\u00e8ge. Selon la forme du mouvement du volet, la modification de l&#039;ouverture du si\u00e8ge est proportionnelle \u00e0 la course du volet. En raison de la course d&#039;ouverture ou de fermeture relativement courte du robinet \u00e0 soupape en acier forg\u00e9 et de la fonction d&#039;arr\u00eat tr\u00e8s fiable, le robinet \u00e0 soupape en acier forg\u00e9 est \u00e9galement adapt\u00e9 au d\u00e9bit en raison de la modification de l&#039;ouverture du si\u00e8ge de vanne et de la course du clapet de valve. Ajustement. Par cons\u00e9quent, les vannes d\u2019arr\u00eat en acier forg\u00e9 sont id\u00e9ales pour \u00eatre utilis\u00e9es comme coupure ou r\u00e9glage et \u00e9tranglement. L&#039;avantage le plus \u00e9vident du robinet d&#039;arr\u00eat en acier forg\u00e9 est qu&#039;il est r\u00e9sistant \u00e0 l&#039;usure pendant le processus d&#039;ouverture et de fermeture, car le frottement entre le clapet de la vanne et la surface d&#039;\u00e9tanch\u00e9it\u00e9 du corps de la vanne est inf\u00e9rieur \u00e0 celui du robinet-vanne. . La hauteur d&#039;ouverture ne repr\u00e9sente g\u00e9n\u00e9ralement que 1\/4 du diam\u00e8tre du canal du si\u00e8ge et est donc beaucoup plus petite que celle du robinet-vanne. Habituellement, il n&#039;y a qu&#039;une seule surface d&#039;\u00e9tanch\u00e9it\u00e9 sur le corps de la vanne et le clapet de la vanne, le processus de fabrication est donc meilleur et facile \u00e0 r\u00e9parer.<\/p>\n<p>STV Valve Technology Group Co., Ltd est un leader professionnel de la Chine API 602 2500LB Vanne \u00e0 soupape, Vanne \u00e0 soupape \u00e0 chapeau \u00e0 joint de pression, Vanne \u00e0 soupape \u00e0 chapeau \u00e0 joint de pression DN50, Vanne \u00e0 soupape \u00e0 chapeau \u00e0 joint de pression en acier forg\u00e9, Vanne \u00e0 soupape \u00e0 chapeau \u00e0 joint de pression A105N, Pression d&#039;extr\u00e9mit\u00e9 BW Fabricant de vannes \u00e0 soupape \u00e0 chapeau d&#039;\u00e9tanch\u00e9it\u00e9 de haute qualit\u00e9 et \u00e0 prix comp\u00e9titif.<\/p>\n<p>Veuillez contacter notre sales@stvvalve.com pour d&#039;autres mat\u00e9riaux et d\u00e9tails.<\/p>\n<p>Feuille de dates\u00a0:<a href=\"https:\/\/www.stvvalves.com\/wp-content\/uploads\/2019\/05\/api-602-2500lb-globe-valve-a105n-body-dn50-bw-end-draqing.pdf\">Vanne \u00e0 soupape API 602 2500LB, corps A105N, DN50, extr\u00e9mit\u00e9 BW<\/a><\/p>\n<\/div>","protected":false},"featured_media":4881,"template":"","meta":[],"product_brand":[],"product_cat":[64,45],"product_tag":[909,906,908,910,907],"class_list":{"0":"post-4874","1":"product","2":"type-product","3":"status-publish","4":"has-post-thumbnail","6":"product_cat-foreged-steel-globe-valve","7":"product_cat-globe-valve","8":"product_tag-a105n-pressure-seal-bonnet-globe-valve","9":"product_tag-api-602-2500lb-globe-valve","10":"product_tag-bw-end-pressure-seal-bonnet-globe-valve","11":"product_tag-forged-steel-pressure-seal-bonnet-globe-valve","12":"product_tag-pressure-seal-bonnet-globe-valve","14":"first","15":"instock","16":"shipping-taxable","17":"product-type-simple"},"_links":{"self":[{"href":"https:\/\/www.stvvalves.com\/fr\/wp-json\/wp\/v2\/product\/4874","targetHints":{"allow":["GET"]}}],"collection":[{"href":"https:\/\/www.stvvalves.com\/fr\/wp-json\/wp\/v2\/product"}],"about":[{"href":"https:\/\/www.stvvalves.com\/fr\/wp-json\/wp\/v2\/types\/product"}],"wp:featuredmedia":[{"embeddable":true,"href":"https:\/\/www.stvvalves.com\/fr\/wp-json\/wp\/v2\/media\/4881"}],"wp:attachment":[{"href":"https:\/\/www.stvvalves.com\/fr\/wp-json\/wp\/v2\/media?parent=4874"}],"wp:term":[{"taxonomy":"product_brand","embeddable":true,"href":"https:\/\/www.stvvalves.com\/fr\/wp-json\/wp\/v2\/product_brand?post=4874"},{"taxonomy":"product_cat","embeddable":true,"href":"https:\/\/www.stvvalves.com\/fr\/wp-json\/wp\/v2\/product_cat?post=4874"},{"taxonomy":"product_tag","embeddable":true,"href":"https:\/\/www.stvvalves.com\/fr\/wp-json\/wp\/v2\/product_tag?post=4874"}],"curies":[{"name":"wp","href":"https:\/\/api.w.org\/{rel}","templated":true}]}}