{"id":4898,"date":"2019-05-26T15:16:36","date_gmt":"2019-05-26T15:16:36","guid":{"rendered":"https:\/\/www.stvvalves.com\/?post_type=product&#038;p=4898"},"modified":"2025-02-17T18:31:54","modified_gmt":"2025-02-17T10:31:54","slug":"din-bellows-seal-globe-valves-gg25-body-pn16-dn250","status":"publish","type":"product","link":"https:\/\/www.stvvalves.com\/fr\/products\/din-bellows-seal-globe-valves-gg25-body-pn16-dn250\/","title":{"rendered":"Vannes \u00e0 soupape \u00e0 joint \u00e0 soufflet DIN, corps GG25, PN16, DN250"},"content":{"rendered":"<p class=\"p0\">Caract\u00e9ristiques des vannes \u00e0 soufflet\u00a0:<br \/>\n\u25cfJoint \u00e0 soufflet \u00e0 double paroi en standard.<br \/>\n\u25cf Bouchon avec si\u00e8ge marginal<br \/>\n\u25cfJoint \u00e0 soufflet soud\u00e9 au chapeau<br \/>\n\u25cfSi\u00e8ge soud\u00e9<br \/>\n\u25cf Joint \u00e0 soufflet 10 000 cycles de charge<br \/>\n\u25cf Filetage externe de la tige<br \/>\n\u25cf\u00c9tanch\u00e9it\u00e9 secondaire\u00a0: garniture de presse-\u00e9toupe (avec pont)<br \/>\n\u25cf Joint arri\u00e8re de tige<br \/>\n\u25cf Joint d&#039;arcade, double chambre<br \/>\n\u25cf Tige avec filetage tremp\u00e9<br \/>\nSp\u00e9cifications techniques<br \/>\nNorme de conception : DIN 3356<br \/>\nDimension face \u00e0 face : DIN 3202<br \/>\nExtr\u00e9mit\u00e9s de bride : DIN 2543-2545<br \/>\nTest et contr\u00f4le\u00a0: DIN 3230<\/p>\n<p>Application : syst\u00e8me d&#039;huile chaude, syst\u00e8me de vapeur, syst\u00e8me d&#039;eau chaude et froide, etc.<br \/>\nMilieu\u00a0: Vapeur, gaz, eau chaude, huile thermique, ammoniac, etc.<br \/>\nMat\u00e9riaux : GG25(EN-GJL-250),GGG40,1.0619+N(GS-C25),1.4308(CF8), 1.4408(CF8M)<br \/>\nMat\u00e9riaux des soufflets\u00a0: SS304, SS316, SS316L, SS 310S, Hastelly C<br \/>\nGamme de tailles : DN15-DN400<br \/>\nPression : PN16-PN40<br \/>\nTemp\u00e9rature : \u2264600 \u2103<\/p>\n<table>\n<tbody>\n<tr>\n<td width=\"200\"><strong>Nom du produit<\/strong><\/td>\n<td width=\"481\">Vannes \u00e0 soupape \u00e0 joint \u00e0 soufflet DIN, corps GG25, PN16, DN250<\/td>\n<\/tr>\n<tr>\n<td width=\"200\">1. Mat\u00e9riel<\/td>\n<td width=\"481\">GG25<\/td>\n<\/tr>\n<tr>\n<td width=\"200\">2. Taille<\/td>\n<td width=\"481\">dix&quot;<\/td>\n<\/tr>\n<tr>\n<td width=\"200\">4. Port<\/td>\n<td width=\"481\">Port complet<\/td>\n<\/tr>\n<tr>\n<td width=\"200\">5. Pression de travail<\/td>\n<td width=\"481\">PN16<\/td>\n<\/tr>\n<tr>\n<td width=\"200\">6. Fin de la connexion<\/td>\n<td width=\"481\">RF<\/td>\n<\/tr>\n<tr>\n<td width=\"200\">7. Temp\u00e9rature de travail.<\/td>\n<td width=\"481\">-29~425\u00baC,<\/td>\n<\/tr>\n<tr>\n<td width=\"200\">8. Support appropri\u00e9<\/td>\n<td width=\"481\">Eau, gaz naturel, p\u00e9trole et certains liquides corrosifs<\/td>\n<\/tr>\n<tr>\n<td width=\"200\">9. Exploit\u00e9<\/td>\n<td width=\"481\">Volant<\/td>\n<\/tr>\n<tr>\n<td width=\"200\">10. Inspection et tests<\/td>\n<td width=\"481\">Selon DIN 3230<\/td>\n<\/tr>\n<tr>\n<td width=\"200\"><strong>Exp\u00e9dition<\/strong><\/td>\n<td width=\"481\"><\/td>\n<\/tr>\n<tr>\n<td width=\"200\">D\u00e9lai de livraison<\/td>\n<td width=\"481\">30 jours<\/td>\n<\/tr>\n<tr>\n<td width=\"200\">Emballer<\/td>\n<td width=\"481\">Caisse en contreplaqu\u00e9 d&#039;exportation standard<\/td>\n<\/tr>\n<tr>\n<td width=\"200\">Port d&#039;exp\u00e9dition<\/td>\n<td width=\"481\">Ningbo\/Shanghai, Chine<\/td>\n<\/tr>\n<tr>\n<td width=\"200\">Conditions d&#039;exp\u00e9dition<\/td>\n<td width=\"481\">Exw, FOB, CFR, CIF, etc.<\/td>\n<\/tr>\n<tr>\n<td width=\"200\">Modalit\u00e9s de paiement<\/td>\n<td width=\"481\">T\/T, Western Union, PayPal, etc.<\/td>\n<\/tr>\n<tr>\n<td width=\"200\"><\/td>\n<td width=\"481\">Pr\u00e9paiement 30%, solde 70% pay\u00e9 avant l&#039;exp\u00e9dition<\/td>\n<\/tr>\n<tr>\n<td width=\"200\">Pays d&#039;origine<\/td>\n<td width=\"481\">Ville de Wenzhou, Chine<\/td>\n<\/tr>\n<tr>\n<td width=\"200\">Capacit\u00e9 de production<\/td>\n<td width=\"481\">6000 tonnes\/an<\/td>\n<\/tr>\n<tr>\n<td width=\"200\">MOQ<\/td>\n<td width=\"481\">1 pi\u00e8ces\/taille<\/td>\n<\/tr>\n<\/tbody>\n<\/table>","protected":false},"excerpt":{"rendered":"<p>Mod\u00e8le\u00a0: STV-WJ41Y-PN40-WCB-DN100<\/p>\n<p>Le robinet \u00e0 soupape \u00e0 soufflet DIN conforme \u00e0 DIN EN est applicable \u00e0 la coupe et au raccordement de canalisations utilis\u00e9es dans diverses industries telles que l&#039;industrie chimique p\u00e9troli\u00e8re, la pharmacie, les engrais chimiques, l&#039;industrie de l&#039;\u00e9nergie \u00e9lectrique, etc. sous une pression nominale de PN1,6-16MPa et fonctionnant temp\u00e9rature de -29\u00b0C \u2013 350\u00b0C<\/p>\n<div class=\"woocommerce-product-details__short-description\">\n<p>STV Valve Technology Group Co., Ltd est un leader professionnel en Chine.<\/p>\n<p>Veuillez contacter notre sales@stvvalve.com pour d&#039;autres mat\u00e9riaux et d\u00e9tails.<\/p>\n<p>Feuille de dates\u00a0:<a href=\"https:\/\/www.stvvalves.com\/wp-content\/uploads\/2019\/05\/DIN-Bellows-Seal-Globe-Valves-GG25-Body-PN16-DN250-drawing.pdf\">Vannes \u00e0 soupape \u00e0 joint \u00e0 soufflet DIN, corps GG25, PN16, DN250<\/a><\/p>\n<\/div>\n<form class=\"cart\" action=\"https:\/\/www.stvvalves.com\/fr\/product\/1500lb-forged-steel-weld-bonnet-gate-valvea105n-bodydn50socket-weld-end\/\" enctype=\"multipart\/form-data\" method=\"post\" data-trp-original-action=\"https:\/\/www.stvvalves.com\/product\/1500lb-forged-steel-weld-bonnet-gate-valvea105n-bodydn50socket-weld-end\/\">\n<div class=\"wcpa_form_outer\"><\/div>\n<div class=\"quantity\"><\/div>\n<div class=\"addquotelistlink\">\n<div class=\"quotelistadd_prodpage\"><\/div>\n<\/div>\n<input type=\"hidden\" name=\"trp-form-language\" value=\"fr\"\/><\/form>","protected":false},"featured_media":4901,"template":"","meta":[],"product_brand":[],"product_cat":[65,45],"product_tag":[1011,915,1010,914,916],"class_list":{"0":"post-4898","1":"product","2":"type-product","3":"status-publish","4":"has-post-thumbnail","6":"product_cat-bellow-seal-globe-valve","7":"product_cat-globe-valve","8":"product_tag-ansi-150lb-bellow-sealed-globe-valve","9":"product_tag-bellows-seal-globe-valve","10":"product_tag-din-bellow-stop-valve","11":"product_tag-din-standard-bellows-seal-globe-valve","12":"product_tag-gg25-bellow-globe-valve","14":"first","15":"instock","16":"shipping-taxable","17":"product-type-simple"},"_links":{"self":[{"href":"https:\/\/www.stvvalves.com\/fr\/wp-json\/wp\/v2\/product\/4898","targetHints":{"allow":["GET"]}}],"collection":[{"href":"https:\/\/www.stvvalves.com\/fr\/wp-json\/wp\/v2\/product"}],"about":[{"href":"https:\/\/www.stvvalves.com\/fr\/wp-json\/wp\/v2\/types\/product"}],"wp:featuredmedia":[{"embeddable":true,"href":"https:\/\/www.stvvalves.com\/fr\/wp-json\/wp\/v2\/media\/4901"}],"wp:attachment":[{"href":"https:\/\/www.stvvalves.com\/fr\/wp-json\/wp\/v2\/media?parent=4898"}],"wp:term":[{"taxonomy":"product_brand","embeddable":true,"href":"https:\/\/www.stvvalves.com\/fr\/wp-json\/wp\/v2\/product_brand?post=4898"},{"taxonomy":"product_cat","embeddable":true,"href":"https:\/\/www.stvvalves.com\/fr\/wp-json\/wp\/v2\/product_cat?post=4898"},{"taxonomy":"product_tag","embeddable":true,"href":"https:\/\/www.stvvalves.com\/fr\/wp-json\/wp\/v2\/product_tag?post=4898"}],"curies":[{"name":"wp","href":"https:\/\/api.w.org\/{rel}","templated":true}]}}