{"id":4955,"date":"2019-06-11T02:01:26","date_gmt":"2019-06-11T02:01:26","guid":{"rendered":"https:\/\/www.stvvalves.com\/?post_type=product&#038;p=4955"},"modified":"2025-02-17T18:31:49","modified_gmt":"2025-02-17T10:31:49","slug":"y-strainer-stainless-steel-304-ansi-150lb-14-inch-flange-end","status":"publish","type":"product","link":"https:\/\/www.stvvalves.com\/fr\/products\/y-strainer-stainless-steel-304-ansi-150lb-14-inch-flange-end\/","title":{"rendered":"Cr\u00e9pine en Y en acier inoxydable 304, ANSI 150LB, 14 pouces, extr\u00e9mit\u00e9 \u00e0 bride"},"content":{"rendered":"<p>Conception\u00a0: ANSI B16.34<br \/>\nFace \u00e0 face\u00a0: ANSI B 16.1<br \/>\nConnexion \u00e0 bride\u00a0: ASME B16.5<br \/>\nConnexion par soudage bout \u00e0 bout\u00a0: ASME B16.25<br \/>\nInspection et test, API 598<br \/>\nTaille : 1\/2\u2033 \u00e0 32\u2033<br \/>\nPression\u00a0: 150\u00a0lb \u00e0 1\u00a0500\u00a0lb<br \/>\nMat\u00e9riau : acier forg\u00e9,<br \/>\nAcier moul\u00e9, acier inoxydable<br \/>\nDescription de la conception\u00a0:<br \/>\nConception \u00e0 port complet<br \/>\nType Y<br \/>\n\u00c9cran en acier inoxydable<br \/>\nCouvercle boulonn\u00e9 avec bouchon de vidange<\/p>\n<table>\n<tbody>\n<tr>\n<td width=\"200\"><strong>Nom du produit<\/strong><\/td>\n<td width=\"481\">Cr\u00e9pine en Y en acier inoxydable 304, ANSI 150LB, 14 pouces, extr\u00e9mit\u00e9 \u00e0 bride<\/td>\n<\/tr>\n<tr>\n<td width=\"200\">1. Mat\u00e9riel<\/td>\n<td width=\"481\">304<\/td>\n<\/tr>\n<tr>\n<td width=\"200\">2. Taille<\/td>\n<td width=\"481\">14&quot;<\/td>\n<\/tr>\n<tr>\n<td width=\"200\">4. Port<\/td>\n<td width=\"481\">Port complet<\/td>\n<\/tr>\n<tr>\n<td width=\"200\">5. Pression de travail<\/td>\n<td width=\"481\">150 livres<\/td>\n<\/tr>\n<tr>\n<td width=\"200\">6. Fin de la connexion<\/td>\n<td width=\"481\">RF<\/td>\n<\/tr>\n<tr>\n<td width=\"200\">7. Temp\u00e9rature de travail.<\/td>\n<td width=\"481\">-29~425\u00baC,<\/td>\n<\/tr>\n<tr>\n<td width=\"200\">8. Support appropri\u00e9<\/td>\n<td width=\"481\">Eau, gaz naturel, p\u00e9trole et certains liquides corrosifs<\/td>\n<\/tr>\n<tr>\n<td width=\"200\">9. Exploit\u00e9<\/td>\n<td width=\"481\">\/<\/td>\n<\/tr>\n<tr>\n<td width=\"200\">10. Inspection et tests<\/td>\n<td width=\"481\">Selon API598<\/td>\n<\/tr>\n<tr>\n<td width=\"200\"><strong>Exp\u00e9dition<\/strong><\/td>\n<td width=\"481\"><\/td>\n<\/tr>\n<tr>\n<td width=\"200\">D\u00e9lai de livraison<\/td>\n<td width=\"481\">30 jours<\/td>\n<\/tr>\n<tr>\n<td width=\"200\">Emballer<\/td>\n<td width=\"481\">Caisse en contreplaqu\u00e9 d&#039;exportation standard<\/td>\n<\/tr>\n<tr>\n<td width=\"200\">Port d&#039;exp\u00e9dition<\/td>\n<td width=\"481\">Ningbo\/Shanghai, Chine<\/td>\n<\/tr>\n<tr>\n<td width=\"200\">Conditions d&#039;exp\u00e9dition<\/td>\n<td width=\"481\">Exw, FOB, CFR, CIF, etc.<\/td>\n<\/tr>\n<tr>\n<td width=\"200\">Modalit\u00e9s de paiement<\/td>\n<td width=\"481\">T\/T, Western Union, PayPal, etc.<\/td>\n<\/tr>\n<tr>\n<td width=\"200\"><\/td>\n<td width=\"481\">Pr\u00e9paiement 30%, solde 70% pay\u00e9 avant l&#039;exp\u00e9dition<\/td>\n<\/tr>\n<tr>\n<td width=\"200\">Pays d&#039;origine<\/td>\n<td width=\"481\">Ville de Wenzhou, Chine<\/td>\n<\/tr>\n<tr>\n<td width=\"200\">Capacit\u00e9 de production<\/td>\n<td width=\"481\">6000 tonnes\/an<\/td>\n<\/tr>\n<tr>\n<td width=\"200\">MOQ<\/td>\n<td width=\"481\">1 pi\u00e8ces\/taille<\/td>\n<\/tr>\n<\/tbody>\n<\/table>","protected":false},"excerpt":{"rendered":"<p>Mod\u00e8le\u00a0: GL41H-ANSI 150LB-CF8-14\u2033<\/p>\n<p>Le Y-Strainer en acier inoxydable 304 est un appareil indispensable dans les canalisations moyennes. Il est g\u00e9n\u00e9ralement install\u00e9 \u00e0 l&#039;entr\u00e9e d&#039;une soupape de surpression, d&#039;une soupape de surpression, d&#039;une soupape de niveau d&#039;eau fixe ou d&#039;un autre \u00e9quipement pour \u00e9liminer les impuret\u00e9s dans le milieu, afin de prot\u00e9ger l&#039;utilisation normale des soupapes et des \u00e9quipements.<\/p>\n<p>Les filtres en Y en acier inoxydable 304 sont principalement utilis\u00e9s pour filtrer les impuret\u00e9s dans les pipelines. Des mat\u00e9riaux en acier inoxydable sont utilis\u00e9s pour l&#039;anticorrosion et l&#039;antirouille. L&#039;acier inoxydable est largement utilis\u00e9 dans l&#039;industrie chimique, l&#039;eau du robinet, l&#039;alimentation et d&#039;autres canalisations anticorrosion et antirouille.<\/p>\n<p>STV Valve Technology Group Co., Ltd est un leader professionnel en Chine : cr\u00e9pine en Y de 150 lb, cr\u00e9pine de type \u00e0 bride Y, cr\u00e9pine en Y \u00e0 bride ANSI 304, fabricant de vanne de cr\u00e9pine en acier inoxydable de 14 pouces de haute qualit\u00e9 et \u00e0 prix comp\u00e9titif.<\/p>\n<p>Veuillez contacter notre sales@stvvalve.com pour d&#039;autres mat\u00e9riaux et plus de d\u00e9tails.<\/p>\n<p>Feuille de dates\u00a0:<a href=\"https:\/\/www.stvvalves.com\/wp-content\/uploads\/2019\/06\/Y-Strainer-Stainless-Steel-304-ANSI-150LB-14-Inch-Flange-End-Drawing.pdf\">Cr\u00e9pine en Y en acier inoxydable 304, ANSI 150LB, 14 pouces, extr\u00e9mit\u00e9 \u00e0 bride<\/a><\/p>","protected":false},"featured_media":4956,"template":"","meta":[],"product_brand":[],"product_cat":[85,48],"product_tag":[941,938,939,940],"class_list":{"0":"post-4955","1":"product","2":"type-product","3":"status-publish","4":"has-post-thumbnail","6":"product_cat-stainless-steel-y-type-strainer","7":"product_cat-y-strainer","8":"product_tag-14-inch-stainless-steel-strainer-valve-manufacturer","9":"product_tag-150lb-y-strainer","10":"product_tag-ansi-304-flanged-y-strainer","11":"product_tag-flange-y-type-strainer","13":"first","14":"instock","15":"shipping-taxable","16":"product-type-simple"},"_links":{"self":[{"href":"https:\/\/www.stvvalves.com\/fr\/wp-json\/wp\/v2\/product\/4955","targetHints":{"allow":["GET"]}}],"collection":[{"href":"https:\/\/www.stvvalves.com\/fr\/wp-json\/wp\/v2\/product"}],"about":[{"href":"https:\/\/www.stvvalves.com\/fr\/wp-json\/wp\/v2\/types\/product"}],"wp:featuredmedia":[{"embeddable":true,"href":"https:\/\/www.stvvalves.com\/fr\/wp-json\/wp\/v2\/media\/4956"}],"wp:attachment":[{"href":"https:\/\/www.stvvalves.com\/fr\/wp-json\/wp\/v2\/media?parent=4955"}],"wp:term":[{"taxonomy":"product_brand","embeddable":true,"href":"https:\/\/www.stvvalves.com\/fr\/wp-json\/wp\/v2\/product_brand?post=4955"},{"taxonomy":"product_cat","embeddable":true,"href":"https:\/\/www.stvvalves.com\/fr\/wp-json\/wp\/v2\/product_cat?post=4955"},{"taxonomy":"product_tag","embeddable":true,"href":"https:\/\/www.stvvalves.com\/fr\/wp-json\/wp\/v2\/product_tag?post=4955"}],"curies":[{"name":"wp","href":"https:\/\/api.w.org\/{rel}","templated":true}]}}