{"id":4959,"date":"2019-06-11T02:45:26","date_gmt":"2019-06-11T02:45:26","guid":{"rendered":"https:\/\/www.stvvalves.com\/?post_type=product&#038;p=4959"},"modified":"2025-02-17T18:31:48","modified_gmt":"2025-02-17T10:31:48","slug":"pn16-cast-iron-y-strainer-bs-en-1092-2-flanged-end","status":"publish","type":"product","link":"https:\/\/www.stvvalves.com\/fr\/products\/pn16-cast-iron-y-strainer-bs-en-1092-2-flanged-end\/","title":{"rendered":"Cr\u00e9pine en Y en fonte PN16, BS EN 1092-2, extr\u00e9mit\u00e9 \u00e0 bride"},"content":{"rendered":"<p>Cr\u00e9pine en Y en fonte PN16, BS EN 1092-2, extr\u00e9mit\u00e9 \u00e0 bride<br \/>\nTaille : 1\/2 \u00e0 12 pouces<br \/>\nNorme d&#039;essai\u00a0: API 598<br \/>\nCorps et capot : fonte<br \/>\nTamis \u00e0 mailles\u00a0: acier inoxydable<br \/>\nPression nominale\u00a0: PN1.0\/1.6mPa<br \/>\nDisque\u00a0: fonte, fonte ductile et caoutchouc<br \/>\nEau, vapeur et huile comme milieu appropri\u00e9<br \/>\nBoulon et \u00e9crou\u00a0: acier au carbone zingu\u00e9<br \/>\nNorme\u00a0: ANSI, DIN3202-F1 et BS2080<br \/>\nCr\u00e9pine de type Y en fonte, Cr\u00e9pines en Y en fonte<br \/>\nDimension\u00a0: ANSI B16.1, DIN3202-F1 et BS2080<br \/>\nLa bride perc\u00e9e est conforme aux normes ANSI B16.1, ANSI B16.5, DIN 2501 et BS4504.<\/p>\n<table>\n<tbody>\n<tr>\n<td width=\"200\"><strong>Nom du produit<\/strong><\/td>\n<td width=\"481\">Cr\u00e9pine en Y en fonte PN16, BS EN 1092-2, extr\u00e9mit\u00e9 \u00e0 bride<\/td>\n<\/tr>\n<tr>\n<td width=\"200\">1. Mat\u00e9riel<\/td>\n<td width=\"481\">CI<\/td>\n<\/tr>\n<tr>\n<td width=\"200\">2. Taille<\/td>\n<td width=\"481\">3&quot;<\/td>\n<\/tr>\n<tr>\n<td width=\"200\">4. Port<\/td>\n<td width=\"481\">Port complet<\/td>\n<\/tr>\n<tr>\n<td width=\"200\">5. Pression de travail<\/td>\n<td width=\"481\">PN16<\/td>\n<\/tr>\n<tr>\n<td width=\"200\">6. Fin de la connexion<\/td>\n<td width=\"481\">RF<\/td>\n<\/tr>\n<tr>\n<td width=\"200\">7. Temp\u00e9rature de travail.<\/td>\n<td width=\"481\">-29~200\u00baC,<\/td>\n<\/tr>\n<tr>\n<td width=\"200\">8. Support appropri\u00e9<\/td>\n<td width=\"481\">Eau, gaz naturel, p\u00e9trole et certains liquides corrosifs<\/td>\n<\/tr>\n<tr>\n<td width=\"200\">9. Exploit\u00e9<\/td>\n<td width=\"481\">\/<\/td>\n<\/tr>\n<tr>\n<td width=\"200\">10. Inspection et tests<\/td>\n<td width=\"481\">Selon API598<\/td>\n<\/tr>\n<tr>\n<td width=\"200\"><strong>Exp\u00e9dition<\/strong><\/td>\n<td width=\"481\"><\/td>\n<\/tr>\n<tr>\n<td width=\"200\">D\u00e9lai de livraison<\/td>\n<td width=\"481\">30 jours<\/td>\n<\/tr>\n<tr>\n<td width=\"200\">Emballer<\/td>\n<td width=\"481\">Caisse en contreplaqu\u00e9 d&#039;exportation standard<\/td>\n<\/tr>\n<tr>\n<td width=\"200\">Port d&#039;exp\u00e9dition<\/td>\n<td width=\"481\">Ningbo\/Shanghai, Chine<\/td>\n<\/tr>\n<tr>\n<td width=\"200\">Conditions d&#039;exp\u00e9dition<\/td>\n<td width=\"481\">Exw, FOB, CFR, CIF, etc.<\/td>\n<\/tr>\n<tr>\n<td width=\"200\">Modalit\u00e9s de paiement<\/td>\n<td width=\"481\">T\/T, Western Union, PayPal, etc.<\/td>\n<\/tr>\n<tr>\n<td width=\"200\"><\/td>\n<td width=\"481\">Pr\u00e9paiement 30%, solde 70% pay\u00e9 avant l&#039;exp\u00e9dition<\/td>\n<\/tr>\n<tr>\n<td width=\"200\">Pays d&#039;origine<\/td>\n<td width=\"481\">Ville de Wenzhou, Chine<\/td>\n<\/tr>\n<tr>\n<td width=\"200\">Capacit\u00e9 de production<\/td>\n<td width=\"481\">6000 tonnes\/an<\/td>\n<\/tr>\n<tr>\n<td width=\"200\">MOQ<\/td>\n<td width=\"481\">1 pi\u00e8ces\/taille<\/td>\n<\/tr>\n<\/tbody>\n<\/table>","protected":false},"excerpt":{"rendered":"<p>Mod\u00e8le : GL41H-PN16-DI-4\u2033<\/p>\n<p>Cr\u00e9pine Y en fonte PN16, le mat\u00e9riau du corps du filtre en fonte de type Y est en fonte grise, adapt\u00e9 \u00e0 l&#039;eau, \u00e0 la vapeur, aux produits p\u00e9troliers, taille nominale DN32-DN500, utilis\u00e9 pour une pression de service de pipeline de 1,0 MPa, la salet\u00e9 moyenne filtrable, la rouille et d&#039;autres impuret\u00e9s. Lorsque le filtre en fonte a besoin d&#039;\u00eatre nettoy\u00e9, tant que la cartouche filtrante amovible est retir\u00e9e, les impuret\u00e9s filtr\u00e9es sont \u00e9limin\u00e9es et recharg\u00e9es, l&#039;utilisation et l&#039;entretien sont tr\u00e8s pratiques. Le filtre est de petite taille, de petite taille, de faible r\u00e9sistance, \u00e0 effet \u00e9lev\u00e9, facile \u00e0 installer et \u00e0 r\u00e9parer, \u00e0 faible co\u00fbt et \u00e0 temps de drainage court. Cela ne prend que 5 \u00e0 10 minutes pour les filtres de petite taille. Le r\u00e9seau g\u00e9n\u00e9ral d&#039;approvisionnement en eau est de 18 \u00e0 30 mesh\/cm2, le r\u00e9seau de ventilation est de 40 \u00e0 100 mesh\/cm2 et le r\u00e9seau d&#039;approvisionnement en p\u00e9trole est de 100 \u00e0 300 mesh\/cm2.<\/p>\n<p>STV Valve Technology Group Co., Ltd est un leader professionnel en Chine Cr\u00e9pine de type Y en fonte \u00e0 bride PN16, cr\u00e9pine de type Y \u00e0 bride, cr\u00e9pine en Y en fonte, cr\u00e9pine DIN Y, fabricant de fonte \u00e0 bride de cr\u00e9pine en Y de haute qualit\u00e9 et \u00e0 prix comp\u00e9titif.<\/p>\n<p>Veuillez contacter notre sales@stvvalve.com pour d&#039;autres mat\u00e9riaux et plus de d\u00e9tails.<\/p>\n<p>Feuille de dates\u00a0:<a href=\"https:\/\/www.stvvalves.com\/wp-content\/uploads\/2019\/06\/pn16-cast-iron-y-strainer-bs-en-1092-2-flanged-end-drawing.pdf\">Cr\u00e9pine en Y en fonte PN16, BS EN 1092-2, extr\u00e9mit\u00e9 \u00e0 bride<\/a><\/p>","protected":false},"featured_media":4961,"template":"","meta":[],"product_brand":[],"product_cat":[72,48],"product_tag":[943,942,944,945],"class_list":{"0":"post-4959","1":"product","2":"type-product","3":"status-publish","4":"has-post-thumbnail","6":"product_cat-cast-steel-y-type-strainer","7":"product_cat-y-strainer","8":"product_tag-cast-iron-y-strainer","9":"product_tag-cast-iron-y-type-strainer-flanged-pn16","10":"product_tag-din-y-strainer","11":"product_tag-y-strainer-flange-cast-iron","13":"first","14":"instock","15":"shipping-taxable","16":"product-type-simple"},"_links":{"self":[{"href":"https:\/\/www.stvvalves.com\/fr\/wp-json\/wp\/v2\/product\/4959","targetHints":{"allow":["GET"]}}],"collection":[{"href":"https:\/\/www.stvvalves.com\/fr\/wp-json\/wp\/v2\/product"}],"about":[{"href":"https:\/\/www.stvvalves.com\/fr\/wp-json\/wp\/v2\/types\/product"}],"wp:featuredmedia":[{"embeddable":true,"href":"https:\/\/www.stvvalves.com\/fr\/wp-json\/wp\/v2\/media\/4961"}],"wp:attachment":[{"href":"https:\/\/www.stvvalves.com\/fr\/wp-json\/wp\/v2\/media?parent=4959"}],"wp:term":[{"taxonomy":"product_brand","embeddable":true,"href":"https:\/\/www.stvvalves.com\/fr\/wp-json\/wp\/v2\/product_brand?post=4959"},{"taxonomy":"product_cat","embeddable":true,"href":"https:\/\/www.stvvalves.com\/fr\/wp-json\/wp\/v2\/product_cat?post=4959"},{"taxonomy":"product_tag","embeddable":true,"href":"https:\/\/www.stvvalves.com\/fr\/wp-json\/wp\/v2\/product_tag?post=4959"}],"curies":[{"name":"wp","href":"https:\/\/api.w.org\/{rel}","templated":true}]}}