{"id":4976,"date":"2019-06-26T07:55:08","date_gmt":"2019-06-26T07:55:08","guid":{"rendered":"https:\/\/www.stvvalves.com\/?post_type=product&#038;p=4976"},"modified":"2025-02-17T18:31:38","modified_gmt":"2025-02-17T10:31:38","slug":"astm-a217-wc6-globe-valve-600lb-dn100-rtj-flange-end","status":"publish","type":"product","link":"https:\/\/www.stvvalves.com\/fr\/products\/astm-a217-wc6-globe-valve-600lb-dn100-rtj-flange-end\/","title":{"rendered":"Vanne \u00e0 soupape ASTM A217 WC6, 600LB, DN100, extr\u00e9mit\u00e9 de bride RTJ"},"content":{"rendered":"<p>Conception selon ASME B16.34<br \/>\nFace \u00e0 face\/de bout en bout\u00a0: ASME B16.10<br \/>\nDimensions de la bride\u00a0: ASME B16.5<br \/>\nExtr\u00e9mit\u00e9 \u00e0 souder\u00a0: ASME B.16.25<br \/>\nConception de base\u00a0: BS 1873<br \/>\nTest selon API 598<\/p>\n<p>Taille:2\u2033~60\u201d<\/p>\n<p>Pression nominale\u00a0: classe 150-2500LB<\/p>\n<p>Mat\u00e9riau du corps\u00a0:\u00a0ASTM A216 WCB, A217 WC6, A351 CF8, A351 CF8M,<\/p>\n<p>A351 CF3,A351 CF3M,A351 CN7M etc.<\/p>\n<p>Connexion finale\u00a0: RF, RTJ, BW<\/p>\n<p>Temp\u00e9rature de fonctionnement\u00a0: -29 \u2103 ~ 650 \u2103<\/p>\n<p>Fonctionnement : volant, bo\u00eete de vitesses, \u00e9lectrique, etc.<\/p>\n<div id=\"attachment_4977\" style=\"width: 2209px\" class=\"wp-caption alignleft\"><img loading=\"lazy\" decoding=\"async\" aria-describedby=\"caption-attachment-4977\" class=\"size-full wp-image-4977\" src=\"https:\/\/www.stvvalves.com\/wp-content\/uploads\/2019\/06\/ASTM-A217-WC6-Globe-Valve-600LB-DN100-RTJ-Flange-End-Drawing.jpg\" alt=\"\" width=\"2199\" height=\"1700\" srcset=\"https:\/\/www.stvvalves.com\/wp-content\/uploads\/2019\/06\/ASTM-A217-WC6-Globe-Valve-600LB-DN100-RTJ-Flange-End-Drawing.jpg 2199w, https:\/\/www.stvvalves.com\/wp-content\/uploads\/2019\/06\/ASTM-A217-WC6-Globe-Valve-600LB-DN100-RTJ-Flange-End-Drawing-600x464.jpg 600w, https:\/\/www.stvvalves.com\/wp-content\/uploads\/2019\/06\/ASTM-A217-WC6-Globe-Valve-600LB-DN100-RTJ-Flange-End-Drawing-300x232.jpg 300w, https:\/\/www.stvvalves.com\/wp-content\/uploads\/2019\/06\/ASTM-A217-WC6-Globe-Valve-600LB-DN100-RTJ-Flange-End-Drawing-768x594.jpg 768w, https:\/\/www.stvvalves.com\/wp-content\/uploads\/2019\/06\/ASTM-A217-WC6-Globe-Valve-600LB-DN100-RTJ-Flange-End-Drawing-1030x796.jpg 1030w, https:\/\/www.stvvalves.com\/wp-content\/uploads\/2019\/06\/ASTM-A217-WC6-Globe-Valve-600LB-DN100-RTJ-Flange-End-Drawing-1500x1160.jpg 1500w, https:\/\/www.stvvalves.com\/wp-content\/uploads\/2019\/06\/ASTM-A217-WC6-Globe-Valve-600LB-DN100-RTJ-Flange-End-Drawing-705x545.jpg 705w\" sizes=\"auto, (max-width: 2199px) 100vw, 2199px\" \/><p id=\"caption-attachment-4977\" class=\"wp-caption-text\">Chine Vannes \u00e0 soupape Astm A217 Wc6, vanne \u00e0 soupape en acier moul\u00e9 BS1873 API 600, vanne \u00e0 soupape \u00e0 extr\u00e9mit\u00e9 de bride RTJ, vanne \u00e0 soupape WC6 600LB, fabricant de vannes \u00e0 soupape \u00e0 bride<\/p><\/div>","protected":false},"excerpt":{"rendered":"<p>Mod\u00e8le\u00a0: STV-J41H-600LB-4\u2033-WC6<br \/>\nLa vanne \u00e0 soupape ASTM A217 WC6 convient \u00e0 la coupe ou au raccordement du fluide sur le pipeline dans diverses conditions de travail telles que les industries p\u00e9troli\u00e8res, chimiques, pharmaceutiques, des engrais et de l&#039;\u00e9nergie \u00e9lectrique avec une pression nominale PN1,6 ~ 16,0 Mpa et une temp\u00e9rature de fonctionnement -29 ~ 550 \u00b0 C. Milieu applicable\u00a0: eau, huile, vapeur, milieu acide, etc. Les modes de fonctionnement sont\u00a0: manuel, transmission par engrenages, \u00e9lectrique, pneumatique, etc.<\/p>\n<p>STV Valve Technology Group Co., Ltd est un leader professionnel des vannes \u00e0 soupape en Chine Astm A217 Wc6, vanne \u00e0 soupape en acier moul\u00e9 BS1873 API 600, vanne \u00e0 soupape \u00e0 extr\u00e9mit\u00e9 de bride RTJ, vanne \u00e0 soupape 600LB WC6, fabricant de vannes \u00e0 soupape \u00e0 bride de haute qualit\u00e9 et \u00e0 prix comp\u00e9titif.<\/p>\n<p>Veuillez contacter notre sales@stvvalve.com pour d&#039;autres mat\u00e9riaux et d\u00e9tails.<\/p>\n<p>Feuille de dates\u00a0:<a href=\"https:\/\/www.stvvalves.com\/wp-content\/uploads\/2019\/06\/ASTM-A217-WC6-Globe-Valve-600LB-DN100-RTJ-Flange-End-Drawing.pdf\">Vanne \u00e0 soupape ASTM A217 WC6, 600LB, DN100, extr\u00e9mit\u00e9 de bride RTJ<\/a><\/p>","protected":false},"featured_media":4979,"template":"","meta":[],"product_brand":[],"product_cat":[48],"product_tag":[959,956,957,960,958],"class_list":{"0":"post-4976","1":"product","2":"type-product","3":"status-publish","4":"has-post-thumbnail","6":"product_cat-y-strainer","7":"product_tag-600lb-wc6-globe-valve","8":"product_tag-astm-a217-wc6-globe-valves","9":"product_tag-bs1873-api-600-cast-steel-globe-valve","10":"product_tag-flanged-globe-valve-manufacturer","11":"product_tag-rtj-flange-end-globe-valve","13":"first","14":"instock","15":"shipping-taxable","16":"product-type-simple"},"_links":{"self":[{"href":"https:\/\/www.stvvalves.com\/fr\/wp-json\/wp\/v2\/product\/4976","targetHints":{"allow":["GET"]}}],"collection":[{"href":"https:\/\/www.stvvalves.com\/fr\/wp-json\/wp\/v2\/product"}],"about":[{"href":"https:\/\/www.stvvalves.com\/fr\/wp-json\/wp\/v2\/types\/product"}],"wp:featuredmedia":[{"embeddable":true,"href":"https:\/\/www.stvvalves.com\/fr\/wp-json\/wp\/v2\/media\/4979"}],"wp:attachment":[{"href":"https:\/\/www.stvvalves.com\/fr\/wp-json\/wp\/v2\/media?parent=4976"}],"wp:term":[{"taxonomy":"product_brand","embeddable":true,"href":"https:\/\/www.stvvalves.com\/fr\/wp-json\/wp\/v2\/product_brand?post=4976"},{"taxonomy":"product_cat","embeddable":true,"href":"https:\/\/www.stvvalves.com\/fr\/wp-json\/wp\/v2\/product_cat?post=4976"},{"taxonomy":"product_tag","embeddable":true,"href":"https:\/\/www.stvvalves.com\/fr\/wp-json\/wp\/v2\/product_tag?post=4976"}],"curies":[{"name":"wp","href":"https:\/\/api.w.org\/{rel}","templated":true}]}}