{"id":5112,"date":"2019-07-17T03:19:05","date_gmt":"2019-07-17T03:19:05","guid":{"rendered":"https:\/\/www.stvvalves.com\/?post_type=product&#038;p=5112"},"modified":"2025-02-17T18:31:17","modified_gmt":"2025-02-17T10:31:17","slug":"2500-lb-swing-check-valve-wcb-body-8-inch-butt-weld-end","status":"publish","type":"product","link":"https:\/\/www.stvvalves.com\/fr\/products\/2500-lb-swing-check-valve-wcb-body-8-inch-butt-weld-end\/","title":{"rendered":"Clapet anti-retour \u00e0 battant de 2 500 LB, corps WCB, 8 pouces, extr\u00e9mit\u00e9 soud\u00e9e bout \u00e0 bout"},"content":{"rendered":"<p>Conception et fabrication\u00a0: E101,BS1868, API594, API6D, ASME B16.34, API603<\/p>\n<p>Inspection et test\u00a0: API598, API600 ou API 6D<br \/>\nASME B16.5 (pour NPS\u226424, ASME B 16.47 s\u00e9rie B, API 605, ASME B16.47 s\u00e9rie A, MSS SP-44 (pour NPS &gt; 24)<\/p>\n<p>Dimension d&#039;extr\u00e9mit\u00e9 BW \uff1a ASME B16.25<\/p>\n<p>Face \u00e0 face et bout \u00e0 bout \uff1a ASME B16.10<\/p>\n<p>Indices de pression et de temp\u00e9rature\u00a0:\u00a0ASME B16.34<\/p>\n<p>Gamme de produits<\/p>\n<p>Mat\u00e9riau du corps : acier au carbone, acier inoxydable, acier alli\u00e9<\/p>\n<p>Diam\u00e8tre nominal\u00a0: 2\u2033~36\u2033 (DN50~DN900)<\/p>\n<p>Connexion d&#039;extr\u00e9mit\u00e9\u00a0: RF, RTJ, BW<\/p>\n<p>Plage de pression\u00a0: Classe 150 ~ 2\u00a0500 (PN16 ~ PN420)<\/p>\n<p>Temp\u00e9rature de fonctionnement\u00a0: -29 \u2103 ~ + 560 \u2103<\/p>\n<table style=\"height: 1089px;\" width=\"751\">\n<tbody>\n<tr>\n<td>Nom du produit\u00a0:<\/td>\n<td>Clapet anti-retour \u00e0 battant de 2 500 LB, corps WCB, 8 pouces, extr\u00e9mit\u00e9 soud\u00e9e bout \u00e0 bout<\/td>\n<\/tr>\n<tr>\n<td>1.Mat\u00e9riel:<\/td>\n<td>WCB<\/td>\n<\/tr>\n<tr>\n<td>2. Taille\u00a0:<\/td>\n<td>8&#8243;<\/td>\n<\/tr>\n<tr>\n<td>3.Port\u00a0:<\/td>\n<td>COMPLET<\/td>\n<\/tr>\n<tr>\n<td>4. Temp\u00e9rature de fonctionnement\u00a0:<\/td>\n<td>-29 \u00b0C-425 \u00b0C<\/td>\n<\/tr>\n<tr>\n<td>5.Fin de connexion\u00a0:<\/td>\n<td>PC<\/td>\n<\/tr>\n<tr>\n<td>6. Pression de travail\u00a0:<\/td>\n<td>2500LB<\/td>\n<\/tr>\n<tr>\n<td>7. Support appropri\u00e9\u00a0:<\/td>\n<td>Eau, gaz naturel, p\u00e9trole et certains liquides corrosifs<\/td>\n<\/tr>\n<tr>\n<td>8.Exploit\u00e9\u00a0:<\/td>\n<td>\/<\/td>\n<\/tr>\n<tr>\n<td>9. Inspection et tests<\/td>\n<td>Selon API 598<\/td>\n<\/tr>\n<tr>\n<td>Certificat:<\/td>\n<td>OIN, CE\/API 6D<\/td>\n<\/tr>\n<tr>\n<td><strong>Exp\u00e9dition<\/strong><\/td>\n<td>&nbsp;<\/td>\n<\/tr>\n<tr>\n<td>D\u00e9lai de livraison<\/td>\n<td>30 jours<\/td>\n<\/tr>\n<tr>\n<td>Emballer<\/td>\n<td>Caisse en contreplaqu\u00e9 d&#039;exportation standard<\/td>\n<\/tr>\n<tr>\n<td>Port d&#039;exp\u00e9dition<\/td>\n<td>Ningbo\/Shanghai, Chine<\/td>\n<\/tr>\n<tr>\n<td>Conditions d&#039;exp\u00e9dition<\/td>\n<td>Exw, FOB, CFR, CIF, etc.<\/td>\n<\/tr>\n<tr>\n<td>Modalit\u00e9s de paiement<\/td>\n<td>T\/T, Western Union, PayPal, etc.<\/td>\n<\/tr>\n<tr>\n<td>&nbsp;<\/td>\n<td>Pr\u00e9paiement 30%, solde 70% pay\u00e9 avant l&#039;exp\u00e9dition<\/td>\n<\/tr>\n<tr>\n<td>Pays d&#039;origine<\/td>\n<td>Ville de Wenzhou, Chine<\/td>\n<\/tr>\n<tr>\n<td>Capacit\u00e9 de production<\/td>\n<td>6000 tonnes\/an<\/td>\n<\/tr>\n<tr>\n<td>MOQ<\/td>\n<td>10 pi\u00e8ces\/taille<\/td>\n<\/tr>\n<\/tbody>\n<\/table>","protected":false},"excerpt":{"rendered":"<p>Mod\u00e8le\u00a0: STV-H64Y-2500LB-8\u2033-WCB<\/p>\n<p>Clapet anti-retour \u00e0 battant d&#039;extr\u00e9mit\u00e9 soud\u00e9e bout \u00e0 bout pour classe 1500 ~ 2500 Lb, diverses temp\u00e9ratures de pipeline de travail de -29 \u00e0 570 DEG C pour l&#039;industrie p\u00e9troli\u00e8re et chimique, les centrales \u00e9lectriques, etc.<\/p>\n<div class=\"woocommerce-product-details__short-description\">\n<p>STV Valve Technology Group Co., Ltd est un leader professionnel en Chine Clapet anti-retour WCB, clapet anti-retour BS 1868, clapet anti-retour API 6D, clapet anti-retour 8 IN, clapet anti-retour classe 2500, clapet anti-retour soud\u00e9 bout \u00e0 bout, centrale \u00e9lectrique Clapet anti-retour \u00e0 battant, fabricant de clapet anti-retour \u00e0 battant pour centrale \u00e9lectrique de haute qualit\u00e9 et \u00e0 prix comp\u00e9titif.<\/p>\n<p>Veuillez contacter notre sales@stvvalve.com pour d&#039;autres mat\u00e9riaux et d\u00e9tails.<\/p>\n<p>Feuille de dates\u00a0:<a href=\"https:\/\/www.stvvalves.com\/wp-content\/uploads\/2019\/07\/2500-lb-swing-check-valve-wcb-body-8-inch-butt-weld-end-DRAWING.pdf\">Clapet anti-retour \u00e0 battant de 2 500 LB, corps WCB, 8 pouces, extr\u00e9mit\u00e9 soud\u00e9e bout \u00e0 bout<\/a><\/p>\n<\/div>\n<form class=\"cart\" action=\"https:\/\/www.stvvalves.com\/fr\/product\/1500lb-pressure-seal-gate-valve-wc6-body-dn250-flange-end\/\" enctype=\"multipart\/form-data\" method=\"post\" data-trp-original-action=\"https:\/\/www.stvvalves.com\/product\/1500lb-pressure-seal-gate-valve-wc6-body-dn250-flange-end\/\">\n<div class=\"wcpa_form_outer\"><\/div>\n<div class=\"quantity\"><\/div>\n<div class=\"addquotelistlink\">\n<div class=\"quotelistadd_prodpage\"><\/div>\n<\/div>\n<input type=\"hidden\" name=\"trp-form-language\" value=\"fr\"\/><\/form>","protected":false},"featured_media":5113,"template":"","meta":[],"product_brand":[],"product_cat":[83,46],"product_tag":[1038,1034,1033,1036,1035,1037,336],"class_list":{"0":"post-5112","1":"product","2":"type-product","3":"status-publish","4":"has-post-thumbnail","6":"product_cat-cast-steel-check-valve","7":"product_cat-check-valves","8":"product_tag-8-in-swing-check-valve","9":"product_tag-api-6d-swing-check-valve","10":"product_tag-bs-1868-swing-check-valve","11":"product_tag-butt-welded-swing-check-valve","12":"product_tag-class-2500-swing-check-valve","13":"product_tag-power-station-swing-check-valve","14":"product_tag-wcb-swing-check-valve","16":"first","17":"instock","18":"shipping-taxable","19":"product-type-simple"},"_links":{"self":[{"href":"https:\/\/www.stvvalves.com\/fr\/wp-json\/wp\/v2\/product\/5112","targetHints":{"allow":["GET"]}}],"collection":[{"href":"https:\/\/www.stvvalves.com\/fr\/wp-json\/wp\/v2\/product"}],"about":[{"href":"https:\/\/www.stvvalves.com\/fr\/wp-json\/wp\/v2\/types\/product"}],"wp:featuredmedia":[{"embeddable":true,"href":"https:\/\/www.stvvalves.com\/fr\/wp-json\/wp\/v2\/media\/5113"}],"wp:attachment":[{"href":"https:\/\/www.stvvalves.com\/fr\/wp-json\/wp\/v2\/media?parent=5112"}],"wp:term":[{"taxonomy":"product_brand","embeddable":true,"href":"https:\/\/www.stvvalves.com\/fr\/wp-json\/wp\/v2\/product_brand?post=5112"},{"taxonomy":"product_cat","embeddable":true,"href":"https:\/\/www.stvvalves.com\/fr\/wp-json\/wp\/v2\/product_cat?post=5112"},{"taxonomy":"product_tag","embeddable":true,"href":"https:\/\/www.stvvalves.com\/fr\/wp-json\/wp\/v2\/product_tag?post=5112"}],"curies":[{"name":"wp","href":"https:\/\/api.w.org\/{rel}","templated":true}]}}