{"id":5129,"date":"2019-07-17T06:44:20","date_gmt":"2019-07-17T06:44:20","guid":{"rendered":"https:\/\/www.stvvalves.com\/?post_type=product&#038;p=5129"},"modified":"2025-05-20T20:29:22","modified_gmt":"2025-05-20T12:29:22","slug":"wcb-din-lift-check-valve-dn250-pn100-flange-end","status":"publish","type":"product","link":"https:\/\/www.stvvalves.com\/fr\/products\/wcb-din-lift-check-valve-dn250-pn100-flange-end\/","title":{"rendered":"Clapet anti-retour WCB DIN, DN250, PN100, extr\u00e9mit\u00e9 \u00e0 bride"},"content":{"rendered":"<p>Conception et fabrication\u00a0:\u00a0DIN 3840 \/ BS EN 1868<br \/>\nFace \u00e0 face\u00a0:\u00a0DIN 3202\/BS EN558-1<br \/>\nExtr\u00e9mit\u00e9s \u00e0 brides\u00a0: DIN 2543\/BS EN1092-1<br \/>\nInspection et test\u00a0:\u00a0DIN 3230\/BS EN12569<\/p>\n<p>Pression\u00a0:\u00a0PN10~PN160<br \/>\nTaille\u00a0: DN40 ~ DN900<br \/>\nMat\u00e9riel: GS-C25, 1.0619, 1.4803, 1.4408, WCB, LCB, CF8, CF8M, CF3, CF3M, CF8C, etc.<\/p>\n<table width=\"751\">\n<tbody>\n<tr>\n<td>Nom du produit\u00a0:<\/td>\n<td>Clapet anti-retour WCB DIN, DN250, PN100, extr\u00e9mit\u00e9 \u00e0 bride<\/td>\n<\/tr>\n<tr>\n<td>1.Mat\u00e9riel:<\/td>\n<td>WCB<\/td>\n<\/tr>\n<tr>\n<td>2. Taille\u00a0:<\/td>\n<td>4\u2033<\/td>\n<\/tr>\n<tr>\n<td>3.Port\u00a0:<\/td>\n<td>COMPLET<\/td>\n<\/tr>\n<tr>\n<td>4. Temp\u00e9rature de fonctionnement\u00a0:<\/td>\n<td>-29 \u00b0C-425 \u00b0C<\/td>\n<\/tr>\n<tr>\n<td>5.Fin de connexion\u00a0:<\/td>\n<td>RF<\/td>\n<\/tr>\n<tr>\n<td>6. Pression de travail\u00a0:<\/td>\n<td>PN100<\/td>\n<\/tr>\n<tr>\n<td>7. Support appropri\u00e9\u00a0:<\/td>\n<td>Eau, gaz naturel, p\u00e9trole et certains liquides corrosifs<\/td>\n<\/tr>\n<tr>\n<td>8.Exploit\u00e9\u00a0:<\/td>\n<td>\/<\/td>\n<\/tr>\n<tr>\n<td>9. Inspection et tests<\/td>\n<td>Selon DIN 3230<\/td>\n<\/tr>\n<tr>\n<td>Certificat:<\/td>\n<td>OIN, CE\/API 6D<\/td>\n<\/tr>\n<tr>\n<td><strong>Exp\u00e9dition<\/strong><\/td>\n<td><\/td>\n<\/tr>\n<tr>\n<td>D\u00e9lai de livraison<\/td>\n<td>30 jours<\/td>\n<\/tr>\n<tr>\n<td>Emballer<\/td>\n<td>Caisse en contreplaqu\u00e9 d&#039;exportation standard<\/td>\n<\/tr>\n<tr>\n<td>Port d&#039;exp\u00e9dition<\/td>\n<td>Ningbo\/Shanghai, Chine<\/td>\n<\/tr>\n<tr>\n<td>Conditions d&#039;exp\u00e9dition<\/td>\n<td>Exw, FOB, CFR, CIF, etc.<\/td>\n<\/tr>\n<tr>\n<td>Modalit\u00e9s de paiement<\/td>\n<td>T\/T, Western Union, PayPal, etc.<\/td>\n<\/tr>\n<tr>\n<td><\/td>\n<td>Pr\u00e9paiement 30%, solde 70% pay\u00e9 avant l&#039;exp\u00e9dition<\/td>\n<\/tr>\n<tr>\n<td>Pays d&#039;origine<\/td>\n<td>Ville de Wenzhou, Chine<\/td>\n<\/tr>\n<tr>\n<td>Capacit\u00e9 de production<\/td>\n<td>6000 tonnes\/an<\/td>\n<\/tr>\n<tr>\n<td>MOQ<\/td>\n<td>10 pi\u00e8ces\/taille<\/td>\n<\/tr>\n<\/tbody>\n<\/table>\n<p>&nbsp;<\/p>","protected":false},"excerpt":{"rendered":"<div class=\"woocommerce-product-details__short-description\">\n<p>Mod\u00e8le\u00a0: H44Y-PN100-DN250-WCB<\/p>\n<p>STV Valve Technology Group Co., Ltd est un leader professionnel du clapet anti-retour \u00e0 bride en Chine, du clapet anti-retour \u00e0 ascenseur DIN, du clapet anti-retour \u00e0 ascenseur EN, du clapet anti-retour DIN, du clapet anti-retour \u00e0 ascenseur WCB, du clapet anti-retour \u00e0 ascenseur PN 100, du clapet anti-retour \u00e0 ascenseur DN250, fabricant avec haute qualit\u00e9 et prix comp\u00e9titif.<\/p>\n<p>Pour en savoir plus sur ces vannes, n&#039;h\u00e9sitez pas \u00e0 contacter notre sales@stvvalve.com<br \/>\nFeuille de dates\u00a0:<a href=\"https:\/\/www.stvvalves.com\/wp-content\/uploads\/2019\/07\/wcb-din-lift-check-valve-dn250-pn100-flange-end-drawing.pdf\">Clapet anti-retour WCB DIN, DN250, PN100, extr\u00e9mit\u00e9 \u00e0 bride<\/a><\/p>\n<\/div>","protected":false},"featured_media":5132,"template":"","meta":[],"product_brand":[],"product_cat":[83,46],"product_tag":[1051,1049,1054,1050,1048,1053,1052],"class_list":{"0":"post-5129","1":"product","2":"type-product","3":"status-publish","4":"has-post-thumbnail","6":"product_cat-cast-steel-check-valve","7":"product_cat-check-valves","8":"product_tag-din-check-valve","9":"product_tag-din-lift-check-valve","10":"product_tag-dn250-lift-check-valve","11":"product_tag-en-lift-check-valve","12":"product_tag-flange-lift-check-valve","13":"product_tag-pn-100-lift-check-valve","14":"product_tag-wcb-lift-check-valve","16":"first","17":"instock","18":"shipping-taxable","19":"product-type-simple"},"_links":{"self":[{"href":"https:\/\/www.stvvalves.com\/fr\/wp-json\/wp\/v2\/product\/5129","targetHints":{"allow":["GET"]}}],"collection":[{"href":"https:\/\/www.stvvalves.com\/fr\/wp-json\/wp\/v2\/product"}],"about":[{"href":"https:\/\/www.stvvalves.com\/fr\/wp-json\/wp\/v2\/types\/product"}],"wp:featuredmedia":[{"embeddable":true,"href":"https:\/\/www.stvvalves.com\/fr\/wp-json\/wp\/v2\/media\/5132"}],"wp:attachment":[{"href":"https:\/\/www.stvvalves.com\/fr\/wp-json\/wp\/v2\/media?parent=5129"}],"wp:term":[{"taxonomy":"product_brand","embeddable":true,"href":"https:\/\/www.stvvalves.com\/fr\/wp-json\/wp\/v2\/product_brand?post=5129"},{"taxonomy":"product_cat","embeddable":true,"href":"https:\/\/www.stvvalves.com\/fr\/wp-json\/wp\/v2\/product_cat?post=5129"},{"taxonomy":"product_tag","embeddable":true,"href":"https:\/\/www.stvvalves.com\/fr\/wp-json\/wp\/v2\/product_tag?post=5129"}],"curies":[{"name":"wp","href":"https:\/\/api.w.org\/{rel}","templated":true}]}}