{"id":5133,"date":"2019-07-17T08:55:48","date_gmt":"2019-07-17T08:55:48","guid":{"rendered":"https:\/\/www.stvvalves.com\/?post_type=product&#038;p=5133"},"modified":"2024-12-24T22:47:20","modified_gmt":"2024-12-24T14:47:20","slug":"din-lift-check-valvedn125wcbpn250weld-end","status":"publish","type":"product","link":"https:\/\/www.stvvalves.com\/fr\/products\/din-lift-check-valvedn125wcbpn250weld-end\/","title":{"rendered":"Clapet anti-retour \u00e0 levage DIN, DN125, WCB, PN250, extr\u00e9mit\u00e9 \u00e0 souder"},"content":{"rendered":"<p>Conception et fabrication\u00a0:\u00a0DIN 3840 \/ BS EN 1868<br \/>\nFace \u00e0 face\u00a0:\u00a0DIN 3202\/BS EN558-1<br \/>\nExtr\u00e9mit\u00e9s \u00e0 brides\u00a0: DIN 2543\/BS EN1092-1<br \/>\nInspection et test\u00a0:\u00a0DIN 3230\/BS EN12569<\/p>\n<p>Pression\u00a0:\u00a0PN10~PN420<br \/>\nTaille\u00a0: DN40 ~ DN900<br \/>\nMat\u00e9riel: GS-C25, 1.0619, 1.4803, 1.4408, WCB, LCB, CF8, CF8M, CF3, CF3M, CF8C, etc.<\/p>\n<table width=\"751\">\n<tbody>\n<tr>\n<td>Nom du produit\u00a0:<\/td>\n<td>Clapet anti-retour \u00e0 levage DIN, DN125, WCB, PN250, extr\u00e9mit\u00e9 \u00e0 souder<\/td>\n<\/tr>\n<tr>\n<td>1.Mat\u00e9riel:<\/td>\n<td>WCB<\/td>\n<\/tr>\n<tr>\n<td>2. Taille\u00a0:<\/td>\n<td>5\u2033<\/td>\n<\/tr>\n<tr>\n<td>3.Port\u00a0:<\/td>\n<td>COMPLET<\/td>\n<\/tr>\n<tr>\n<td>4. Temp\u00e9rature de fonctionnement\u00a0:<\/td>\n<td>-29 \u00b0C-425 \u00b0C<\/td>\n<\/tr>\n<tr>\n<td>5.Fin de connexion\u00a0:<\/td>\n<td>PC<\/td>\n<\/tr>\n<tr>\n<td>6. Pression de travail\u00a0:<\/td>\n<td>PN250<\/td>\n<\/tr>\n<tr>\n<td>7. Support appropri\u00e9\u00a0:<\/td>\n<td>Eau, gaz naturel, p\u00e9trole et certains liquides corrosifs<\/td>\n<\/tr>\n<tr>\n<td>8.Exploit\u00e9\u00a0:<\/td>\n<td>\/<\/td>\n<\/tr>\n<tr>\n<td>9. Inspection et tests<\/td>\n<td>Selon DIN 3230<\/td>\n<\/tr>\n<tr>\n<td>Certificat:<\/td>\n<td>OIN, CE\/API 6D<\/td>\n<\/tr>\n<tr>\n<td><strong>Exp\u00e9dition<\/strong><\/td>\n<td><\/td>\n<\/tr>\n<tr>\n<td>D\u00e9lai de livraison<\/td>\n<td>30 jours<\/td>\n<\/tr>\n<tr>\n<td>Emballer<\/td>\n<td>Caisse en contreplaqu\u00e9 d&#039;exportation standard<\/td>\n<\/tr>\n<tr>\n<td>Port d&#039;exp\u00e9dition<\/td>\n<td>Ningbo\/Shanghai, Chine<\/td>\n<\/tr>\n<tr>\n<td>Conditions d&#039;exp\u00e9dition<\/td>\n<td>Exw, FOB, CFR, CIF, etc.<\/td>\n<\/tr>\n<tr>\n<td>Modalit\u00e9s de paiement<\/td>\n<td>T\/T, Western Union, PayPal, etc.<\/td>\n<\/tr>\n<tr>\n<td><\/td>\n<td>Pr\u00e9paiement 30%, solde 70% pay\u00e9 avant l&#039;exp\u00e9dition<\/td>\n<\/tr>\n<tr>\n<td>Pays d&#039;origine<\/td>\n<td>Ville de Wenzhou, Chine<\/td>\n<\/tr>\n<tr>\n<td>Capacit\u00e9 de production<\/td>\n<td>6000 tonnes\/an<\/td>\n<\/tr>\n<tr>\n<td>MOQ<\/td>\n<td>10 pi\u00e8ces\/taille<\/td>\n<\/tr>\n<\/tbody>\n<\/table>","protected":false},"excerpt":{"rendered":"<div class=\"woocommerce-product-details__short-description\">\n<div class=\"woocommerce-product-details__short-description\">\n<p>Mod\u00e8le\u00a0: H61Y-PN250-DN125-WCB<\/p>\n<p>STV Valve Technology Group Co., Ltd est un leader professionnel en Chine Clapet anti-retour \u00e0 piston DIN, Clapet anti-retour \u00e0 levage Din, Clapet anti-retour \u00e0 levage DIN PN250, Contr\u00f4le \u00e0 levage en acier moul\u00e9, Clapet anti-retour \u00e0 levage DIN 3845, Clapet anti-retour \u00e0 levage BW, Contr\u00f4le \u00e0 levage DN125 Fabricant de vannes de haute qualit\u00e9 et \u00e0 prix comp\u00e9titif.<\/p>\n<p>Pour en savoir plus sur ces vannes, n&#039;h\u00e9sitez pas \u00e0 contacter notre sales@stvvalve.com<br \/>\nFeuille de dates\u00a0:<a href=\"https:\/\/www.stvvalves.com\/wp-content\/uploads\/2019\/07\/DIN-Lift-Check-Valve-DN125-WCB-PN250-Weld-End-Drawing.pdf\">Clapet anti-retour \u00e0 levage DIN, DN125, WCB, PN250, extr\u00e9mit\u00e9 \u00e0 souder<\/a><\/p>\n<\/div>\n<\/div>\n<form class=\"cart\" action=\"https:\/\/www.stvvalves.com\/fr\/product\/wcb-din-lift-check-valve-dn250-pn100-flange-end\/\" enctype=\"multipart\/form-data\" method=\"post\" data-trp-original-action=\"https:\/\/www.stvvalves.com\/product\/wcb-din-lift-check-valve-dn250-pn100-flange-end\/\">\n<div class=\"wcpa_form_outer\"><\/div>\n<div class=\"quantity\"><\/div>\n<div class=\"addquotelistlink\">\n<div class=\"quotelistadd_prodpage\"><\/div>\n<\/div>\n<input type=\"hidden\" name=\"trp-form-language\" value=\"fr\"\/><\/form>","protected":false},"featured_media":5134,"template":"","meta":[],"product_brand":[],"product_cat":[83,46],"product_tag":[1059,1057,1058,1049,1055,1060,1056],"class_list":{"0":"post-5133","1":"product","2":"type-product","3":"status-publish","4":"has-post-thumbnail","6":"product_cat-cast-steel-check-valve","7":"product_cat-check-valves","8":"product_tag-bw-lift-check-valve","9":"product_tag-cast-steel-lift-check","10":"product_tag-din-3845-lift-check-valve","11":"product_tag-din-lift-check-valve","12":"product_tag-din-piston-type-lift-check-valve","13":"product_tag-dn125-lift-check-valve","14":"product_tag-lift-check-valve-din-pn250","16":"first","17":"instock","18":"shipping-taxable","19":"product-type-simple"},"_links":{"self":[{"href":"https:\/\/www.stvvalves.com\/fr\/wp-json\/wp\/v2\/product\/5133","targetHints":{"allow":["GET"]}}],"collection":[{"href":"https:\/\/www.stvvalves.com\/fr\/wp-json\/wp\/v2\/product"}],"about":[{"href":"https:\/\/www.stvvalves.com\/fr\/wp-json\/wp\/v2\/types\/product"}],"wp:featuredmedia":[{"embeddable":true,"href":"https:\/\/www.stvvalves.com\/fr\/wp-json\/wp\/v2\/media\/5134"}],"wp:attachment":[{"href":"https:\/\/www.stvvalves.com\/fr\/wp-json\/wp\/v2\/media?parent=5133"}],"wp:term":[{"taxonomy":"product_brand","embeddable":true,"href":"https:\/\/www.stvvalves.com\/fr\/wp-json\/wp\/v2\/product_brand?post=5133"},{"taxonomy":"product_cat","embeddable":true,"href":"https:\/\/www.stvvalves.com\/fr\/wp-json\/wp\/v2\/product_cat?post=5133"},{"taxonomy":"product_tag","embeddable":true,"href":"https:\/\/www.stvvalves.com\/fr\/wp-json\/wp\/v2\/product_tag?post=5133"}],"curies":[{"name":"wp","href":"https:\/\/api.w.org\/{rel}","templated":true}]}}