{"id":5145,"date":"2019-07-18T02:07:44","date_gmt":"2019-07-18T02:07:44","guid":{"rendered":"https:\/\/www.stvvalves.com\/?post_type=product&#038;p=5145"},"modified":"2025-02-17T18:32:56","modified_gmt":"2025-02-17T10:32:56","slug":"astm-a217-wc6-globe-valve-600lb-dn-100-rf","status":"publish","type":"product","link":"https:\/\/www.stvvalves.com\/fr\/products\/astm-a217-wc6-globe-valve-600lb-dn-100-rf\/","title":{"rendered":"Vanne \u00e0 soupape ASTM A217 WC6, 600LB, DN 100, RF"},"content":{"rendered":"<p>Conception selon ASME B16.34<br \/>\nFace \u00e0 face\/de bout en bout\u00a0: ASME B16.10<br \/>\nDimensions de la bride\u00a0: ASME B16.5<br \/>\nExtr\u00e9mit\u00e9 \u00e0 souder\u00a0: ASME B.16.25<br \/>\nConception de base\u00a0: BS 1873<br \/>\nTest selon API 598<\/p>\n<p>Taille:2\u2033~60\u201d<\/p>\n<p>Pression nominale\u00a0: classe 150-2500LB<\/p>\n<p>Mat\u00e9riau du corps\u00a0:\u00a0ASTM A216 WCB, A217 WC6, A351 CF8, A351 CF8M,<\/p>\n<p>A351 CF3,A351 CF3M,A351 CN7M etc.<\/p>\n<p>Connexion finale\u00a0: RF, RTJ, BW<\/p>\n<p>Temp\u00e9rature de fonctionnement\u00a0: -29 \u2103 ~ 650 \u2103<\/p>\n<p>Fonctionnement : volant, bo\u00eete de vitesses, \u00e9lectrique, etc.<\/p>\n<table>\n<tbody>\n<tr>\n<td width=\"200\"><strong>Nom du produit<\/strong><\/td>\n<td width=\"481\">Vanne \u00e0 soupape ASTM A217 WC6, 600LB, DN 100, RF<\/td>\n<\/tr>\n<tr>\n<td width=\"200\">1. Mat\u00e9riel<\/td>\n<td width=\"481\">WC6<\/td>\n<\/tr>\n<tr>\n<td width=\"200\">2. Taille<\/td>\n<td width=\"481\">4&quot;<\/td>\n<\/tr>\n<tr>\n<td width=\"200\">4. Port<\/td>\n<td width=\"481\">Port complet<\/td>\n<\/tr>\n<tr>\n<td width=\"200\">5. Pression de travail<\/td>\n<td width=\"481\">600 livres<\/td>\n<\/tr>\n<tr>\n<td width=\"200\">6. Fin de la connexion<\/td>\n<td width=\"481\">RF<\/td>\n<\/tr>\n<tr>\n<td width=\"200\">7. Temp\u00e9rature de travail.<\/td>\n<td width=\"481\">-29~520\u00baC,<\/td>\n<\/tr>\n<tr>\n<td width=\"200\">8. Support appropri\u00e9<\/td>\n<td width=\"481\">Eau, gaz naturel, p\u00e9trole et certains liquides corrosifs<\/td>\n<\/tr>\n<tr>\n<td width=\"200\">9. Exploit\u00e9<\/td>\n<td width=\"481\">Volant<\/td>\n<\/tr>\n<tr>\n<td width=\"200\">10. Inspection et tests<\/td>\n<td width=\"481\">Selon API598<\/td>\n<\/tr>\n<tr>\n<td width=\"200\"><strong>Exp\u00e9dition<\/strong><\/td>\n<td width=\"481\"><\/td>\n<\/tr>\n<tr>\n<td width=\"200\">D\u00e9lai de livraison<\/td>\n<td width=\"481\">30 jours<\/td>\n<\/tr>\n<tr>\n<td width=\"200\">Emballer<\/td>\n<td width=\"481\">Caisse en contreplaqu\u00e9 d&#039;exportation standard<\/td>\n<\/tr>\n<tr>\n<td width=\"200\">Port d&#039;exp\u00e9dition<\/td>\n<td width=\"481\">Ningbo\/Shanghai, Chine<\/td>\n<\/tr>\n<tr>\n<td width=\"200\">Conditions d&#039;exp\u00e9dition<\/td>\n<td width=\"481\">Exw, FOB, CFR, CIF, etc.<\/td>\n<\/tr>\n<tr>\n<td width=\"200\">Modalit\u00e9s de paiement<\/td>\n<td width=\"481\">T\/T, Western Union, PayPal, etc.<\/td>\n<\/tr>\n<tr>\n<td width=\"200\"><\/td>\n<td width=\"481\">Pr\u00e9paiement 30%, solde 70% pay\u00e9 avant l&#039;exp\u00e9dition<\/td>\n<\/tr>\n<tr>\n<td width=\"200\">Pays d&#039;origine<\/td>\n<td width=\"481\">Ville de Wenzhou, Chine<\/td>\n<\/tr>\n<tr>\n<td width=\"200\">Capacit\u00e9 de production<\/td>\n<td width=\"481\">6000 tonnes\/an<\/td>\n<\/tr>\n<tr>\n<td width=\"200\">MOQ<\/td>\n<td width=\"481\">1 pi\u00e8ces\/taille<\/td>\n<\/tr>\n<\/tbody>\n<\/table>","protected":false},"excerpt":{"rendered":"<p>Mod\u00e8le : STV-J41Y-600LB-WC6-4\u2033<\/p>\n<p>STV Valve Technology Group Co., Ltd est un leader professionnel en Chine. Vanne \u00e0 soupape ASTM A217 WC6, vanne \u00e0 soupape de 4 pouces, vanne \u00e0 soupape de classe 600 LB, vanne \u00e0 soupape RF, vanne \u00e0 soupape ASME B16.34, vanne \u00e0 soupape BS 1873, vanne \u00e0 soupape ASME B16.10. Robinet \u00e0 soupape, fabricant de robinets \u00e0 soupape en acier au carbone de haute qualit\u00e9 et \u00e0 prix comp\u00e9titif.<\/p>\n<p>Veuillez contacter notre sales@stvvalve.com pour d&#039;autres mat\u00e9riaux et d\u00e9tails.<\/p>\n<p>Feuille de dates\u00a0:<br \/>\n<a href=\"https:\/\/www.stvvalves.com\/wp-content\/uploads\/2019\/07\/astm-a217-wc6-globe-valve-600lb-dn-100-rf-drawing.pdf\">Vanne \u00e0 soupape ASTM A217 WC6, 600LB, DN 100, RF<\/a><\/p>","protected":false},"featured_media":5148,"template":"","meta":[],"product_brand":[],"product_cat":[63,45],"product_tag":[1073,1076,1075,1072,1014,1015,323,882,1074],"class_list":{"0":"post-5145","1":"product","2":"type-product","3":"status-publish","4":"has-post-thumbnail","6":"product_cat-cast-steel-globe-valve","7":"product_cat-globe-valve","8":"product_tag-4-inch-globe-valve","9":"product_tag-asme-b16-10-globe-valve","10":"product_tag-asme-b16-34-globe-valve","11":"product_tag-astm-a217-wc6-globe-valve","12":"product_tag-bs-1873-globe-valve","13":"product_tag-carbon-steel-globe-valve","14":"product_tag-cast-steel-globe-valve","15":"product_tag-class-600-lb-globe-valve","16":"product_tag-rf-globe-valve","18":"first","19":"instock","20":"shipping-taxable","21":"product-type-simple"},"_links":{"self":[{"href":"https:\/\/www.stvvalves.com\/fr\/wp-json\/wp\/v2\/product\/5145","targetHints":{"allow":["GET"]}}],"collection":[{"href":"https:\/\/www.stvvalves.com\/fr\/wp-json\/wp\/v2\/product"}],"about":[{"href":"https:\/\/www.stvvalves.com\/fr\/wp-json\/wp\/v2\/types\/product"}],"wp:featuredmedia":[{"embeddable":true,"href":"https:\/\/www.stvvalves.com\/fr\/wp-json\/wp\/v2\/media\/5148"}],"wp:attachment":[{"href":"https:\/\/www.stvvalves.com\/fr\/wp-json\/wp\/v2\/media?parent=5145"}],"wp:term":[{"taxonomy":"product_brand","embeddable":true,"href":"https:\/\/www.stvvalves.com\/fr\/wp-json\/wp\/v2\/product_brand?post=5145"},{"taxonomy":"product_cat","embeddable":true,"href":"https:\/\/www.stvvalves.com\/fr\/wp-json\/wp\/v2\/product_cat?post=5145"},{"taxonomy":"product_tag","embeddable":true,"href":"https:\/\/www.stvvalves.com\/fr\/wp-json\/wp\/v2\/product_tag?post=5145"}],"curies":[{"name":"wp","href":"https:\/\/api.w.org\/{rel}","templated":true}]}}