{"id":5150,"date":"2019-07-18T02:28:35","date_gmt":"2019-07-18T02:28:35","guid":{"rendered":"https:\/\/www.stvvalves.com\/?post_type=product&#038;p=5150"},"modified":"2024-12-25T14:58:31","modified_gmt":"2024-12-25T06:58:31","slug":"asme-b16-34-cf8c-globe-valve-4-inch-150lb-rf-end","status":"publish","type":"product","link":"https:\/\/www.stvvalves.com\/fr\/products\/asme-b16-34-cf8c-globe-valve-4-inch-150lb-rf-end\/","title":{"rendered":"Vanne \u00e0 soupape ASME B16.34 CF8C, 4 pouces, 150 LB, extr\u00e9mit\u00e9 RF"},"content":{"rendered":"<p>Conception et fabrication\u00a0: API 603\u3001ASME B16.34<br \/>\nFace \u00e0 face (de bout en bout) : ANSI B16.10, API 6D, etc.<br \/>\nConnexion \u00e0 bride\u00a0: ANSI B16.5, ASME B16.47, etc.<br \/>\nExtr\u00e9mit\u00e9 soud\u00e9e bout \u00e0 bout\u00a0: ANSI B16.25, etc.<br \/>\nTest et inspection\u00a0: API 598, API 6D, etc.<\/p>\n<p>Taille : 1\/2\u2033-30\u2033<br \/>\nPression\u00a0:\u00a0150LB ~ 1500LB<br \/>\nMat\u00e9riau du corps\u00a0: acier au carbone A216 WCB WCC, LCB, LCC, WC6, WC9, C5, C12, A351 CF8, CF8M, CF3, CF3M, CF8C, acier duplex A890 GR.4A GR.5A, etc.<\/p>\n<p>Mat\u00e9riel d&#039;\u00e9quilibre : 13Cr, SS304, SS316, SS304L, SS316L, F11, F22 etc.<br \/>\nType : tige montante, BB, FB, OS&amp;Y<br \/>\nFonctionnement : Volant. Appareils \u00e0 engrenages, \u00e9lectricit\u00e9, etc.<br \/>\nFin\u00a0: RF \u00e0 bride\/RTJ\/FM\/FF, soudage bout \u00e0 bout (BW)<\/p>\n<table>\n<tbody>\n<tr>\n<td width=\"200\"><strong>Nom du produit<\/strong><\/td>\n<td width=\"481\">Vanne \u00e0 soupape ASME B16.34 CF8C, 4 pouces, 150 LB, extr\u00e9mit\u00e9 RF<\/td>\n<\/tr>\n<tr>\n<td width=\"200\">1. Mat\u00e9riel<\/td>\n<td width=\"481\">CF8C<\/td>\n<\/tr>\n<tr>\n<td width=\"200\">2. Taille<\/td>\n<td width=\"481\">4&quot;<\/td>\n<\/tr>\n<tr>\n<td width=\"200\">4. Port<\/td>\n<td width=\"481\">Port complet<\/td>\n<\/tr>\n<tr>\n<td width=\"200\">5. Pression de travail<\/td>\n<td width=\"481\">150 livres<\/td>\n<\/tr>\n<tr>\n<td width=\"200\">6. Fin de la connexion<\/td>\n<td width=\"481\">RF<\/td>\n<\/tr>\n<tr>\n<td width=\"200\">7. Temp\u00e9rature de travail.<\/td>\n<td width=\"481\">-29~425\u00baC,<\/td>\n<\/tr>\n<tr>\n<td width=\"200\">8. Support appropri\u00e9<\/td>\n<td width=\"481\">Eau, gaz naturel, p\u00e9trole et certains liquides corrosifs<\/td>\n<\/tr>\n<tr>\n<td width=\"200\">9. Exploit\u00e9<\/td>\n<td width=\"481\">Volant<\/td>\n<\/tr>\n<tr>\n<td width=\"200\">10. Inspection et tests<\/td>\n<td width=\"481\">Selon API598<\/td>\n<\/tr>\n<tr>\n<td width=\"200\"><strong>Exp\u00e9dition<\/strong><\/td>\n<td width=\"481\"><\/td>\n<\/tr>\n<tr>\n<td width=\"200\">D\u00e9lai de livraison<\/td>\n<td width=\"481\">30 jours<\/td>\n<\/tr>\n<tr>\n<td width=\"200\">Emballer<\/td>\n<td width=\"481\">Caisse en contreplaqu\u00e9 d&#039;exportation standard<\/td>\n<\/tr>\n<tr>\n<td width=\"200\">Port d&#039;exp\u00e9dition<\/td>\n<td width=\"481\">Ningbo\/Shanghai, Chine<\/td>\n<\/tr>\n<tr>\n<td width=\"200\">Conditions d&#039;exp\u00e9dition<\/td>\n<td width=\"481\">Exw, FOB, CFR, CIF, etc.<\/td>\n<\/tr>\n<tr>\n<td width=\"200\">Modalit\u00e9s de paiement<\/td>\n<td width=\"481\">T\/T, Western Union, PayPal, etc.<\/td>\n<\/tr>\n<tr>\n<td width=\"200\"><\/td>\n<td width=\"481\">Pr\u00e9paiement 30%, solde 70% pay\u00e9 avant l&#039;exp\u00e9dition<\/td>\n<\/tr>\n<tr>\n<td width=\"200\">Pays d&#039;origine<\/td>\n<td width=\"481\">Ville de Wenzhou, Chine<\/td>\n<\/tr>\n<tr>\n<td width=\"200\">Capacit\u00e9 de production<\/td>\n<td width=\"481\">6000 tonnes\/an<\/td>\n<\/tr>\n<tr>\n<td width=\"200\">MOQ<\/td>\n<td width=\"481\">1 pi\u00e8ces\/taille<\/td>\n<\/tr>\n<\/tbody>\n<\/table>","protected":false},"excerpt":{"rendered":"<p>Mod\u00e8le : STV-J41Y-150LB-CF8C-4\u2033<\/p>\n<p>STV Valve Technology Group Co., Ltd est un leader professionnel des vannes \u00e0 soupape CF8C en Chine, des vannes \u00e0 soupape de 2 pouces, des vannes \u00e0 soupape de classe 150, des vannes \u00e0 soupape OS&amp;Y, des vannes \u00e0 soupape \u00e0 si\u00e8ge SS316, des vannes \u00e0 soupape \u00e0 tige SS316, des vannes \u00e0 soupape BS 1873, un fabricant de vannes \u00e0 soupape en acier inoxydable. avec une haute qualit\u00e9 et un prix comp\u00e9titif.<\/p>\n<p>Veuillez contacter notre sales@stvvalve.com pour d&#039;autres mat\u00e9riaux et d\u00e9tails.<\/p>\n<p>Feuille de dates\u00a0:<br \/>\n<a href=\"https:\/\/www.stvvalves.com\/wp-content\/uploads\/2019\/07\/asme-b16-34-cf8c-globe-valve-4-inch-150lb-rf-end-drawing.pdf\">Vanne \u00e0 soupape ASME B16.34 CF8C, 4 pouces, 150 LB, extr\u00e9mit\u00e9 RF<\/a><\/p>","protected":false},"featured_media":5153,"template":"","meta":[],"product_brand":[],"product_cat":[45,189],"product_tag":[1078,1083,1077,1079,1080,1081,1082,192],"class_list":{"0":"post-5150","1":"product","2":"type-product","3":"status-publish","4":"has-post-thumbnail","6":"product_cat-globe-valve","7":"product_cat-stainless-steel-globe-valve","8":"product_tag-2-inch-globe-valves","9":"product_tag-bs-1873-globe-valves","10":"product_tag-cf8c-globe-valves","11":"product_tag-class150-globe-valves","12":"product_tag-osy-globe-valves","13":"product_tag-ss316-seat-globe-valves","14":"product_tag-ss316-stem-globe-valves","15":"product_tag-stainless-steel-globe-valve","17":"first","18":"instock","19":"shipping-taxable","20":"product-type-simple"},"_links":{"self":[{"href":"https:\/\/www.stvvalves.com\/fr\/wp-json\/wp\/v2\/product\/5150","targetHints":{"allow":["GET"]}}],"collection":[{"href":"https:\/\/www.stvvalves.com\/fr\/wp-json\/wp\/v2\/product"}],"about":[{"href":"https:\/\/www.stvvalves.com\/fr\/wp-json\/wp\/v2\/types\/product"}],"wp:featuredmedia":[{"embeddable":true,"href":"https:\/\/www.stvvalves.com\/fr\/wp-json\/wp\/v2\/media\/5153"}],"wp:attachment":[{"href":"https:\/\/www.stvvalves.com\/fr\/wp-json\/wp\/v2\/media?parent=5150"}],"wp:term":[{"taxonomy":"product_brand","embeddable":true,"href":"https:\/\/www.stvvalves.com\/fr\/wp-json\/wp\/v2\/product_brand?post=5150"},{"taxonomy":"product_cat","embeddable":true,"href":"https:\/\/www.stvvalves.com\/fr\/wp-json\/wp\/v2\/product_cat?post=5150"},{"taxonomy":"product_tag","embeddable":true,"href":"https:\/\/www.stvvalves.com\/fr\/wp-json\/wp\/v2\/product_tag?post=5150"}],"curies":[{"name":"wp","href":"https:\/\/api.w.org\/{rel}","templated":true}]}}