{"id":5161,"date":"2019-07-18T07:04:43","date_gmt":"2019-07-18T07:04:43","guid":{"rendered":"https:\/\/www.stvvalves.com\/?post_type=product&#038;p=5161"},"modified":"2025-02-17T18:32:50","modified_gmt":"2025-02-17T10:32:50","slug":"300lb-cast-steel-globe-valve-dn400-316-trim-flange-end","status":"publish","type":"product","link":"https:\/\/www.stvvalves.com\/fr\/products\/300lb-cast-steel-globe-valve-dn400-316-trim-flange-end\/","title":{"rendered":"Vanne \u00e0 soupape en acier moul\u00e9 300LB, garniture DN400,316, extr\u00e9mit\u00e9 de bride"},"content":{"rendered":"<div><\/div>\n<p>&nbsp;<\/p>\n<p><img loading=\"lazy\" decoding=\"async\" class=\"alignleft size-full wp-image-6135\" src=\"https:\/\/www.stvvalves.com\/wp-content\/uploads\/2019\/07\/GLOBE-CATALOG.jpg\" alt=\"\" width=\"517\" height=\"644\" srcset=\"https:\/\/www.stvvalves.com\/wp-content\/uploads\/2019\/07\/GLOBE-CATALOG.jpg 517w, https:\/\/www.stvvalves.com\/wp-content\/uploads\/2019\/07\/GLOBE-CATALOG-241x300.jpg 241w\" sizes=\"auto, (max-width: 517px) 100vw, 517px\" \/><\/p>\n<p>&nbsp;<\/p>\n<p>&nbsp;<\/p>\n<p>&nbsp;<\/p>\n<p>&nbsp;<\/p>\n<p>&nbsp;<\/p>\n<p>&nbsp;<\/p>\n<p>&nbsp;<\/p>\n<p>&nbsp;<\/p>\n<p>&nbsp;<\/p>\n<p>&nbsp;<\/p>\n<p>&nbsp;<\/p>\n<p>&nbsp;<\/p>\n<p>&nbsp;<\/p>\n<p>&nbsp;<\/p>\n<p>&nbsp;<\/p>\n<p>&nbsp;<\/p>\n<p>&nbsp;<\/p>\n<p>Pi\u00e8ces principales et mat\u00e9riel\u00a0:<\/p>\n<table style=\"height: 1207px;\" width=\"1056\">\n<tbody>\n<tr>\n<td>NON.<\/td>\n<td>Nom de la pi\u00e8ce<\/td>\n<td>Mat\u00e9riel<\/td>\n<\/tr>\n<tr>\n<td>1<\/td>\n<td>Corps<\/td>\n<td>A216 WCB<\/td>\n<\/tr>\n<tr>\n<td>2<\/td>\n<td>Disque<\/td>\n<td>A105+13Cr<\/td>\n<\/tr>\n<tr>\n<td>3<\/td>\n<td>Si\u00e8ge<\/td>\n<td>A182F6<\/td>\n<\/tr>\n<tr>\n<td>4<\/td>\n<td>Tige<\/td>\n<td>A182F6<\/td>\n<\/tr>\n<tr>\n<td>5<\/td>\n<td>\u00c9crou \u00e0 disque<\/td>\n<td>A182F6<\/td>\n<\/tr>\n<tr>\n<td>6<\/td>\n<td>Joint<\/td>\n<td>304+graphite<\/td>\n<\/tr>\n<tr>\n<td>7<\/td>\n<td>Si\u00e8ge arri\u00e8re<\/td>\n<td>A182F6<\/td>\n<\/tr>\n<tr>\n<td>8<\/td>\n<td>Boulon de capot<\/td>\n<td>A193B7<\/td>\n<\/tr>\n<tr>\n<td>9<\/td>\n<td>\u00c9crou de chapeau<\/td>\n<td>A194 2H<\/td>\n<\/tr>\n<tr>\n<td>10<\/td>\n<td>Bonnet<\/td>\n<td>A216W<\/td>\n<\/tr>\n<tr>\n<td>11<\/td>\n<td>Garniture de tige<\/td>\n<td>Graphite souple<\/td>\n<\/tr>\n<tr>\n<td>12<\/td>\n<td>Glande<\/td>\n<td>A182F6<\/td>\n<\/tr>\n<tr>\n<td>13<\/td>\n<td>Bride de presse-\u00e9toupe<\/td>\n<td>A216 WCB<\/td>\n<\/tr>\n<tr>\n<td>14<\/td>\n<td>\u00c9pingle<\/td>\n<td>Acier au carbone ou acier alli\u00e9<\/td>\n<\/tr>\n<tr>\n<td>15<\/td>\n<td>\u00c9crou de presse-\u00e9toupe<\/td>\n<td>A193B7<\/td>\n<\/tr>\n<tr>\n<td>16<\/td>\n<td>Boulon \u00e0 \u0153il de presse-\u00e9toupe<\/td>\n<td>A194 2H<\/td>\n<\/tr>\n<tr>\n<td>17<\/td>\n<td>\u00c9crou de tige<\/td>\n<td>ZCuAi10Fe3<\/td>\n<\/tr>\n<tr>\n<td>18<\/td>\n<td>Volant<\/td>\n<td>KTH300-06<\/td>\n<\/tr>\n<\/tbody>\n<\/table>\n<p>Dimension et poids :<\/p>\n<table>\n<tbody>\n<tr>\n<td width=\"78\">Taille<\/td>\n<td width=\"44\">d<\/td>\n<td width=\"55\">L<\/td>\n<td width=\"51\">H<\/td>\n<td width=\"57\">W<\/td>\n<td width=\"61\">\u00d4<\/td>\n<td width=\"77\">C<\/td>\n<td width=\"55\">g<\/td>\n<td width=\"51\">t<\/td>\n<td width=\"108\">z-d1<\/td>\n<td width=\"149\">Poids (kg)<\/td>\n<\/tr>\n<tr>\n<td colspan=\"11\" width=\"788\"><strong><b>300LBS<\/b><\/strong><\/td>\n<\/tr>\n<tr>\n<td width=\"78\">2\u2033<\/td>\n<td width=\"44\">51<\/td>\n<td width=\"55\">267<\/td>\n<td width=\"51\">390<\/td>\n<td width=\"57\">200<\/td>\n<td width=\"61\">165<\/td>\n<td width=\"77\">127<\/td>\n<td width=\"55\">92<\/td>\n<td width=\"51\">23<\/td>\n<td width=\"108\">8-\u03c619<\/td>\n<td width=\"149\">31<\/td>\n<\/tr>\n<tr>\n<td width=\"78\">2 1\/2\u2033<\/td>\n<td width=\"44\">64<\/td>\n<td width=\"55\">292<\/td>\n<td width=\"51\">425<\/td>\n<td width=\"57\">250<\/td>\n<td width=\"61\">190<\/td>\n<td width=\"77\">1479<\/td>\n<td width=\"55\">105<\/td>\n<td width=\"51\">26<\/td>\n<td width=\"108\">8-\u03c622<\/td>\n<td width=\"149\">43<\/td>\n<\/tr>\n<tr>\n<td width=\"78\">3\u2033<\/td>\n<td width=\"44\">76<\/td>\n<td width=\"55\">318<\/td>\n<td width=\"51\">450<\/td>\n<td width=\"57\">250<\/td>\n<td width=\"61\">210<\/td>\n<td width=\"77\">168.5<\/td>\n<td width=\"55\">127<\/td>\n<td width=\"51\">29<\/td>\n<td width=\"108\">8-\u03c622<\/td>\n<td width=\"149\">57<\/td>\n<\/tr>\n<tr>\n<td width=\"78\">4\u2033<\/td>\n<td width=\"44\">102<\/td>\n<td width=\"55\">356<\/td>\n<td width=\"51\">565<\/td>\n<td width=\"57\">350<\/td>\n<td width=\"61\">254<\/td>\n<td width=\"77\">200<\/td>\n<td width=\"55\">157<\/td>\n<td width=\"51\">32<\/td>\n<td width=\"108\">8-\u03c622<\/td>\n<td width=\"149\">86<\/td>\n<\/tr>\n<tr>\n<td width=\"78\">5\u2033<\/td>\n<td width=\"44\">127<\/td>\n<td width=\"55\">400<\/td>\n<td width=\"51\">673<\/td>\n<td width=\"57\">450<\/td>\n<td width=\"61\">279<\/td>\n<td width=\"77\">235<\/td>\n<td width=\"55\">186<\/td>\n<td width=\"51\">35<\/td>\n<td width=\"108\">8-\u03c622<\/td>\n<td width=\"149\">130<\/td>\n<\/tr>\n<tr>\n<td width=\"78\">6\u2033<\/td>\n<td width=\"44\">152<\/td>\n<td width=\"55\">444<\/td>\n<td width=\"51\">710<\/td>\n<td width=\"57\">450<\/td>\n<td width=\"61\">318<\/td>\n<td width=\"77\">270<\/td>\n<td width=\"55\">216<\/td>\n<td width=\"51\">37<\/td>\n<td width=\"108\">12-\u03c622<\/td>\n<td width=\"149\">168<\/td>\n<\/tr>\n<tr>\n<td width=\"78\">8\u2033<\/td>\n<td width=\"44\">203<\/td>\n<td width=\"55\">559<\/td>\n<td width=\"51\">860<\/td>\n<td width=\"57\">550<\/td>\n<td width=\"61\">381<\/td>\n<td width=\"77\">330<\/td>\n<td width=\"55\">270<\/td>\n<td width=\"51\">42<\/td>\n<td width=\"108\">12-\u03c625<\/td>\n<td width=\"149\">280<\/td>\n<\/tr>\n<tr>\n<td width=\"78\">dix&quot;<\/td>\n<td width=\"44\">254<\/td>\n<td width=\"55\">622<\/td>\n<td width=\"51\">1100<\/td>\n<td width=\"57\">640<\/td>\n<td width=\"61\">445<\/td>\n<td width=\"77\">387.5<\/td>\n<td width=\"55\">324<\/td>\n<td width=\"51\">48<\/td>\n<td width=\"108\">16-\u03c629<\/td>\n<td width=\"149\">385<\/td>\n<\/tr>\n<tr>\n<td width=\"78\">12\u2033<\/td>\n<td width=\"44\">305<\/td>\n<td width=\"55\">711<\/td>\n<td width=\"51\">1320<\/td>\n<td width=\"57\">640<\/td>\n<td width=\"61\">521<\/td>\n<td width=\"77\">451<\/td>\n<td width=\"55\">381<\/td>\n<td width=\"51\">51<\/td>\n<td width=\"108\">16-\u03c632<\/td>\n<td width=\"149\">724<\/td>\n<\/tr>\n<tr>\n<td width=\"78\">dix&quot;<\/td>\n<td width=\"44\">248<\/td>\n<td width=\"55\">787<\/td>\n<td width=\"51\">1340<\/td>\n<td width=\"57\"><\/td>\n<td width=\"61\">508<\/td>\n<td width=\"77\">432<\/td>\n<td width=\"55\">324<\/td>\n<td width=\"51\">64<\/td>\n<td width=\"108\">16-\u03c635<\/td>\n<td width=\"149\">700<\/td>\n<\/tr>\n<tr>\n<td width=\"78\">12\u2033<\/td>\n<td width=\"44\">298<\/td>\n<td width=\"55\">838<\/td>\n<td width=\"51\">1520<\/td>\n<td width=\"57\"><\/td>\n<td width=\"61\">559<\/td>\n<td width=\"77\">489<\/td>\n<td width=\"55\">381<\/td>\n<td width=\"51\">67<\/td>\n<td width=\"108\">20-\u03c635<\/td>\n<td width=\"149\">900<\/td>\n<\/tr>\n<\/tbody>\n<\/table>","protected":false},"excerpt":{"rendered":"<p>Mod\u00e8le\u00a0: STV-J541H-300LB-16\u2033-WCB<\/p>\n<p>STV Valve Technology Group Co., Ltd est un leader professionnel des vannes \u00e0 soupape \u00e0 chapeau boulonn\u00e9 en Chine, des vannes \u00e0 soupape de 16 pouces, des vannes \u00e0 soupape \u00e0 extr\u00e9mit\u00e9s RF \u00e0 bride, des vannes \u00e0 soupape WCB, des vannes \u00e0 soupape 1873, des vannes \u00e0 soupape 150 LB, des vannes \u00e0 soupape API 598, des vannes \u00e0 soupape API 600. Vannes, robinet \u00e0 soupape en acier moul\u00e9, robinet \u00e0 soupape en acier au carbone Fabricant de haute qualit\u00e9 et prix comp\u00e9titif.<\/p>\n<p>Veuillez contacter notre sales@stvvalve.com pour d&#039;autres mat\u00e9riaux et d\u00e9tails.<\/p>\n<p><strong><b>Robinet \u00e0 soupape \u00e0 extr\u00e9mit\u00e9 \u00e0 bride en acier moul\u00e9<\/b><\/strong><\/p>\n<p>Les vannes \u00e0 soupape \u00e0 bride sont des vannes scell\u00e9es de force. Ainsi, lors de la fermeture de la vanne, exercer une pression sur le disque pour s&#039;assurer que la face d&#039;\u00e9tanch\u00e9it\u00e9 ne fuit pas. Lorsque le fluide p\u00e9n\u00e8tre dans la vanne par le dessous de la vanne, la force de fonctionnement est n\u00e9cessaire pour vaincre la r\u00e9sistance, qui est la force cr\u00e9\u00e9e par le frottement de la tige et de la garniture ainsi que par la pression du fluide. Lors de la fermeture de la vanne, la force est sup\u00e9rieure \u00e0 celle n\u00e9cessaire \u00e0 l&#039;ouverture de la vanne, le diam\u00e8tre de la tige de la vanne doit donc \u00eatre grand, sinon des courbures de la tige se produiront.<\/p>\n<p>Fonctionnalit\u00e9 de conception+<\/p>\n<ul>\n<li>Tige anti-\u00e9ruption<\/li>\n<li>Disque pivotant<\/li>\n<li>Type de connecteur<\/li>\n<li>Capot boulonn\u00e9<\/li>\n<li>Tige montante<\/li>\n<li>Si\u00e8ge arri\u00e8re viss\u00e9<\/li>\n<li>Z\u00e9ro fuite<\/li>\n<\/ul>\n<p>Norme de conception+<\/p>\n<ul>\n<li>Conception\u00a0: BS1873\/ASME B16.34<\/li>\n<li>Face \u00e0 face\u00a0: ASME16.10<\/li>\n<li>Connexion d&#039;extr\u00e9mit\u00e9\u00a0: ASME\u00a0:\u00a016,5\/ASME B16.25<\/li>\n<li>Test\u00a0: API598<\/li>\n<li>S\u00e9curit\u00e9 incendie\u00a0: API607<\/li>\n<\/ul>\n<p>Sp\u00e9cification technique+<\/p>\n<ul>\n<li>Taille : 2\u2033~40\u2033<\/li>\n<li>Classe\u00a0: 150# ~ 2500#<\/li>\n<li>Connexion : Double bride \/ Soudure bout \u00e0 bout<\/li>\n<li>Fonctionnement : Volant \/ R\u00e9ducteur \u00e0 engrenages coniques \/ Actionneur \u00e9lectrique<\/li>\n<li>Temp\u00e9rature : -60\u00b0C \u00e0 +550\u00b0C<\/li>\n<li>Application\u00a0: Pipeline\/p\u00e9trole offshore\/produit chimique\/eau\/centrale \u00e9lectrique\/<br \/>\nIndustrie sid\u00e9rurgique<\/li>\n<li>Corps\u00a0: Acier au carbone (WCB, LCB, WC6, WC9, C5) \/ Acier inoxydable (CF8, CF8M, CF3, CF3M) \/<br \/>\nAcier inoxydable duplex (4A,5A,6A) \/<br \/>\nAlliage Hastelloy (N-12MV, CW-12MW, CW-2M) \/<br \/>\nAlliage Inconel (CY-40, CW-6MC) \/<br \/>\nAlliage Monel (M35-1) \/<br \/>\nAlliage de bronze d&#039;aluminium (C95400, C95500, C95800, AB2C)<\/li>\n<li>Disque\u00a0: Acier au carbone (WCB+13Cr,WCB+STL,LCB+STL,WC6+STL,WC9+STL,C5+STL) Acier inoxydable (CF8,CF8M,CF3,CF3M) \/<br \/>\nAcier inoxydable duplex (4A,5A,6A) \/<br \/>\nAlliage Hastelloy (N-12MV, CW-12MW, CW-2M) \/<br \/>\nAlliage Inconel (CY-40, CW-6MC) \/<br \/>\nAlliage Monel (M35-1) \/<br \/>\nAlliage de bronze d&#039;aluminium (C95400, C95500, C95800, AB2C)<\/li>\n<li>Tige\u00a0: SS420 \/ 17-4PH \/ F53 \/ XM-19 \/ Monel-K500 \/ Inconel-625 \/<br \/>\nHastelloy-276<\/li>\n<\/ul>\n<p>&nbsp;<\/p>\n<p>Feuille de dates\u00a0:<a href=\"https:\/\/www.stvvalves.com\/wp-content\/uploads\/2019\/07\/300LB-Cast-Steel-Globe-Valve-DN400-316-Trim-Flange-End-DRAWING.pdf\">Vanne \u00e0 soupape en acier moul\u00e9 300LB, garniture DN400,316, extr\u00e9mit\u00e9 de bride<\/a><\/p>","protected":false},"featured_media":5164,"template":"","meta":[],"product_brand":[],"product_cat":[63,45],"product_tag":[1089,1087,1090,1091,946,1083,1015,323,1088,367],"class_list":{"0":"post-5161","1":"product","2":"type-product","3":"status-publish","4":"has-post-thumbnail","6":"product_cat-cast-steel-globe-valve","7":"product_cat-globe-valve","8":"product_tag-150-lb-globe-valves","9":"product_tag-16-inch-globe-valves","10":"product_tag-api-598-globe-valves","11":"product_tag-api-600-globe-valves","12":"product_tag-bolted-bonnet-globe-valves","13":"product_tag-bs-1873-globe-valves","14":"product_tag-carbon-steel-globe-valve","15":"product_tag-cast-steel-globe-valve","16":"product_tag-flanged-rf-ends-globe-valves","17":"product_tag-wcb-globe-valve","19":"first","20":"instock","21":"shipping-taxable","22":"product-type-simple"},"_links":{"self":[{"href":"https:\/\/www.stvvalves.com\/fr\/wp-json\/wp\/v2\/product\/5161","targetHints":{"allow":["GET"]}}],"collection":[{"href":"https:\/\/www.stvvalves.com\/fr\/wp-json\/wp\/v2\/product"}],"about":[{"href":"https:\/\/www.stvvalves.com\/fr\/wp-json\/wp\/v2\/types\/product"}],"wp:featuredmedia":[{"embeddable":true,"href":"https:\/\/www.stvvalves.com\/fr\/wp-json\/wp\/v2\/media\/5164"}],"wp:attachment":[{"href":"https:\/\/www.stvvalves.com\/fr\/wp-json\/wp\/v2\/media?parent=5161"}],"wp:term":[{"taxonomy":"product_brand","embeddable":true,"href":"https:\/\/www.stvvalves.com\/fr\/wp-json\/wp\/v2\/product_brand?post=5161"},{"taxonomy":"product_cat","embeddable":true,"href":"https:\/\/www.stvvalves.com\/fr\/wp-json\/wp\/v2\/product_cat?post=5161"},{"taxonomy":"product_tag","embeddable":true,"href":"https:\/\/www.stvvalves.com\/fr\/wp-json\/wp\/v2\/product_tag?post=5161"}],"curies":[{"name":"wp","href":"https:\/\/api.w.org\/{rel}","templated":true}]}}