{"id":5165,"date":"2019-07-18T07:22:35","date_gmt":"2019-07-18T07:22:35","guid":{"rendered":"https:\/\/www.stvvalves.com\/?post_type=product&#038;p=5165"},"modified":"2024-12-25T14:58:29","modified_gmt":"2024-12-25T06:58:29","slug":"stainless-steel-globe-valve-cf8-3-inch-200-wog-npt-end","status":"publish","type":"product","link":"https:\/\/www.stvvalves.com\/fr\/products\/stainless-steel-globe-valve-cf8-3-inch-200-wog-npt-end\/","title":{"rendered":"Vanne \u00e0 soupape en acier inoxydable, CF8,3 pouces, 200 WOG, extr\u00e9mit\u00e9 NPT"},"content":{"rendered":"<p>Extr\u00e9mit\u00e9 filet\u00e9e\u00a0: ANSI B2.1,BS 21:1973,<br \/>\nDIN 259\/2999, OIN 228<br \/>\nStructure\u00a0: robinet \u00e0 soupape<br \/>\nPression\u00a0: 200PSI<br \/>\nTaille du port\u00a0: standard<br \/>\nMat\u00e9riel\u00a0: WCB,304,316<br \/>\nTaille : 1\/2\u2033-4\u2033<br \/>\nRoue de poign\u00e9e<\/p>\n<table>\n<tbody>\n<tr>\n<td width=\"200\"><strong>Nom du produit<\/strong><\/td>\n<td width=\"481\">Vanne \u00e0 soupape en acier inoxydable, CF8,3 pouces, 200 WOG, extr\u00e9mit\u00e9 NPT<\/td>\n<\/tr>\n<tr>\n<td width=\"200\">1. Mat\u00e9riel<\/td>\n<td width=\"481\">CF8M<\/td>\n<\/tr>\n<tr>\n<td width=\"200\">2. Taille<\/td>\n<td width=\"481\">3&quot;<\/td>\n<\/tr>\n<tr>\n<td width=\"200\">4. Port<\/td>\n<td width=\"481\">Port complet<\/td>\n<\/tr>\n<tr>\n<td width=\"200\">5. Pression de travail<\/td>\n<td width=\"481\">200WOG<\/td>\n<\/tr>\n<tr>\n<td width=\"200\">6. Fin de la connexion<\/td>\n<td width=\"481\">TNP<\/td>\n<\/tr>\n<tr>\n<td width=\"200\">7. Temp\u00e9rature de travail.<\/td>\n<td width=\"481\">-29~120\u00baC,<\/td>\n<\/tr>\n<tr>\n<td width=\"200\">8. Support appropri\u00e9<\/td>\n<td width=\"481\">Eau, gaz naturel, p\u00e9trole et certains liquides corrosifs<\/td>\n<\/tr>\n<tr>\n<td width=\"200\">9. Exploit\u00e9<\/td>\n<td width=\"481\">Volant<\/td>\n<\/tr>\n<tr>\n<td width=\"200\">10. Inspection et tests<\/td>\n<td width=\"481\">Selon API598<\/td>\n<\/tr>\n<tr>\n<td width=\"200\"><strong>Exp\u00e9dition<\/strong><\/td>\n<td width=\"481\"><\/td>\n<\/tr>\n<tr>\n<td width=\"200\">D\u00e9lai de livraison<\/td>\n<td width=\"481\">30 jours<\/td>\n<\/tr>\n<tr>\n<td width=\"200\">Emballer<\/td>\n<td width=\"481\">Caisse en contreplaqu\u00e9 d&#039;exportation standard<\/td>\n<\/tr>\n<tr>\n<td width=\"200\">Port d&#039;exp\u00e9dition<\/td>\n<td width=\"481\">Ningbo\/Shanghai, Chine<\/td>\n<\/tr>\n<tr>\n<td width=\"200\">Conditions d&#039;exp\u00e9dition<\/td>\n<td width=\"481\">Exw, FOB, CFR, CIF, etc.<\/td>\n<\/tr>\n<tr>\n<td width=\"200\">Modalit\u00e9s de paiement<\/td>\n<td width=\"481\">T\/T, Western Union, PayPal, etc.<\/td>\n<\/tr>\n<tr>\n<td width=\"200\"><\/td>\n<td width=\"481\">Pr\u00e9paiement 30%, solde 70% pay\u00e9 avant l&#039;exp\u00e9dition<\/td>\n<\/tr>\n<tr>\n<td width=\"200\">Pays d&#039;origine<\/td>\n<td width=\"481\">Ville de Wenzhou, Chine<\/td>\n<\/tr>\n<tr>\n<td width=\"200\">Capacit\u00e9 de production<\/td>\n<td width=\"481\">6000 tonnes\/an<\/td>\n<\/tr>\n<tr>\n<td width=\"200\">MOQ<\/td>\n<td width=\"481\">1 pi\u00e8ces\/taille<\/td>\n<\/tr>\n<\/tbody>\n<\/table>","protected":false},"excerpt":{"rendered":"<p>Mod\u00e8le : J11H-200WOG-CF8-3\u2033<\/p>\n<p>STV Valve Technology Group Co., Ltd est un leader professionnel en Chine Vanne \u00e0 soupape de 3 pouces, Vanne \u00e0 soupape 200 PSI, Vanne \u00e0 soupape 316 NPT, Vanne \u00e0 soupape NPT femelle, Vanne \u00e0 soupape, Vanne \u00e0 soupape en I Inch, Vanne \u00e0 soupape viss\u00e9e, Vanne \u00e0 soupape en acier inoxydable, Fabricant de vannes \u00e0 soupape BSPP de haute qualit\u00e9 et \u00e0 prix comp\u00e9titif.<\/p>\n<p>Veuillez contacter notre sales@stvvalve.com pour d&#039;autres mat\u00e9riaux et d\u00e9tails.<\/p>\n<p>Feuille de dates\u00a0:<br \/>\n<a href=\"https:\/\/www.stvvalves.com\/wp-content\/uploads\/2019\/07\/stainless-steel-globe-valve-cf8-3-inch-200-wog-npt-end-drawing.pdf\">Vanne \u00e0 soupape en acier inoxydable, CF8,3 pouces, 200 WOG, extr\u00e9mit\u00e9 NPT<\/a><\/p>","protected":false},"featured_media":5166,"template":"","meta":[],"product_brand":[],"product_cat":[45,189],"product_tag":[193,1021,1092,1093,1019,190,1020,191,192],"class_list":{"0":"post-5165","1":"product","2":"type-product","3":"status-publish","4":"has-post-thumbnail","6":"product_cat-globe-valve","7":"product_cat-stainless-steel-globe-valve","8":"product_tag-200-psi-globe-valve","9":"product_tag-316-npt-globe-valve","10":"product_tag-3inch-globe-valve","11":"product_tag-bspp-globe-valve","12":"product_tag-female-npt-globe-valve","13":"product_tag-globe-valve","14":"product_tag-i-inch-globe-valve","15":"product_tag-screwed-globe-valve","16":"product_tag-stainless-steel-globe-valve","18":"first","19":"instock","20":"shipping-taxable","21":"product-type-simple"},"_links":{"self":[{"href":"https:\/\/www.stvvalves.com\/fr\/wp-json\/wp\/v2\/product\/5165","targetHints":{"allow":["GET"]}}],"collection":[{"href":"https:\/\/www.stvvalves.com\/fr\/wp-json\/wp\/v2\/product"}],"about":[{"href":"https:\/\/www.stvvalves.com\/fr\/wp-json\/wp\/v2\/types\/product"}],"wp:featuredmedia":[{"embeddable":true,"href":"https:\/\/www.stvvalves.com\/fr\/wp-json\/wp\/v2\/media\/5166"}],"wp:attachment":[{"href":"https:\/\/www.stvvalves.com\/fr\/wp-json\/wp\/v2\/media?parent=5165"}],"wp:term":[{"taxonomy":"product_brand","embeddable":true,"href":"https:\/\/www.stvvalves.com\/fr\/wp-json\/wp\/v2\/product_brand?post=5165"},{"taxonomy":"product_cat","embeddable":true,"href":"https:\/\/www.stvvalves.com\/fr\/wp-json\/wp\/v2\/product_cat?post=5165"},{"taxonomy":"product_tag","embeddable":true,"href":"https:\/\/www.stvvalves.com\/fr\/wp-json\/wp\/v2\/product_tag?post=5165"}],"curies":[{"name":"wp","href":"https:\/\/api.w.org\/{rel}","templated":true}]}}