{"id":5169,"date":"2019-07-18T08:28:58","date_gmt":"2019-07-18T08:28:58","guid":{"rendered":"https:\/\/www.stvvalves.com\/?post_type=product&#038;p=5169"},"modified":"2025-02-17T18:32:49","modified_gmt":"2025-02-17T10:32:49","slug":"jis-20k-globe-valve-12-inch-wcb-body-flange-end","status":"publish","type":"product","link":"https:\/\/www.stvvalves.com\/fr\/products\/jis-20k-globe-valve-12-inch-wcb-body-flange-end\/","title":{"rendered":"Vanne \u00e0 soupape Jis 20K, 12 pouces, corps WCB, extr\u00e9mit\u00e9 \u00e0 bride"},"content":{"rendered":"<p>Conception\u00a0:\u00a0JIS B2071 B2081<br \/>\nInspection et test\u00a0: JIS B2003<br \/>\nDimension de la bride d&#039;extr\u00e9mit\u00e9\u00a0: JIS B2212 B2214<br \/>\nFace \u00e0 face\u00a0: JIS B2002<br \/>\nIndice de pression et de temp\u00e9rature\u00a0: JIS B2071 B2081<\/p>\n<p>Taille\u00a0:\u00a0DN15-DN600<br \/>\nMat\u00e9riau : acier au carbone, acier inoxydable.<br \/>\nPression\u00a0: 10K,20K,40K<br \/>\nCertifications\u00a0: ISO9001, API600, CE0036<br \/>\nGarantie : 18 mois ; Offre OEM<br \/>\nMilieu appropri\u00e9\u00a0: eau, p\u00e9trole, gaz, etc.<\/p>\n<p>&nbsp;<\/p>\n<table>\n<tbody>\n<tr>\n<td width=\"200\"><strong>Nom du produit<\/strong><\/td>\n<td width=\"481\">Vanne \u00e0 soupape Jis 20K, 12 pouces, corps WCB, extr\u00e9mit\u00e9 \u00e0 bride<\/td>\n<\/tr>\n<tr>\n<td width=\"200\">1. Mat\u00e9riel<\/td>\n<td width=\"481\">WCB<\/td>\n<\/tr>\n<tr>\n<td width=\"200\">2. Taille<\/td>\n<td width=\"481\">12&quot;<\/td>\n<\/tr>\n<tr>\n<td width=\"200\">4. Port<\/td>\n<td width=\"481\">Port complet<\/td>\n<\/tr>\n<tr>\n<td width=\"200\">5. Pression de travail<\/td>\n<td width=\"481\">JIS20K<\/td>\n<\/tr>\n<tr>\n<td width=\"200\">6. Fin de la connexion<\/td>\n<td width=\"481\">RF<\/td>\n<\/tr>\n<tr>\n<td width=\"200\">7. Temp\u00e9rature de travail.<\/td>\n<td width=\"481\">-29~425\u00baC,<\/td>\n<\/tr>\n<tr>\n<td width=\"200\">8. Support appropri\u00e9<\/td>\n<td width=\"481\">Eau, gaz naturel, p\u00e9trole et certains liquides corrosifs<\/td>\n<\/tr>\n<tr>\n<td width=\"200\">9. Exploit\u00e9<\/td>\n<td width=\"481\">Bo\u00eete de vitesses<\/td>\n<\/tr>\n<tr>\n<td width=\"200\">10. Inspection et tests<\/td>\n<td width=\"481\">Selon JIS B2003<\/td>\n<\/tr>\n<tr>\n<td width=\"200\"><strong>Exp\u00e9dition<\/strong><\/td>\n<td width=\"481\">&nbsp;<\/td>\n<\/tr>\n<tr>\n<td width=\"200\">D\u00e9lai de livraison<\/td>\n<td width=\"481\">30 jours<\/td>\n<\/tr>\n<tr>\n<td width=\"200\">Emballer<\/td>\n<td width=\"481\">Caisse en contreplaqu\u00e9 d&#039;exportation standard<\/td>\n<\/tr>\n<tr>\n<td width=\"200\">Port d&#039;exp\u00e9dition<\/td>\n<td width=\"481\">Ningbo\/Shanghai, Chine<\/td>\n<\/tr>\n<tr>\n<td width=\"200\">Conditions d&#039;exp\u00e9dition<\/td>\n<td width=\"481\">Exw, FOB, CFR, CIF, etc.<\/td>\n<\/tr>\n<tr>\n<td width=\"200\">Modalit\u00e9s de paiement<\/td>\n<td width=\"481\">T\/T, Western Union, PayPal, etc.<\/td>\n<\/tr>\n<tr>\n<td width=\"200\">&nbsp;<\/td>\n<td width=\"481\">Pr\u00e9paiement 30%, solde 70% pay\u00e9 avant l&#039;exp\u00e9dition<\/td>\n<\/tr>\n<tr>\n<td width=\"200\">Pays d&#039;origine<\/td>\n<td width=\"481\">Ville de Wenzhou, Chine<\/td>\n<\/tr>\n<tr>\n<td width=\"200\">Capacit\u00e9 de production<\/td>\n<td width=\"481\">6000 tonnes\/an<\/td>\n<\/tr>\n<tr>\n<td width=\"200\">MOQ<\/td>\n<td width=\"481\">1 pi\u00e8ces\/taille<\/td>\n<\/tr>\n<\/tbody>\n<\/table>\n<p><span style=\"font-weight: 400;\">\u200b<\/span><\/p>\n<p>&nbsp;<\/p>","protected":false},"excerpt":{"rendered":"<div class=\"woocommerce-product-details__short-description\">\n<p>Mod\u00e8le\u00a0: STV-J541H-JIS 20K-16\u2033-WCB<\/p>\n<p>Les robinets \u00e0 soupape \u00e0 bride JIS20K sont des robinets \u00e0 soupape fabriqu\u00e9s conform\u00e9ment \u00e0 la norme ASME B16.10. Le robinet \u00e0 soupape \u00e0 raccord \u00e0 bride se compose d&#039;un \u00e9l\u00e9ment de disque reli\u00e9 \u00e0 une tige qui se soul\u00e8ve de haut en bas pour r\u00e9guler le d\u00e9bit dans la canalisation.<\/p>\n<p>STV Valve Technology Group Co., Ltd est un leader professionnel des robinets \u00e0 soupape Jis 20K de Chine, des robinets \u00e0 soupape de 12 pouces, des robinets \u00e0 soupape \u00e0 corps WCB, des robinets \u00e0 soupape \u00e0 extr\u00e9mit\u00e9 \u00e0 bride, des robinets \u00e0 soupape B2071, des robinets \u00e0 soupape JIS B2002, des robinets \u00e0 soupape Jis 10k, des robinets \u00e0 soupape \u00e0 chapeau boulonn\u00e9. Vannes, vannes \u00e0 soupape de 16 pouces, vannes \u00e0 soupape \u00e0 extr\u00e9mit\u00e9s RF \u00e0 bride, vannes \u00e0 soupape 1873, vanne \u00e0 soupape en acier moul\u00e9, vanne \u00e0 soupape en acier au carbone Fabricant de haute qualit\u00e9 et \u00e0 prix comp\u00e9titif.<\/p>\n<p>Veuillez contacter notre sales@stvvalve.com pour d&#039;autres mat\u00e9riaux et d\u00e9tails.<\/p>\n<p>Feuille de dates\u00a0:<a href=\"https:\/\/www.stvvalves.com\/wp-content\/uploads\/2019\/07\/jis-20k-globe-valve-12-inch-wcb-body-flange-end-drawing.pdf\">Vanne \u00e0 soupape Jis 20K, 12 pouces, corps WCB, extr\u00e9mit\u00e9 \u00e0 bride<\/a><\/p>\n<\/div>\n<form class=\"cart\" action=\"https:\/\/www.stvvalves.com\/fr\/product\/300lb-cast-steel-globe-valvedn400316-trimflange-end\/\" enctype=\"multipart\/form-data\" method=\"post\" data-trp-original-action=\"https:\/\/www.stvvalves.com\/product\/300lb-cast-steel-globe-valvedn400316-trimflange-end\/\">\n<div class=\"wcpa_form_outer\"><\/div>\n<div class=\"quantity\"><\/div>\n<div class=\"addquotelistlink\">\n<div class=\"quotelistadd_prodpage\"><\/div>\n<\/div>\n<input type=\"hidden\" name=\"trp-form-language\" value=\"fr\"\/><\/form>","protected":false},"featured_media":5170,"template":"","meta":[],"product_brand":[],"product_cat":[63,45],"product_tag":[1095,1098,323,1097,1100,1094,1099,1096],"class_list":{"0":"post-5169","1":"product","2":"type-product","3":"status-publish","4":"has-post-thumbnail","6":"product_cat-cast-steel-globe-valve","7":"product_cat-globe-valve","8":"product_tag-12-inch-globe-valve","9":"product_tag-b2071-globe-valve","10":"product_tag-cast-steel-globe-valve","11":"product_tag-flange-end-globe-valve","12":"product_tag-jis-10k-globe-valve","13":"product_tag-jis-20k-globe-valve","14":"product_tag-jis-b2002-globe-valve","15":"product_tag-wcb-body-globe-valve","17":"first","18":"instock","19":"shipping-taxable","20":"product-type-simple"},"_links":{"self":[{"href":"https:\/\/www.stvvalves.com\/fr\/wp-json\/wp\/v2\/product\/5169","targetHints":{"allow":["GET"]}}],"collection":[{"href":"https:\/\/www.stvvalves.com\/fr\/wp-json\/wp\/v2\/product"}],"about":[{"href":"https:\/\/www.stvvalves.com\/fr\/wp-json\/wp\/v2\/types\/product"}],"wp:featuredmedia":[{"embeddable":true,"href":"https:\/\/www.stvvalves.com\/fr\/wp-json\/wp\/v2\/media\/5170"}],"wp:attachment":[{"href":"https:\/\/www.stvvalves.com\/fr\/wp-json\/wp\/v2\/media?parent=5169"}],"wp:term":[{"taxonomy":"product_brand","embeddable":true,"href":"https:\/\/www.stvvalves.com\/fr\/wp-json\/wp\/v2\/product_brand?post=5169"},{"taxonomy":"product_cat","embeddable":true,"href":"https:\/\/www.stvvalves.com\/fr\/wp-json\/wp\/v2\/product_cat?post=5169"},{"taxonomy":"product_tag","embeddable":true,"href":"https:\/\/www.stvvalves.com\/fr\/wp-json\/wp\/v2\/product_tag?post=5169"}],"curies":[{"name":"wp","href":"https:\/\/api.w.org\/{rel}","templated":true}]}}