{"id":5175,"date":"2019-07-18T09:47:14","date_gmt":"2019-07-18T09:47:14","guid":{"rendered":"https:\/\/www.stvvalves.com\/?post_type=product&#038;p=5175"},"modified":"2025-02-17T18:32:48","modified_gmt":"2025-02-17T10:32:48","slug":"gate-valve-jis-40k-a105n-body-13cr-seat-stellite-trim-weld-flange","status":"publish","type":"product","link":"https:\/\/www.stvvalves.com\/fr\/products\/gate-valve-jis-40k-a105n-body-13cr-seat-stellite-trim-weld-flange\/","title":{"rendered":"Vanne \u00e0 vanne JIS 40K, corps A105N, garniture Stellite \u00e0 si\u00e8ge 13cr, bride \u00e0 souder"},"content":{"rendered":"<p>. Conception et fabrication\u00a0: API 602<br \/>\n2. Constructions\u00a0: OS&amp;Y, capot boulonn\u00e9, capot soud\u00e9 et capot scell\u00e9 sous pression\u00a0;<br \/>\n3. Type d&#039;al\u00e9sage\u00a0: Port complet<br \/>\n4. Gamme de tailles : 1\/2\u2033 \u00e0 2\u2033.<br \/>\n5. Pressions nominales\u00a0: ANSI 150, 300, 600, 900, 1\u00a0500 et 2\u00a0500\u00a0LBS<br \/>\n6. Connexions d&#039;extr\u00e9mit\u00e9\u00a0: \u00e0 bride (RF, RTJ)<br \/>\nAutres extr\u00e9mit\u00e9s \u00e9galement disponibles\u00a0: filet\u00e9es (viss\u00e9es, NPT), soud\u00e9es bout \u00e0 bout (BW), soud\u00e9es par douille (SW).<br \/>\n7. Mat\u00e9riaux disponibles en : A105 (N), LF2, F5, F11, F22, F304, F316, F51, F53 ou \u00e9quivalent\u00a0;<br \/>\n8. Divers mat\u00e9riaux de garniture sont disponibles pour s&#039;adapter \u00e0 diff\u00e9rentes conditions de service<br \/>\n9. NACE MR 0175 sur demande<br \/>\n10.Test et inspection\u00a0: API598<\/p>\n<table>\n<tbody>\n<tr>\n<td width=\"200\"><strong><b>Nom du produit<\/b><\/strong><\/td>\n<td width=\"481\">Vanne \u00e0 vanne JIS 40K, corps A105N, garniture Stellite \u00e0 si\u00e8ge 13cr, bride \u00e0 souder<\/td>\n<\/tr>\n<tr>\n<td width=\"200\">1. Mat\u00e9riel<\/td>\n<td width=\"481\">A105 (N), LF2, F5, F11, F22, F304, F316, F51, F53 ou \u00e9quivalent\u00a0;<\/td>\n<\/tr>\n<tr>\n<td width=\"200\">2. Taille<\/td>\n<td width=\"481\">1\/2&#8243;~2&#8243; &#8216; (\u00a015~50)<\/td>\n<\/tr>\n<tr>\n<td width=\"200\">4. Port<\/td>\n<td width=\"481\">Port r\u00e9ducteur ou port complet<\/td>\n<\/tr>\n<tr>\n<td width=\"200\">5. Pression de travail<\/td>\n<td width=\"481\">JIS10K-JIS40K<\/td>\n<\/tr>\n<tr>\n<td width=\"200\">6. Fin de la connexion<\/td>\n<td width=\"481\">FF,RF.RTJ<\/td>\n<\/tr>\n<tr>\n<td width=\"200\">7. Temp\u00e9rature de travail.<\/td>\n<td width=\"481\">-29~600\u00baC,<\/td>\n<\/tr>\n<tr>\n<td width=\"200\">8. Support appropri\u00e9<\/td>\n<td width=\"481\">Eau, gaz naturel, p\u00e9trole et certains liquides corrosifs<\/td>\n<\/tr>\n<tr>\n<td width=\"200\">9. Exploit\u00e9<\/td>\n<td width=\"481\">Volant<\/td>\n<\/tr>\n<tr>\n<td width=\"200\">10. Inspection et tests<\/td>\n<td width=\"481\">Selon JIS B2003<\/td>\n<\/tr>\n<tr>\n<td width=\"200\"><strong><b>Exp\u00e9dition<\/b><\/strong><\/td>\n<td width=\"481\">&nbsp;<\/td>\n<\/tr>\n<tr>\n<td width=\"200\">D\u00e9lai de livraison<\/td>\n<td width=\"481\">30 jours<\/td>\n<\/tr>\n<tr>\n<td width=\"200\">Emballer<\/td>\n<td width=\"481\">Caisse en contreplaqu\u00e9 d&#039;exportation standard<\/td>\n<\/tr>\n<tr>\n<td width=\"200\">Port d&#039;exp\u00e9dition<\/td>\n<td width=\"481\">Ningbo\/Shanghai, Chine<\/td>\n<\/tr>\n<tr>\n<td width=\"200\">Conditions d&#039;exp\u00e9dition<\/td>\n<td width=\"481\">Exw, FOB, CFR, CIF, etc.<\/td>\n<\/tr>\n<tr>\n<td width=\"200\">Modalit\u00e9s de paiement<\/td>\n<td width=\"481\">T\/T, Western Union, PayPal, etc.<\/td>\n<\/tr>\n<tr>\n<td width=\"200\">&nbsp;<\/td>\n<td width=\"481\">Pr\u00e9paiement 30%, solde 70% pay\u00e9 avant l&#039;exp\u00e9dition<\/td>\n<\/tr>\n<tr>\n<td width=\"200\">Pays d&#039;origine<\/td>\n<td width=\"481\">Ville de Wenzhou, Chine<\/td>\n<\/tr>\n<tr>\n<td width=\"200\">Capacit\u00e9 de production<\/td>\n<td width=\"481\">6000 tonnes\/an<\/td>\n<\/tr>\n<tr>\n<td width=\"200\">MOQ<\/td>\n<td width=\"481\">10 pi\u00e8ces\/taille<\/td>\n<\/tr>\n<\/tbody>\n<\/table>","protected":false},"excerpt":{"rendered":"<div class=\"woocommerce-product-details__short-description\">\n<p>Mod\u00e8le\u00a0: STV-Z41H-600LB-A105N-DN20<\/p>\n<p>STV Valve Technology Group Co., Ltd est un leader professionnel des vannes \u00e0 vanne en Chine JIS 40K, vanne \u00e0 corps A105N, vanne \u00e0 vanne 13cr, vanne \u00e0 vanne \u00e0 garniture Stellite de si\u00e8ge, vanne \u00e0 vanne \u00e0 bride soud\u00e9e, vanne \u00e0 vanne en acier forg\u00e9, fabricant de vanne \u00e0 vanne 25A de haute qualit\u00e9 et prix comp\u00e9titif.<\/p>\n<p>Veuillez contacter notre sales@stvvalve.com pour d&#039;autres mat\u00e9riaux et d\u00e9tails.<\/p>\n<p>Feuille de dates\u00a0:<a href=\"https:\/\/www.stvvalves.com\/wp-content\/uploads\/2019\/07\/gate-valve-jis-40k-a105n-body-13cr-seat-stellite-trim-weld-flange-drawing.pdf\">Vanne \u00e0 vanne JIS 40K, corps A105N, garniture Stellite 13cr\/si\u00e8ge, bride \u00e0 souder<\/a><\/p>\n<\/div>\n<form class=\"cart\" action=\"https:\/\/www.stvvalves.com\/fr\/product\/api-602-integral-flange-gate-valve-600lb-a105n-body-dn-20-rtj-end\/\" enctype=\"multipart\/form-data\" method=\"post\" data-trp-original-action=\"https:\/\/www.stvvalves.com\/product\/api-602-integral-flange-gate-valve-600lb-a105n-body-dn-20-rtj-end\/\">\n<div class=\"wcpa_form_outer\"><\/div>\n<div class=\"quantity\"><\/div>\n<div class=\"addquotelistlink\">\n<div class=\"quotelistadd_prodpage\"><\/div>\n<\/div>\n<input type=\"hidden\" name=\"trp-form-language\" value=\"fr\"\/><\/form>","protected":false},"featured_media":5179,"template":"","meta":[],"product_brand":[],"product_cat":[59,44],"product_tag":[1106,1102,194,1101,1104,1105],"class_list":{"0":"post-5175","1":"product","2":"type-product","3":"status-publish","4":"has-post-thumbnail","6":"product_cat-forged-steel-gate-valve","7":"product_cat-gate-valve","8":"product_tag-25a-gate-valve","9":"product_tag-a105n-body-gate-valve","10":"product_tag-forged-steel-gate-valve","11":"product_tag-gate-valve-jis-40k","12":"product_tag-seat-stellite-trim-gate-valve","13":"product_tag-weld-flange-gate-valve","15":"first","16":"instock","17":"shipping-taxable","18":"product-type-simple"},"_links":{"self":[{"href":"https:\/\/www.stvvalves.com\/fr\/wp-json\/wp\/v2\/product\/5175","targetHints":{"allow":["GET"]}}],"collection":[{"href":"https:\/\/www.stvvalves.com\/fr\/wp-json\/wp\/v2\/product"}],"about":[{"href":"https:\/\/www.stvvalves.com\/fr\/wp-json\/wp\/v2\/types\/product"}],"wp:featuredmedia":[{"embeddable":true,"href":"https:\/\/www.stvvalves.com\/fr\/wp-json\/wp\/v2\/media\/5179"}],"wp:attachment":[{"href":"https:\/\/www.stvvalves.com\/fr\/wp-json\/wp\/v2\/media?parent=5175"}],"wp:term":[{"taxonomy":"product_brand","embeddable":true,"href":"https:\/\/www.stvvalves.com\/fr\/wp-json\/wp\/v2\/product_brand?post=5175"},{"taxonomy":"product_cat","embeddable":true,"href":"https:\/\/www.stvvalves.com\/fr\/wp-json\/wp\/v2\/product_cat?post=5175"},{"taxonomy":"product_tag","embeddable":true,"href":"https:\/\/www.stvvalves.com\/fr\/wp-json\/wp\/v2\/product_tag?post=5175"}],"curies":[{"name":"wp","href":"https:\/\/api.w.org\/{rel}","templated":true}]}}