{"id":5204,"date":"2019-07-22T14:48:55","date_gmt":"2019-07-22T14:48:55","guid":{"rendered":"https:\/\/www.stvvalves.com\/?post_type=product&#038;p=5204"},"modified":"2025-02-17T18:32:39","modified_gmt":"2025-02-17T10:32:39","slug":"api-609-lug-type-butterfly-valve-150lb-10-inch-cf8m","status":"publish","type":"product","link":"https:\/\/www.stvvalves.com\/fr\/products\/api-609-lug-type-butterfly-valve-150lb-10-inch-cf8m\/","title":{"rendered":"Vanne papillon \u00e0 cosse API 609, 150LB, 10 pouces, CF8M"},"content":{"rendered":"<p>Conception et fabrication\u00a0:\u00a0API 609<\/p>\n<p>Dimension face \u00e0 face\u00a0: API609, ISO5752, ASME B16.10<\/p>\n<p>Dimension de connexion de bride\uff1aASME B16.5,ASME B16.47<\/p>\n<p>Test et inspection\u00a0:\u00a0API 598<\/p>\n<p>Pression et temp\u00e9rature nominale\u00a0: API 609, ASME B16.34<br \/>\nGamme de produits<\/p>\n<p>Mat\u00e9riau du corps\u00a0: acier moul\u00e9, acier inoxydable, Monel<\/p>\n<p>Diam\u00e8tre nominal\u00a0: 2\u2033\uff5e120\u2033\uff08DN50~DN3000\uff09<\/p>\n<p>Connexion d&#039;extr\u00e9mit\u00e9\u00a0:\u00a0Double bride, plaquette, cosse, etc.<\/p>\n<p>Plage de pression\u00a0: Classe 150 ~ 600 (PN16 ~ PN100)<\/p>\n<p>Temp\u00e9rature de fonctionnement : -46 \u2103 ~ +550 \u2103<\/p>\n<p>Fonctionnement : Poign\u00e9e, Engrenage, Actionneur \u00e9lectrique, etc.<\/p>\n<p>Structure de joint, \u00e9tanch\u00e9it\u00e9 douce,<br \/>\nConducteur de bouchon<br \/>\nSupport de montage ISO 5211<br \/>\nConnexion, bride, plaquette cosse-plaquette<br \/>\nFonctionnement, type, manuel, engrenage \u00e0 vis sans fin, \u00e9lectrique,<br \/>\nPneumatique, Hydraulique<br \/>\nStructure excentrique, centr\u00e9e<\/p>","protected":false},"excerpt":{"rendered":"<p>Mod\u00e8le : STV-LD373F-150LB-CF8M-10\u2033<\/p>\n<p>STV Valve Technology Group Co., Ltd est un leader professionnel de la vanne papillon en acier inoxydable en Chine, de la vanne papillon double excentrique, de la vanne papillon \u00e0 bride, de la vanne papillon \u00e0 bride, de la vanne papillon pneumatique, de la vanne papillon \u00e0 plaquettes, de la vanne papillon \u00e0 cosse, de la vanne papillon \u00e0 triple d\u00e9calage, de 4 pouces vanne papillon, vanne papillon de 6 pouces, vanne papillon de 3 pouces, vanne papillon de 8 pouces, vanne papillon de 2 pouces Fabrication de haute qualit\u00e9 et prix comp\u00e9titif.<\/p>\n<p>Veuillez contacter notre sales@stvvalve.com pour d&#039;autres mat\u00e9riaux et d\u00e9tails.<\/p>\n<p>Feuille de dates\u00a0:<a href=\"https:\/\/www.stvvalves.com\/wp-content\/uploads\/2019\/07\/API-609-Lug-Type-Butterfly-Valve-150LB-10-Inch-CF8M-drawing.pdf\">Vanne papillon \u00e0 cosse API 609, 150LB, 10 pouces, CF8M<\/a><\/p>","protected":false},"featured_media":5207,"template":"","meta":[],"product_brand":[],"product_cat":[965,971],"product_tag":[1132,1130,1128,1129,1131,1124,1126,1125,1123,1127,731],"class_list":{"0":"post-5204","1":"product","2":"type-product","3":"status-publish","4":"has-post-thumbnail","6":"product_cat-butterfly-valve","7":"product_cat-wafer-butterfly-valve","8":"product_tag-2-inch-butterfly-valve","9":"product_tag-3-inch-butterfly-valve","10":"product_tag-4-inch-butterfly-valve","11":"product_tag-6-inch-butterfly-valve","12":"product_tag-8-inch-butterfly-valve","13":"product_tag-double-eccentric-butterfly-valve8141c64f649aa10a30e48bdb99fa3eccf7af065b4b625c7c4d110ee570dfa2a6ef8141c64f649aa10a30e48bdb99fa3eccf7af065b4b625c7c4d110ee570dfa2a6bc8141c64f649aa10a30e48bdb99fa3ec","14":"product_tag-lug-butterfly-valve","15":"product_tag-pneumatic-butterfly-valve","16":"product_tag-stainless-steel-butterfly-valve","17":"product_tag-triple-offset-butterfly-valve","18":"product_tag-wafer-butterfly-valve","20":"first","21":"instock","22":"shipping-taxable","23":"product-type-simple"},"_links":{"self":[{"href":"https:\/\/www.stvvalves.com\/fr\/wp-json\/wp\/v2\/product\/5204","targetHints":{"allow":["GET"]}}],"collection":[{"href":"https:\/\/www.stvvalves.com\/fr\/wp-json\/wp\/v2\/product"}],"about":[{"href":"https:\/\/www.stvvalves.com\/fr\/wp-json\/wp\/v2\/types\/product"}],"wp:featuredmedia":[{"embeddable":true,"href":"https:\/\/www.stvvalves.com\/fr\/wp-json\/wp\/v2\/media\/5207"}],"wp:attachment":[{"href":"https:\/\/www.stvvalves.com\/fr\/wp-json\/wp\/v2\/media?parent=5204"}],"wp:term":[{"taxonomy":"product_brand","embeddable":true,"href":"https:\/\/www.stvvalves.com\/fr\/wp-json\/wp\/v2\/product_brand?post=5204"},{"taxonomy":"product_cat","embeddable":true,"href":"https:\/\/www.stvvalves.com\/fr\/wp-json\/wp\/v2\/product_cat?post=5204"},{"taxonomy":"product_tag","embeddable":true,"href":"https:\/\/www.stvvalves.com\/fr\/wp-json\/wp\/v2\/product_tag?post=5204"}],"curies":[{"name":"wp","href":"https:\/\/api.w.org\/{rel}","templated":true}]}}