{"id":5208,"date":"2019-07-22T15:09:39","date_gmt":"2019-07-22T15:09:39","guid":{"rendered":"https:\/\/www.stvvalves.com\/?post_type=product&#038;p=5208"},"modified":"2025-02-17T18:32:37","modified_gmt":"2025-02-17T10:32:37","slug":"triple-offset-butterfly-valve-4-inch-metal-seat-wcb","status":"publish","type":"product","link":"https:\/\/www.stvvalves.com\/fr\/products\/triple-offset-butterfly-valve-4-inch-metal-seat-wcb\/","title":{"rendered":"Vanne papillon \u00e0 triple excentration, 4 pouces, si\u00e8ge en m\u00e9tal, WCB"},"content":{"rendered":"<p>Conception et fabrication\u00a0:\u00a0API 609<\/p>\n<p>Dimension face \u00e0 face\u00a0: API609, ISO5752, ASME B16.10<\/p>\n<p>Dimension de connexion de bride\uff1aASME B16.5,ASME B16.47<\/p>\n<p>Test et inspection\u00a0:\u00a0API 598<\/p>\n<p>Pression et temp\u00e9rature nominale\u00a0: API 609, ASME B16.34<br \/>\nGamme de produits<\/p>\n<p>Mat\u00e9riau du corps\u00a0: acier moul\u00e9, acier inoxydable, Monel<\/p>\n<p>Diam\u00e8tre nominal\u00a0: 2\u2033\uff5e120\u2033\uff08DN50~DN3000\uff09<\/p>\n<p>Connexion d&#039;extr\u00e9mit\u00e9\u00a0:\u00a0Double bride, plaquette, cosse, etc.<\/p>\n<p>Plage de pression\u00a0: Classe 150 ~ 600 (PN16 ~ PN100)<\/p>\n<p>Temp\u00e9rature de fonctionnement : -46 \u2103 ~ +550 \u2103<\/p>\n<p>Fonctionnement : Poign\u00e9e, Engrenage, Actionneur \u00e9lectrique, etc.<\/p>\n<table style=\"height: 1238px;\" width=\"1041\">\n<tbody>\n<tr>\n<td width=\"200\"><strong><b>Nom du produit<\/b><\/strong><\/td>\n<td width=\"481\">Vanne papillon \u00e0 triple excentration, 4 pouces, si\u00e8ge en m\u00e9tal, WCB<\/td>\n<\/tr>\n<tr>\n<td width=\"200\">1. Mat\u00e9riel<\/td>\n<td width=\"481\">WCB<\/td>\n<\/tr>\n<tr>\n<td width=\"200\">2. Taille<\/td>\n<td width=\"481\">4&quot;<\/td>\n<\/tr>\n<tr>\n<td width=\"200\">4. Port<\/td>\n<td width=\"481\">Port complet<\/td>\n<\/tr>\n<tr>\n<td width=\"200\">5. Pression de travail<\/td>\n<td width=\"481\">150LB<\/td>\n<\/tr>\n<tr>\n<td width=\"200\">6. Fin de la connexion<\/td>\n<td width=\"481\">TRANCHE<\/td>\n<\/tr>\n<tr>\n<td width=\"200\">7. Temp\u00e9rature de travail.<\/td>\n<td width=\"481\">-29~425\u00baC,<\/td>\n<\/tr>\n<tr>\n<td width=\"200\">8. Support appropri\u00e9<\/td>\n<td width=\"481\">Eau, gaz naturel, p\u00e9trole et certains liquides corrosifs<\/td>\n<\/tr>\n<tr>\n<td width=\"200\">9. Exploit\u00e9<\/td>\n<td width=\"481\">Bo\u00eete de vitesses<\/td>\n<\/tr>\n<tr>\n<td width=\"200\">10. Inspection et tests<\/td>\n<td width=\"481\">SelonAPI 598<\/td>\n<\/tr>\n<tr>\n<td width=\"200\"><strong><b>Exp\u00e9dition<\/b><\/strong><\/td>\n<td width=\"481\">&nbsp;<\/td>\n<\/tr>\n<tr>\n<td width=\"200\">D\u00e9lai de livraison<\/td>\n<td width=\"481\">30 jours<\/td>\n<\/tr>\n<tr>\n<td width=\"200\">Emballer<\/td>\n<td width=\"481\">Caisse en contreplaqu\u00e9 d&#039;exportation standard<\/td>\n<\/tr>\n<tr>\n<td width=\"200\">Port d&#039;exp\u00e9dition<\/td>\n<td width=\"481\">Ningbo\/Shanghai, Chine<\/td>\n<\/tr>\n<tr>\n<td width=\"200\">Conditions d&#039;exp\u00e9dition<\/td>\n<td width=\"481\">Exw, FOB, CFR, CIF, etc.<\/td>\n<\/tr>\n<tr>\n<td width=\"200\">Modalit\u00e9s de paiement<\/td>\n<td width=\"481\">T\/T, Western Union, PayPal, etc.<\/td>\n<\/tr>\n<tr>\n<td width=\"200\">&nbsp;<\/td>\n<td width=\"481\">Pr\u00e9paiement 30%, solde 70% pay\u00e9 avant l&#039;exp\u00e9dition<\/td>\n<\/tr>\n<tr>\n<td width=\"200\">Pays d&#039;origine<\/td>\n<td width=\"481\">Ville de Wenzhou, Chine<\/td>\n<\/tr>\n<tr>\n<td width=\"200\">Capacit\u00e9 de production<\/td>\n<td width=\"481\">6000 tonnes\/an<\/td>\n<\/tr>\n<tr>\n<td width=\"200\">MOQ<\/td>\n<td width=\"481\">10 pi\u00e8ces\/taille<\/td>\n<\/tr>\n<\/tbody>\n<\/table>","protected":false},"excerpt":{"rendered":"<p>Mod\u00e8le : STV-D373F-150LB-WCB-4\u2033<\/p>\n<p>STV Valve Technology Group Co., Ltd est un leader professionnel de la vanne papillon WCB en Chine, de la vanne papillon double excentrique, de la vanne papillon \u00e0 plaquette, de la vanne papillon API 609, de la vanne papillon triple offset, de la vanne papillon EN 593 pouces, de la vanne papillon de 4 pouces, du papillon \u00e0 si\u00e8ge en m\u00e9tal Fabrication de vannes de haute qualit\u00e9 et \u00e0 prix comp\u00e9titif.<\/p>\n<p>Veuillez contacter notre sales@stvvalve.com pour d&#039;autres mat\u00e9riaux et d\u00e9tails.<\/p>\n<p>Feuille de dates\u00a0:<a href=\"https:\/\/www.stvvalves.com\/wp-content\/uploads\/2019\/07\/Triple-Offset-Butterfly-Valve-4-Inch-Metal-Seat-WCB-drawing.pdf\">Vanne papillon \u00e0 triple excentration, 4 pouces, si\u00e8ge en m\u00e9tal, WCB<\/a><\/p>","protected":false},"featured_media":5212,"template":"","meta":[],"product_brand":[],"product_cat":[965,971],"product_tag":[1128,1135,1134,1136,1137,1127,731,1133],"class_list":{"0":"post-5208","1":"product","2":"type-product","3":"status-publish","4":"has-post-thumbnail","6":"product_cat-butterfly-valve","7":"product_cat-wafer-butterfly-valve","8":"product_tag-4-inch-butterfly-valve","9":"product_tag-api-609-butterfly-valve","10":"product_tag-double-eccentric-butterfly-valve","11":"product_tag-en-593-inch-butterfly-valve","12":"product_tag-metal-seat-butterfly-valve","13":"product_tag-triple-offset-butterfly-valve","14":"product_tag-wafer-butterfly-valve","15":"product_tag-wcb-butterfly-valve","17":"first","18":"instock","19":"shipping-taxable","20":"product-type-simple"},"_links":{"self":[{"href":"https:\/\/www.stvvalves.com\/fr\/wp-json\/wp\/v2\/product\/5208","targetHints":{"allow":["GET"]}}],"collection":[{"href":"https:\/\/www.stvvalves.com\/fr\/wp-json\/wp\/v2\/product"}],"about":[{"href":"https:\/\/www.stvvalves.com\/fr\/wp-json\/wp\/v2\/types\/product"}],"wp:featuredmedia":[{"embeddable":true,"href":"https:\/\/www.stvvalves.com\/fr\/wp-json\/wp\/v2\/media\/5212"}],"wp:attachment":[{"href":"https:\/\/www.stvvalves.com\/fr\/wp-json\/wp\/v2\/media?parent=5208"}],"wp:term":[{"taxonomy":"product_brand","embeddable":true,"href":"https:\/\/www.stvvalves.com\/fr\/wp-json\/wp\/v2\/product_brand?post=5208"},{"taxonomy":"product_cat","embeddable":true,"href":"https:\/\/www.stvvalves.com\/fr\/wp-json\/wp\/v2\/product_cat?post=5208"},{"taxonomy":"product_tag","embeddable":true,"href":"https:\/\/www.stvvalves.com\/fr\/wp-json\/wp\/v2\/product_tag?post=5208"}],"curies":[{"name":"wp","href":"https:\/\/api.w.org\/{rel}","templated":true}]}}