{"id":5287,"date":"2019-08-07T08:14:01","date_gmt":"2019-08-07T08:14:01","guid":{"rendered":"https:\/\/www.stvvalves.com\/?post_type=product&#038;p=5287"},"modified":"2025-02-17T18:32:37","modified_gmt":"2025-02-17T10:32:37","slug":"wafer-butterfly-valve-pn25-wcb-body-316-trim-ptfe-seat-gear-op","status":"publish","type":"product","link":"https:\/\/www.stvvalves.com\/fr\/products\/wafer-butterfly-valve-pn25-wcb-body-316-trim-ptfe-seat-gear-op\/","title":{"rendered":"Vanne papillon \u00e0 plaquettes PN25, corps WCB, garniture 316, si\u00e8ge PTFE, engrenage OP"},"content":{"rendered":"<p>Mod\u00e8le : DIN EN 593<br \/>\nCote\u00a0:\u00a0PN25<br \/>\nFace \u00e0 face : DIN EN 558<br \/>\nExtr\u00e9mit\u00e9 \u00e0 bride\u00a0: DIN EN 1092-1<br \/>\nInspection et tests\u00a0: EN 12266<br \/>\n\u00c9paisseur de paroi\u00a0: EN 12516-1<br \/>\nTemp\u00e9rature:-196 \u2103 ~ +560 \u2103<br \/>\nDN50\u2033~ DN600<\/p>\n<p>Mat\u00e9riau du corps : acier au carbone, acier inoxydable, acier alli\u00e9, bronze<\/p>\n<p>Connexion d&#039;extr\u00e9mit\u00e9\u00a0: RF, RTJ, BW<\/p>\n<p>Plage de pression\u00a0: Classe 150 ~ 2\u00a0500 (PN16 ~ PN420)<\/p>\n<table>\n<tbody>\n<tr>\n<td width=\"200\"><strong><b>Nom du produit<\/b><\/strong><\/td>\n<td width=\"481\">Vanne papillon \u00e0 plaquettes PN25, corps WCB, garniture 316, si\u00e8ge PTFE, engrenage OP<\/td>\n<\/tr>\n<tr>\n<td width=\"200\">1. Mat\u00e9riel<\/td>\n<td width=\"481\">Fonte Ductile<\/td>\n<\/tr>\n<tr>\n<td width=\"200\">2. Taille<\/td>\n<td width=\"481\">5&quot;<\/td>\n<\/tr>\n<tr>\n<td width=\"200\">4. Port<\/td>\n<td width=\"481\">Port complet<\/td>\n<\/tr>\n<tr>\n<td width=\"200\">5. Pression de travail<\/td>\n<td width=\"481\">PN25<\/td>\n<\/tr>\n<tr>\n<td width=\"200\">6. Fin de la connexion<\/td>\n<td width=\"481\">Extr\u00e9mit\u00e9 \u00e0 souder<\/td>\n<\/tr>\n<tr>\n<td width=\"200\">7. Temp\u00e9rature de travail.<\/td>\n<td width=\"481\">-29~120\u00baC,<\/td>\n<\/tr>\n<tr>\n<td width=\"200\">8. Support appropri\u00e9<\/td>\n<td width=\"481\">Eau, gaz naturel, p\u00e9trole et certains liquides corrosifs<\/td>\n<\/tr>\n<tr>\n<td width=\"200\">9. Exploit\u00e9<\/td>\n<td width=\"481\">Bo\u00eete de vitesses<\/td>\n<\/tr>\n<tr>\n<td width=\"200\">10. Inspection et tests<\/td>\n<td width=\"481\">SelonAPI 598<\/td>\n<\/tr>\n<tr>\n<td width=\"200\"><strong><b>Exp\u00e9dition<\/b><\/strong><\/td>\n<td width=\"481\"><\/td>\n<\/tr>\n<tr>\n<td width=\"200\">D\u00e9lai de livraison<\/td>\n<td width=\"481\">30 jours<\/td>\n<\/tr>\n<tr>\n<td width=\"200\">Emballer<\/td>\n<td width=\"481\">Caisse en contreplaqu\u00e9 d&#039;exportation standard<\/td>\n<\/tr>\n<tr>\n<td width=\"200\">Port d&#039;exp\u00e9dition<\/td>\n<td width=\"481\">Ningbo\/Shanghai, Chine<\/td>\n<\/tr>\n<tr>\n<td width=\"200\">Conditions d&#039;exp\u00e9dition<\/td>\n<td width=\"481\">Exw, FOB, CFR, CIF, etc.<\/td>\n<\/tr>\n<tr>\n<td width=\"200\">Modalit\u00e9s de paiement<\/td>\n<td width=\"481\">T\/T, Western Union, PayPal, etc.<\/td>\n<\/tr>\n<tr>\n<td width=\"200\"><\/td>\n<td width=\"481\">Pr\u00e9paiement 30%, solde 70% pay\u00e9 avant l&#039;exp\u00e9dition<\/td>\n<\/tr>\n<tr>\n<td width=\"200\">Pays d&#039;origine<\/td>\n<td width=\"481\">Ville de Wenzhou, Chine<\/td>\n<\/tr>\n<tr>\n<td width=\"200\">Capacit\u00e9 de production<\/td>\n<td width=\"481\">6000 tonnes\/an<\/td>\n<\/tr>\n<tr>\n<td width=\"200\">MOQ<\/td>\n<td width=\"481\">10 pi\u00e8ces\/taille<\/td>\n<\/tr>\n<\/tbody>\n<\/table>\n<p>&nbsp;<\/p>\n<p>&nbsp;<\/p>","protected":false},"excerpt":{"rendered":"<p>Mod\u00e8le\u00a0: STV-D373F-25C-DN100-WCB<\/p>\n<p>STV Valve Technology Group Co., Ltd est un leader professionnel dans la fabrication de vannes papillon \u00e0 plaquettes en Chine, vanne papillon en acier inoxydable, vanne papillon \u00e0 double excentrique, vanne papillon \u00e0 bride, vanne papillon pneumatique, vanne papillon \u00e0 plaquette, vanne papillon \u00e0 cosse, vanne papillon \u00e0 triple d\u00e9calage, 4 Vanne papillon de 6 pouces, vanne papillon de 6 pouces, vanne papillon de 3 pouces, vanne papillon de 8 pouces, vanne papillon de 2 pouces.<\/p>\n<p>Veuillez contacter notre sales@stvvalve.com pour d&#039;autres mat\u00e9riaux et d\u00e9tails.<\/p>\n<p>Feuille de dates\u00a0:<a href=\"https:\/\/www.stvvalves.com\/wp-content\/uploads\/2019\/08\/Wafer-Butterfly-Valve-PN25-WCB-Body-316-Trim-PTFE-Seat-Gear-OP-drawing.pdf\">Vanne papillon \u00e0 plaquettes PN25, corps WCB, garniture 316, si\u00e8ge PTFE, engrenage OP<\/a><\/p>","protected":false},"featured_media":5288,"template":"","meta":[],"product_brand":[],"product_cat":[965,971],"product_tag":[1132,1130,1128,1129,1131,1252,1134,1253,1126,1125,1123,1127,731],"class_list":{"0":"post-5287","1":"product","2":"type-product","3":"status-publish","4":"has-post-thumbnail","6":"product_cat-butterfly-valve","7":"product_cat-wafer-butterfly-valve","8":"product_tag-2-inch-butterfly-valve","9":"product_tag-3-inch-butterfly-valve","10":"product_tag-4-inch-butterfly-valve","11":"product_tag-6-inch-butterfly-valve","12":"product_tag-8-inch-butterfly-valve","13":"product_tag-china-wafer-butterfly-valve-manufacture","14":"product_tag-double-eccentric-butterfly-valve","15":"product_tag-flanged-butterfly-valve","16":"product_tag-lug-butterfly-valve","17":"product_tag-pneumatic-butterfly-valve","18":"product_tag-stainless-steel-butterfly-valve","19":"product_tag-triple-offset-butterfly-valve","20":"product_tag-wafer-butterfly-valve","22":"first","23":"instock","24":"shipping-taxable","25":"product-type-simple"},"_links":{"self":[{"href":"https:\/\/www.stvvalves.com\/fr\/wp-json\/wp\/v2\/product\/5287","targetHints":{"allow":["GET"]}}],"collection":[{"href":"https:\/\/www.stvvalves.com\/fr\/wp-json\/wp\/v2\/product"}],"about":[{"href":"https:\/\/www.stvvalves.com\/fr\/wp-json\/wp\/v2\/types\/product"}],"wp:featuredmedia":[{"embeddable":true,"href":"https:\/\/www.stvvalves.com\/fr\/wp-json\/wp\/v2\/media\/5288"}],"wp:attachment":[{"href":"https:\/\/www.stvvalves.com\/fr\/wp-json\/wp\/v2\/media?parent=5287"}],"wp:term":[{"taxonomy":"product_brand","embeddable":true,"href":"https:\/\/www.stvvalves.com\/fr\/wp-json\/wp\/v2\/product_brand?post=5287"},{"taxonomy":"product_cat","embeddable":true,"href":"https:\/\/www.stvvalves.com\/fr\/wp-json\/wp\/v2\/product_cat?post=5287"},{"taxonomy":"product_tag","embeddable":true,"href":"https:\/\/www.stvvalves.com\/fr\/wp-json\/wp\/v2\/product_tag?post=5287"}],"curies":[{"name":"wp","href":"https:\/\/api.w.org\/{rel}","templated":true}]}}