{"id":5336,"date":"2019-10-17T02:45:45","date_gmt":"2019-10-17T02:45:45","guid":{"rendered":"https:\/\/www.stvvalves.com\/?post_type=product&#038;p=5336"},"modified":"2025-02-17T18:32:34","modified_gmt":"2025-02-17T10:32:34","slug":"weld-end-forged-steel-piston-check-valve","status":"publish","type":"product","link":"https:\/\/www.stvvalves.com\/fr\/products\/weld-end-forged-steel-piston-check-valve\/","title":{"rendered":"Clapet anti-retour \u00e0 piston en acier forg\u00e9 \u00e0 extr\u00e9mit\u00e9 soud\u00e9e"},"content":{"rendered":"<p>Caract\u00e9ristiques:<br \/>\n1) Taille : 1\/4\u2033 \u00e0 2\u2033<br \/>\n2) Classe : 150LB \u00e0 2500LB<br \/>\n3) Type\u00a0: Chapeau boulonn\u00e9, chapeau soud\u00e9 ou chapeau scell\u00e9 sous pression, al\u00e9sage r\u00e9ducteur ou passage int\u00e9gral, extr\u00e9mit\u00e9 viss\u00e9e (NPT) ou extr\u00e9mit\u00e9 soud\u00e9e par douille.<br \/>\n4) Mat\u00e9riel : A105, LF2, F304, F316, F304L, F316L, F11, F22, F51, F53, F5, F9, MONEL, ALLIAGE 20 etc.<\/p>\n<p>Sp\u00e9cification mat\u00e9rielle standard<\/p>\n<p>Sp\u00e9cification mat\u00e9rielle standard<\/p>\n<table width=\"100{8141c64f649aa10a30e48bdb99fa3eccf7af065b4b625c7c4d110ee570dfa2a6}\" cellspacing=\"1\" cellpadding=\"0\" bgcolor=\"#999999\">\n<tbody>\n<tr bgcolor=\"#ffffff\">\n<td rowspan=\"2\" width=\"7{8141c64f649aa10a30e48bdb99fa3eccf7af065b4b625c7c4d110ee570dfa2a6}\">NON.<\/td>\n<td rowspan=\"2\" width=\"18{8141c64f649aa10a30e48bdb99fa3eccf7af065b4b625c7c4d110ee570dfa2a6}\">Nom de la pi\u00e8ce<\/td>\n<td width=\"20{8141c64f649aa10a30e48bdb99fa3eccf7af065b4b625c7c4d110ee570dfa2a6}\">CS \u00e0 ASTM<\/td>\n<td width=\"19{8141c64f649aa10a30e48bdb99fa3eccf7af065b4b625c7c4d110ee570dfa2a6}\">COMME \u00e0 ASTM<\/td>\n<td colspan=\"2\">SS \u00e0 ASTM<\/td>\n<\/tr>\n<tr>\n<td align=\"middle\" bgcolor=\"#ffffff\">Tapez A105<\/td>\n<td align=\"middle\" bgcolor=\"#ffffff\">Tapez F22<\/td>\n<td align=\"middle\" bgcolor=\"#ffffff\" width=\"18{8141c64f649aa10a30e48bdb99fa3eccf7af065b4b625c7c4d110ee570dfa2a6}\">Tapez F304(L)<\/td>\n<td align=\"middle\" bgcolor=\"#ffffff\" width=\"18{8141c64f649aa10a30e48bdb99fa3eccf7af065b4b625c7c4d110ee570dfa2a6}\">Tapez F316(L)<\/td>\n<\/tr>\n<tr bgcolor=\"#ffffff\">\n<td>1<\/td>\n<td>Corps<\/td>\n<td>A105<\/td>\n<td>A182 F22<\/td>\n<td>A182 F304(G)<\/td>\n<td>A182 F316(G)<\/td>\n<\/tr>\n<tr bgcolor=\"#ffffff\">\n<td align=\"middle\">2<\/td>\n<td align=\"middle\">Disque de piston<\/td>\n<td align=\"middle\">A276 410<\/td>\n<td align=\"middle\">A276 304<\/td>\n<td align=\"middle\">A276 304(L)<\/td>\n<td align=\"middle\">A276 316(L)<\/td>\n<\/tr>\n<tr bgcolor=\"#ffffff\">\n<td align=\"middle\">3<\/td>\n<td align=\"middle\">Joint<\/td>\n<td colspan=\"2\" align=\"middle\">Ondul\u00e9 SS+graphite<\/td>\n<td colspan=\"2\" align=\"middle\">Acier inoxydable + PTFE<\/td>\n<\/tr>\n<tr bgcolor=\"#ffffff\">\n<td align=\"middle\">4<\/td>\n<td align=\"middle\">Bonnet<\/td>\n<td align=\"middle\">A105<\/td>\n<td align=\"middle\">A182 F22<\/td>\n<td colspan=\"2\" align=\"middle\">A182 F304(L) A182 F316(L)<\/td>\n<\/tr>\n<tr bgcolor=\"#ffffff\">\n<td align=\"middle\">5<\/td>\n<td align=\"middle\">Plaque signal\u00e9tique<\/td>\n<td colspan=\"4\" align=\"middle\">SS<\/td>\n<\/tr>\n<tr bgcolor=\"#ffffff\">\n<td align=\"middle\">6<\/td>\n<td align=\"middle\">Boulon<\/td>\n<td align=\"middle\">A193B7<\/td>\n<td align=\"middle\">A193 B16<\/td>\n<td align=\"middle\">A193 B8M<\/td>\n<td align=\"middle\">A193 B8M<\/td>\n<\/tr>\n<tr bgcolor=\"#ffffff\">\n<td align=\"middle\">7<\/td>\n<td align=\"middle\">Balle<\/td>\n<td align=\"middle\">A182 F304<\/td>\n<td align=\"middle\">A182 F304<\/td>\n<td align=\"middle\">A182 F304<\/td>\n<td align=\"middle\">A182 F304<\/td>\n<\/tr>\n<tr bgcolor=\"#ffffff\">\n<td colspan=\"2\">Support appropri\u00e9<\/td>\n<td colspan=\"2\">WOGetc<\/td>\n<td>WOGetc<\/td>\n<td>HNO3, CH3OOH, etc.<\/td>\n<\/tr>\n<tr bgcolor=\"#ffffff\">\n<td colspan=\"2\">Temp\u00e9rature appropri\u00e9e<\/td>\n<td colspan=\"2\">-29-425\u00b0C<\/td>\n<td>-29-550\u00b0C<\/td>\n<td>-29-180\u00b0C<\/td>\n<\/tr>\n<\/tbody>\n<\/table>\n<p>Remarque\u00a0: D\u2019autres mat\u00e9riaux sont disponibles sur demande.<br \/>\nCS=Acier au carbone\u00a0;AS=Acier alli\u00e9;SS=Acier inoxydable\u00a0;<\/p>\n<p>Dimension (mm) et poids (Kg)<\/p>\n<table width=\"100{8141c64f649aa10a30e48bdb99fa3eccf7af065b4b625c7c4d110ee570dfa2a6}\" cellspacing=\"1\" cellpadding=\"0\" bgcolor=\"#999999\">\n<tbody>\n<tr bgcolor=\"#ffffff\">\n<td rowspan=\"2\">NPS<\/td>\n<td>Conv.<\/td>\n<td>3\/8&#8243;<\/td>\n<td>1\/2&#8243;<\/td>\n<td>3\/4&#8243;<\/td>\n<td>1&#8243;<\/td>\n<td>11\/4&#8243;<\/td>\n<td>11\/2&#8243;<\/td>\n<td>2&#8243;<\/td>\n<td><\/td>\n<\/tr>\n<tr>\n<td align=\"middle\" bgcolor=\"#ffffff\">Complet<\/td>\n<td bgcolor=\"#ffffff\"><\/td>\n<td align=\"middle\" bgcolor=\"#ffffff\">3\/8&#8243;<\/td>\n<td align=\"middle\" bgcolor=\"#ffffff\">1\/2&#8243;<\/td>\n<td align=\"middle\" bgcolor=\"#ffffff\">3\/4&#8243;<\/td>\n<td align=\"middle\" bgcolor=\"#ffffff\">1&#8243;<\/td>\n<td align=\"middle\" bgcolor=\"#ffffff\">11\/4&#8243;<\/td>\n<td align=\"middle\" bgcolor=\"#ffffff\">11\/2&#8243;<\/td>\n<td align=\"middle\" bgcolor=\"#ffffff\">2&#8243;<\/td>\n<\/tr>\n<tr bgcolor=\"#ffffff\">\n<td colspan=\"2\" align=\"middle\">L<\/td>\n<td align=\"middle\">79<\/td>\n<td align=\"middle\">79<\/td>\n<td align=\"middle\">92<\/td>\n<td align=\"middle\">111<\/td>\n<td align=\"middle\">120<\/td>\n<td align=\"middle\">152<\/td>\n<td align=\"middle\">172<\/td>\n<td align=\"middle\">200<\/td>\n<\/tr>\n<tr bgcolor=\"#ffffff\">\n<td colspan=\"2\" align=\"middle\">H<\/td>\n<td align=\"middle\">61<\/td>\n<td align=\"middle\">61<\/td>\n<td align=\"middle\">65<\/td>\n<td align=\"middle\">79<\/td>\n<td align=\"middle\">95<\/td>\n<td align=\"middle\">103<\/td>\n<td align=\"middle\">118<\/td>\n<td align=\"middle\">132<\/td>\n<\/tr>\n<tr bgcolor=\"#ffffff\">\n<td rowspan=\"2\" align=\"middle\">Poids<\/td>\n<td align=\"middle\">Boulonn\u00e9<\/td>\n<td align=\"middle\">1.4<\/td>\n<td align=\"middle\">1.2<\/td>\n<td align=\"middle\">1.5<\/td>\n<td align=\"middle\">3.1<\/td>\n<td align=\"middle\">3.9<\/td>\n<td align=\"middle\">5.6<\/td>\n<td align=\"middle\">8.9<\/td>\n<td align=\"middle\">12.5<\/td>\n<\/tr>\n<tr>\n<td align=\"middle\" bgcolor=\"#ffffff\">Soud\u00e9<\/td>\n<td align=\"middle\" bgcolor=\"#ffffff\">1.1<\/td>\n<td align=\"middle\" bgcolor=\"#ffffff\">1.0<\/td>\n<td align=\"middle\" bgcolor=\"#ffffff\">1.2<\/td>\n<td align=\"middle\" bgcolor=\"#ffffff\">2.9<\/td>\n<td align=\"middle\" bgcolor=\"#ffffff\">3.3<\/td>\n<td align=\"middle\" bgcolor=\"#ffffff\">4.9<\/td>\n<td align=\"middle\" bgcolor=\"#ffffff\">8.1<\/td>\n<td align=\"middle\" bgcolor=\"#ffffff\">10.9<\/td>\n<\/tr>\n<\/tbody>\n<\/table>","protected":false},"excerpt":{"rendered":"<p>Conception et fabrication\u00a0: API602, BS5352<br \/>\n2) Test et inspection\u00a0: API598<br \/>\n3) Extr\u00e9mit\u00e9 \u00e0 souder (SW)\u00a0: ANSI B16.11<br \/>\n4) Extr\u00e9mit\u00e9 viss\u00e9e (NPT) : ANSI B1.20.1<\/p>\n<p>STV Valve Technology Group Co., Ltd est un leader professionnel en Chine  <span class=\"tagged_as\"> Fabricant de clapet anti-retour \u00e0 levage en acier forg\u00e9, clapets anti-retour \u00e0 piston en acier forg\u00e9, clapets anti-retour \u00e0 piston en acier forg\u00e9 800 lb, clapet anti-retour \u00e0 piston en acier forg\u00e9 \u00e0 extr\u00e9mit\u00e9 soud\u00e9e<\/span>\u00a0avec une haute qualit\u00e9 et un prix comp\u00e9titif.<\/p>","protected":false},"featured_media":5337,"template":"","meta":[],"product_brand":[],"product_cat":[46,66],"product_tag":[506,469,1272,1273],"class_list":{"0":"post-5336","1":"product","2":"type-product","3":"status-publish","4":"has-post-thumbnail","6":"product_cat-check-valves","7":"product_cat-swing-check-valve","8":"product_tag-forged-steel-lift-check-valve-manufacturer","9":"product_tag-forged-steel-piston-check-valves","10":"product_tag-forged-steel-piston-check-valves-800lb","11":"product_tag-weld-end-forged-steel-piston-check-valve","13":"first","14":"instock","15":"shipping-taxable","16":"product-type-simple"},"_links":{"self":[{"href":"https:\/\/www.stvvalves.com\/fr\/wp-json\/wp\/v2\/product\/5336","targetHints":{"allow":["GET"]}}],"collection":[{"href":"https:\/\/www.stvvalves.com\/fr\/wp-json\/wp\/v2\/product"}],"about":[{"href":"https:\/\/www.stvvalves.com\/fr\/wp-json\/wp\/v2\/types\/product"}],"wp:featuredmedia":[{"embeddable":true,"href":"https:\/\/www.stvvalves.com\/fr\/wp-json\/wp\/v2\/media\/5337"}],"wp:attachment":[{"href":"https:\/\/www.stvvalves.com\/fr\/wp-json\/wp\/v2\/media?parent=5336"}],"wp:term":[{"taxonomy":"product_brand","embeddable":true,"href":"https:\/\/www.stvvalves.com\/fr\/wp-json\/wp\/v2\/product_brand?post=5336"},{"taxonomy":"product_cat","embeddable":true,"href":"https:\/\/www.stvvalves.com\/fr\/wp-json\/wp\/v2\/product_cat?post=5336"},{"taxonomy":"product_tag","embeddable":true,"href":"https:\/\/www.stvvalves.com\/fr\/wp-json\/wp\/v2\/product_tag?post=5336"}],"curies":[{"name":"wp","href":"https:\/\/api.w.org\/{rel}","templated":true}]}}