{"id":5515,"date":"2019-12-07T03:04:10","date_gmt":"2019-12-07T03:04:10","guid":{"rendered":"https:\/\/www.stvvalves.com\/?post_type=product&#038;p=5515"},"modified":"2025-02-17T18:32:32","modified_gmt":"2025-02-17T10:32:32","slug":"3-way-sanitary-ball-valve-with-tri-clamp-ends-manual-type","status":"publish","type":"product","link":"https:\/\/www.stvvalves.com\/fr\/products\/3-way-sanitary-ball-valve-with-tri-clamp-ends-manual-type\/","title":{"rendered":"Robinet \u00e0 tournant sph\u00e9rique sanitaire \u00e0 3 voies avec extr\u00e9mit\u00e9s \u00e0 trois pinces, type manuel"},"content":{"rendered":"<p>R\u00e9f\u00e9rence : STV-1054<br \/>\nTailles disponibles : 1\u2033 \u00e0 4\u2033, DN25 \u00e0 DN100<br \/>\nConnexion d&#039;extr\u00e9mit\u00e9 : tri-clamp \/ tri-clamp<br \/>\nCorps et disque\u00a0: AISI 304 ou 316L, (EN1.4301\/EN1.4404)<br \/>\nSi\u00e8ge : T\u00e9flon (PTFE)<br \/>\nPlan de d\u00e9bit \u00e0 3 voies\u00a0: type T ou type L disponible au choix<br \/>\nMax. pression de service\u00a0: 145psi (10bar)<br \/>\nPlage de temp\u00e9rature : 14\u00b0F ~ 248\u00b0F (-10\u00b0C ~ 120\u00b0C) par d\u00e9faut, plus \u00e9lev\u00e9e disponible sur demande.<br \/>\nFonctionnement\u00a0:\u00a0poign\u00e9e manuelle<br \/>\nTraitement de surface : Ra 32 \u03bcin (0,8 \u03bcm) par d\u00e9faut, Ra 16 \u03bcin (0,4 \u03bcm) au mieux.<\/p>\n<p><img loading=\"lazy\" decoding=\"async\" class=\"alignleft size-full wp-image-5516\" src=\"https:\/\/www.stvvalves.com\/wp-content\/uploads\/2019\/12\/3-Way-Sanitary-Ball-Valve-with-Tri-clamp-Ends-Manual-Type-CATALOG.jpg\" alt=\"\" width=\"775\" height=\"515\" srcset=\"https:\/\/www.stvvalves.com\/wp-content\/uploads\/2019\/12\/3-Way-Sanitary-Ball-Valve-with-Tri-clamp-Ends-Manual-Type-CATALOG.jpg 775w, https:\/\/www.stvvalves.com\/wp-content\/uploads\/2019\/12\/3-Way-Sanitary-Ball-Valve-with-Tri-clamp-Ends-Manual-Type-CATALOG-600x399.jpg 600w, https:\/\/www.stvvalves.com\/wp-content\/uploads\/2019\/12\/3-Way-Sanitary-Ball-Valve-with-Tri-clamp-Ends-Manual-Type-CATALOG-300x199.jpg 300w, https:\/\/www.stvvalves.com\/wp-content\/uploads\/2019\/12\/3-Way-Sanitary-Ball-Valve-with-Tri-clamp-Ends-Manual-Type-CATALOG-768x510.jpg 768w, https:\/\/www.stvvalves.com\/wp-content\/uploads\/2019\/12\/3-Way-Sanitary-Ball-Valve-with-Tri-clamp-Ends-Manual-Type-CATALOG-705x468.jpg 705w\" sizes=\"auto, (max-width: 775px) 100vw, 775px\" \/><\/p>\n<p>&nbsp;<\/p>","protected":false},"excerpt":{"rendered":"<p>Les robinets \u00e0 tournant sph\u00e9rique hygi\u00e9niques \u00e0 3 voies \u00e0 commande manuelle et automatique sont principalement utilis\u00e9s dans les industries de transformation des boissons, du vin, du raffinage du p\u00e9trole, des cosm\u00e9tiques et des produits chimiques.<br \/>\nLe robinet \u00e0 tournant sph\u00e9rique sanitaire \u00e0 3 voies est un robinet \u00e0 tournant sph\u00e9rique sanitaire \u00e0 3 voies de type manuel avec extr\u00e9mit\u00e9s tri-clamp\/tri-clamp, qui est largement utilis\u00e9 dans les industries de transformation des aliments et des boissons, du brassage, des raffineries de p\u00e9trole, des cosm\u00e9tiques, des produits pharmaceutiques et chimiques pour contr\u00f4ler d\u00e9bit moyen. La conception \u00e0 port complet sans restriction en fait un choix optimal pour les liquides visqueux et particulaires. Le robinet \u00e0 tournant sph\u00e9rique SV-2MFC-3W fonctionne manuellement par une poign\u00e9e rotative \u00e0 180\u00b0.<\/p>\n<p>STV Valve Technology Group Co., Ltd est un leader professionnel en Chine, robinet \u00e0 tournant sph\u00e9rique \u00e0 3 voies, robinet \u00e0 tournant sph\u00e9rique sanitaire \u00e0 3 voies, robinet \u00e0 tournant sph\u00e9rique \u00e0 3 voies en acier inoxydable, robinet \u00e0 tournant sph\u00e9rique sanitaire, robinet \u00e0 tournant sph\u00e9rique \u00e0 3 voies \u00e0 pince en T, fabricant de haute qualit\u00e9 et \u00e0 prix comp\u00e9titif.<\/p>","protected":false},"featured_media":5517,"template":"","meta":[],"product_brand":[],"product_cat":[966,969],"product_tag":[171,391,1333,1336,1337],"class_list":{"0":"post-5515","1":"product","2":"type-product","3":"status-publish","4":"has-post-thumbnail","6":"product_cat-pipe-fitting","7":"product_cat-sanitary-pipe-fitting-and-valves","8":"product_tag-3-way-ball-valve","9":"product_tag-sanitary-3-way-ball-valve","10":"product_tag-sanitary-ball-valve","11":"product_tag-stainless-steel-3-way-ball-valve","12":"product_tag-t-clamp-3-way-ball-valve","14":"first","15":"instock","16":"shipping-taxable","17":"product-type-simple"},"_links":{"self":[{"href":"https:\/\/www.stvvalves.com\/fr\/wp-json\/wp\/v2\/product\/5515","targetHints":{"allow":["GET"]}}],"collection":[{"href":"https:\/\/www.stvvalves.com\/fr\/wp-json\/wp\/v2\/product"}],"about":[{"href":"https:\/\/www.stvvalves.com\/fr\/wp-json\/wp\/v2\/types\/product"}],"wp:featuredmedia":[{"embeddable":true,"href":"https:\/\/www.stvvalves.com\/fr\/wp-json\/wp\/v2\/media\/5517"}],"wp:attachment":[{"href":"https:\/\/www.stvvalves.com\/fr\/wp-json\/wp\/v2\/media?parent=5515"}],"wp:term":[{"taxonomy":"product_brand","embeddable":true,"href":"https:\/\/www.stvvalves.com\/fr\/wp-json\/wp\/v2\/product_brand?post=5515"},{"taxonomy":"product_cat","embeddable":true,"href":"https:\/\/www.stvvalves.com\/fr\/wp-json\/wp\/v2\/product_cat?post=5515"},{"taxonomy":"product_tag","embeddable":true,"href":"https:\/\/www.stvvalves.com\/fr\/wp-json\/wp\/v2\/product_tag?post=5515"}],"curies":[{"name":"wp","href":"https:\/\/api.w.org\/{rel}","templated":true}]}}