{"id":5528,"date":"2019-12-09T02:15:23","date_gmt":"2019-12-09T02:15:23","guid":{"rendered":"https:\/\/www.stvvalves.com\/?post_type=product&#038;p=5528"},"modified":"2025-08-01T14:37:17","modified_gmt":"2025-08-01T06:37:17","slug":"pneumatic-sanitary-316-ball-valvetri-clamp-end","status":"publish","type":"product","link":"https:\/\/www.stvvalves.com\/fr\/products\/pneumatic-sanitary-316-ball-valvetri-clamp-end\/","title":{"rendered":"Vanne \u00e0 bille sanitaire pneumatique 316, extr\u00e9mit\u00e9 \u00e0 trois pinces"},"content":{"rendered":"<p>R\u00e9f\u00e9rence : ST-V1047<br \/>\nTailles disponibles : 1\/2\u2033 \u00e0 4\u2033, DN15 \u00e0 DN100<br \/>\nConnexion d&#039;extr\u00e9mit\u00e9 : tri-clamp \/ tri-clamp<br \/>\nCorps et disque\u00a0: AISI 304 ou 316L, (EN1.4301\/EN1.4404)<br \/>\nSi\u00e8ge : T\u00e9flon (PTFE)<br \/>\nMax. pression de service\u00a0: 145psi (10bar)<br \/>\nFonctionnement : actionneur horizontal, mat\u00e9riau aluminium, NC\/NO\/AA<br \/>\nPression d&#039;air de l&#039;actionneur\u00a0: 58 ~ 102 psi (4 ~ 7 bars)<br \/>\nPlage de temp\u00e9rature : 14\u00b0F ~ 248\u00b0F (-10\u00b0C ~ 120\u00b0C) par d\u00e9faut, plus \u00e9lev\u00e9e disponible sur demande.<br \/>\nTraitement de surface : Ra 32 \u03bcin (0,8 \u03bcm) par d\u00e9faut, Ra 16 \u03bcin (0,4 \u03bcm) au mieux.<\/p>\n<div id=\"attachment_8225\" style=\"width: 732px\" class=\"wp-caption alignnone\"><img loading=\"lazy\" decoding=\"async\" aria-describedby=\"caption-attachment-8225\" class=\"wp-image-8225 size-full\" src=\"https:\/\/www.stvvalves.com\/wp-content\/uploads\/2019\/12\/sanitary-stainless-steel-welding-2-way-ball-valve-catalog.jpg\" alt=\"sanitary stainless steel welding 2 way ball valve catalog\" width=\"722\" height=\"641\" srcset=\"https:\/\/www.stvvalves.com\/wp-content\/uploads\/2019\/12\/sanitary-stainless-steel-welding-2-way-ball-valve-catalog.jpg 722w, https:\/\/www.stvvalves.com\/wp-content\/uploads\/2019\/12\/sanitary-stainless-steel-welding-2-way-ball-valve-catalog-300x266.jpg 300w, https:\/\/www.stvvalves.com\/wp-content\/uploads\/2019\/12\/sanitary-stainless-steel-welding-2-way-ball-valve-catalog-14x12.jpg 14w, https:\/\/www.stvvalves.com\/wp-content\/uploads\/2019\/12\/sanitary-stainless-steel-welding-2-way-ball-valve-catalog-705x626.jpg 705w, https:\/\/www.stvvalves.com\/wp-content\/uploads\/2019\/12\/sanitary-stainless-steel-welding-2-way-ball-valve-catalog-450x400.jpg 450w, https:\/\/www.stvvalves.com\/wp-content\/uploads\/2019\/12\/sanitary-stainless-steel-welding-2-way-ball-valve-catalog-600x533.jpg 600w\" sizes=\"auto, (max-width: 722px) 100vw, 722px\" \/><p id=\"caption-attachment-8225\" class=\"wp-caption-text\">sanitary stainless steel welding 2 way ball valve catalog<\/p><\/div>","protected":false},"excerpt":{"rendered":"<p>Le robinet \u00e0 tournant sph\u00e9rique pneumatique sanitaire 316 ST-V1047, Tri Clamp End est un robinet \u00e0 tournant sph\u00e9rique sanitaire de type pneumatique avec extr\u00e9mit\u00e9s tri-clamp\/tri-clamp et actionneur horizontal, qui est largement utilis\u00e9 dans la transformation des aliments et des boissons, le brassage, la raffinerie de p\u00e9trole, les cosm\u00e9tiques et les produits pharmaceutiques. et les industries chimiques pour contr\u00f4ler le d\u00e9bit moyen. La conception \u00e0 port complet sans restriction en fait un choix optimal pour les liquides visqueux et particulaires. Le robinet \u00e0 tournant sph\u00e9rique ST-V1047 fonctionne automatiquement par des actionneurs horizontaux en aluminium.<\/p>\n<p>STV Valve Technology Group Co., Ltd est un leader professionnel en Chine Robinet \u00e0 tournant sph\u00e9rique \u00e0 2 voies, robinet \u00e0 tournant sph\u00e9rique sanitaire, robinet \u00e0 tournant sph\u00e9rique sanitaire en acier inoxydable, robinet \u00e0 tournant sph\u00e9rique en acier inoxydable, robinet \u00e0 tournant sph\u00e9rique sanitaire, robinet \u00e0 tournant sph\u00e9rique pneumatique, robinet \u00e0 tournant sph\u00e9rique en acier inoxydable, robinet \u00e0 tournant sph\u00e9rique \u00e0 voie directe Fabricant de haute qualit\u00e9 et prix comp\u00e9titif.<\/p>","protected":false},"featured_media":5529,"template":"","meta":[],"product_brand":[],"product_cat":[966,969],"product_tag":[1332,1342,1341,1333,1334,686],"class_list":{"0":"post-5528","1":"product","2":"type-product","3":"status-publish","4":"has-post-thumbnail","6":"product_cat-pipe-fitting","7":"product_cat-sanitary-pipe-fitting-and-valves","8":"product_tag-china-2-way-ball-valve","9":"product_tag-direct-way-ball-valve-manufacturer","10":"product_tag-pneumatic-ball-valve","11":"product_tag-sanitary-ball-valve","12":"product_tag-sanitary-stainless-steel-ball-valve","13":"product_tag-stainless-steel-ball-valve","15":"first","16":"instock","17":"shipping-taxable","18":"product-type-simple"},"_links":{"self":[{"href":"https:\/\/www.stvvalves.com\/fr\/wp-json\/wp\/v2\/product\/5528","targetHints":{"allow":["GET"]}}],"collection":[{"href":"https:\/\/www.stvvalves.com\/fr\/wp-json\/wp\/v2\/product"}],"about":[{"href":"https:\/\/www.stvvalves.com\/fr\/wp-json\/wp\/v2\/types\/product"}],"wp:featuredmedia":[{"embeddable":true,"href":"https:\/\/www.stvvalves.com\/fr\/wp-json\/wp\/v2\/media\/5529"}],"wp:attachment":[{"href":"https:\/\/www.stvvalves.com\/fr\/wp-json\/wp\/v2\/media?parent=5528"}],"wp:term":[{"taxonomy":"product_brand","embeddable":true,"href":"https:\/\/www.stvvalves.com\/fr\/wp-json\/wp\/v2\/product_brand?post=5528"},{"taxonomy":"product_cat","embeddable":true,"href":"https:\/\/www.stvvalves.com\/fr\/wp-json\/wp\/v2\/product_cat?post=5528"},{"taxonomy":"product_tag","embeddable":true,"href":"https:\/\/www.stvvalves.com\/fr\/wp-json\/wp\/v2\/product_tag?post=5528"}],"curies":[{"name":"wp","href":"https:\/\/api.w.org\/{rel}","templated":true}]}}