{"id":5540,"date":"2019-12-09T03:10:10","date_gmt":"2019-12-09T03:10:10","guid":{"rendered":"https:\/\/www.stvvalves.com\/?post_type=product&#038;p=5540"},"modified":"2025-02-18T13:59:50","modified_gmt":"2025-02-18T05:59:50","slug":"sanitary-butterfly-valve-with-pneumatic-operated-actuatorbutt-weld-ends","status":"publish","type":"product","link":"https:\/\/www.stvvalves.com\/fr\/products\/sanitary-butterfly-valve-with-pneumatic-operated-actuatorbutt-weld-ends\/","title":{"rendered":"Vanne papillon sanitaire avec actionneur pneumatique, extr\u00e9mit\u00e9s soud\u00e9es bout \u00e0 bout"},"content":{"rendered":"<p>R\u00e9f\u00e9rence : ST-V1001<br \/>\nTailles disponibles : 1\/2\u2033 \u00e0 12\u2033 (DN10 \u2013 DN300)<br \/>\nConnexion d&#039;extr\u00e9mit\u00e9\u00a0: soud\u00e9e bout \u00e0 bout\/soud\u00e9e bout \u00e0 bout<br \/>\nCorps et disque\u00a0: AISI 304 ou 316L, (EN1.4301\/EN1.4404)<br \/>\nSi\u00e8ge : EPDM, VMQ (Silicone) ou Viton (FPM), approuv\u00e9 par la FDA.<br \/>\nMax. pression de service\u00a0: 145psi (10bar)<br \/>\nPlage de temp\u00e9rature : 14\u00b0F ~ 248\u00b0F (-10\u00b0C ~ 120\u00b0C) par d\u00e9faut, plus \u00e9lev\u00e9e disponible sur demande.<br \/>\nFonctionnement : actionneur pneumatique, 304SS, type vertical, NC\/NO\/AA.<br \/>\nPression d&#039;air de l&#039;actionneur\u00a0: 58 ~ 102 psi (4 ~ 7 bars)<br \/>\nTraitement de surface : Ra 32 \u03bcin (0,8 \u03bcm) par d\u00e9faut, Ra 16 \u03bcin (0,4 \u03bcm) au mieux.<\/p>\n<p><img loading=\"lazy\" decoding=\"async\" class=\"alignleft size-full wp-image-5541\" src=\"https:\/\/www.stvvalves.com\/wp-content\/uploads\/2019\/12\/Sanitary-Butterfly-Valve-with-Pneumatic-Operated-Actuator-Butt-weld-Ends-catalog.jpg\" alt=\"\" width=\"730\" height=\"773\" srcset=\"https:\/\/www.stvvalves.com\/wp-content\/uploads\/2019\/12\/Sanitary-Butterfly-Valve-with-Pneumatic-Operated-Actuator-Butt-weld-Ends-catalog.jpg 730w, https:\/\/www.stvvalves.com\/wp-content\/uploads\/2019\/12\/Sanitary-Butterfly-Valve-with-Pneumatic-Operated-Actuator-Butt-weld-Ends-catalog-600x635.jpg 600w, https:\/\/www.stvvalves.com\/wp-content\/uploads\/2019\/12\/Sanitary-Butterfly-Valve-with-Pneumatic-Operated-Actuator-Butt-weld-Ends-catalog-283x300.jpg 283w, https:\/\/www.stvvalves.com\/wp-content\/uploads\/2019\/12\/Sanitary-Butterfly-Valve-with-Pneumatic-Operated-Actuator-Butt-weld-Ends-catalog-666x705.jpg 666w\" sizes=\"auto, (max-width: 730px) 100vw, 730px\" \/><\/p>\n<p>&nbsp;<\/p>","protected":false},"excerpt":{"rendered":"<p>La s\u00e9rie ST-V1001 est une vanne papillon sanitaire de type pneumatique avec des extr\u00e9mit\u00e9s soud\u00e9es bout \u00e0 bout\/soud\u00e9es bout \u00e0 bout, largement utilis\u00e9e dans les syst\u00e8mes de tuyauterie de traitement pour l&#039;isolation et le contr\u00f4le. La vanne papillon ST-V1001 fonctionne automatiquement.<\/p>\n<p>La vanne papillon sanitaire peut \u00eatre actionn\u00e9e manuellement ou pneumatiquement. Il existe une large gamme de commandes manuelles pour r\u00e9pondre aux diff\u00e9rentes exigences du syst\u00e8me. Les commandes pneumatiques peuvent \u00eatre horizontales et verticales, simples, doubles effets et modulantes. Ils peuvent \u00eatre \u00e9quip\u00e9s de dessus de contr\u00f4le et de proximit\u00e9. Ils sont largement appliqu\u00e9s \u00e0 de nombreux domaines, tels que la bi\u00e8re, les boissons, les produits laitiers, les jus de fruits, la pharmacie, les produits biologiques, etc.<\/p>\n<p>STV Valve Technology Group Co., Ltd est un leader professionnel en Chine Vanne papillon hygi\u00e9nique, Vanne papillon sanitaire en acier inoxydable, Vanne papillon sanitaire avec actionneur, Vannes papillon sanitaires, Vanne papillon hygi\u00e9nique \u00e0 actionneur en aluminium avec fabricants d&#039;actionneurs de haute qualit\u00e9 et \u00e0 prix comp\u00e9titif.<\/p>","protected":false},"featured_media":5542,"template":"","meta":[],"product_brand":[],"product_cat":[966,969],"product_tag":[1349,1345,1347,1348,1346],"class_list":{"0":"post-5540","1":"product","2":"type-product","3":"status-publish","4":"has-post-thumbnail","6":"product_cat-pipe-fitting","7":"product_cat-sanitary-pipe-fitting-and-valves","8":"product_tag-aluminum-actuator-hygienic-butterfly-valve-with-actuator-manufacturers","9":"product_tag-china-hygienic-butterfly-valve","10":"product_tag-sanitary-butterfly-valve-with-actuator","11":"product_tag-sanitary-butterfly-valves","12":"product_tag-sanitary-stainless-steel-butterfly-valve","14":"first","15":"instock","16":"shipping-taxable","17":"product-type-simple"},"_links":{"self":[{"href":"https:\/\/www.stvvalves.com\/fr\/wp-json\/wp\/v2\/product\/5540","targetHints":{"allow":["GET"]}}],"collection":[{"href":"https:\/\/www.stvvalves.com\/fr\/wp-json\/wp\/v2\/product"}],"about":[{"href":"https:\/\/www.stvvalves.com\/fr\/wp-json\/wp\/v2\/types\/product"}],"wp:featuredmedia":[{"embeddable":true,"href":"https:\/\/www.stvvalves.com\/fr\/wp-json\/wp\/v2\/media\/5542"}],"wp:attachment":[{"href":"https:\/\/www.stvvalves.com\/fr\/wp-json\/wp\/v2\/media?parent=5540"}],"wp:term":[{"taxonomy":"product_brand","embeddable":true,"href":"https:\/\/www.stvvalves.com\/fr\/wp-json\/wp\/v2\/product_brand?post=5540"},{"taxonomy":"product_cat","embeddable":true,"href":"https:\/\/www.stvvalves.com\/fr\/wp-json\/wp\/v2\/product_cat?post=5540"},{"taxonomy":"product_tag","embeddable":true,"href":"https:\/\/www.stvvalves.com\/fr\/wp-json\/wp\/v2\/product_tag?post=5540"}],"curies":[{"name":"wp","href":"https:\/\/api.w.org\/{rel}","templated":true}]}}