{"id":5546,"date":"2019-12-09T06:54:04","date_gmt":"2019-12-09T06:54:04","guid":{"rendered":"https:\/\/www.stvvalves.com\/?post_type=product&#038;p=5546"},"modified":"2025-02-18T13:59:49","modified_gmt":"2025-02-18T05:59:49","slug":"sanitary-304-y-type-strainerdn50clamp-end","status":"publish","type":"product","link":"https:\/\/www.stvvalves.com\/fr\/products\/sanitary-304-y-type-strainerdn50clamp-end\/","title":{"rendered":"Cr\u00e9pine sanitaire de type Y 304, DN50, extr\u00e9mit\u00e9 \u00e0 pince"},"content":{"rendered":"<p>R\u00e9f\u00e9rence : ST-V1087<br \/>\nTailles disponibles : 1\u2033-6\u2033 (DN25-DN150)<br \/>\nMat\u00e9riau du bo\u00eetier\u00a0: AISI 304 ou AISI 316L<br \/>\nMat\u00e9riau du joint\u00a0: EPDM, silicone, Viton (FPM)<br \/>\nConnexions d&#039;extr\u00e9mit\u00e9\u00a0: soud\u00e9es bout \u00e0 bout, tri-clamp, filet\u00e9es<br \/>\nTailles de maille : de 0,5 mm \u00e0 2,0 mm<br \/>\n\u00c9cran : de 30 mesh \u00e0 300 mesh<br \/>\nMax. pression de service\u00a0: 145psi (10bar)<br \/>\nPlage de temp\u00e9rature\u00a0: 14 \u00b0F ~ 248 \u00b0F (-10 \u00b0C ~ 120 \u00b0C)<br \/>\nTraitement de surface\u00a0: Ra 16 ~ 32\u00b5in (0,4 ~ 0,8\u00b5m), Ra 32\u00b5in par d\u00e9faut<br \/>\nFiltre de type Y\u00a0: pas besoin de d\u00e9monter le pipeline, il suffit de desserrer la pince ou l&#039;\u00e9crou, puis le maillage peut \u00eatre retir\u00e9 facilement.<\/p>\n<p><img loading=\"lazy\" decoding=\"async\" class=\"alignleft size-full wp-image-5547\" src=\"https:\/\/www.stvvalves.com\/wp-content\/uploads\/2019\/12\/Sanitary-304-Y-Type-Strainer-DN50-Clamp-End-Catalog.jpg\" alt=\"\" width=\"701\" height=\"613\" srcset=\"https:\/\/www.stvvalves.com\/wp-content\/uploads\/2019\/12\/Sanitary-304-Y-Type-Strainer-DN50-Clamp-End-Catalog.jpg 701w, https:\/\/www.stvvalves.com\/wp-content\/uploads\/2019\/12\/Sanitary-304-Y-Type-Strainer-DN50-Clamp-End-Catalog-600x525.jpg 600w, https:\/\/www.stvvalves.com\/wp-content\/uploads\/2019\/12\/Sanitary-304-Y-Type-Strainer-DN50-Clamp-End-Catalog-300x262.jpg 300w\" sizes=\"auto, (max-width: 701px) 100vw, 701px\" \/><\/p>\n<p>&nbsp;<\/p>","protected":false},"excerpt":{"rendered":"<p>Le filtre sanitaire en Y ST-V1087 est utilis\u00e9 pour \u00e9liminer les petites particules des compresseurs, des pompes, des compteurs et de certains autres \u00e9quipements. Lorsque les liquides traversent le tamis, les impuret\u00e9s peuvent \u00eatre retenues, puis les liquides purs sortent par la sortie. Si un nettoyage est n\u00e9cessaire, retirez simplement la cartouche et remettez-la apr\u00e8s le nettoyage, elle est tr\u00e8s pratique pour l&#039;utilisation et l&#039;entretien.<\/p>\n<p>Les filtres sont dot\u00e9s d&#039;une conception compacte, d&#039;une forte puissance de filtrage, de faibles dommages et d&#039;un prix avantageux. Ils sont largement utilis\u00e9s dans les industries alimentaires, des boissons, des produits laitiers et pharmaceutiques.<\/p>\n<p>STV Valve Technology Group Co., Ltd est un leader professionnel en Chine : cr\u00e9pine sanitaire, cr\u00e9pine \u00e0 pince sanitaire, cr\u00e9pine en acier inoxydable, cr\u00e9pine sanitaire de type Y, fabricants de cr\u00e9pines de type Y \u00e0 pince de haute qualit\u00e9 et \u00e0 prix comp\u00e9titif.<\/p>","protected":false},"featured_media":5548,"template":"","meta":[],"product_brand":[],"product_cat":[966,969],"product_tag":[1350,1353,1351,1352,255],"class_list":{"0":"post-5546","1":"product","2":"type-product","3":"status-publish","4":"has-post-thumbnail","6":"product_cat-pipe-fitting","7":"product_cat-sanitary-pipe-fitting-and-valves","8":"product_tag-china-sanitary-strainer","9":"product_tag-clamp-y-type-strainer-manufacturers","10":"product_tag-sanitary-clamp-strainer","11":"product_tag-sanitary-y-type-strainer","12":"product_tag-stainless-steel-strainer","14":"first","15":"instock","16":"shipping-taxable","17":"product-type-simple"},"_links":{"self":[{"href":"https:\/\/www.stvvalves.com\/fr\/wp-json\/wp\/v2\/product\/5546","targetHints":{"allow":["GET"]}}],"collection":[{"href":"https:\/\/www.stvvalves.com\/fr\/wp-json\/wp\/v2\/product"}],"about":[{"href":"https:\/\/www.stvvalves.com\/fr\/wp-json\/wp\/v2\/types\/product"}],"wp:featuredmedia":[{"embeddable":true,"href":"https:\/\/www.stvvalves.com\/fr\/wp-json\/wp\/v2\/media\/5548"}],"wp:attachment":[{"href":"https:\/\/www.stvvalves.com\/fr\/wp-json\/wp\/v2\/media?parent=5546"}],"wp:term":[{"taxonomy":"product_brand","embeddable":true,"href":"https:\/\/www.stvvalves.com\/fr\/wp-json\/wp\/v2\/product_brand?post=5546"},{"taxonomy":"product_cat","embeddable":true,"href":"https:\/\/www.stvvalves.com\/fr\/wp-json\/wp\/v2\/product_cat?post=5546"},{"taxonomy":"product_tag","embeddable":true,"href":"https:\/\/www.stvvalves.com\/fr\/wp-json\/wp\/v2\/product_tag?post=5546"}],"curies":[{"name":"wp","href":"https:\/\/api.w.org\/{rel}","templated":true}]}}