{"id":5560,"date":"2020-03-05T02:58:31","date_gmt":"2020-03-05T02:58:31","guid":{"rendered":"https:\/\/www.stvvalves.com\/?post_type=product&#038;p=5560"},"modified":"2024-12-25T14:58:28","modified_gmt":"2024-12-25T06:58:28","slug":"pneumatic-angle-seat-valve-cf8m-bspt-end","status":"publish","type":"product","link":"https:\/\/www.stvvalves.com\/fr\/products\/pneumatic-angle-seat-valve-cf8m-bspt-end\/","title":{"rendered":"Vanne pneumatique \u00e0 si\u00e8ge inclin\u00e9, CF8M, extr\u00e9mit\u00e9 Bspt"},"content":{"rendered":"<p>Vanne pneumatique \u00e0 si\u00e8ge inclin\u00e9<\/p>\n<p>Donn\u00e9es techniques:<br \/>\nPression du fluide : Max \u00d7 1,6 MPa (232 psi)<br \/>\nPression de contr\u00f4le : 0,3-0,8 MPa (43,5-116 psi)<br \/>\nFluide de contr\u00f4le\u00a0:\u00a0gaz neutre, air<br \/>\nTaille de l&#039;actionneur\u00a0: 27\u00a0mm, 32\u00a0mm, 40\u00a0mm, 50\u00a0mm, 63\u00a0mm, 80\u00a0mm, 100\u00a0mm, 125\u00a0mm<br \/>\nFluide applicable\u00a0: eau, alcool, huile, colorant, vapeur, gaz ou liquide neutre, solvant organique, acide et lessive.<br \/>\nTemp\u00e9rature du fluide : -10 \u2103-+180 \u2103,25 \u2103-+220 \u2103<br \/>\nTemp\u00e9rature ambiante : -10 \u2103-+80 \u2103<br \/>\nType de contr\u00f4le : normalement ferm\u00e9, normalement ouvert, double effet.<br \/>\nConnexion\u00a0: filet\u00e9e (BSP.BSPT, NPT), soud\u00e9e, \u00e0 bride, Tri-clamp<\/p>\n<p>Mat\u00e9riaux principaux \uff1a<br \/>\nMat\u00e9riau du corps : CF8M (SS316), CF8 (SS304)<br \/>\nMat\u00e9riau des joints : PTFE.<br \/>\nMat\u00e9riau de l&#039;actionneur : CF8 (SS304)<\/p>\n<p>Applications:<br \/>\nMachines de remplissage de bi\u00e8re et de boissons<br \/>\nImpression et teinture textiles<br \/>\nIndustrie du gaz<br \/>\nPharmacie et \u00e9quipement m\u00e9dical<br \/>\nIndustrie chimique<br \/>\nD\u00e9sinfection<br \/>\n\u00c9quipement pour mousser<br \/>\n\u00c9limination de l&#039;eau et des eaux us\u00e9es<\/p>\n<p>Avantages :<br \/>\n1. Grand flux, faible r\u00e9sistance, pas de coup de b\u00e9lier en forme de type Y \u00e9largi la section fluide, ce qui pourrait augmenter le flux de 30% et rendre le flux plus fluide.<br \/>\n2. Tr\u00e8s longue dur\u00e9e de vie.<br \/>\n3. Ce qui aide la tige \u00e0 s&#039;ajuster et \u00e0 se lubrifier automatiquement.<br \/>\n4. Le mat\u00e9riau du cylindre est en acier inoxydable. Lubrification automatique, roulement \u00e0 360 \u00b0 librement. Soupape de si\u00e8ge d&#039;angle pneumatique filet\u00e9e en Chine, soupape de si\u00e8ge d&#039;angle pneumatique soud\u00e9e, soupape de si\u00e8ge d&#039;angle pneumatique en acier inoxydable, soupape de si\u00e8ge d&#039;angle pneumatique \u00e0 extr\u00e9mit\u00e9 \u00e0 bride, soupape de si\u00e8ge d&#039;angle pneumatique \u00e0 trois pinces<\/p>\n<table>\n<tbody>\n<tr>\n<td width=\"200\"><strong>Nom du produit<\/strong><\/td>\n<td width=\"481\">Vanne pneumatique \u00e0 si\u00e8ge inclin\u00e9, CF8M, extr\u00e9mit\u00e9 Bspt<\/td>\n<\/tr>\n<tr>\n<td width=\"200\">1. Mat\u00e9riel<\/td>\n<td width=\"481\">CF8M<\/td>\n<\/tr>\n<tr>\n<td width=\"200\">2. Taille<\/td>\n<td width=\"481\">2&quot;<\/td>\n<\/tr>\n<tr>\n<td width=\"200\">4. Port<\/td>\n<td width=\"481\">Port complet<\/td>\n<\/tr>\n<tr>\n<td width=\"200\">5. Pression de travail<\/td>\n<td width=\"481\">800wog<\/td>\n<\/tr>\n<tr>\n<td width=\"200\">6. Fin de la connexion<\/td>\n<td width=\"481\">TNP<\/td>\n<\/tr>\n<tr>\n<td width=\"200\">7. Temp\u00e9rature de travail.<\/td>\n<td width=\"481\">-29~120\u00baC,<\/td>\n<\/tr>\n<tr>\n<td width=\"200\">8. Support appropri\u00e9<\/td>\n<td width=\"481\">Eau, gaz naturel, p\u00e9trole et certains liquides corrosifs<\/td>\n<\/tr>\n<tr>\n<td width=\"200\">9. Exploit\u00e9<\/td>\n<td width=\"481\">\/<\/td>\n<\/tr>\n<tr>\n<td width=\"200\">10. Inspection et tests<\/td>\n<td width=\"481\">Selon API598<\/td>\n<\/tr>\n<tr>\n<td width=\"200\"><strong>Exp\u00e9dition<\/strong><\/td>\n<td width=\"481\"><\/td>\n<\/tr>\n<tr>\n<td width=\"200\">D\u00e9lai de livraison<\/td>\n<td width=\"481\">30 jours<\/td>\n<\/tr>\n<tr>\n<td width=\"200\">Emballer<\/td>\n<td width=\"481\">Caisse en contreplaqu\u00e9 d&#039;exportation standard<\/td>\n<\/tr>\n<tr>\n<td width=\"200\">Port d&#039;exp\u00e9dition<\/td>\n<td width=\"481\">Ningbo\/Shanghai, Chine<\/td>\n<\/tr>\n<tr>\n<td width=\"200\">Conditions d&#039;exp\u00e9dition<\/td>\n<td width=\"481\">Exw, FOB, CFR, CIF, etc.<\/td>\n<\/tr>\n<tr>\n<td width=\"200\">Modalit\u00e9s de paiement<\/td>\n<td width=\"481\">T\/T, Western Union, PayPal, etc.<\/td>\n<\/tr>\n<tr>\n<td width=\"200\"><\/td>\n<td width=\"481\">Pr\u00e9paiement 30%, solde 70% pay\u00e9 avant l&#039;exp\u00e9dition<\/td>\n<\/tr>\n<tr>\n<td width=\"200\">Pays d&#039;origine<\/td>\n<td width=\"481\">Ville de Wenzhou, Chine<\/td>\n<\/tr>\n<tr>\n<td width=\"200\">Capacit\u00e9 de production<\/td>\n<td width=\"481\">6000 tonnes\/an<\/td>\n<\/tr>\n<tr>\n<td width=\"200\">MOQ<\/td>\n<td width=\"481\">1 pi\u00e8ces\/taille<\/td>\n<\/tr>\n<\/tbody>\n<\/table>","protected":false},"excerpt":{"rendered":"<p>La vanne \u00e0 si\u00e8ge inclin\u00e9 peut \u00e9conomiser de l&#039;espace en maintenant le d\u00e9bit. Il doit \u00eatre souvent ouvert ou ferm\u00e9 lorsqu&#039;il est utilis\u00e9.<br \/>\nLa vanne \u00e0 si\u00e8ge inclin\u00e9 est largement utilis\u00e9e dans les d\u00e9marrages fr\u00e9quents et de courte dur\u00e9e, qui pr\u00e9sente les caract\u00e9ristiques d&#039;une r\u00e9action sensible et d&#039;une action pr\u00e9cise.<br \/>\nGr\u00e2ce \u00e0 l&#039;utilisation de l&#039;\u00e9lectrovanne, le d\u00e9bit de gaz et de liquide peut \u00eatre contr\u00f4l\u00e9 avec pr\u00e9cision par commande pneumatique. Il peut r\u00e9aliser l&#039;exigence d&#039;un contr\u00f4le pr\u00e9cis de la temp\u00e9rature, d&#039;une goutte de liquide, etc.<\/p>\n<p>STV Valve Technology Group Co., Limited est un leader professionnel en Chine Vanne \u00e0 si\u00e8ge angulaire pneumatique filet\u00e9e, Vanne \u00e0 si\u00e8ge angulaire pneumatique soud\u00e9e, Vanne \u00e0 si\u00e8ge angulaire pneumatique en acier inoxydable, Vanne \u00e0 si\u00e8ge angulaire pneumatique \u00e0 extr\u00e9mit\u00e9 \u00e0 bride, Fabricant de vanne \u00e0 si\u00e8ge angulaire pneumatique \u00e0 trois pinces de haute qualit\u00e9 et prix comp\u00e9titif.<\/p>\n<p>Veuillez contacter notre sales@stvvalve.com pour d&#039;autres mat\u00e9riaux et d\u00e9tails.<\/p>\n<p>Feuille de dates\u00a0:<br \/>\nVanne pneumatique \u00e0 si\u00e8ge inclin\u00e9, CF8M, extr\u00e9mit\u00e9 Bspt<\/p>","protected":false},"featured_media":5566,"template":"","meta":[],"product_brand":[],"product_cat":[45,189],"product_tag":[1359,1358,1356,1360,1357],"class_list":{"0":"post-5560","1":"product","2":"type-product","3":"status-publish","4":"has-post-thumbnail","6":"product_cat-globe-valve","7":"product_cat-stainless-steel-globe-valve","8":"product_tag-flanged-end-pneumatic-angle-seat-valve","9":"product_tag-stainless-steel-pneumatic-angle-seat-valve","10":"product_tag-threaded-pneumatic-angle-seat-valve","11":"product_tag-tri-clamp-pneumatic-angle-seat-valve","12":"product_tag-welded-pneumatic-angle-seat-valve","14":"first","15":"instock","16":"shipping-taxable","17":"product-type-simple"},"_links":{"self":[{"href":"https:\/\/www.stvvalves.com\/fr\/wp-json\/wp\/v2\/product\/5560","targetHints":{"allow":["GET"]}}],"collection":[{"href":"https:\/\/www.stvvalves.com\/fr\/wp-json\/wp\/v2\/product"}],"about":[{"href":"https:\/\/www.stvvalves.com\/fr\/wp-json\/wp\/v2\/types\/product"}],"wp:featuredmedia":[{"embeddable":true,"href":"https:\/\/www.stvvalves.com\/fr\/wp-json\/wp\/v2\/media\/5566"}],"wp:attachment":[{"href":"https:\/\/www.stvvalves.com\/fr\/wp-json\/wp\/v2\/media?parent=5560"}],"wp:term":[{"taxonomy":"product_brand","embeddable":true,"href":"https:\/\/www.stvvalves.com\/fr\/wp-json\/wp\/v2\/product_brand?post=5560"},{"taxonomy":"product_cat","embeddable":true,"href":"https:\/\/www.stvvalves.com\/fr\/wp-json\/wp\/v2\/product_cat?post=5560"},{"taxonomy":"product_tag","embeddable":true,"href":"https:\/\/www.stvvalves.com\/fr\/wp-json\/wp\/v2\/product_tag?post=5560"}],"curies":[{"name":"wp","href":"https:\/\/api.w.org\/{rel}","templated":true}]}}