{"id":5574,"date":"2020-03-09T02:16:41","date_gmt":"2020-03-09T02:16:41","guid":{"rendered":"https:\/\/www.stvvalves.com\/?post_type=product&#038;p=5574"},"modified":"2025-03-23T20:27:36","modified_gmt":"2025-03-23T12:27:36","slug":"stainless-steel-double-window-sight-glass-flanged-type","status":"publish","type":"product","link":"https:\/\/www.stvvalves.com\/fr\/products\/stainless-steel-double-window-sight-glass-flanged-type\/","title":{"rendered":"Verre de vis\u00e9e \u00e0 double fen\u00eatre en acier inoxydable, type \u00e0 bride"},"content":{"rendered":"<p>1\/2\u2033~4\u2033 (DN15~DN100)<br \/>\nMat\u00e9riel: WCB\/304\/316<br \/>\nWP\u00a0: PN16 CLASSE 150 JIS 10K<br \/>\nPOIDS\u00a0: -20 \u2103 ~ 200 \u2103 (-4 \u2109 ~ 392 \u2109)<br \/>\nMoulage de pr\u00e9cision<br \/>\nFace \u00e0 face\u00a0: DIN 3202 Partie 1-F1\/ANSI 150LB\/JIS10K<\/p>\n<p><img loading=\"lazy\" decoding=\"async\" class=\"alignleft size-full wp-image-5575\" src=\"https:\/\/www.stvvalves.com\/wp-content\/uploads\/2020\/03\/Stainless-Steel-Double-Window-Sight-Glass-Flanged-Type-drawing-rotated.jpg\" alt=\"\" width=\"2338\" height=\"1653\" srcset=\"https:\/\/www.stvvalves.com\/wp-content\/uploads\/2020\/03\/Stainless-Steel-Double-Window-Sight-Glass-Flanged-Type-drawing-rotated.jpg 2338w, https:\/\/www.stvvalves.com\/wp-content\/uploads\/2020\/03\/Stainless-Steel-Double-Window-Sight-Glass-Flanged-Type-drawing-600x424.jpg 600w, https:\/\/www.stvvalves.com\/wp-content\/uploads\/2020\/03\/Stainless-Steel-Double-Window-Sight-Glass-Flanged-Type-drawing-300x212.jpg 300w, https:\/\/www.stvvalves.com\/wp-content\/uploads\/2020\/03\/Stainless-Steel-Double-Window-Sight-Glass-Flanged-Type-drawing-1030x728.jpg 1030w, https:\/\/www.stvvalves.com\/wp-content\/uploads\/2020\/03\/Stainless-Steel-Double-Window-Sight-Glass-Flanged-Type-drawing-768x543.jpg 768w, https:\/\/www.stvvalves.com\/wp-content\/uploads\/2020\/03\/Stainless-Steel-Double-Window-Sight-Glass-Flanged-Type-drawing-1536x1086.jpg 1536w, https:\/\/www.stvvalves.com\/wp-content\/uploads\/2020\/03\/Stainless-Steel-Double-Window-Sight-Glass-Flanged-Type-drawing-2048x1448.jpg 2048w, https:\/\/www.stvvalves.com\/wp-content\/uploads\/2020\/03\/Stainless-Steel-Double-Window-Sight-Glass-Flanged-Type-drawing-1500x1061.jpg 1500w, https:\/\/www.stvvalves.com\/wp-content\/uploads\/2020\/03\/Stainless-Steel-Double-Window-Sight-Glass-Flanged-Type-drawing-260x185.jpg 260w, https:\/\/www.stvvalves.com\/wp-content\/uploads\/2020\/03\/Stainless-Steel-Double-Window-Sight-Glass-Flanged-Type-drawing-705x498.jpg 705w\" sizes=\"auto, (max-width: 2338px) 100vw, 2338px\" \/><\/p>","protected":false},"excerpt":{"rendered":"<p>Le voyant \u00e0 double fen\u00eatre en acier inoxydable est l&#039;un des principaux accessoires du dispositif de pipeline industriel. Dans le pipeline d&#039;appareils de production industrielle tels que le p\u00e9trole, l&#039;industrie chimique, la m\u00e9decine, l&#039;alimentation, etc., le voyant peut observer \u00e0 tout moment le flux et la r\u00e9action du liquide, du gaz, de la vapeur et d&#039;autres m\u00e9dias dans le pipeline, afin de surveiller la production et \u00e9viter les accidents dans le processus de production. Selon diff\u00e9rentes exigences, nous pouvons diviser le miroir droit en type de base, type \u00e0 turbine, type \u00e0 bille flottante et type \u00e0 plaque pivotante.<\/p>\n<p>STV Valve Technology Group Co., Ltd est un leader professionnel Chine voyant de niveau en acier inoxydable, voyant \u00e0 bride en acier inoxydable, voyant d&#039;huile en acier inoxydable, voyant en acier inoxydable 1\/2, voyant sanitaire en acier inoxydable, voyant filet\u00e9 en acier inoxydable fabricant de haute qualit\u00e9 et prix comp\u00e9titif.<\/p>\n<p>Veuillez contacter notre sales@stvvalve.com pour d&#039;autres mat\u00e9riaux et d\u00e9tails.<br \/>\n<a href=\"https:\/\/www.stvvalves.com\/wp-content\/uploads\/2020\/03\/Stainless-Steel-Double-Window-Sight-Glass-Flanged-Type-drawing.pdf\">Verre de vis\u00e9e \u00e0 double fen\u00eatre en acier inoxydable, type \u00e0 bride<\/a><\/p>\n<p>&nbsp;<\/p>","protected":false},"featured_media":5576,"template":"","meta":[],"product_brand":[],"product_cat":[966,969],"product_tag":[1364,1362,1361,1363,1365,1366],"class_list":{"0":"post-5574","1":"product","2":"type-product","3":"status-publish","4":"has-post-thumbnail","6":"product_cat-pipe-fitting","7":"product_cat-sanitary-pipe-fitting-and-valves","8":"product_tag-1-2-stainless-steel-sight-glass","9":"product_tag-stainless-steel-flanged-sight-glass","10":"product_tag-stainless-steel-level-sight-glass","11":"product_tag-stainless-steel-oil-sight-glass","12":"product_tag-stainless-steel-sanitary-sight-glass","13":"product_tag-stainless-steel-threaded-sight-glass","15":"first","16":"instock","17":"shipping-taxable","18":"product-type-simple"},"_links":{"self":[{"href":"https:\/\/www.stvvalves.com\/fr\/wp-json\/wp\/v2\/product\/5574","targetHints":{"allow":["GET"]}}],"collection":[{"href":"https:\/\/www.stvvalves.com\/fr\/wp-json\/wp\/v2\/product"}],"about":[{"href":"https:\/\/www.stvvalves.com\/fr\/wp-json\/wp\/v2\/types\/product"}],"wp:featuredmedia":[{"embeddable":true,"href":"https:\/\/www.stvvalves.com\/fr\/wp-json\/wp\/v2\/media\/5576"}],"wp:attachment":[{"href":"https:\/\/www.stvvalves.com\/fr\/wp-json\/wp\/v2\/media?parent=5574"}],"wp:term":[{"taxonomy":"product_brand","embeddable":true,"href":"https:\/\/www.stvvalves.com\/fr\/wp-json\/wp\/v2\/product_brand?post=5574"},{"taxonomy":"product_cat","embeddable":true,"href":"https:\/\/www.stvvalves.com\/fr\/wp-json\/wp\/v2\/product_cat?post=5574"},{"taxonomy":"product_tag","embeddable":true,"href":"https:\/\/www.stvvalves.com\/fr\/wp-json\/wp\/v2\/product_tag?post=5574"}],"curies":[{"name":"wp","href":"https:\/\/api.w.org\/{rel}","templated":true}]}}