{"id":5618,"date":"2020-10-07T02:23:09","date_gmt":"2020-10-07T02:23:09","guid":{"rendered":"https:\/\/www.stvvalves.com\/?post_type=product&#038;p=5618"},"modified":"2025-02-19T19:47:50","modified_gmt":"2025-02-19T11:47:50","slug":"2205-threaded-ball-valve-pn16-dn15-npt-end","status":"publish","type":"product","link":"https:\/\/www.stvvalves.com\/fr\/products\/2205-threaded-ball-valve-pn16-dn15-npt-end\/","title":{"rendered":"Robinet \u00e0 tournant sph\u00e9rique filet\u00e9 2205, PN16, DN15, extr\u00e9mit\u00e9 NPT"},"content":{"rendered":"<p>Principales caract\u00e9ristiques:<br \/>\nConnexions d&#039;extr\u00e9mit\u00e9 viss\u00e9es BSP ou NPT<br \/>\n2205<br \/>\nSi\u00e8ge en PTFE<br \/>\nTailles : 1\/4\u2033 \u00e0 4\u2033<br \/>\nPlage de temp\u00e9rature : -20 \u00b0C \u00e0 +180 \u00b0C<br \/>\nPression de fonctionnement\u00a0:\u00a01000 WOG<br \/>\nMouvement : rotation \u00e0 90\u00b0<\/p>\n<table>\n<tbody>\n<tr>\n<td width=\"200\"><strong>Nom du produit<\/strong><\/td>\n<td width=\"481\">Robinet \u00e0 tournant sph\u00e9rique filet\u00e9 2205, PN16, DN15, extr\u00e9mit\u00e9 NPT<\/td>\n<\/tr>\n<tr>\n<td width=\"200\">1. Mat\u00e9riel<\/td>\n<td width=\"481\">2205<\/td>\n<\/tr>\n<tr>\n<td width=\"200\">2. Taille<\/td>\n<td width=\"481\">1\/2\u201d<\/td>\n<\/tr>\n<tr>\n<td width=\"200\">4. Port<\/td>\n<td width=\"481\">Port complet<\/td>\n<\/tr>\n<tr>\n<td width=\"200\">5. Pression de travail<\/td>\n<td width=\"481\">1000WOG<\/td>\n<\/tr>\n<tr>\n<td width=\"200\">6. Fin de la connexion<\/td>\n<td width=\"481\">TNP<\/td>\n<\/tr>\n<tr>\n<td width=\"200\">7. Temp\u00e9rature de travail.<\/td>\n<td width=\"481\">-29~120\u00baC,<\/td>\n<\/tr>\n<tr>\n<td width=\"200\">8. Support appropri\u00e9<\/td>\n<td width=\"481\">Eau, gaz naturel, p\u00e9trole et certains liquides corrosifs<\/td>\n<\/tr>\n<tr>\n<td width=\"200\">9. Exploit\u00e9<\/td>\n<td width=\"481\">Volant<\/td>\n<\/tr>\n<tr>\n<td width=\"200\">10. Inspection et tests<\/td>\n<td width=\"481\">Selon API598<\/td>\n<\/tr>\n<tr>\n<td width=\"200\"><strong>Exp\u00e9dition<\/strong><\/td>\n<td width=\"481\"><\/td>\n<\/tr>\n<tr>\n<td width=\"200\">D\u00e9lai de livraison<\/td>\n<td width=\"481\">30 jours<\/td>\n<\/tr>\n<tr>\n<td width=\"200\">Emballer<\/td>\n<td width=\"481\">Caisse en contreplaqu\u00e9 d&#039;exportation standard<\/td>\n<\/tr>\n<tr>\n<td width=\"200\">Port d&#039;exp\u00e9dition<\/td>\n<td width=\"481\">Ningbo\/Shanghai, Chine<\/td>\n<\/tr>\n<tr>\n<td width=\"200\">Conditions d&#039;exp\u00e9dition<\/td>\n<td width=\"481\">Exw, FOB, CFR, CIF, etc.<\/td>\n<\/tr>\n<tr>\n<td width=\"200\">Modalit\u00e9s de paiement<\/td>\n<td width=\"481\">T\/T, Western Union, PayPal, etc.<\/td>\n<\/tr>\n<tr>\n<td width=\"200\"><\/td>\n<td width=\"481\">Pr\u00e9paiement 30%, solde 70% pay\u00e9 avant l&#039;exp\u00e9dition<\/td>\n<\/tr>\n<tr>\n<td width=\"200\">Pays d&#039;origine<\/td>\n<td width=\"481\">Ville de Wenzhou, Chine<\/td>\n<\/tr>\n<tr>\n<td width=\"200\">Capacit\u00e9 de production<\/td>\n<td width=\"481\">6000 tonnes\/an<\/td>\n<\/tr>\n<tr>\n<td width=\"200\">MOQ<\/td>\n<td width=\"481\">1 pi\u00e8ces\/taille<\/td>\n<\/tr>\n<\/tbody>\n<\/table>","protected":false},"excerpt":{"rendered":"<p>Mod\u00e8le : Q11F-1-1000WOG-1\/2\u2033<\/p>\n<p>Le robinet \u00e0 tournant sph\u00e9rique filet\u00e9 STV 2205 peut \u00eatre constitu\u00e9 d&#039;une structure monobloc, d&#039;une structure en deux pi\u00e8ces et d&#039;une structure en trois pi\u00e8ces. Il est con\u00e7u par la technologie de la soci\u00e9t\u00e9 euro\u00e9lectrique. C&#039;est un produit avec interrupteur, structure simple et abordable. Il peut \u00eatre corrod\u00e9 par un milieu oxydant fort, l&#039;eau de mer, le chlorure, le thioate d&#039;ammonium et d&#039;autres milieux.<br \/>\nLe robinet \u00e0 bille filet\u00e9 est une sorte de vanne dont la bille tourne autour de la ligne centrale du corps de la vanne pour atteindre l&#039;ouverture ou la fermeture. Il est principalement utilis\u00e9 dans les pipelines pour couper, distribuer et modifier le sens d&#039;\u00e9coulement du fluide. La vanne \u00e0 bille \u00e0 vis interne 2205 est une sorte de vanne largement utilis\u00e9e ces derni\u00e8res ann\u00e9es. La vanne est g\u00e9n\u00e9ralement install\u00e9e horizontalement<\/p>\n<p>Comprend une tige anti-\u00e9ruption, une poign\u00e9e isol\u00e9e et une poign\u00e9e \u00e0 levier verrouillable.<\/p>\n<p>&nbsp;<\/p>\n<p>STV Valve Technology Group Co., Ltd est un leader professionnel en Chine, robinet \u00e0 tournant sph\u00e9rique 2205, robinet \u00e0 tournant sph\u00e9rique filet\u00e9 2205, robinet \u00e0 tournant sph\u00e9rique NPT 2205, fabricant de robinet \u00e0 tournant sph\u00e9rique Supper 2205 de haute qualit\u00e9 et \u00e0 prix comp\u00e9titif.<\/p>","protected":false},"featured_media":5623,"template":"","meta":[],"product_brand":[],"product_cat":[43,79],"product_tag":[1396,1395,1397,1399],"class_list":{"0":"post-5618","1":"product","2":"type-product","3":"status-publish","4":"has-post-thumbnail","6":"product_cat-ball-valve","7":"product_cat-threaded-ball-valve","8":"product_tag-2205-threaded-ball-valve","9":"product_tag-china-2205-ball-valve","10":"product_tag-npt-2205-ball-valve","11":"product_tag-supper-2205-ball-vave-manufacturer","13":"first","14":"instock","15":"shipping-taxable","16":"product-type-simple"},"_links":{"self":[{"href":"https:\/\/www.stvvalves.com\/fr\/wp-json\/wp\/v2\/product\/5618","targetHints":{"allow":["GET"]}}],"collection":[{"href":"https:\/\/www.stvvalves.com\/fr\/wp-json\/wp\/v2\/product"}],"about":[{"href":"https:\/\/www.stvvalves.com\/fr\/wp-json\/wp\/v2\/types\/product"}],"wp:featuredmedia":[{"embeddable":true,"href":"https:\/\/www.stvvalves.com\/fr\/wp-json\/wp\/v2\/media\/5623"}],"wp:attachment":[{"href":"https:\/\/www.stvvalves.com\/fr\/wp-json\/wp\/v2\/media?parent=5618"}],"wp:term":[{"taxonomy":"product_brand","embeddable":true,"href":"https:\/\/www.stvvalves.com\/fr\/wp-json\/wp\/v2\/product_brand?post=5618"},{"taxonomy":"product_cat","embeddable":true,"href":"https:\/\/www.stvvalves.com\/fr\/wp-json\/wp\/v2\/product_cat?post=5618"},{"taxonomy":"product_tag","embeddable":true,"href":"https:\/\/www.stvvalves.com\/fr\/wp-json\/wp\/v2\/product_tag?post=5618"}],"curies":[{"name":"wp","href":"https:\/\/api.w.org\/{rel}","templated":true}]}}