{"id":5624,"date":"2020-10-07T12:47:37","date_gmt":"2020-10-07T12:47:37","guid":{"rendered":"https:\/\/www.stvvalves.com\/?post_type=product&#038;p=5624"},"modified":"2025-02-18T13:59:00","modified_gmt":"2025-02-18T05:59:00","slug":"s31803-flanged-y-strainer-150lb-dn100","status":"publish","type":"product","link":"https:\/\/www.stvvalves.com\/fr\/products\/s31803-flanged-y-strainer-150lb-dn100\/","title":{"rendered":"S31803 Cr\u00e9pine en Y \u00e0 bride, 150LB, DN100"},"content":{"rendered":"<p>Normes de cr\u00e9pine de type Y \u00e0 bride<\/p>\n<p>Conception et fabrication\u00a0: ASME B16.34<br \/>\nInspection et test\u00a0: API 598<br \/>\nDimension de la bride d&#039;extr\u00e9mit\u00e9\u00a0: ASME B16.5, ASME B16.47 A<br \/>\nDimension d&#039;extr\u00e9mit\u00e9 BW\u00a0: ASME B16.25<br \/>\nFace \u00e0 face et bout \u00e0 bout\u00a0: ASME B16.10<br \/>\n(clapet anti-retour\/robinet \u00e0 soupape)<br \/>\nIndices de pression-temp\u00e9rature\u00a0: ASME B16.34<\/p>\n<p>Norme : API, ANSI, ISO, BS, DIN, NF, JIS. ECT<br \/>\nMani\u00e8re de connexion\u00a0: brides, filetage, soudage par douille, BW<br \/>\nPression nominale\u00a0: PN 1,0 ~ 25\u00a0Mpa\u00a0; Classe150 ~ 600<br \/>\nTaille : DN6~500mm, NPS1\/4\u2033~20\u2033<br \/>\nTemp. -198c~+450c<br \/>\nMat\u00e9riel:<br \/>\nTianium\u00a0: TA1, TA2, TA10, TC4, GR2, GR3, GR5<br \/>\nAlliage de nickel\u00a0: N6, N201, N200, CZ-100<br \/>\nAlliage Hastelloy\u00a0: Hastello B (N-12MV, N-7M), Hastello C (CW-12MW)<br \/>\nHastelloy C276 (CW-6MC), Hastelloy C4, Hastelloy G30<br \/>\nAlliage Monel\u00a0: M-30C, M35-1, Monel 400, Monel 600, Monel K500<br \/>\nInconel\u00a0:\u00a0Inconel 600, Inconel 800, Inconel 690<br \/>\nAcier duplex\u00a0: S31803 (SAF2205, F51), S32750 (SAF2507, F53)<br \/>\nZirconium\u00a0: Zirconium 702, Zirconium 705<br \/>\nAcier inoxydable aust\u00e9nitique\u00a0: 904L, 254SMO. 654SMO<br \/>\nAutre\u00a0: NS143\/Alloy20, C4<\/p>\n<table>\n<tbody>\n<tr>\n<td width=\"200\"><strong>Nom du produit<\/strong><\/td>\n<td width=\"481\">S31803 Cr\u00e9pine en Y \u00e0 bride, 150LB, DN100<\/td>\n<\/tr>\n<tr>\n<td width=\"200\">1. Mat\u00e9riel<\/td>\n<td width=\"481\">S31806<\/td>\n<\/tr>\n<tr>\n<td width=\"200\">2. Taille<\/td>\n<td width=\"481\">4&quot;<\/td>\n<\/tr>\n<tr>\n<td width=\"200\">4. Port<\/td>\n<td width=\"481\">Port complet<\/td>\n<\/tr>\n<tr>\n<td width=\"200\">5. Pression de travail<\/td>\n<td width=\"481\">150 livres<\/td>\n<\/tr>\n<tr>\n<td width=\"200\">6. Fin de la connexion<\/td>\n<td width=\"481\">RF<\/td>\n<\/tr>\n<tr>\n<td width=\"200\">7. Temp\u00e9rature de travail.<\/td>\n<td width=\"481\">-29~425\u00baC,<\/td>\n<\/tr>\n<tr>\n<td width=\"200\">8. Support appropri\u00e9<\/td>\n<td width=\"481\">Eau, gaz naturel, p\u00e9trole et certains liquides corrosifs<\/td>\n<\/tr>\n<tr>\n<td width=\"200\">9. Exploit\u00e9<\/td>\n<td width=\"481\">\/<\/td>\n<\/tr>\n<tr>\n<td width=\"200\">10. Inspection et tests<\/td>\n<td width=\"481\">Selon API598<\/td>\n<\/tr>\n<tr>\n<td width=\"200\"><strong>Exp\u00e9dition<\/strong><\/td>\n<td width=\"481\"><\/td>\n<\/tr>\n<tr>\n<td width=\"200\">D\u00e9lai de livraison<\/td>\n<td width=\"481\">30 jours<\/td>\n<\/tr>\n<tr>\n<td width=\"200\">Emballer<\/td>\n<td width=\"481\">Caisse en contreplaqu\u00e9 d&#039;exportation standard<\/td>\n<\/tr>\n<tr>\n<td width=\"200\">Port d&#039;exp\u00e9dition<\/td>\n<td width=\"481\">Ningbo\/Shanghai, Chine<\/td>\n<\/tr>\n<tr>\n<td width=\"200\">Conditions d&#039;exp\u00e9dition<\/td>\n<td width=\"481\">Exw, FOB, CFR, CIF, etc.<\/td>\n<\/tr>\n<tr>\n<td width=\"200\">Modalit\u00e9s de paiement<\/td>\n<td width=\"481\">T\/T, Western Union, PayPal, etc.<\/td>\n<\/tr>\n<tr>\n<td width=\"200\"><\/td>\n<td width=\"481\">Pr\u00e9paiement 30%, solde 70% pay\u00e9 avant l&#039;exp\u00e9dition<\/td>\n<\/tr>\n<tr>\n<td width=\"200\">Pays d&#039;origine<\/td>\n<td width=\"481\">Ville de Wenzhou, Chine<\/td>\n<\/tr>\n<tr>\n<td width=\"200\">Capacit\u00e9 de production<\/td>\n<td width=\"481\">6000 tonnes\/an<\/td>\n<\/tr>\n<tr>\n<td width=\"200\">MOQ<\/td>\n<td width=\"481\">1 pi\u00e8ces\/taille<\/td>\n<\/tr>\n<\/tbody>\n<\/table>","protected":false},"excerpt":{"rendered":"<p>STV-GL41Y-DN100<\/p>\n<p>Le filtre en Y \u00e0 bride S31803 est principalement compos\u00e9 d&#039;une buse, d&#039;un tuyau principal, d&#039;un tamis filtrant, d&#039;une bride, d&#039;un couvercle de bride et d&#039;une fixation. Le filtre s31803y pr\u00e9sente les avantages d&#039;une structure avanc\u00e9e, d&#039;une faible r\u00e9sistance et d&#039;une purge pratique. Lorsque le liquide p\u00e9n\u00e8tre dans le panier-filtre par le tuyau principal, les particules d&#039;impuret\u00e9s solides sont bloqu\u00e9es dans le panier-filtre et le fluide propre est \u00e9vacu\u00e9 de la sortie du filtre \u00e0 travers le panier-filtre.<br \/>\nDe quel mat\u00e9riau est la cr\u00e9pine en Y \u00e0 bride S31803\u00a0: il s&#039;agit d&#039;un type d&#039;alliage moyen F51 et 1.4462 \u2014 la marque repr\u00e9sentative est UNS S31803 (22cr-5ni-3mo-0.15n). Il pr\u00e9sente une r\u00e9sistance \u00e9lev\u00e9e, une bonne t\u00e9nacit\u00e9 aux chocs et une bonne r\u00e9sistance globale et locale \u00e0 la corrosion sous contrainte.<br \/>\nLa raison pour laquelle le tamis filtrant du filtre en Y \u00e0 bride S31803 est transform\u00e9 en un panier \u00e0 surface cylindrique, et le couvercle de bride \u00e0 l&#039;extr\u00e9mit\u00e9 inf\u00e9rieure de l&#039;interface en forme de Y peut \u00eatre d\u00e9viss\u00e9 afin d&#039;augmenter sa r\u00e9sistance et d&#039;\u00eatre plus robuste que l&#039;unique -couche de filet, et \u00e9limine r\u00e9guli\u00e8rement les particules et impuret\u00e9s d\u00e9pos\u00e9es dans le panier filtrant.<\/p>\n<p>STV Valve Technology Group Co., Ltd est un leader professionnel de la cr\u00e9pine en Y \u00e0 bride S31803 en Chine, de la cr\u00e9pine en Y \u00e0 bride DN100 S31803, du fabricant de cr\u00e9pine en Y \u00e0 bride 150LB S31803 de haute qualit\u00e9 et \u00e0 prix comp\u00e9titif.<\/p>","protected":false},"featured_media":5669,"template":"","meta":[],"product_brand":[],"product_cat":[85,48],"product_tag":[1402,1400,1401],"class_list":{"0":"post-5624","1":"product","2":"type-product","3":"status-publish","4":"has-post-thumbnail","6":"product_cat-stainless-steel-y-type-strainer","7":"product_cat-y-strainer","8":"product_tag-150lb-s31803-flanged-y-strainer-manufacturer","9":"product_tag-china-s31803-flanged-y-strainer","10":"product_tag-dn100-s31803-flanged-y-strainer","12":"first","13":"instock","14":"shipping-taxable","15":"product-type-simple"},"_links":{"self":[{"href":"https:\/\/www.stvvalves.com\/fr\/wp-json\/wp\/v2\/product\/5624","targetHints":{"allow":["GET"]}}],"collection":[{"href":"https:\/\/www.stvvalves.com\/fr\/wp-json\/wp\/v2\/product"}],"about":[{"href":"https:\/\/www.stvvalves.com\/fr\/wp-json\/wp\/v2\/types\/product"}],"wp:featuredmedia":[{"embeddable":true,"href":"https:\/\/www.stvvalves.com\/fr\/wp-json\/wp\/v2\/media\/5669"}],"wp:attachment":[{"href":"https:\/\/www.stvvalves.com\/fr\/wp-json\/wp\/v2\/media?parent=5624"}],"wp:term":[{"taxonomy":"product_brand","embeddable":true,"href":"https:\/\/www.stvvalves.com\/fr\/wp-json\/wp\/v2\/product_brand?post=5624"},{"taxonomy":"product_cat","embeddable":true,"href":"https:\/\/www.stvvalves.com\/fr\/wp-json\/wp\/v2\/product_cat?post=5624"},{"taxonomy":"product_tag","embeddable":true,"href":"https:\/\/www.stvvalves.com\/fr\/wp-json\/wp\/v2\/product_tag?post=5624"}],"curies":[{"name":"wp","href":"https:\/\/api.w.org\/{rel}","templated":true}]}}