{"id":5626,"date":"2020-11-03T02:10:26","date_gmt":"2020-11-03T02:10:26","guid":{"rendered":"https:\/\/www.stvvalves.com\/?post_type=product&#038;p=5626"},"modified":"2025-02-18T13:58:59","modified_gmt":"2025-02-18T05:58:59","slug":"din-bellow-seal-gate-valve-gs-25-body-pn16-dn50","status":"publish","type":"product","link":"https:\/\/www.stvvalves.com\/fr\/products\/din-bellow-seal-gate-valve-gs-25-body-pn16-dn50\/","title":{"rendered":"Vanne \u00e0 vanne \u00e0 joint \u00e0 soufflet Din, corps GS-25, PN16, DN50"},"content":{"rendered":"<p>Application : syst\u00e8me d&#039;huile chaude, syst\u00e8me de vapeur, syst\u00e8me d&#039;eau chaude et froide, etc.<\/p>\n<p>Milieu\u00a0: Vapeur, gaz, eau chaude, huile thermique, ammoniac, etc.<br \/>\nMat\u00e9riaux : GG25(EN-GJL-250),GGG40,1.0619+N(GS-C25),1.4308(CF8), 1.4408(CF8M)<br \/>\nMat\u00e9riaux des soufflets\u00a0: SS304, SS316, SS316L, SS 310S, Hastelly C<br \/>\nGamme de tailles : DN15-DN400<br \/>\nPression : PN16-PN40<br \/>\nTemp\u00e9rature : \u2264600 \u2103<\/p>\n<p>Sp\u00e9cifications techniques<br \/>\nNorme de conception : DIN 3356<br \/>\nDimension face \u00e0 face : DIN 3202<br \/>\nExtr\u00e9mit\u00e9s \u00e0 brides\u00a0: DIN 2543-2545<br \/>\nTest et contr\u00f4le\u00a0: DIN 3230<\/p>\n<div>\n<div class=\"rich-text-table\">\n<table>\n<tbody>\n<tr>\n<td width=\"200\"><strong>Nom du produit<\/strong><\/td>\n<td width=\"481\">Vanne \u00e0 vanne \u00e0 joint \u00e0 soufflet Din, corps GS-25, PN16, DN50<\/td>\n<\/tr>\n<tr>\n<td width=\"200\">1. Mat\u00e9riel<\/td>\n<td width=\"481\">WCB<\/td>\n<\/tr>\n<tr>\n<td width=\"200\">2. Taille<\/td>\n<td width=\"481\">2&quot;<\/td>\n<\/tr>\n<tr>\n<td width=\"200\">4. Port<\/td>\n<td width=\"481\">Port complet<\/td>\n<\/tr>\n<tr>\n<td width=\"200\">5. Pression de travail<\/td>\n<td width=\"481\">PN16<\/td>\n<\/tr>\n<tr>\n<td width=\"200\">6. Fin de la connexion<\/td>\n<td width=\"481\">RF<\/td>\n<\/tr>\n<tr>\n<td width=\"200\">7. Temp\u00e9rature de travail.<\/td>\n<td width=\"481\">-29~425\u00baC,<\/td>\n<\/tr>\n<tr>\n<td width=\"200\">8. Support appropri\u00e9<\/td>\n<td width=\"481\">Eau, gaz naturel, p\u00e9trole et certains liquides corrosifs<\/td>\n<\/tr>\n<tr>\n<td width=\"200\">9. Exploit\u00e9<\/td>\n<td width=\"481\">Volant<\/td>\n<\/tr>\n<tr>\n<td width=\"200\">10. Inspection et tests<\/td>\n<td width=\"481\">Selon DIN 3230<\/td>\n<\/tr>\n<tr>\n<td width=\"200\"><strong>Exp\u00e9dition<\/strong><\/td>\n<td width=\"481\"><\/td>\n<\/tr>\n<tr>\n<td width=\"200\">D\u00e9lai de livraison<\/td>\n<td width=\"481\">30 jours<\/td>\n<\/tr>\n<tr>\n<td width=\"200\">Emballer<\/td>\n<td width=\"481\">Caisse en contreplaqu\u00e9 d&#039;exportation standard<\/td>\n<\/tr>\n<tr>\n<td width=\"200\">Port d&#039;exp\u00e9dition<\/td>\n<td width=\"481\">Ningbo\/Shanghai, Chine<\/td>\n<\/tr>\n<tr>\n<td width=\"200\">Conditions d&#039;exp\u00e9dition<\/td>\n<td width=\"481\">Exw, FOB, CFR, CIF, etc.<\/td>\n<\/tr>\n<tr>\n<td width=\"200\">Modalit\u00e9s de paiement<\/td>\n<td width=\"481\">T\/T, Western Union, PayPal, etc.<\/td>\n<\/tr>\n<tr>\n<td width=\"200\"><\/td>\n<td width=\"481\">Pr\u00e9paiement 30%, solde 70% pay\u00e9 avant l&#039;exp\u00e9dition<\/td>\n<\/tr>\n<tr>\n<td width=\"200\">Pays d&#039;origine<\/td>\n<td width=\"481\">Ville de Wenzhou, Chine<\/td>\n<\/tr>\n<tr>\n<td width=\"200\">Capacit\u00e9 de production<\/td>\n<td width=\"481\">6000 tonnes\/an<\/td>\n<\/tr>\n<tr>\n<td width=\"200\">MOQ<\/td>\n<td width=\"481\">1 pi\u00e8ces\/taille<\/td>\n<\/tr>\n<\/tbody>\n<\/table>\n<\/div>\n<\/div>\n<div>\n<div>\n<div><\/div>\n<\/div>\n<\/div>","protected":false},"excerpt":{"rendered":"<p class=\"p0\"><strong>Caract\u00e9ristiques des vannes \u00e0 soufflet\u00a0:<\/strong><\/p>\n<p class=\"p0\">\u25cfJoint \u00e0 soufflet \u00e0 double paroi en standard.<br \/>\n\u25cfJoint \u00e0 soufflet soud\u00e9 au chapeau<br \/>\n\u25cfSi\u00e8ge soud\u00e9<br \/>\n\u25cf Joint \u00e0 soufflet 10 000 cycles de charge<br \/>\n\u25cf Filetage externe de la tige<br \/>\n\u25cf\u00c9tanch\u00e9it\u00e9 secondaire\u00a0: garniture de presse-\u00e9toupe (avec pont)<br \/>\n\u25cf Joint arri\u00e8re de tige<br \/>\n\u25cf Joint d&#039;arcade, double chambre<br \/>\n\u25cf Tige avec filetage tremp\u00e9<\/p>\n<p>STV Valve Technology Group Co., Ltd est un leader professionnel des vannes \u00e0 vanne \u00e0 joint \u00e0 soufflet ChinaDin, des vannes \u00e0 vanne \u00e0 corps GS-25, des vannes \u00e0 vanne \u00e0 joint \u00e0 soufflet PN16, des fabricants de vannes \u00e0 vanne \u00e0 joint \u00e0 soufflet DN50 de haute qualit\u00e9 et \u00e0 des prix comp\u00e9titifs.<\/p>\n<p>Veuillez contacter notre sales@stvvalve.com pour d&#039;autres mat\u00e9riaux et d\u00e9tails.<\/p>","protected":false},"featured_media":5627,"template":"","meta":[],"product_brand":[],"product_cat":[82,44],"product_tag":[1403,1406,1404,1405],"class_list":{"0":"post-5626","1":"product","2":"type-product","3":"status-publish","4":"has-post-thumbnail","6":"product_cat-bellow-seal-gate-valve","7":"product_cat-gate-valve","8":"product_tag-din-bellow-seal-gate-valve","9":"product_tag-dn50-bellow-seal-gate-valve","10":"product_tag-gs-25-body-gate-valve","11":"product_tag-pn16-bellow-seal-gate-valve","13":"first","14":"instock","15":"shipping-taxable","16":"product-type-simple"},"_links":{"self":[{"href":"https:\/\/www.stvvalves.com\/fr\/wp-json\/wp\/v2\/product\/5626","targetHints":{"allow":["GET"]}}],"collection":[{"href":"https:\/\/www.stvvalves.com\/fr\/wp-json\/wp\/v2\/product"}],"about":[{"href":"https:\/\/www.stvvalves.com\/fr\/wp-json\/wp\/v2\/types\/product"}],"wp:featuredmedia":[{"embeddable":true,"href":"https:\/\/www.stvvalves.com\/fr\/wp-json\/wp\/v2\/media\/5627"}],"wp:attachment":[{"href":"https:\/\/www.stvvalves.com\/fr\/wp-json\/wp\/v2\/media?parent=5626"}],"wp:term":[{"taxonomy":"product_brand","embeddable":true,"href":"https:\/\/www.stvvalves.com\/fr\/wp-json\/wp\/v2\/product_brand?post=5626"},{"taxonomy":"product_cat","embeddable":true,"href":"https:\/\/www.stvvalves.com\/fr\/wp-json\/wp\/v2\/product_cat?post=5626"},{"taxonomy":"product_tag","embeddable":true,"href":"https:\/\/www.stvvalves.com\/fr\/wp-json\/wp\/v2\/product_tag?post=5626"}],"curies":[{"name":"wp","href":"https:\/\/api.w.org\/{rel}","templated":true}]}}