{"id":5634,"date":"2020-11-03T02:46:23","date_gmt":"2020-11-03T02:46:23","guid":{"rendered":"https:\/\/www.stvvalves.com\/?post_type=product&#038;p=5634"},"modified":"2025-02-18T13:58:57","modified_gmt":"2025-02-18T05:58:57","slug":"ansi-300lb-bellow-seal-gate-valve-wcb-body-3-inch-rf-flange-end","status":"publish","type":"product","link":"https:\/\/www.stvvalves.com\/fr\/products\/ansi-300lb-bellow-seal-gate-valve-wcb-body-3-inch-rf-flange-end\/","title":{"rendered":"Vanne \u00e0 vanne \u00e0 joint \u00e0 soufflet ANSI 300 lb, corps WCB, 3 pouces, extr\u00e9mit\u00e9 de bride RF"},"content":{"rendered":"<p>Application<br \/>\nSyst\u00e8me d&#039;huile chaude, syst\u00e8me de vapeur, syst\u00e8me d&#039;eau chaude et froide, etc.<br \/>\nAvantage<br \/>\n1. \u00c9l\u00e9ment de joint ci-dessous. L&#039;\u00e9l\u00e9ment cl\u00e9 des vannes \u00e0 globe scell\u00e9es \u00e0 soufflet est le soufflet mental. Il s&#039;agit de la connexion entre le couvercle et la tige avec soudage automatique au rouleau. Le soufflet mental peut emp\u00eacher la partie tige de fuir.<br \/>\n2. Conception \u00e0 Double joint (soufflet + emballage). Le soufflet et la garniture peuvent prot\u00e9ger contre les fuites et fournir une excellente \u00e9tanch\u00e9it\u00e9.<br \/>\n3. Graisseur. Il peut lubrifier directement la tige, l&#039;\u00e9crou et le manchon.<br \/>\n4. Volant ergonomique. Il offre une dur\u00e9e de vie plus longue et un fonctionnement plus facile.<br \/>\nSp\u00e9cifications techniques<br \/>\nNorme de conception\u00a0: ASME B16.34<br \/>\nDimension face \u00e0 face\u00a0: ASME B16.10<br \/>\nExtr\u00e9mit\u00e9s \u00e0 bride\u00a0: ASME B16.5<br \/>\nTests et inspections\u00a0: API 598<\/p>\n<table>\n<tbody>\n<tr>\n<td width=\"200\"><strong>Nom du produit<\/strong><\/td>\n<td width=\"481\">Vanne \u00e0 vanne \u00e0 joint \u00e0 soufflet ANSI 300 lb, corps WCB, 3 pouces, extr\u00e9mit\u00e9 de bride RF<\/td>\n<\/tr>\n<tr>\n<td width=\"200\">1. Mat\u00e9riel<\/td>\n<td width=\"481\">WCB<\/td>\n<\/tr>\n<tr>\n<td width=\"200\">2. Taille<\/td>\n<td width=\"481\">3&quot;<\/td>\n<\/tr>\n<tr>\n<td width=\"200\">4. Port<\/td>\n<td width=\"481\">Port complet<\/td>\n<\/tr>\n<tr>\n<td width=\"200\">5. Pression de travail<\/td>\n<td width=\"481\">300 livres<\/td>\n<\/tr>\n<tr>\n<td width=\"200\">6. Fin de la connexion<\/td>\n<td width=\"481\">RF<\/td>\n<\/tr>\n<tr>\n<td width=\"200\">7. Temp\u00e9rature de travail.<\/td>\n<td width=\"481\">-29~425\u00baC,<\/td>\n<\/tr>\n<tr>\n<td width=\"200\">8. Support appropri\u00e9<\/td>\n<td width=\"481\">Eau, gaz naturel, p\u00e9trole et certains liquides corrosifs<\/td>\n<\/tr>\n<tr>\n<td width=\"200\">9. Exploit\u00e9<\/td>\n<td width=\"481\">Volant<\/td>\n<\/tr>\n<tr>\n<td width=\"200\">10. Inspection et tests<\/td>\n<td width=\"481\">Selon API598<\/td>\n<\/tr>\n<tr>\n<td width=\"200\"><strong>Exp\u00e9dition<\/strong><\/td>\n<td width=\"481\"><\/td>\n<\/tr>\n<tr>\n<td width=\"200\">D\u00e9lai de livraison<\/td>\n<td width=\"481\">30 jours<\/td>\n<\/tr>\n<tr>\n<td width=\"200\">Emballer<\/td>\n<td width=\"481\">Caisse en contreplaqu\u00e9 d&#039;exportation standard<\/td>\n<\/tr>\n<tr>\n<td width=\"200\">Port d&#039;exp\u00e9dition<\/td>\n<td width=\"481\">Ningbo\/Shanghai, Chine<\/td>\n<\/tr>\n<tr>\n<td width=\"200\">Conditions d&#039;exp\u00e9dition<\/td>\n<td width=\"481\">Exw, FOB, CFR, CIF, etc.<\/td>\n<\/tr>\n<tr>\n<td width=\"200\">Modalit\u00e9s de paiement<\/td>\n<td width=\"481\">T\/T, Western Union, PayPal, etc.<\/td>\n<\/tr>\n<tr>\n<td width=\"200\"><\/td>\n<td width=\"481\">Pr\u00e9paiement 30%, solde 70% pay\u00e9 avant l&#039;exp\u00e9dition<\/td>\n<\/tr>\n<tr>\n<td width=\"200\">Pays d&#039;origine<\/td>\n<td width=\"481\">Ville de Wenzhou, Chine<\/td>\n<\/tr>\n<tr>\n<td width=\"200\">Capacit\u00e9 de production<\/td>\n<td width=\"481\">6000 tonnes\/an<\/td>\n<\/tr>\n<tr>\n<td width=\"200\">MOQ<\/td>\n<td width=\"481\">1 pi\u00e8ces\/taille<\/td>\n<\/tr>\n<\/tbody>\n<\/table>","protected":false},"excerpt":{"rendered":"<p>Caract\u00e9ristiques et avantages<br \/>\n\u25cf Soufflet \u00e0 longue dur\u00e9e de vie (2000 cycles) en Gr. 321 (inoxydable), Inconel pour applications sp\u00e9ciales (peut \u00eatre remplac\u00e9 par une garniture en Monel pour r\u00e9sister \u00e0 la corrosion ou en Hastelloy C pour le service au chlore).<br \/>\n\u25cf Joint corps-chapeau am\u00e9lior\u00e9\u00a0: graphite renforc\u00e9 avec un joint en feuille d&#039;acier inoxydable pour les vannes de classe 150. Gr. enti\u00e8rement envelopp\u00e9, enroul\u00e9 en spirale et rempli de graphite. Joint 316 (inoxydable) pour les classes 300-600.<br \/>\n\u25cf Corps-capot boulonn\u00e9 pour une maintenance rapide. Capots herm\u00e9tiques disponibles pour les classes 300 et 600.<br \/>\n\u25cf Ensemble soufflet \u00e0 deux ou trois sections.<br \/>\n\u25cf La tige non rotative \u00e9vite la torsion du soufflet.<br \/>\n\u25cf Deux joints de tige secondaires : a) Banquette arri\u00e8re en position ouverte ; b) Garniture en graphite.<br \/>\n\u25cf Si\u00e8ge soud\u00e9 recouvert d&#039;un alliage CoCr.<br \/>\n\u25cf Cale recouverte d&#039;un alliage CoCr pour une longue dur\u00e9e de vie.<br \/>\n\u25cf Faces d&#039;assise recharg\u00e9es en alliage CoCr, rectifi\u00e9es et rod\u00e9es.<\/p>\n<p>STV Valve Technology Group Co., Ltd est un leader professionnel en Chine. Vanne \u00e0 vanne \u00e0 joint \u00e0 soufflet Ansi 300 lb, vanne \u00e0 vanne \u00e0 joint \u00e0 soufflet Wcb, vanne \u00e0 vanne \u00e0 joint \u00e0 soufflet de 3 pouces, fabricant de vanne \u00e0 vanne \u00e0 joint \u00e0 soufflet d&#039;extr\u00e9mit\u00e9 de bride RF de haute qualit\u00e9 et \u00e0 prix comp\u00e9titif.<\/p>\n<p>Veuillez contacter notre sales@stvvalve.com pour d&#039;autres mat\u00e9riaux et d\u00e9tails.<\/p>","protected":false},"featured_media":5635,"template":"","meta":[],"product_brand":[],"product_cat":[82,44],"product_tag":[1413,1411,1414,1412],"class_list":{"0":"post-5634","1":"product","2":"type-product","3":"status-publish","4":"has-post-thumbnail","6":"product_cat-bellow-seal-gate-valve","7":"product_cat-gate-valve","8":"product_tag-3-inch-bellows-seal-gate-valve","9":"product_tag-ansi-300lb-bellows-seal-gate-valve","10":"product_tag-rf-flange-end-bellows-seal-gate-valve","11":"product_tag-wcb-bellows-seal-gate-valve","13":"first","14":"instock","15":"shipping-taxable","16":"product-type-simple"},"_links":{"self":[{"href":"https:\/\/www.stvvalves.com\/fr\/wp-json\/wp\/v2\/product\/5634","targetHints":{"allow":["GET"]}}],"collection":[{"href":"https:\/\/www.stvvalves.com\/fr\/wp-json\/wp\/v2\/product"}],"about":[{"href":"https:\/\/www.stvvalves.com\/fr\/wp-json\/wp\/v2\/types\/product"}],"wp:featuredmedia":[{"embeddable":true,"href":"https:\/\/www.stvvalves.com\/fr\/wp-json\/wp\/v2\/media\/5635"}],"wp:attachment":[{"href":"https:\/\/www.stvvalves.com\/fr\/wp-json\/wp\/v2\/media?parent=5634"}],"wp:term":[{"taxonomy":"product_brand","embeddable":true,"href":"https:\/\/www.stvvalves.com\/fr\/wp-json\/wp\/v2\/product_brand?post=5634"},{"taxonomy":"product_cat","embeddable":true,"href":"https:\/\/www.stvvalves.com\/fr\/wp-json\/wp\/v2\/product_cat?post=5634"},{"taxonomy":"product_tag","embeddable":true,"href":"https:\/\/www.stvvalves.com\/fr\/wp-json\/wp\/v2\/product_tag?post=5634"}],"curies":[{"name":"wp","href":"https:\/\/api.w.org\/{rel}","templated":true}]}}