{"id":5638,"date":"2020-11-03T06:20:35","date_gmt":"2020-11-03T06:20:35","guid":{"rendered":"https:\/\/www.stvvalves.com\/?post_type=product&#038;p=5638"},"modified":"2025-02-17T18:34:13","modified_gmt":"2025-02-17T10:34:13","slug":"cf8c-swing-check-valve-12-inch-cl600-flange-end","status":"publish","type":"product","link":"https:\/\/www.stvvalves.com\/fr\/products\/cf8c-swing-check-valve-12-inch-cl600-flange-end\/","title":{"rendered":"Clapet anti-retour \u00e0 battant CF8C, 12 pouces, CL600, extr\u00e9mit\u00e9 de bride"},"content":{"rendered":"<p>Caract\u00e9ristiques de conception:<br \/>\nNorme de conception selon\u00a0: BS1868, ASME B16.34, API 600<\/p>\n<p>Structure de produit compacte et raisonnable, \u00e9tanch\u00e9it\u00e9 fiable et bonnes performances\u00a0;<\/p>\n<p>Passage de fluide lisse et petite r\u00e9sistance aux fluides\u00a0;<\/p>\n<p>Disque de type swing.<\/p>\n<p>Peut \u00eatre con\u00e7u avec un cylindre d&#039;amortissement ou un disque \u00e9quilibr\u00e9.<\/p>\n<p>Passage de fluide lisse et petite r\u00e9sistance aux fluides.<\/p>\n<p>Gamme de produits<br \/>\nMat\u00e9riau du corps\u00a0: WCB, A105, LCB, LC3, CF8, CF8M, CF3, CF3M, CF8C, CF10M, CG8M, WC1, WC6, WC9, F11, etc.<\/p>\n<p>Diam\u00e8tre nominal\u00a0: 1\/2\u2033\uff5e60\u2033\uff08DN15~DN1500\uff09<\/p>\n<p>Plage de pression\u00a0:\u00a0Classe 150\uff5e2500\uff08PN10~PN420\uff09<\/p>\n<p>Connexion finale\u00a0: RF, RTJ, BW<\/p>\n<p>Temp\u00e9rature de fonctionnement : -196 \u2103 ~ + 560 \u2103<\/p>\n<div>\n<p>Test de pression\u00a0: API598<\/p>\n<table>\n<tbody>\n<tr>\n<td width=\"200\"><strong><b>Nom du produit<\/b><\/strong><\/td>\n<td width=\"481\">Clapet anti-retour \u00e0 battant CF8C, 12 pouces, CL600, extr\u00e9mit\u00e9 de bride<\/td>\n<\/tr>\n<tr>\n<td width=\"200\">1. Mat\u00e9riel<\/td>\n<td width=\"481\">CF8C<\/td>\n<\/tr>\n<tr>\n<td width=\"200\">2. Taille<\/td>\n<td width=\"481\">12&quot;<\/td>\n<\/tr>\n<tr>\n<td width=\"200\">4. Port<\/td>\n<td width=\"481\">Port complet<\/td>\n<\/tr>\n<tr>\n<td width=\"200\">5. Pression de travail<\/td>\n<td width=\"481\">600LB<\/td>\n<\/tr>\n<tr>\n<td width=\"200\">6. Fin de la connexion<\/td>\n<td width=\"481\">RF<\/td>\n<\/tr>\n<tr>\n<td width=\"200\">7. Temp\u00e9rature de travail.<\/td>\n<td width=\"481\">-29~250\u00baC,<\/td>\n<\/tr>\n<tr>\n<td width=\"200\">8. Support appropri\u00e9<\/td>\n<td width=\"481\">Eau, gaz naturel, p\u00e9trole et certains liquides corrosifs<\/td>\n<\/tr>\n<tr>\n<td width=\"200\">9. Exploit\u00e9<\/td>\n<td width=\"481\">\/<\/td>\n<\/tr>\n<tr>\n<td width=\"200\">10. Inspection et tests<\/td>\n<td width=\"481\">SelonAPI 598<\/td>\n<\/tr>\n<tr>\n<td width=\"200\"><strong><b>Exp\u00e9dition<\/b><\/strong><\/td>\n<td width=\"481\"><\/td>\n<\/tr>\n<tr>\n<td width=\"200\">D\u00e9lai de livraison<\/td>\n<td width=\"481\">30 jours<\/td>\n<\/tr>\n<tr>\n<td width=\"200\">Emballer<\/td>\n<td width=\"481\">Caisse en contreplaqu\u00e9 d&#039;exportation standard<\/td>\n<\/tr>\n<tr>\n<td width=\"200\">Port d&#039;exp\u00e9dition<\/td>\n<td width=\"481\">Ningbo\/Shanghai, Chine<\/td>\n<\/tr>\n<tr>\n<td width=\"200\">Conditions d&#039;exp\u00e9dition<\/td>\n<td width=\"481\">Exw, FOB, CFR, CIF, etc.<\/td>\n<\/tr>\n<tr>\n<td width=\"200\">Modalit\u00e9s de paiement<\/td>\n<td width=\"481\">T\/T, Western Union, PayPal, etc.<\/td>\n<\/tr>\n<tr>\n<td width=\"200\"><\/td>\n<td width=\"481\">Pr\u00e9paiement 30%, solde 70% pay\u00e9 avant l&#039;exp\u00e9dition<\/td>\n<\/tr>\n<tr>\n<td width=\"200\">Pays d&#039;origine<\/td>\n<td width=\"481\">Ville de Wenzhou, Chine<\/td>\n<\/tr>\n<tr>\n<td width=\"200\">Capacit\u00e9 de production<\/td>\n<td width=\"481\">6000 tonnes\/an<\/td>\n<\/tr>\n<tr>\n<td width=\"200\">MOQ<\/td>\n<td width=\"481\">10 pi\u00e8ces\/taille<\/td>\n<\/tr>\n<\/tbody>\n<\/table>\n<\/div>","protected":false},"excerpt":{"rendered":"<p>Caract\u00e9ristiques<\/p>\n<p>1. G\u00e9n\u00e9ralement<\/p>\n<p>Capot boulonn\u00e9<\/p>\n<p>Disque pivotant\u00a0;<\/p>\n<p>Surfaces d&#039;assise m\u00e9talliques<\/p>\n<p>2. Connexion du corps et du capot<\/p>\n<p>Les clapets anti-retour Class1500LB sont tous deux destin\u00e9s au chapeau boulonn\u00e9 et au chapeau \u00e0 joint de pression.<\/p>\n<p>3. Style de joint de couvercle<\/p>\n<p>Joint annulaire en m\u00e9tal<\/p>\n<p>Conception de couvercle\/chapeau avec joint de pression.<\/p>\n<p>4. Si\u00e8ge<\/p>\n<p>Pour les clapets anti-retour en acier au carbone, le si\u00e8ge est g\u00e9n\u00e9ralement en acier forg\u00e9. La surface d&#039;\u00e9tanch\u00e9it\u00e9 du si\u00e8ge peut \u00eatre soud\u00e9e par pulv\u00e9risation avec un alliage dur si sp\u00e9cifi\u00e9 par le client. Pour le clapet anti-retour en acier inoxydable, un si\u00e8ge int\u00e9gr\u00e9 est g\u00e9n\u00e9ralement adopt\u00e9, ou il peut \u00eatre usin\u00e9 int\u00e9gralement apr\u00e8s soudage en alliage dur. Le si\u00e8ge de type filet\u00e9 ou soud\u00e9 est \u00e9galement facultatif pour le clapet anti-retour en acier inoxydable si le client le demande.<\/p>\n<p>STV Valve Technology Group Co., Ltd est un leader professionnel en Chine CF8C Clapet anti-retour \u00e0 battant, Clapet anti-retour \u00e0 battant de 12 pouces, Clapet anti-retour \u00e0 battant CL600, Fabricant de clapet anti-retour \u00e0 battant d&#039;extr\u00e9mit\u00e9 de bride de haute qualit\u00e9 et \u00e0 prix comp\u00e9titif.<\/p>\n<p>Veuillez contacter notre sales@stvvalve.com pour d&#039;autres mat\u00e9riaux et d\u00e9tails.<\/p>","protected":false},"featured_media":5639,"template":"","meta":[],"product_brand":[],"product_cat":[46,67],"product_tag":[1416,1415,1417,339],"class_list":{"0":"post-5638","1":"product","2":"type-product","3":"status-publish","4":"has-post-thumbnail","6":"product_cat-check-valves","7":"product_cat-stainless-steel-check-valve","8":"product_tag-12-inch-swing-check-valve","9":"product_tag-cf8c-swing-check-valve","10":"product_tag-cl600-swing-check-valve","11":"product_tag-flange-end-swing-check-valve","13":"first","14":"instock","15":"shipping-taxable","16":"product-type-simple"},"_links":{"self":[{"href":"https:\/\/www.stvvalves.com\/fr\/wp-json\/wp\/v2\/product\/5638","targetHints":{"allow":["GET"]}}],"collection":[{"href":"https:\/\/www.stvvalves.com\/fr\/wp-json\/wp\/v2\/product"}],"about":[{"href":"https:\/\/www.stvvalves.com\/fr\/wp-json\/wp\/v2\/types\/product"}],"wp:featuredmedia":[{"embeddable":true,"href":"https:\/\/www.stvvalves.com\/fr\/wp-json\/wp\/v2\/media\/5639"}],"wp:attachment":[{"href":"https:\/\/www.stvvalves.com\/fr\/wp-json\/wp\/v2\/media?parent=5638"}],"wp:term":[{"taxonomy":"product_brand","embeddable":true,"href":"https:\/\/www.stvvalves.com\/fr\/wp-json\/wp\/v2\/product_brand?post=5638"},{"taxonomy":"product_cat","embeddable":true,"href":"https:\/\/www.stvvalves.com\/fr\/wp-json\/wp\/v2\/product_cat?post=5638"},{"taxonomy":"product_tag","embeddable":true,"href":"https:\/\/www.stvvalves.com\/fr\/wp-json\/wp\/v2\/product_tag?post=5638"}],"curies":[{"name":"wp","href":"https:\/\/api.w.org\/{rel}","templated":true}]}}