{"id":5660,"date":"2020-12-29T02:52:53","date_gmt":"2020-12-29T02:52:53","guid":{"rendered":"https:\/\/www.stvvalves.com\/?post_type=product&#038;p=5660"},"modified":"2025-02-18T13:58:56","modified_gmt":"2025-02-18T05:58:56","slug":"2205-dual-plate-check-valve-150lb-4-inch-wafer-type","status":"publish","type":"product","link":"https:\/\/www.stvvalves.com\/fr\/products\/2205-dual-plate-check-valve-150lb-4-inch-wafer-type\/","title":{"rendered":"Clapet anti-retour \u00e0 double plaque 2205, 150 LB, 4 pouces, type plaquette"},"content":{"rendered":"<p>Taille : de 2\u2033 \u00e0 48\u2033<br \/>\nPression : 150 \u2013 1500LB<br \/>\nMat\u00e9riel\u00a0: nous pouvons proposer des vannes r\u00e9alis\u00e9es en Duplex S31803\u3001Super Duplex S32750\u3001Super Duplex S32760<br \/>\n1A, 2A, 3A, 4A, 5A, 6A, 1B, 1C<br \/>\nCD4MCu, CD4MCuN, CD3MCuN, CE8MN, CD6MN, CD3MN, CE3MN, CD3MWCuN<br \/>\nF51, F53, F55, F60<br \/>\nNorme de conception et de production : API 594 ou DIN<br \/>\nDistance entre brides : ASME B16.10, EN558, DIN3202<br \/>\nConnect\u00e9 conform\u00e9ment \u00e0 la norme : ANSI, API, DIN<br \/>\nNorme d&#039;essai\u00a0: API598, API 600, ISO5208<br \/>\nFluide\u00a0: La vanne convient \u00e0 plusieurs fluides, notamment l&#039;eau, la vapeur, le p\u00e9trole, le gaz, les produits p\u00e9troliers, l&#039;acide nitrique, l&#039;acide ac\u00e9tique, etc.<br \/>\nTemp\u00e9rature de fonctionnement : de -46\u00baC ou -50\u00baC (constructions en acier inoxydable) et -29\u00baC ou -46\u00baC (constructions en acier au carbone) jusqu&#039;\u00e0 600\u2103<\/p>\n<table>\n<tbody>\n<tr>\n<td width=\"200\"><strong>Nom du produit<\/strong><\/td>\n<td width=\"481\">Clapet anti-retour \u00e0 double plaque 2205, 150 LB, 4 pouces, type plaquette<\/td>\n<\/tr>\n<tr>\n<td width=\"200\">1. Mat\u00e9riel<\/td>\n<td width=\"481\">2205<\/td>\n<\/tr>\n<tr>\n<td width=\"200\">2. Taille<\/td>\n<td width=\"481\">4&quot;<\/td>\n<\/tr>\n<tr>\n<td width=\"200\">4. Port<\/td>\n<td width=\"481\">Port complet<\/td>\n<\/tr>\n<tr>\n<td width=\"200\">5. Pression de travail<\/td>\n<td width=\"481\">150 livres<\/td>\n<\/tr>\n<tr>\n<td width=\"200\">6. Fin de la connexion<\/td>\n<td width=\"481\">RF<\/td>\n<\/tr>\n<tr>\n<td width=\"200\">7. Temp\u00e9rature de travail.<\/td>\n<td width=\"481\">-29~300\u00baC,<\/td>\n<\/tr>\n<tr>\n<td width=\"200\">8. Support appropri\u00e9<\/td>\n<td width=\"481\">Eau, gaz naturel, p\u00e9trole et certains liquides corrosifs<\/td>\n<\/tr>\n<tr>\n<td width=\"200\">9. Exploit\u00e9<\/td>\n<td width=\"481\">\/<\/td>\n<\/tr>\n<tr>\n<td width=\"200\">10. Inspection et tests<\/td>\n<td width=\"481\">Selon API598<\/td>\n<\/tr>\n<tr>\n<td width=\"200\"><strong>Exp\u00e9dition<\/strong><\/td>\n<td width=\"481\"><\/td>\n<\/tr>\n<tr>\n<td width=\"200\">D\u00e9lai de livraison<\/td>\n<td width=\"481\">30 jours<\/td>\n<\/tr>\n<tr>\n<td width=\"200\">Emballer<\/td>\n<td width=\"481\">Caisse en contreplaqu\u00e9 d&#039;exportation standard<\/td>\n<\/tr>\n<tr>\n<td width=\"200\">Port d&#039;exp\u00e9dition<\/td>\n<td width=\"481\">Ningbo\/Shanghai, Chine<\/td>\n<\/tr>\n<tr>\n<td width=\"200\">Conditions d&#039;exp\u00e9dition<\/td>\n<td width=\"481\">Exw, FOB, CFR, CIF, etc.<\/td>\n<\/tr>\n<tr>\n<td width=\"200\">Modalit\u00e9s de paiement<\/td>\n<td width=\"481\">T\/T, Western Union, PayPal, etc.<\/td>\n<\/tr>\n<tr>\n<td width=\"200\"><\/td>\n<td width=\"481\">Pr\u00e9paiement 30%, solde 70% pay\u00e9 avant l&#039;exp\u00e9dition<\/td>\n<\/tr>\n<tr>\n<td width=\"200\">Pays d&#039;origine<\/td>\n<td width=\"481\">Ville de Wenzhou, Chine<\/td>\n<\/tr>\n<tr>\n<td width=\"200\">Capacit\u00e9 de production<\/td>\n<td width=\"481\">6000 tonnes\/an<\/td>\n<\/tr>\n<tr>\n<td width=\"200\">MOQ<\/td>\n<td width=\"481\">1 pi\u00e8ces\/taille<\/td>\n<\/tr>\n<\/tbody>\n<\/table>","protected":false},"excerpt":{"rendered":"<p>Le clapet anti-retour \u00e0 double plaque 2205 pr\u00e9sente des caract\u00e9ristiques de courte longueur, de petit volume et de poids l\u00e9ger. Le disque peut \u00eatre arr\u00eat\u00e9 en tr\u00e8s peu de temps, la pression du coup de b\u00e9lier est faible. Le type clapet anti-retour peut \u00eatre install\u00e9 \u00e0 la fois verticalement ou horizontalement.<\/p>\n<p>1. Conception de disque l\u00e9ger<br \/>\n2. Bonne efficacit\u00e9 du flux<br \/>\n3. Fermeture m\u00e9tallique du si\u00e8ge sup\u00e9rieur<br \/>\n4. Pour connexion Wafer, LUG ou BW<br \/>\n5. Ressorts en Inconel X750 ou autres mat\u00e9riaux sur demande<\/p>\n<p>STV Valve Technology Group Co., Ltd est un leader professionnel, Chine Clapet anti-retour en mat\u00e9riau sp\u00e9cial de haute qualit\u00e9 et le plus fiable, clapet anti-retour \u00e0 double plaque 2205, clapet anti-retour \u00e0 double plaque duplex, clapets anti-retour avec livraison rapide, nos produits \u00e9conomiques peuvent r\u00e9duire le temps d&#039;arr\u00eat et augmenter la dur\u00e9e de vie.<\/p>","protected":false},"featured_media":5661,"template":"","meta":[],"product_brand":[],"product_cat":[46,84],"product_tag":[1419,1418,1420,1421],"class_list":{"0":"post-5660","1":"product","2":"type-product","3":"status-publish","4":"has-post-thumbnail","6":"product_cat-check-valves","7":"product_cat-wafer-check-valve","8":"product_tag-150lb-dual-plate-check-valve","9":"product_tag-2205-dual-plate-check-valve","10":"product_tag-4-inch-dual-plate-check-valve","11":"product_tag-wafer-dual-plate-check-valve","13":"first","14":"instock","15":"shipping-taxable","16":"product-type-simple"},"_links":{"self":[{"href":"https:\/\/www.stvvalves.com\/fr\/wp-json\/wp\/v2\/product\/5660","targetHints":{"allow":["GET"]}}],"collection":[{"href":"https:\/\/www.stvvalves.com\/fr\/wp-json\/wp\/v2\/product"}],"about":[{"href":"https:\/\/www.stvvalves.com\/fr\/wp-json\/wp\/v2\/types\/product"}],"wp:featuredmedia":[{"embeddable":true,"href":"https:\/\/www.stvvalves.com\/fr\/wp-json\/wp\/v2\/media\/5661"}],"wp:attachment":[{"href":"https:\/\/www.stvvalves.com\/fr\/wp-json\/wp\/v2\/media?parent=5660"}],"wp:term":[{"taxonomy":"product_brand","embeddable":true,"href":"https:\/\/www.stvvalves.com\/fr\/wp-json\/wp\/v2\/product_brand?post=5660"},{"taxonomy":"product_cat","embeddable":true,"href":"https:\/\/www.stvvalves.com\/fr\/wp-json\/wp\/v2\/product_cat?post=5660"},{"taxonomy":"product_tag","embeddable":true,"href":"https:\/\/www.stvvalves.com\/fr\/wp-json\/wp\/v2\/product_tag?post=5660"}],"curies":[{"name":"wp","href":"https:\/\/api.w.org\/{rel}","templated":true}]}}