{"id":5672,"date":"2020-12-30T06:38:47","date_gmt":"2020-12-30T06:38:47","guid":{"rendered":"https:\/\/www.stvvalves.com\/?post_type=product&#038;p=5672"},"modified":"2025-02-17T18:33:21","modified_gmt":"2025-02-17T10:33:21","slug":"cy40-gate-valve-ansi-150lb-dn50","status":"publish","type":"product","link":"https:\/\/www.stvvalves.com\/fr\/products\/cy40-gate-valve-ansi-150lb-dn50\/","title":{"rendered":"Vanne \u00e0 vanne CY40, Ansi 150LB, DN50"},"content":{"rendered":"<p>Taille : de 2\u2033 \u00e0 48\u2033<br \/>\nPression : 150 \u2013 2500LB<br \/>\nMat\u00e9riel: Inconel 600, Inconel 625, Incoloy 800, Incoloy 825<br \/>\nCY40,CW6MC,CT15C,CU5MCuC,<br \/>\nNO6600, NO6625, NO8800, NO8825<br \/>\nNorme de conception et de production\u00a0: API 600, API6D et ASME B16.34<br \/>\nDistance standard entre les brides\u00a0: API 6D, ASME B16.10<br \/>\nConnect\u00e9 conform\u00e9ment \u00e0 la norme : ANSI B16.5, ASME B16.47, ANSI B16.25<br \/>\nNorme d&#039;essai\u00a0: API598<br \/>\nActionnement : peut fonctionner avec un levier, une bo\u00eete de vitesses, un actionneur pneumatique ou \u00e9lectrique avec volant en cas d&#039;urgence.<br \/>\nFluide\u00a0: La vanne convient \u00e0 plusieurs fluides, notamment l&#039;eau, la vapeur, le p\u00e9trole, le gaz, les produits p\u00e9troliers, l&#039;acide nitrique, l&#039;acide ac\u00e9tique, etc.<br \/>\nTemp\u00e9rature de fonctionnement : de -46\u00baC ou -50\u00baC (constructions en acier inoxydable) et -29\u00baC (constructions en acier au carbone) jusqu&#039;\u00e0 600\u2103<\/p>","protected":false},"excerpt":{"rendered":"<p>Les vannes \u00e0 vanne CK20 sont largement utilis\u00e9es dans les industries du p\u00e9trole, des produits chimiques, des m\u00e9dicaments, des engrais, de l&#039;\u00e9nergie \u00e9lectrique, etc. comme vannes de r\u00e9gulation marche\/arr\u00eat pour faire passer ou couper le fluide. La porte est con\u00e7ue comme une porte flexible en coin avec une \u00e9tanch\u00e9it\u00e9 facile et une compensation d&#039;usure, la surface du joint est recouverte d&#039;un alliage durci r\u00e9sistant \u00e0 l&#039;usure\u00a0; la surface du joint du si\u00e8ge recouverte d&#039;un alliage durci r\u00e9sistant \u00e0 l&#039;usure pour \u00eatre assortie \u00e0 la surface du joint de la porte\u00a0; la tige est sp\u00e9cialement trait\u00e9e pour garantir sa solidit\u00e9, sa rigidit\u00e9, sa r\u00e9sistance \u00e0 la corrosion et sa r\u00e9sistance \u00e0 l&#039;abrasion. Notre vanne \u00e0 vanne est dot\u00e9e d&#039;un joint fiable, d&#039;une utilisation s\u00fbre et d&#039;une utilisation facile. Les vannes sont disponibles dans une gamme compl\u00e8te de mat\u00e9riaux et de garnitures de corps\/chapeau, qui sont utilis\u00e9s pour le milieu de l&#039;eau, de la vapeur, des produits p\u00e9troliers, de l&#039;acide nitrique, de l&#039;acide ac\u00e9tique, etc.<\/p>\n<p>Mod\u00e8le : Z41H-150LB-3-G1\u2033<\/p>\n<p>Caract\u00e9ristiques de conception<br \/>\nConception \u00e0 port complet<br \/>\nOS&amp;Y, ext\u00e9rieur et vis<br \/>\nChapeau boulonn\u00e9, structure de joint arri\u00e8re<br \/>\nCale flexible, enti\u00e8rement guid\u00e9e<br \/>\nChoix de coin plein ou fendu<br \/>\nSi\u00e8ge renouvelable ou soud\u00e9<br \/>\nConception de tige allong\u00e9e pour basse temp\u00e9rature<br \/>\nExtr\u00e9mit\u00e9s \u00e0 brides ou \u00e0 souder bout \u00e0 bout<\/p>\n<p>STV Valve Technology Group Co., Ltd est un leader professionnel en Chine. Vanne \u00e0 vanne CY40, vanne \u00e0 vanne Ansi 150LB CY40, vanne \u00e0 vanne CY40 de 2 pouces, fabricant de vanne \u00e0 vanne CY40 \u00e0 extr\u00e9mit\u00e9 de bride de haute qualit\u00e9 et \u00e0 prix comp\u00e9titif.<\/p>","protected":false},"featured_media":5673,"template":"","meta":[],"product_brand":[],"product_cat":[44,60],"product_tag":[1437,1436,1435,1438],"class_list":{"0":"post-5672","1":"product","2":"type-product","3":"status-publish","4":"has-post-thumbnail","6":"product_cat-gate-valve","7":"product_cat-stainless-steel-gate-valve","8":"product_tag-2-inch-cy40-gate-valve","9":"product_tag-ansi-150lb-cy40-gate-valve","10":"product_tag-china-cy40-gate-valve","11":"product_tag-flange-end-cy40-gate-valve-manufacturer","13":"first","14":"instock","15":"shipping-taxable","16":"product-type-simple"},"_links":{"self":[{"href":"https:\/\/www.stvvalves.com\/fr\/wp-json\/wp\/v2\/product\/5672","targetHints":{"allow":["GET"]}}],"collection":[{"href":"https:\/\/www.stvvalves.com\/fr\/wp-json\/wp\/v2\/product"}],"about":[{"href":"https:\/\/www.stvvalves.com\/fr\/wp-json\/wp\/v2\/types\/product"}],"wp:featuredmedia":[{"embeddable":true,"href":"https:\/\/www.stvvalves.com\/fr\/wp-json\/wp\/v2\/media\/5673"}],"wp:attachment":[{"href":"https:\/\/www.stvvalves.com\/fr\/wp-json\/wp\/v2\/media?parent=5672"}],"wp:term":[{"taxonomy":"product_brand","embeddable":true,"href":"https:\/\/www.stvvalves.com\/fr\/wp-json\/wp\/v2\/product_brand?post=5672"},{"taxonomy":"product_cat","embeddable":true,"href":"https:\/\/www.stvvalves.com\/fr\/wp-json\/wp\/v2\/product_cat?post=5672"},{"taxonomy":"product_tag","embeddable":true,"href":"https:\/\/www.stvvalves.com\/fr\/wp-json\/wp\/v2\/product_tag?post=5672"}],"curies":[{"name":"wp","href":"https:\/\/api.w.org\/{rel}","templated":true}]}}