{"id":5784,"date":"2021-03-22T13:09:09","date_gmt":"2021-03-22T13:09:09","guid":{"rendered":"https:\/\/www.stvvalves.com\/?post_type=product&#038;p=5784"},"modified":"2024-12-25T09:30:21","modified_gmt":"2024-12-25T01:30:21","slug":"single-seat-ball-float-type-steam-trap","status":"publish","type":"product","link":"https:\/\/www.stvvalves.com\/fr\/products\/single-seat-ball-float-type-steam-trap\/","title":{"rendered":"Purgeur de vapeur \u00e0 flotteur \u00e0 bille \u00e0 si\u00e8ge unique"},"content":{"rendered":"<p>1. Purgeur de vapeur en acier au carbone 1.0619 (WCB).<br \/>\n2. Pi\u00e8ces internes en acier inoxydable.<br \/>\n3. Purge d&#039;air automatique int\u00e9gr\u00e9e.<br \/>\n4. Haute durabilit\u00e9 et entretien facile.<br \/>\n5. Application\u00a0:\u00a0Drainage des canalisations de vapeur.<br \/>\n6. Extr\u00e9mit\u00e9s \u00e0 brides selon EN 1092-1 PN16.<br \/>\n7. DN25 : Si\u00e8ge unique<br \/>\nDN40-50\u00a0: Double si\u00e8ge<br \/>\nLes conditions de travail:<br \/>\nInstallation horizontale (voir la fl\u00e8che d&#039;indication).<br \/>\nVoir fl\u00e8che du sens d&#039;\u00e9coulement.<br \/>\nConditions de conception du corps : PN16.<br \/>\nPression maximale admissible (PMA)\u00a0: 16 bars \u00e0 120\u00baC.<br \/>\nTemp\u00e9rature maximale admissible (TMA) : 250\u00baC.<br \/>\nPression diff\u00e9rentielle maximale\u00a0:<br \/>\nMod\u00e8le 045 : \u0394P max 4,5 bar<br \/>\nMod\u00e8le 100 : \u0394P max 10 bar<\/p>\n<p>Largement appliqu\u00e9 dans le p\u00e9trole, la m\u00e9tallurgie, l&#039;industrie chimique, la fabrication du papier, les \u00e9quipements alimentaires et \u00e0 vapeur, les s\u00e9choirs et les grands \u00e9changeurs de chaleur, en particulier pour le travail<br \/>\nendroits avec une grande quantit\u00e9 d\u2019eau condens\u00e9e \u00e0 \u00e9vacuer.<br \/>\nAvantage<br \/>\n1. Deux bases de vannes \u00e9quilibr\u00e9es augmentent la surface de flux et acqui\u00e8rent une grande quantit\u00e9 d&#039;eau d\u00e9charg\u00e9e.<br \/>\n2. Le m\u00e9lange de d\u00e9charge automatique de gaz \u00e0 l&#039;int\u00e9rieur peut d\u00e9charger le gaz \u00e0 temps tout en ouvrant rapidement l&#039;\u00e9quipement.<br \/>\n3. Les structures en acier inoxydable offrent des performances parfaites en mati\u00e8re de lutte contre la corruption.<\/p>\n<p><img loading=\"lazy\" decoding=\"async\" class=\"alignleft size-full wp-image-5785\" src=\"https:\/\/www.stvvalves.com\/wp-content\/uploads\/2021\/03\/single-seat-ball-float-stem-trap.jpg\" alt=\"\" width=\"1259\" height=\"794\" srcset=\"https:\/\/www.stvvalves.com\/wp-content\/uploads\/2021\/03\/single-seat-ball-float-stem-trap.jpg 1259w, https:\/\/www.stvvalves.com\/wp-content\/uploads\/2021\/03\/single-seat-ball-float-stem-trap-600x378.jpg 600w, https:\/\/www.stvvalves.com\/wp-content\/uploads\/2021\/03\/single-seat-ball-float-stem-trap-300x189.jpg 300w, https:\/\/www.stvvalves.com\/wp-content\/uploads\/2021\/03\/single-seat-ball-float-stem-trap-1030x650.jpg 1030w, https:\/\/www.stvvalves.com\/wp-content\/uploads\/2021\/03\/single-seat-ball-float-stem-trap-768x484.jpg 768w, https:\/\/www.stvvalves.com\/wp-content\/uploads\/2021\/03\/single-seat-ball-float-stem-trap-705x445.jpg 705w\" sizes=\"auto, (max-width: 1259px) 100vw, 1259px\" \/><\/p>","protected":false},"excerpt":{"rendered":"<p>Purgeur de vapeur \u00e0 flotteur \u00e0 bille \u00e0 si\u00e8ge unique<\/p>\n<p>1. Ce type de purgeur de vapeur est utilis\u00e9 avec un si\u00e8ge unique \u00e9quilibr\u00e9 avec une fermeture fiable et une longue dur\u00e9e de vie.<br \/>\n2. Il y a toujours eu une condensation \u00e0 haute temp\u00e9rature avec de l&#039;eau en amont, ce qui formera un joint d&#039;eau fiable sans aucune fuite de vapeur.<br \/>\n3. Son fonctionnement ne provoquera aucun bruit. Il est donc pr\u00e9f\u00e9rable \u00e0 l&#039;environnement.<br \/>\n4. La vanne est compl\u00e8tement ouverte lorsque la vapeur arrive pour la premi\u00e8re fois. L&#039;eau et l&#039;air de condensation \u00e0 basse temp\u00e9rature peuvent \u00eatre \u00e9vacu\u00e9s rapidement, ce qui r\u00e9duit consid\u00e9rablement le temps de d\u00e9marrage de l&#039;\u00e9quipement.<br \/>\n5. Toutes les pi\u00e8ces internes sont en acier inoxydable, r\u00e9sistant \u00e0 la corrosion et \u00e0 l&#039;\u00e9rosion cavitaire.<\/p>","protected":false},"featured_media":5786,"template":"","meta":[],"product_brand":[],"product_cat":[83,46],"product_tag":[1474],"class_list":{"0":"post-5784","1":"product","2":"type-product","3":"status-publish","4":"has-post-thumbnail","6":"product_cat-cast-steel-check-valve","7":"product_cat-check-valves","8":"product_tag-single-seat-ball-float-type-steam-trap","10":"first","11":"instock","12":"shipping-taxable","13":"product-type-simple"},"_links":{"self":[{"href":"https:\/\/www.stvvalves.com\/fr\/wp-json\/wp\/v2\/product\/5784","targetHints":{"allow":["GET"]}}],"collection":[{"href":"https:\/\/www.stvvalves.com\/fr\/wp-json\/wp\/v2\/product"}],"about":[{"href":"https:\/\/www.stvvalves.com\/fr\/wp-json\/wp\/v2\/types\/product"}],"wp:featuredmedia":[{"embeddable":true,"href":"https:\/\/www.stvvalves.com\/fr\/wp-json\/wp\/v2\/media\/5786"}],"wp:attachment":[{"href":"https:\/\/www.stvvalves.com\/fr\/wp-json\/wp\/v2\/media?parent=5784"}],"wp:term":[{"taxonomy":"product_brand","embeddable":true,"href":"https:\/\/www.stvvalves.com\/fr\/wp-json\/wp\/v2\/product_brand?post=5784"},{"taxonomy":"product_cat","embeddable":true,"href":"https:\/\/www.stvvalves.com\/fr\/wp-json\/wp\/v2\/product_cat?post=5784"},{"taxonomy":"product_tag","embeddable":true,"href":"https:\/\/www.stvvalves.com\/fr\/wp-json\/wp\/v2\/product_tag?post=5784"}],"curies":[{"name":"wp","href":"https:\/\/api.w.org\/{rel}","templated":true}]}}