{"id":6400,"date":"2022-05-20T10:31:47","date_gmt":"2022-05-20T02:31:47","guid":{"rendered":"https:\/\/www.stvvalves.com\/?post_type=product&#038;p=6400"},"modified":"2025-02-17T18:33:08","modified_gmt":"2025-02-17T10:33:08","slug":"forged-y-type-strainer-1-2-inch-800lb-sw","status":"publish","type":"product","link":"https:\/\/www.stvvalves.com\/fr\/products\/forged-y-type-strainer-1-2-inch-800lb-sw\/","title":{"rendered":"Cr\u00e9pine forg\u00e9e de type Y 1\/2 pouce 800LB SW"},"content":{"rendered":"<p>La cr\u00e9pine de type Y en acier forg\u00e9 classe 800 est utilis\u00e9e pour prot\u00e9ger les \u00e9quipements co\u00fbteux install\u00e9s dans un pipeline de la salet\u00e9, des d\u00e9bris et des particules. Fourni avec un tamis fin standard pour une filtration efficace jusqu&#039;\u00e0 20 mesh (920 \u03bcm ou 0,037&quot;). Le bouchon viss\u00e9 permet un retrait et un nettoyage faciles du panier. Disponible en acier forg\u00e9 et conforme aux normes API 602 et ASME B16.34. Propos\u00e9 dans divers raccords d&#039;extr\u00e9mit\u00e9 pour une utilisation avec une large gamme d&#039;applications, notamment : \u2013 Vapeur, huile thermique, air, gaz et eau. Peut \u00eatre install\u00e9 en position aval horizontale et verticale.<\/p>\n<h2>Description<\/h2>\n<p>Conception selon API602,BS5352<br \/>\nFace \u00e0 face\/de bout en bout\u00a0: Fabrication, ASME B16.10<br \/>\nDimensions de la bride\u00a0: ASME B16.5<br \/>\nExtr\u00e9mit\u00e9 \u00e0 souder\u00a0: ASME B.16.25<br \/>\nFin NPT\u00a0: ANSI 1.20.1<br \/>\nTest selon API 598<\/p>\n<p>Taille:1\/4\u2033~2\u201d<\/p>\n<p>Pression nominale\u00a0: classe 150-2500LB<\/p>\n<p>Mat\u00e9riau du corps\u00a0: A105N, LF2, F304, F316, F11, F22, F5, F91, acier alli\u00e9, etc. etc.<\/p>\n<p>Connexion d&#039;extr\u00e9mit\u00e9\u00a0: NPT, BW, SW, RF, RTJ.<\/p>\n<p>Temp\u00e9rature de fonctionnement\u00a0: -29 \u2103 ~ 650 \u2103<\/p>\n<table>\n<tbody>\n<tr>\n<td width=\"200\"><strong>Nom du produit<\/strong><\/td>\n<td width=\"481\">Cr\u00e9pine forg\u00e9e de type Y<\/td>\n<\/tr>\n<tr>\n<td width=\"200\">1. Mat\u00e9riel<\/td>\n<td width=\"481\">F304<\/td>\n<\/tr>\n<tr>\n<td width=\"200\">2. Taille<\/td>\n<td width=\"481\">1\/2\u201d<\/td>\n<\/tr>\n<tr>\n<td width=\"200\">4. Port<\/td>\n<td width=\"481\">\u00a0Port r\u00e9ducteur<\/td>\n<\/tr>\n<tr>\n<td width=\"200\">5. Pression de travail<\/td>\n<td width=\"481\">800 livres<\/td>\n<\/tr>\n<tr>\n<td width=\"200\">6. Fin de la connexion<\/td>\n<td width=\"481\">Logiciel<\/td>\n<\/tr>\n<tr>\n<td width=\"200\">7. Temp\u00e9rature de travail.<\/td>\n<td width=\"481\">-29~425\u00baC,<\/td>\n<\/tr>\n<tr>\n<td width=\"200\">8. Support appropri\u00e9<\/td>\n<td width=\"481\">Eau, gaz naturel, p\u00e9trole et certains liquides corrosifs<\/td>\n<\/tr>\n<tr>\n<td width=\"200\">9. Exploit\u00e9<\/td>\n<td width=\"481\"><\/td>\n<\/tr>\n<tr>\n<td width=\"200\">10. Inspection et tests<\/td>\n<td width=\"481\">Selon API598<\/td>\n<\/tr>\n<tr>\n<td width=\"200\"><strong>Exp\u00e9dition<\/strong><\/td>\n<td width=\"481\"><\/td>\n<\/tr>\n<tr>\n<td width=\"200\">D\u00e9lai de livraison<\/td>\n<td width=\"481\">30 jours<\/td>\n<\/tr>\n<tr>\n<td width=\"200\">Emballer<\/td>\n<td width=\"481\">Caisse en contreplaqu\u00e9 d&#039;exportation standard<\/td>\n<\/tr>\n<tr>\n<td width=\"200\">Port d&#039;exp\u00e9dition<\/td>\n<td width=\"481\">Ningbo\/Shanghai, Chine<\/td>\n<\/tr>\n<tr>\n<td width=\"200\">Conditions d&#039;exp\u00e9dition<\/td>\n<td width=\"481\">Exw, FOB, CFR, CIF, etc.<\/td>\n<\/tr>\n<tr>\n<td width=\"200\">Modalit\u00e9s de paiement<\/td>\n<td width=\"481\">T\/T, Western Union, PayPal, etc.<\/td>\n<\/tr>\n<tr>\n<td width=\"200\"><\/td>\n<td width=\"481\">Pr\u00e9paiement 30%, solde 70% pay\u00e9 avant l&#039;exp\u00e9dition<\/td>\n<\/tr>\n<tr>\n<td width=\"200\">Pays d&#039;origine<\/td>\n<td width=\"481\">Ville de Wenzhou, Chine<\/td>\n<\/tr>\n<tr>\n<td width=\"200\">Capacit\u00e9 de production<\/td>\n<td width=\"481\">6000 tonnes\/an<\/td>\n<\/tr>\n<tr>\n<td width=\"200\">MOQ<\/td>\n<td width=\"481\">1 pi\u00e8ces\/taille<\/td>\n<\/tr>\n<\/tbody>\n<\/table>","protected":false},"excerpt":{"rendered":"<p>Cr\u00e9pine de type Y forg\u00e9e en Chine. Cr\u00e9pine Y ASTM A182 F304, l&#039;usine de cr\u00e9pine Y propose une cr\u00e9pine de type Y de petite taille, ASTM A182 F304, 1\/2 pouce, classe 800, extr\u00e9mit\u00e9 SW X SW, inspection de test API 598.<\/p>","protected":false},"featured_media":6402,"template":"","meta":[],"product_brand":[],"product_cat":[964,48],"product_tag":[288,283,284,280,282,281,286,285,287,236],"class_list":{"0":"post-6400","1":"product","2":"type-product","3":"status-publish","4":"has-post-thumbnail","6":"product_cat-forged-steel-y-type-strainer","7":"product_cat-y-strainer","8":"product_tag-forged-stainless-steel-y-strainer","9":"product_tag-forged-steel-class-2500-y-type-welded-cover-strainer","10":"product_tag-forged-steel-y-type-strainer","11":"product_tag-forged-steel-y-type-strainer-class-800","12":"product_tag-forged-steel-y-type-strainers","13":"product_tag-forged-steel-y-pattern-strainer","14":"product_tag-npt-or-bw-end","15":"product_tag-sw","16":"product_tag-y-type-strainers-and-filters","17":"product_tag-y-type-strainer","19":"first","20":"instock","21":"shipping-taxable","22":"product-type-simple"},"_links":{"self":[{"href":"https:\/\/www.stvvalves.com\/fr\/wp-json\/wp\/v2\/product\/6400","targetHints":{"allow":["GET"]}}],"collection":[{"href":"https:\/\/www.stvvalves.com\/fr\/wp-json\/wp\/v2\/product"}],"about":[{"href":"https:\/\/www.stvvalves.com\/fr\/wp-json\/wp\/v2\/types\/product"}],"wp:featuredmedia":[{"embeddable":true,"href":"https:\/\/www.stvvalves.com\/fr\/wp-json\/wp\/v2\/media\/6402"}],"wp:attachment":[{"href":"https:\/\/www.stvvalves.com\/fr\/wp-json\/wp\/v2\/media?parent=6400"}],"wp:term":[{"taxonomy":"product_brand","embeddable":true,"href":"https:\/\/www.stvvalves.com\/fr\/wp-json\/wp\/v2\/product_brand?post=6400"},{"taxonomy":"product_cat","embeddable":true,"href":"https:\/\/www.stvvalves.com\/fr\/wp-json\/wp\/v2\/product_cat?post=6400"},{"taxonomy":"product_tag","embeddable":true,"href":"https:\/\/www.stvvalves.com\/fr\/wp-json\/wp\/v2\/product_tag?post=6400"}],"curies":[{"name":"wp","href":"https:\/\/api.w.org\/{rel}","templated":true}]}}