{"id":6425,"date":"2022-08-05T12:37:50","date_gmt":"2022-08-05T04:37:50","guid":{"rendered":"https:\/\/www.stvvalves.com\/?post_type=product&#038;p=6425"},"modified":"2025-02-18T13:58:04","modified_gmt":"2025-02-18T05:58:04","slug":"150lb-c95800-y-strainer-dn40rf-flange-end","status":"publish","type":"product","link":"https:\/\/www.stvvalves.com\/fr\/products\/150lb-c95800-y-strainer-dn40rf-flange-end\/","title":{"rendered":"Cr\u00e9pine 150LB C95800 Y, DN40, extr\u00e9mit\u00e9 de bride RF"},"content":{"rendered":"<p>Chine Fournisseur de cr\u00e9pine ASTM B148 C95800 Y : Cr\u00e9pine ASTM B148 C95800 Y pour eau de mer, 11\/2 pouces, classe 150 LB, ASME B16.34, extr\u00e9mit\u00e9s \u00e0 bride RF.<\/p>\n<p>Conception et fabrication\u00a0: API6D et ANSI B16.34<br \/>\nDimension face \u00e0 face\u00a0: ASME B16.10<br \/>\nDimension de la bride d&#039;extr\u00e9mit\u00e9\u00a0: ASME B16.5<br \/>\nDimension soud\u00e9e bout \u00e0 bout\u00a0: ASME B16.25<br \/>\nTest et inspection\u00a0: API598<\/p>\n<p>Sp\u00e9cification : Taille : 2\u2033-24\u2033<br \/>\nPression\u00a0:\u00a0150-300\u00a0lb<br \/>\nMat\u00e9riel:C95800,C95400,C92200,C90500<br \/>\nTemp\u00e9rature\u00a0;\u00a0-196\u00b0C+545\u00b0C Service\u00a0: Eau de mer<\/p>\n<table>\n<tbody>\n<tr>\n<td width=\"200\"><strong>Nom du produit<\/strong><\/td>\n<td width=\"481\">Cr\u00e9pine 150LB C95800 Y, DN40, extr\u00e9mit\u00e9 de bride RF<\/td>\n<\/tr>\n<tr>\n<td width=\"200\">1. Mat\u00e9riel<\/td>\n<td width=\"481\">C95800<\/td>\n<\/tr>\n<tr>\n<td width=\"200\">2. Taille<\/td>\n<td width=\"481\">11\/2\u201d<\/td>\n<\/tr>\n<tr>\n<td width=\"200\">4. Port<\/td>\n<td width=\"481\">Port complet<\/td>\n<\/tr>\n<tr>\n<td width=\"200\">5. Pression de travail<\/td>\n<td width=\"481\">150 livres<\/td>\n<\/tr>\n<tr>\n<td width=\"200\">6. Fin de la connexion<\/td>\n<td width=\"481\">RF<\/td>\n<\/tr>\n<tr>\n<td width=\"200\">7. Temp\u00e9rature de travail.<\/td>\n<td width=\"481\">-29~200\u00baC,<\/td>\n<\/tr>\n<tr>\n<td width=\"200\">8. Support appropri\u00e9<\/td>\n<td width=\"481\">Eau, gaz naturel, p\u00e9trole et certains liquides corrosifs<\/td>\n<\/tr>\n<tr>\n<td width=\"200\">9. Exploit\u00e9<\/td>\n<td width=\"481\">\/<\/td>\n<\/tr>\n<tr>\n<td width=\"200\">10. Inspection et tests<\/td>\n<td width=\"481\">Selon API598<\/td>\n<\/tr>\n<tr>\n<td width=\"200\"><strong>Exp\u00e9dition<\/strong><\/td>\n<td width=\"481\"><\/td>\n<\/tr>\n<tr>\n<td width=\"200\">D\u00e9lai de livraison<\/td>\n<td width=\"481\">30 jours<\/td>\n<\/tr>\n<tr>\n<td width=\"200\">Emballer<\/td>\n<td width=\"481\">Caisse en contreplaqu\u00e9 d&#039;exportation standard<\/td>\n<\/tr>\n<tr>\n<td width=\"200\">Port d&#039;exp\u00e9dition<\/td>\n<td width=\"481\">Ningbo\/Shanghai, Chine<\/td>\n<\/tr>\n<tr>\n<td width=\"200\">Conditions d&#039;exp\u00e9dition<\/td>\n<td width=\"481\">Exw, FOB, CFR, CIF, etc.<\/td>\n<\/tr>\n<tr>\n<td width=\"200\">Modalit\u00e9s de paiement<\/td>\n<td width=\"481\">T\/T, Western Union, PayPal, etc.<\/td>\n<\/tr>\n<tr>\n<td width=\"200\"><\/td>\n<td width=\"481\">Pr\u00e9paiement 30%, solde 70% pay\u00e9 avant l&#039;exp\u00e9dition<\/td>\n<\/tr>\n<tr>\n<td width=\"200\">Pays d&#039;origine<\/td>\n<td width=\"481\">Ville de Wenzhou, Chine<\/td>\n<\/tr>\n<tr>\n<td width=\"200\">Capacit\u00e9 de production<\/td>\n<td width=\"481\">6000 tonnes\/an<\/td>\n<\/tr>\n<tr>\n<td width=\"200\">MOQ<\/td>\n<td width=\"481\">1 pi\u00e8ces\/taille<\/td>\n<\/tr>\n<\/tbody>\n<\/table>\n<p>&nbsp;<\/p>","protected":false},"excerpt":{"rendered":"<p>Le filtre de type Y en bronze d&#039;aluminium C95800 a la m\u00eame r\u00e9sistance \u00e0 la corrosion uniforme de l&#039;eau de mer, \u00e0 la corrosion par cavitation et \u00e0 la fatigue par corrosion que l&#039;acier inoxydable superbe, et a une excellente conductivit\u00e9 thermique et conductivit\u00e9 \u00e9lectrique, une bonne r\u00e9sistance \u00e0 l&#039;usure, des performances de soudage et une pollution biologique anti-marine. capacit\u00e9, et le prix est bas. Par cons\u00e9quent, compte tenu du prix et des performances contre la corrosion, le filtre de type Y nickel-aluminium-bronze r\u00e9pond pleinement aux besoins de filtration du syst\u00e8me de tuyauterie d&#039;eau de mer et sa gamme d&#039;applications s&#039;\u00e9largit progressivement.<\/p>\n<p>Le filtre de type Y en bronze d&#039;aluminium C95800 est principalement utilis\u00e9 dans le dessalement de l&#039;eau de mer et les domaines connexes. Il est g\u00e9n\u00e9ralement install\u00e9 \u00e0 l&#039;extr\u00e9mit\u00e9 d&#039;entr\u00e9e des \u00e9quipements tels que les pompes et les vannes pour \u00e9liminer les impuret\u00e9s pr\u00e9sentes dans le milieu et emp\u00eacher les impuret\u00e9s particulaires de p\u00e9n\u00e9trer dans le canal et de provoquer un blocage afin de prot\u00e9ger l&#039;\u00e9quipement. Les raccords sur les tuyaux sont prot\u00e9g\u00e9s de l&#039;usure et du colmatage.<\/p>","protected":false},"featured_media":6426,"template":"","meta":[],"product_brand":[],"product_cat":[85,48],"product_tag":[1515,1513,1512,1514],"class_list":{"0":"post-6425","1":"product","2":"type-product","3":"status-publish","4":"has-post-thumbnail","6":"product_cat-stainless-steel-y-type-strainer","7":"product_cat-y-strainer","8":"product_tag-asme-b16-34-c95800-y-strainer","9":"product_tag-astm-b148-c95800-y-strainer","10":"product_tag-c95800-y-strainer-supplier","11":"product_tag-class-150-lb-c95800-y-strainer","13":"first","14":"instock","15":"shipping-taxable","16":"product-type-simple"},"_links":{"self":[{"href":"https:\/\/www.stvvalves.com\/fr\/wp-json\/wp\/v2\/product\/6425","targetHints":{"allow":["GET"]}}],"collection":[{"href":"https:\/\/www.stvvalves.com\/fr\/wp-json\/wp\/v2\/product"}],"about":[{"href":"https:\/\/www.stvvalves.com\/fr\/wp-json\/wp\/v2\/types\/product"}],"wp:featuredmedia":[{"embeddable":true,"href":"https:\/\/www.stvvalves.com\/fr\/wp-json\/wp\/v2\/media\/6426"}],"wp:attachment":[{"href":"https:\/\/www.stvvalves.com\/fr\/wp-json\/wp\/v2\/media?parent=6425"}],"wp:term":[{"taxonomy":"product_brand","embeddable":true,"href":"https:\/\/www.stvvalves.com\/fr\/wp-json\/wp\/v2\/product_brand?post=6425"},{"taxonomy":"product_cat","embeddable":true,"href":"https:\/\/www.stvvalves.com\/fr\/wp-json\/wp\/v2\/product_cat?post=6425"},{"taxonomy":"product_tag","embeddable":true,"href":"https:\/\/www.stvvalves.com\/fr\/wp-json\/wp\/v2\/product_tag?post=6425"}],"curies":[{"name":"wp","href":"https:\/\/api.w.org\/{rel}","templated":true}]}}