{"id":6464,"date":"2022-08-07T08:56:31","date_gmt":"2022-08-07T00:56:31","guid":{"rendered":"https:\/\/www.stvvalves.com\/?post_type=product&#038;p=6464"},"modified":"2025-02-18T13:58:02","modified_gmt":"2025-02-18T05:58:02","slug":"astm-a216-wcb-y-type-strainer-3-inch-2500lb-butt-weld-end","status":"publish","type":"product","link":"https:\/\/www.stvvalves.com\/fr\/products\/astm-a216-wcb-y-type-strainer-3-inch-2500lb-butt-weld-end\/","title":{"rendered":"Cr\u00e9pine de type Y ASTM A216 WCB, 3 pouces, 2500LB, extr\u00e9mit\u00e9 soud\u00e9e bout \u00e0 bout"},"content":{"rendered":"<p>Conception\u00a0:\u00a0ASME B16.34.<br \/>\nMat\u00e9riau : ASTM A216 WCB.<br \/>\nTaille nominale : 3 pouces.<br \/>\nPression nominale : Classe 2500 LB.<br \/>\nConnexion d&#039;extr\u00e9mit\u00e9\u00a0: soud\u00e9e bout \u00e0 bout.<br \/>\nFace \u00e0 face : ASME B16.10.<br \/>\nTest et inspection\u00a0: API 598.<\/p>\n<p>Gamme de produits\u00a0:<br \/>\nMat\u00e9riau du corps : acier au carbone, acier inoxydable, acier alli\u00e9.<br \/>\nDiam\u00e8tre normal : 1\/2 \u2013 48 pouces (DN15 \u2013 DN1200).<br \/>\nConnexion d&#039;extr\u00e9mit\u00e9\u00a0: BW, \u00e0 bride.<br \/>\nPlage de pression\u00a0: 150 \u2013 2\u00a0500 LB (PN16 \u2013 PN420).<br \/>\nTemp\u00e9rature de fonctionnement : -196\u2103 \u2013 +573\u2103.<\/p>\n<table>\n<tbody>\n<tr>\n<td width=\"200\"><strong>Nom du produit<\/strong><\/td>\n<td width=\"481\">Cr\u00e9pine de type Y ASTM A216 WCB, 3 pouces, 2500LB, extr\u00e9mit\u00e9 soud\u00e9e bout \u00e0 bout<\/td>\n<\/tr>\n<tr>\n<td width=\"200\">1. Mat\u00e9riel<\/td>\n<td width=\"481\">WCB<\/td>\n<\/tr>\n<tr>\n<td width=\"200\">2. Taille<\/td>\n<td width=\"481\">3&quot;<\/td>\n<\/tr>\n<tr>\n<td width=\"200\">4. Port<\/td>\n<td width=\"481\">Port complet<\/td>\n<\/tr>\n<tr>\n<td width=\"200\">5. Pression de travail<\/td>\n<td width=\"481\">2500LB<\/td>\n<\/tr>\n<tr>\n<td width=\"200\">6. Fin de la connexion<\/td>\n<td width=\"481\">PC<\/td>\n<\/tr>\n<tr>\n<td width=\"200\">7. Temp\u00e9rature de travail.<\/td>\n<td width=\"481\">-29~425\u00baC,<\/td>\n<\/tr>\n<tr>\n<td width=\"200\">8. Support appropri\u00e9<\/td>\n<td width=\"481\">Eau, gaz naturel, p\u00e9trole et certains liquides corrosifs<\/td>\n<\/tr>\n<tr>\n<td width=\"200\">9. Exploit\u00e9<\/td>\n<td width=\"481\">\/<\/td>\n<\/tr>\n<tr>\n<td width=\"200\">10. Inspection et tests<\/td>\n<td width=\"481\">API598<\/td>\n<\/tr>\n<tr>\n<td width=\"200\"><strong>Exp\u00e9dition<\/strong><\/td>\n<td width=\"481\"><\/td>\n<\/tr>\n<tr>\n<td width=\"200\">D\u00e9lai de livraison<\/td>\n<td width=\"481\">30 jours<\/td>\n<\/tr>\n<tr>\n<td width=\"200\">Emballer<\/td>\n<td width=\"481\">Caisse en contreplaqu\u00e9 d&#039;exportation standard<\/td>\n<\/tr>\n<tr>\n<td width=\"200\">Port d&#039;exp\u00e9dition<\/td>\n<td width=\"481\">Ningbo\/Shanghai, Chine<\/td>\n<\/tr>\n<tr>\n<td width=\"200\">Conditions d&#039;exp\u00e9dition<\/td>\n<td width=\"481\">Exw, FOB, CFR, CIF, etc.<\/td>\n<\/tr>\n<tr>\n<td width=\"200\">Modalit\u00e9s de paiement<\/td>\n<td width=\"481\">T\/T, Western Union, PayPal, etc.<\/td>\n<\/tr>\n<tr>\n<td width=\"200\"><\/td>\n<td width=\"481\">Pr\u00e9paiement 30%, solde 70% pay\u00e9 avant l&#039;exp\u00e9dition<\/td>\n<\/tr>\n<tr>\n<td width=\"200\">Pays d&#039;origine<\/td>\n<td width=\"481\">Ville de Wenzhou, Chine<\/td>\n<\/tr>\n<tr>\n<td width=\"200\">Capacit\u00e9 de production<\/td>\n<td width=\"481\">6000 tonnes\/an<\/td>\n<\/tr>\n<tr>\n<td width=\"200\">MOQ<\/td>\n<td width=\"481\">1 pi\u00e8ces\/taille<\/td>\n<\/tr>\n<\/tbody>\n<\/table>","protected":false},"excerpt":{"rendered":"<p>Fournisseur de filtre de type Y ASTM A216 WCB Y de 2 500 lb en Chine : cr\u00e9pine de type ASTM A216 WCB Y, 3 pouces, classe 2 500 LB, ASME B16.34, connexion d&#039;extr\u00e9mit\u00e9 soud\u00e9e bout \u00e0 bout.<\/p>","protected":false},"featured_media":6465,"template":"","meta":[],"product_brand":[],"product_cat":[72,48],"product_tag":[1529,1530,1528,1531],"class_list":{"0":"post-6464","1":"product","2":"type-product","3":"status-publish","4":"has-post-thumbnail","6":"product_cat-cast-steel-y-type-strainer","7":"product_cat-y-strainer","8":"product_tag-2500lb-a216-wcb-y-type-strainer","9":"product_tag-3-inch-a216-wcb-y-type-strainer","10":"product_tag-a216-wcb-y-type-strainer","11":"product_tag-butt-weld-end-y-type-strainer","13":"first","14":"instock","15":"shipping-taxable","16":"product-type-simple"},"_links":{"self":[{"href":"https:\/\/www.stvvalves.com\/fr\/wp-json\/wp\/v2\/product\/6464","targetHints":{"allow":["GET"]}}],"collection":[{"href":"https:\/\/www.stvvalves.com\/fr\/wp-json\/wp\/v2\/product"}],"about":[{"href":"https:\/\/www.stvvalves.com\/fr\/wp-json\/wp\/v2\/types\/product"}],"wp:featuredmedia":[{"embeddable":true,"href":"https:\/\/www.stvvalves.com\/fr\/wp-json\/wp\/v2\/media\/6465"}],"wp:attachment":[{"href":"https:\/\/www.stvvalves.com\/fr\/wp-json\/wp\/v2\/media?parent=6464"}],"wp:term":[{"taxonomy":"product_brand","embeddable":true,"href":"https:\/\/www.stvvalves.com\/fr\/wp-json\/wp\/v2\/product_brand?post=6464"},{"taxonomy":"product_cat","embeddable":true,"href":"https:\/\/www.stvvalves.com\/fr\/wp-json\/wp\/v2\/product_cat?post=6464"},{"taxonomy":"product_tag","embeddable":true,"href":"https:\/\/www.stvvalves.com\/fr\/wp-json\/wp\/v2\/product_tag?post=6464"}],"curies":[{"name":"wp","href":"https:\/\/api.w.org\/{rel}","templated":true}]}}