{"id":6491,"date":"2022-08-08T20:27:16","date_gmt":"2022-08-08T12:27:16","guid":{"rendered":"https:\/\/www.stvvalves.com\/?post_type=product&#038;p=6491"},"modified":"2024-12-24T23:08:51","modified_gmt":"2024-12-24T15:08:51","slug":"astm-b367-gr-c2-titanium-swing-check-valve-2-inch-150-lb-rf","status":"publish","type":"product","link":"https:\/\/www.stvvalves.com\/fr\/products\/astm-b367-gr-c2-titanium-swing-check-valve-2-inch-150-lb-rf\/","title":{"rendered":"Clapet anti-retour \u00e0 battant en titane ASTM B367 GR.C2, 2 pouces, 150 LB, RF"},"content":{"rendered":"<p>Nom du produit : Clapet anti-retour \u00e0 battant en titane ASTM B367 GR.C2, 2 pouces, 150 LB, RF<\/p>\n<div class=\"row\">\n<div class=\"col-md-12\">Conception\u00a0:\u00a0API 6D<br \/>\nCorps\u00a0:\u00a0ASTM B367 GR.C2<br \/>\nTaille nominale: 2 pouces<br \/>\nClasse nominale\u00a0:\u00a0150 LB<br \/>\nConnexion d&#039;extr\u00e9mit\u00e9\u00a0:\u00a0extr\u00e9mit\u00e9s RF<br \/>\nFace \u00e0 face\u00a0: ASME B16.10<br \/>\nTest et inspection\u00a0: API 598<\/div>\n<\/div>\n<p>Mat\u00e9riau du corps\u00a0: titane, duplex, Hastelloy C276\/B3, Monel, Alloys20, 4A, 5A, C95800, C95500, Monel, alliage 20, F347, Super Duplex, Inconel ect.<br \/>\nNormes de fabrication\u00a0: API, ANSI, BS, DIN, JIS.<br \/>\nPression de la vanne\u00a0: 150\u00a0LB \u00e0 2\u00a0500\u00a0LB (PN1,6-42MPa).<br \/>\nGamme de tailles de clapet anti-retour\u00a0: 1\/2 \u00e0 32 pouces (DN15 \u00e0 DN800).<br \/>\nTemp\u00e9rature de fonctionnement : de -196 degr\u00e9s Celsius \u00e0 593 degr\u00e9s Celsius.<br \/>\nConnexion\u00a0:\u00a0\u00e0 bride, soud\u00e9e bout \u00e0 bout.<br \/>\nDimensions face \u00e0 face\u00a0:ANSI B16.10.<br \/>\nDimension d&#039;extr\u00e9mit\u00e9 de bride : ANSI B16.5<br \/>\nDimensions soud\u00e9es bout \u00e0 bout\u00a0: ANSI B16.25<br \/>\nConception et fabrication\u00a0: BS1868<br \/>\nTest de pression\u00a0: API598<\/p>\n<table>\n<tbody>\n<tr>\n<td width=\"200\"><strong><b>Nom du produit<\/b><\/strong><\/td>\n<td width=\"481\">Clapet anti-retour \u00e0 battant en titane ASTM B367 GR.C2, 2 pouces, 150 LB, RF<\/td>\n<\/tr>\n<tr>\n<td width=\"200\">1. Mat\u00e9riel<\/td>\n<td width=\"481\">ASTM B367 GR.C2 Titane<\/td>\n<\/tr>\n<tr>\n<td width=\"200\">2. Taille<\/td>\n<td width=\"481\">2&quot;<\/td>\n<\/tr>\n<tr>\n<td width=\"200\">4. Port<\/td>\n<td width=\"481\">Port complet<\/td>\n<\/tr>\n<tr>\n<td width=\"200\">5. Pression de travail<\/td>\n<td width=\"481\">150LB<\/td>\n<\/tr>\n<tr>\n<td width=\"200\">6. Fin de la connexion<\/td>\n<td width=\"481\">RF<\/td>\n<\/tr>\n<tr>\n<td width=\"200\">7. Temp\u00e9rature de travail.<\/td>\n<td width=\"481\">-29~250\u00baC,<\/td>\n<\/tr>\n<tr>\n<td width=\"200\">8. Support appropri\u00e9<\/td>\n<td width=\"481\">Eau, gaz naturel, p\u00e9trole et certains liquides corrosifs<\/td>\n<\/tr>\n<tr>\n<td width=\"200\">9. Exploit\u00e9<\/td>\n<td width=\"481\">Volant<\/td>\n<\/tr>\n<tr>\n<td width=\"200\">10. Inspection et tests<\/td>\n<td width=\"481\">SelonAPI 598<\/td>\n<\/tr>\n<tr>\n<td width=\"200\"><strong><b>Exp\u00e9dition<\/b><\/strong><\/td>\n<td width=\"481\"><\/td>\n<\/tr>\n<tr>\n<td width=\"200\">D\u00e9lai de livraison<\/td>\n<td width=\"481\">30 jours<\/td>\n<\/tr>\n<tr>\n<td width=\"200\">Emballer<\/td>\n<td width=\"481\">Caisse en contreplaqu\u00e9 d&#039;exportation standard<\/td>\n<\/tr>\n<tr>\n<td width=\"200\">Port d&#039;exp\u00e9dition<\/td>\n<td width=\"481\">Ningbo\/Shanghai, Chine<\/td>\n<\/tr>\n<tr>\n<td width=\"200\">Conditions d&#039;exp\u00e9dition<\/td>\n<td width=\"481\">Exw, FOB, CFR, CIF, etc.<\/td>\n<\/tr>\n<tr>\n<td width=\"200\">Modalit\u00e9s de paiement<\/td>\n<td width=\"481\">T\/T, Western Union, PayPal, etc.<\/td>\n<\/tr>\n<tr>\n<td width=\"200\"><\/td>\n<td width=\"481\">Pr\u00e9paiement 30%, solde 70% pay\u00e9 avant l&#039;exp\u00e9dition<\/td>\n<\/tr>\n<tr>\n<td width=\"200\">Pays d&#039;origine<\/td>\n<td width=\"481\">Ville de Wenzhou, Chine<\/td>\n<\/tr>\n<tr>\n<td width=\"200\">Capacit\u00e9 de production<\/td>\n<td width=\"481\">6000 tonnes\/an<\/td>\n<\/tr>\n<tr>\n<td width=\"200\">MOQ<\/td>\n<td width=\"481\">10 pi\u00e8ces\/taille<\/td>\n<\/tr>\n<\/tbody>\n<\/table>","protected":false},"excerpt":{"rendered":"<p>STV Valve Technology Group Co., Ltd est un leader professionnel du clapet anti-retour \u00e0 battant en titane en Chine, usine de clapet anti-retour \u00e0 battant en titane en Chine, clapet anti-retour \u00e0 battant en titane, clapet anti-retour ASTM B367 GR, robinet-vanne API 602, clapet anti-retour de classe 150 LB, extr\u00e9mit\u00e9 RF Clapet anti-retour, clapet anti-retour \u00e0 capot boulonn\u00e9, fabricant de clapet anti-retour \u00e0 battant API 6D de haute qualit\u00e9 et prix comp\u00e9titif<\/p>\n<p>&nbsp;<\/p>","protected":false},"featured_media":6492,"template":"","meta":[],"product_brand":[],"product_cat":[46,67],"product_tag":[223,1577,1573,1576,1570,1574,1575,1572,1571],"class_list":{"0":"post-6491","1":"product","2":"type-product","3":"status-publish","4":"has-post-thumbnail","6":"product_cat-check-valves","7":"product_cat-stainless-steel-check-valve","8":"product_tag-api-602-gate-valve","9":"product_tag-api-6d-swing-check-valve-manufacturer","10":"product_tag-astm-b367-gr-check-valve","11":"product_tag-bolted-bonnet-swing-check-valve","12":"product_tag-china-titanium-swing-check-valve","13":"product_tag-class-150-lb-check-valve","14":"product_tag-rf-end-check-valve","15":"product_tag-titanium-swing-check-valve","16":"product_tag-titanium-swing-check-valve-factory-in-china","18":"first","19":"instock","20":"shipping-taxable","21":"product-type-simple"},"_links":{"self":[{"href":"https:\/\/www.stvvalves.com\/fr\/wp-json\/wp\/v2\/product\/6491","targetHints":{"allow":["GET"]}}],"collection":[{"href":"https:\/\/www.stvvalves.com\/fr\/wp-json\/wp\/v2\/product"}],"about":[{"href":"https:\/\/www.stvvalves.com\/fr\/wp-json\/wp\/v2\/types\/product"}],"wp:featuredmedia":[{"embeddable":true,"href":"https:\/\/www.stvvalves.com\/fr\/wp-json\/wp\/v2\/media\/6492"}],"wp:attachment":[{"href":"https:\/\/www.stvvalves.com\/fr\/wp-json\/wp\/v2\/media?parent=6491"}],"wp:term":[{"taxonomy":"product_brand","embeddable":true,"href":"https:\/\/www.stvvalves.com\/fr\/wp-json\/wp\/v2\/product_brand?post=6491"},{"taxonomy":"product_cat","embeddable":true,"href":"https:\/\/www.stvvalves.com\/fr\/wp-json\/wp\/v2\/product_cat?post=6491"},{"taxonomy":"product_tag","embeddable":true,"href":"https:\/\/www.stvvalves.com\/fr\/wp-json\/wp\/v2\/product_tag?post=6491"}],"curies":[{"name":"wp","href":"https:\/\/api.w.org\/{rel}","templated":true}]}}