{"id":6493,"date":"2022-08-08T21:41:07","date_gmt":"2022-08-08T13:41:07","guid":{"rendered":"https:\/\/www.stvvalves.com\/?post_type=product&#038;p=6493"},"modified":"2024-12-25T14:58:27","modified_gmt":"2024-12-25T06:58:27","slug":"150lb-cn7m-globe-valve-2-inch-flanged-end","status":"publish","type":"product","link":"https:\/\/www.stvvalves.com\/fr\/products\/150lb-cn7m-globe-valve-2-inch-flanged-end\/","title":{"rendered":"Vanne \u00e0 soupape CN7M 150LB, 2 pouces, extr\u00e9mit\u00e9 \u00e0 bride"},"content":{"rendered":"<p>Nom du produit : vanne \u00e0 soupape CN7M de 150 lb, 2 pouces, extr\u00e9mit\u00e9 \u00e0 bride<\/p>\n<div class=\"row\">\n<div class=\"col-md-12\">Conception\u00a0:\u00a0API 6D<br \/>\nCorps\u00a0:\u00a0ASTM B367 GR.C2<br \/>\nTaille nominale: 2 pouces<br \/>\nClasse nominale\u00a0:\u00a0150 LB<br \/>\nConnexion d&#039;extr\u00e9mit\u00e9\u00a0:\u00a0extr\u00e9mit\u00e9s RF<br \/>\nFace \u00e0 face\u00a0: ASME B16.10<\/div>\n<\/div>\n<p>Taille : de 2\u2033 \u00e0 36\u2033<br \/>\nPression : 150 \u2013 2500LB<br \/>\nMat\u00e9riel\u00a0: Duplex S31803, Super Duplex S32750, Super Duplex S32760<br \/>\n1A, 2A, 3A, 4A, 5A, 6A, 1B, 1C<br \/>\nCD4MCu, CD4MCuN, CD3MCuN, CE8MN, CD6MN, CD3MN, CE3MN, CD3MWCuN<br \/>\nF51\u3001F53\u3001F55\u3001F6Norme de conception et de production\u00a0: API 600, API6D et ASME B16.34<br \/>\nDistance entre brides\u00a0: API 6D, ASME B16.10<br \/>\nConnect\u00e9 conform\u00e9ment \u00e0 la norme : ANSI B16.5, ASME B16.47, ANSI B16.25<br \/>\nNorme d&#039;essai\u00a0: API598<br \/>\nFluide : la vanne est adapt\u00e9e \u00e0 plusieurs fluides dont l&#039;eau, la vapeur, le p\u00e9trole, le gaz, les produits p\u00e9troliers, l&#039;acide nitrique, l&#039;acide ac\u00e9tique, etc.<br \/>\nTemp\u00e9rature de fonctionnement : de -46\u00baC ou -50\u00baC (constructions en acier inoxydable) et -29\u00baC ou -46\u00baC (constructions en acier au carbone) jusqu&#039;\u00e0 600\u2103<\/p>\n<table>\n<tbody>\n<tr>\n<td width=\"200\"><strong><b>Nom du produit<\/b><\/strong><\/td>\n<td width=\"481\">Vanne \u00e0 soupape CN7M 150LB, 2 pouces, extr\u00e9mit\u00e9 \u00e0 bride<\/td>\n<\/tr>\n<tr>\n<td width=\"200\">1. Mat\u00e9riel<\/td>\n<td width=\"481\">CN7M<\/td>\n<\/tr>\n<tr>\n<td width=\"200\">2. Taille<\/td>\n<td width=\"481\">2&quot;<\/td>\n<\/tr>\n<tr>\n<td width=\"200\">4. Port<\/td>\n<td width=\"481\">Port complet<\/td>\n<\/tr>\n<tr>\n<td width=\"200\">5. Pression de travail<\/td>\n<td width=\"481\">150LB<\/td>\n<\/tr>\n<tr>\n<td width=\"200\">6. Fin de la connexion<\/td>\n<td width=\"481\">RF<\/td>\n<\/tr>\n<tr>\n<td width=\"200\">7. Temp\u00e9rature de travail.<\/td>\n<td width=\"481\">-29~250\u00baC,<\/td>\n<\/tr>\n<tr>\n<td width=\"200\">8. Support appropri\u00e9<\/td>\n<td width=\"481\">Eau, gaz naturel, p\u00e9trole et certains liquides corrosifs<\/td>\n<\/tr>\n<tr>\n<td width=\"200\">9. Exploit\u00e9<\/td>\n<td width=\"481\">Volant<\/td>\n<\/tr>\n<tr>\n<td width=\"200\">10. Inspection et tests<\/td>\n<td width=\"481\">SelonAPI 598<\/td>\n<\/tr>\n<tr>\n<td width=\"200\"><strong><b>Exp\u00e9dition<\/b><\/strong><\/td>\n<td width=\"481\"><\/td>\n<\/tr>\n<tr>\n<td width=\"200\">D\u00e9lai de livraison<\/td>\n<td width=\"481\">30 jours<\/td>\n<\/tr>\n<tr>\n<td width=\"200\">Emballer<\/td>\n<td width=\"481\">Caisse en contreplaqu\u00e9 d&#039;exportation standard<\/td>\n<\/tr>\n<tr>\n<td width=\"200\">Port d&#039;exp\u00e9dition<\/td>\n<td width=\"481\">Ningbo\/Shanghai, Chine<\/td>\n<\/tr>\n<tr>\n<td width=\"200\">Conditions d&#039;exp\u00e9dition<\/td>\n<td width=\"481\">Exw, FOB, CFR, CIF, etc.<\/td>\n<\/tr>\n<tr>\n<td width=\"200\">Modalit\u00e9s de paiement<\/td>\n<td width=\"481\">T\/T, Western Union, PayPal, etc.<\/td>\n<\/tr>\n<tr>\n<td width=\"200\"><\/td>\n<td width=\"481\">Pr\u00e9paiement 30%, solde 70% pay\u00e9 avant l&#039;exp\u00e9dition<\/td>\n<\/tr>\n<tr>\n<td width=\"200\">Pays d&#039;origine<\/td>\n<td width=\"481\">Ville de Wenzhou, Chine<\/td>\n<\/tr>\n<tr>\n<td width=\"200\">Capacit\u00e9 de production<\/td>\n<td width=\"481\">6000 tonnes\/an<\/td>\n<\/tr>\n<tr>\n<td width=\"200\">MOQ<\/td>\n<td width=\"481\">10 pi\u00e8ces\/taille<\/td>\n<\/tr>\n<\/tbody>\n<\/table>","protected":false},"excerpt":{"rendered":"<p>STV Valve Technology Group Co., Ltd est un leader professionnel des vannes \u00e0 soupape CN7M, des vannes \u00e0 soupape CN7M en Chine, des vannes \u00e0 soupape CN7M de 150 LB, des vannes \u00e0 soupape duplex, des vannes \u00e0 soupape \u00e0 volant.<\/p>","protected":false},"featured_media":6494,"template":"","meta":[],"product_brand":[],"product_cat":[45,189],"product_tag":[1580,1579,1578,1581,1582],"class_list":{"0":"post-6493","1":"product","2":"type-product","3":"status-publish","4":"has-post-thumbnail","6":"product_cat-globe-valve","7":"product_cat-stainless-steel-globe-valve","8":"product_tag-150lb-cn7m-globe-valve","9":"product_tag-cn7m-globe-valve-in-china","10":"product_tag-cn7m-globe-valves","11":"product_tag-duplex-globe-valve","12":"product_tag-handwheel-globe-valve","14":"first","15":"instock","16":"shipping-taxable","17":"product-type-simple"},"_links":{"self":[{"href":"https:\/\/www.stvvalves.com\/fr\/wp-json\/wp\/v2\/product\/6493","targetHints":{"allow":["GET"]}}],"collection":[{"href":"https:\/\/www.stvvalves.com\/fr\/wp-json\/wp\/v2\/product"}],"about":[{"href":"https:\/\/www.stvvalves.com\/fr\/wp-json\/wp\/v2\/types\/product"}],"wp:featuredmedia":[{"embeddable":true,"href":"https:\/\/www.stvvalves.com\/fr\/wp-json\/wp\/v2\/media\/6494"}],"wp:attachment":[{"href":"https:\/\/www.stvvalves.com\/fr\/wp-json\/wp\/v2\/media?parent=6493"}],"wp:term":[{"taxonomy":"product_brand","embeddable":true,"href":"https:\/\/www.stvvalves.com\/fr\/wp-json\/wp\/v2\/product_brand?post=6493"},{"taxonomy":"product_cat","embeddable":true,"href":"https:\/\/www.stvvalves.com\/fr\/wp-json\/wp\/v2\/product_cat?post=6493"},{"taxonomy":"product_tag","embeddable":true,"href":"https:\/\/www.stvvalves.com\/fr\/wp-json\/wp\/v2\/product_tag?post=6493"}],"curies":[{"name":"wp","href":"https:\/\/api.w.org\/{rel}","templated":true}]}}