{"id":6495,"date":"2022-08-09T12:37:22","date_gmt":"2022-08-09T04:37:22","guid":{"rendered":"https:\/\/www.stvvalves.com\/?post_type=product&#038;p=6495"},"modified":"2025-02-18T13:57:54","modified_gmt":"2025-02-18T05:57:54","slug":"titanium-alloy-ta2-forged-gate-valve-1-inch-150-lb-bb-rf","status":"publish","type":"product","link":"https:\/\/www.stvvalves.com\/fr\/products\/titanium-alloy-ta2-forged-gate-valve-1-inch-150-lb-bb-rf\/","title":{"rendered":"Vanne \u00e0 vanne forg\u00e9e TA2 en alliage de titane, 1 pouce, 150 LB, BB, RF"},"content":{"rendered":"<div class=\"row\">\n<div class=\"col-md-12\">Nom : Vanne \u00e0 vanne forg\u00e9e TA2 en alliage de titane, 1 pouce, 150 LB, BB, RF<br \/>\nConception\u00a0: API 602<br \/>\nCorps\u00a0: Alliage de titane TA2<br \/>\nTaille nominale: 1 pouce<br \/>\nClasse nominale\u00a0:\u00a0150 LB<br \/>\nConnexion d&#039;extr\u00e9mit\u00e9\u00a0:\u00a0extr\u00e9mit\u00e9s RF<br \/>\nFace \u00e0 face\u00a0: ASME B16.10<br \/>\nTest et inspection\u00a0: API 598<strong>Param\u00e8tres techniques et caract\u00e9ristiques<\/strong><br \/>\nProduit\u00a0: Vanne \u00e0 vanne de petite taille<br \/>\nDiam\u00e8tre nominal : 1\/4 pouce \u2013 4 pouces<br \/>\nTemp\u00e9rature de conception : -196 \u2103 \u2013 573 \u2103<br \/>\nPression de conception\u00a0: Classe 150 LB \u2013 Classe 4\u00a0500 LB<br \/>\nMat\u00e9riau : acier au carbone, acier inoxydable, acier alli\u00e9, bronze.<br \/>\nNorme de conception\u00a0: API 602, BS 5352<br \/>\nFace \u00e0 face\u00a0: norme de fabrication, ASME B16.10<br \/>\nExtr\u00e9mit\u00e9 de connexion\u00a0: NPT, SW, BW, \u00e0 bride<br \/>\nNorme d&#039;essai\u00a0: API 598, ISO 5208<br \/>\nFonctionnement\u00a0: Volant<br \/>\nApplication\u00a0: centrale \u00e9lectrique, p\u00e9trole, g\u00e9nie chimique<\/p>\n<table>\n<tbody>\n<tr>\n<td width=\"200\"><strong><b>Nom du produit<\/b><\/strong><\/td>\n<td width=\"481\">Vanne \u00e0 vanne forg\u00e9e TA2 en alliage de titane, 1 pouce, 150 LB, BB, RF<\/td>\n<\/tr>\n<tr>\n<td width=\"200\">1. Mat\u00e9riel<\/td>\n<td width=\"481\">Alliage de titane TA2<\/td>\n<\/tr>\n<tr>\n<td width=\"200\">2. Taille<\/td>\n<td width=\"481\">1&quot;<\/td>\n<\/tr>\n<tr>\n<td width=\"200\">4. Port<\/td>\n<td width=\"481\">Port r\u00e9ducteur<\/td>\n<\/tr>\n<tr>\n<td width=\"200\">5. Pression de travail<\/td>\n<td width=\"481\">150LB<\/td>\n<\/tr>\n<tr>\n<td width=\"200\">6. Fin de la connexion<\/td>\n<td width=\"481\">Fin RF<\/td>\n<\/tr>\n<tr>\n<td width=\"200\">7. Temp\u00e9rature de travail.<\/td>\n<td width=\"481\">-29~425\u00baC,<\/td>\n<\/tr>\n<tr>\n<td width=\"200\">8. Support appropri\u00e9<\/td>\n<td width=\"481\">Eau, gaz naturel, p\u00e9trole et certains liquides corrosifs<\/td>\n<\/tr>\n<tr>\n<td width=\"200\">9. Exploit\u00e9<\/td>\n<td width=\"481\">Volant<\/td>\n<\/tr>\n<tr>\n<td width=\"200\">10. Inspection et tests<\/td>\n<td width=\"481\">SelonAPI 598<\/td>\n<\/tr>\n<tr>\n<td width=\"200\"><strong><b>Exp\u00e9dition<\/b><\/strong><\/td>\n<td width=\"481\"><\/td>\n<\/tr>\n<tr>\n<td width=\"200\">D\u00e9lai de livraison<\/td>\n<td width=\"481\">30 jours<\/td>\n<\/tr>\n<tr>\n<td width=\"200\">Emballer<\/td>\n<td width=\"481\">Caisse en contreplaqu\u00e9 d&#039;exportation standard<\/td>\n<\/tr>\n<tr>\n<td width=\"200\">Port d&#039;exp\u00e9dition<\/td>\n<td width=\"481\">Ningbo\/Shanghai, Chine<\/td>\n<\/tr>\n<tr>\n<td width=\"200\">Conditions d&#039;exp\u00e9dition<\/td>\n<td width=\"481\">Exw, FOB, CFR, CIF, etc.<\/td>\n<\/tr>\n<tr>\n<td width=\"200\">Modalit\u00e9s de paiement<\/td>\n<td width=\"481\">T\/T, Western Union, PayPal, etc.<\/td>\n<\/tr>\n<tr>\n<td width=\"200\"><\/td>\n<td width=\"481\">Pr\u00e9paiement 30%, solde 70% pay\u00e9 avant l&#039;exp\u00e9dition<\/td>\n<\/tr>\n<tr>\n<td width=\"200\">Pays d&#039;origine<\/td>\n<td width=\"481\">Ville de Wenzhou, Chine<\/td>\n<\/tr>\n<tr>\n<td width=\"200\">Capacit\u00e9 de production<\/td>\n<td width=\"481\">6000 tonnes\/an<\/td>\n<\/tr>\n<tr>\n<td width=\"200\">MOQ<\/td>\n<td width=\"481\">10 pi\u00e8ces\/taille<\/td>\n<\/tr>\n<\/tbody>\n<\/table>\n<\/div>\n<\/div>","protected":false},"excerpt":{"rendered":"<p>STV Valve Technology Group Co., Ltd est un leader professionnel Chine Vanne \u00e0 vanne forg\u00e9e en alliage de titane TA2, Vanne \u00e0 vanne de petite taille, Vanne \u00e0 vanne de 1 pouce, Vanne \u00e0 vanne TA2 en alliage de titane ASTM, Vanne \u00e0 vanne API 602, Vanne \u00e0 vanne de classe 150 LB, Bonnet \u00e0 boulon Fabricant de vannes \u00e0 vanne de haute qualit\u00e9 et \u00e0 prix comp\u00e9titif.<\/p>\n<p>&nbsp;<\/p>","protected":false},"featured_media":6496,"template":"","meta":[],"product_brand":[],"product_cat":[59,44],"product_tag":[1566,223,1584,1586,1583,1585,1565],"class_list":{"0":"post-6495","1":"product","2":"type-product","3":"status-publish","4":"has-post-thumbnail","6":"product_cat-forged-steel-gate-valve","7":"product_cat-gate-valve","8":"product_tag-1-inch-gate-valve","9":"product_tag-api-602-gate-valve","10":"product_tag-astm-titanium-alloy-ta2-gate-valve","11":"product_tag-bolt-bonnet-gate-valve-manufacturer","12":"product_tag-china-titanium-alloy-ta2-forged-gate-valve","13":"product_tag-class-150-lb-gate-valve","14":"product_tag-small-size-gate-valve","16":"first","17":"instock","18":"shipping-taxable","19":"product-type-simple"},"_links":{"self":[{"href":"https:\/\/www.stvvalves.com\/fr\/wp-json\/wp\/v2\/product\/6495","targetHints":{"allow":["GET"]}}],"collection":[{"href":"https:\/\/www.stvvalves.com\/fr\/wp-json\/wp\/v2\/product"}],"about":[{"href":"https:\/\/www.stvvalves.com\/fr\/wp-json\/wp\/v2\/types\/product"}],"wp:featuredmedia":[{"embeddable":true,"href":"https:\/\/www.stvvalves.com\/fr\/wp-json\/wp\/v2\/media\/6496"}],"wp:attachment":[{"href":"https:\/\/www.stvvalves.com\/fr\/wp-json\/wp\/v2\/media?parent=6495"}],"wp:term":[{"taxonomy":"product_brand","embeddable":true,"href":"https:\/\/www.stvvalves.com\/fr\/wp-json\/wp\/v2\/product_brand?post=6495"},{"taxonomy":"product_cat","embeddable":true,"href":"https:\/\/www.stvvalves.com\/fr\/wp-json\/wp\/v2\/product_cat?post=6495"},{"taxonomy":"product_tag","embeddable":true,"href":"https:\/\/www.stvvalves.com\/fr\/wp-json\/wp\/v2\/product_tag?post=6495"}],"curies":[{"name":"wp","href":"https:\/\/api.w.org\/{rel}","templated":true}]}}