{"id":6533,"date":"2022-08-12T16:41:09","date_gmt":"2022-08-12T08:41:09","guid":{"rendered":"https:\/\/www.stvvalves.com\/?post_type=product&#038;p=6533"},"modified":"2025-02-17T18:01:38","modified_gmt":"2025-02-17T10:01:38","slug":"din-5a-flanged-y-strainer-dn20-pn16-rf-end","status":"publish","type":"product","link":"https:\/\/www.stvvalves.com\/fr\/products\/din-5a-flanged-y-strainer-dn20-pn16-rf-end\/","title":{"rendered":"Cr\u00e9pine en Y \u00e0 bride DIN 5A, DN20, PN16, extr\u00e9mit\u00e9 RF"},"content":{"rendered":"<p>Nom du produit : Cr\u00e9pine en Y \u00e0 bride DIN 5A, DN20, PN16, extr\u00e9mit\u00e9 RF<br \/>\nMod\u00e8le : DIN EN 12516-1<br \/>\nMat\u00e9riel: 5A.<br \/>\nTaille nominale : 3\/4 pouces.<br \/>\nPression nominale : PN16.<br \/>\nConnexion finale\u00a0: RF.<br \/>\nFace \u00e0 face : DIN EN558.1.<br \/>\nTest et contr\u00f4le : DIN N12266.1.<\/p>\n<p>Gamme de produits\u00a0:<br \/>\nMat\u00e9riau du corps : acier au carbone, acier inoxydable, acier alli\u00e9.<br \/>\nDiam\u00e8tre normal : 1\/2 \u2013 48 pouces (DN15 \u2013 DN1200).<br \/>\nConnexion d&#039;extr\u00e9mit\u00e9\u00a0: BW, \u00e0 bride.<br \/>\nPlage de pression\u00a0: 150 \u2013 2\u00a0500 LB (PN16 \u2013 PN420).<br \/>\nTemp\u00e9rature de fonctionnement : -196\u2103 \u2013 +573\u2103.<\/p>\n<table>\n<tbody>\n<tr>\n<td width=\"200\"><strong>Nom du produit<\/strong><\/td>\n<td width=\"481\">Cr\u00e9pine en Y \u00e0 bride DIN 5A, DN20, PN16, extr\u00e9mit\u00e9 RF<\/td>\n<\/tr>\n<tr>\n<td width=\"200\">1. Mat\u00e9riel<\/td>\n<td width=\"481\">5A<\/td>\n<\/tr>\n<tr>\n<td width=\"200\">2. Taille<\/td>\n<td width=\"481\">3\/4&quot;<\/td>\n<\/tr>\n<tr>\n<td width=\"200\">4. Port<\/td>\n<td width=\"481\">Port complet<\/td>\n<\/tr>\n<tr>\n<td width=\"200\">5. Pression de travail<\/td>\n<td width=\"481\">PN16<\/td>\n<\/tr>\n<tr>\n<td width=\"200\">6. Fin de la connexion<\/td>\n<td width=\"481\">RF<\/td>\n<\/tr>\n<tr>\n<td width=\"200\">7. Temp\u00e9rature de travail.<\/td>\n<td width=\"481\">-29~200\u00baC,<\/td>\n<\/tr>\n<tr>\n<td width=\"200\">8. Support appropri\u00e9<\/td>\n<td width=\"481\">Eau, gaz naturel, p\u00e9trole et certains liquides corrosifs<\/td>\n<\/tr>\n<tr>\n<td width=\"200\">9. Exploit\u00e9<\/td>\n<td width=\"481\">\/<\/td>\n<\/tr>\n<tr>\n<td width=\"200\">10. Inspection et tests<\/td>\n<td width=\"481\">DIN N12266.1<\/td>\n<\/tr>\n<tr>\n<td width=\"200\"><strong>Exp\u00e9dition<\/strong><\/td>\n<td width=\"481\"><\/td>\n<\/tr>\n<tr>\n<td width=\"200\">D\u00e9lai de livraison<\/td>\n<td width=\"481\">30 jours<\/td>\n<\/tr>\n<tr>\n<td width=\"200\">Emballer<\/td>\n<td width=\"481\">Caisse en contreplaqu\u00e9 d&#039;exportation standard<\/td>\n<\/tr>\n<tr>\n<td width=\"200\">Port d&#039;exp\u00e9dition<\/td>\n<td width=\"481\">Ningbo\/Shanghai, Chine<\/td>\n<\/tr>\n<tr>\n<td width=\"200\">Conditions d&#039;exp\u00e9dition<\/td>\n<td width=\"481\">Exw, FOB, CFR, CIF, etc.<\/td>\n<\/tr>\n<tr>\n<td width=\"200\">Modalit\u00e9s de paiement<\/td>\n<td width=\"481\">T\/T, Western Union, PayPal, etc.<\/td>\n<\/tr>\n<tr>\n<td width=\"200\"><\/td>\n<td width=\"481\">Pr\u00e9paiement 30%, solde 70% pay\u00e9 avant l&#039;exp\u00e9dition<\/td>\n<\/tr>\n<tr>\n<td width=\"200\">Pays d&#039;origine<\/td>\n<td width=\"481\">Ville de Wenzhou, Chine<\/td>\n<\/tr>\n<tr>\n<td width=\"200\">Capacit\u00e9 de production<\/td>\n<td width=\"481\">6000 tonnes\/an<\/td>\n<\/tr>\n<tr>\n<td width=\"200\">MOQ<\/td>\n<td width=\"481\">1 pi\u00e8ces\/taille<\/td>\n<\/tr>\n<\/tbody>\n<\/table>","protected":false},"excerpt":{"rendered":"<p>STV Valve Technology Group Co., Ltd est un leader professionnel en Chine Cr\u00e9pine de type DIN Y, Cr\u00e9pine en Y \u00e0 bride DIN 5A en Chine, Cr\u00e9pine de type Y \u00e0 bride, Cr\u00e9pine en Y \u00e0 extr\u00e9mit\u00e9 \u00e0 bride ASTM 5A, Vanne de cr\u00e9pine DN20 Y, Cr\u00e9pine de type Y 40 MESH, 2205 Cr\u00e9pine de type Y \u00e0 \u00e9cran, fabricant de cr\u00e9pine de type PN16 Y de haute qualit\u00e9 et prix comp\u00e9titif.<\/p>\n<p>&nbsp;<\/p>\n<p>Cr\u00e9pine en Y \u00e0 bride DIN 5A, DN20, PN16, extr\u00e9mit\u00e9 RF<\/p>","protected":false},"featured_media":6534,"template":"","meta":[],"product_brand":[],"product_cat":[85,48],"product_tag":[1662,1547,1660,1659,1658,1661,940,1663],"class_list":{"0":"post-6533","1":"product","2":"type-product","3":"status-publish","4":"has-post-thumbnail","6":"product_cat-stainless-steel-y-type-strainer","7":"product_cat-y-strainer","8":"product_tag-2205-screen-y-type-strainer","9":"product_tag-40-mesh-y-type-strainer","10":"product_tag-astm-5a-flanged-end-y-strainer","11":"product_tag-din-5a-flanged-y-strainer-in-china","12":"product_tag-din-y-type-strainer","13":"product_tag-dn20-y-strainer-valve","14":"product_tag-flange-y-type-strainer","15":"product_tag-pn16-y-type-strainer-manufacturer","17":"first","18":"instock","19":"shipping-taxable","20":"product-type-simple"},"_links":{"self":[{"href":"https:\/\/www.stvvalves.com\/fr\/wp-json\/wp\/v2\/product\/6533","targetHints":{"allow":["GET"]}}],"collection":[{"href":"https:\/\/www.stvvalves.com\/fr\/wp-json\/wp\/v2\/product"}],"about":[{"href":"https:\/\/www.stvvalves.com\/fr\/wp-json\/wp\/v2\/types\/product"}],"wp:featuredmedia":[{"embeddable":true,"href":"https:\/\/www.stvvalves.com\/fr\/wp-json\/wp\/v2\/media\/6534"}],"wp:attachment":[{"href":"https:\/\/www.stvvalves.com\/fr\/wp-json\/wp\/v2\/media?parent=6533"}],"wp:term":[{"taxonomy":"product_brand","embeddable":true,"href":"https:\/\/www.stvvalves.com\/fr\/wp-json\/wp\/v2\/product_brand?post=6533"},{"taxonomy":"product_cat","embeddable":true,"href":"https:\/\/www.stvvalves.com\/fr\/wp-json\/wp\/v2\/product_cat?post=6533"},{"taxonomy":"product_tag","embeddable":true,"href":"https:\/\/www.stvvalves.com\/fr\/wp-json\/wp\/v2\/product_tag?post=6533"}],"curies":[{"name":"wp","href":"https:\/\/api.w.org\/{rel}","templated":true}]}}