{"id":6579,"date":"2022-09-07T12:41:41","date_gmt":"2022-09-07T04:41:41","guid":{"rendered":"https:\/\/www.stvvalves.com\/?post_type=product&#038;p=6579"},"modified":"2025-02-17T18:01:27","modified_gmt":"2025-02-17T10:01:27","slug":"titanium-ta2-y-strainer-150lb-6-inch-rf-end","status":"publish","type":"product","link":"https:\/\/www.stvvalves.com\/fr\/products\/titanium-ta2-y-strainer-150lb-6-inch-rf-end\/","title":{"rendered":"Cr\u00e9pine TA2 Y en titane, 150LB, 6 pouces, extr\u00e9mit\u00e9 RF"},"content":{"rendered":"<p>Nom du produit : Cr\u00e9pine TA2 Y en titane, 150 LB, 6 pouces, extr\u00e9mit\u00e9 RF<br \/>\nConception\u00a0:\u00a0ASME B16.34.<br \/>\nMat\u00e9riau : Titane TA2<br \/>\nTaille nominale : 6 pouces.<br \/>\nPression nominale : Classe 150 LB.<br \/>\nConnexion finale\u00a0: RF.<br \/>\nFace \u00e0 face : ASME B16.10.<br \/>\nTest et inspection\u00a0: API 598.<\/p>\n<p>Connexions\u00a0: \u00e0 brides, filet\u00e9es, soud\u00e9es par embo\u00eetement, soud\u00e9es bout \u00e0 bout<\/p>\n<p>Pression nominale\u00a0: PN 1,0 \u00e0 25 Mpa, classe 150 \u00e0 2\u00a0500<\/p>\n<p>Taille : DN15 \u00e0 200 mm, NPS 1\/4\u2033 \u00e0 20\u2033<\/p>\n<p>Temp\u00e9rature : -198\u00b0c \u00e0 +450\u00b0c<\/p>\n<p>Conception et fabrication\u00a0: ANSI B16.34,<\/p>\n<p>Face \u00e0 face (bout \u00e0 bout) : ANSI B16.10, ASME B16.10, EN 558, DIN 3202<\/p>\n<p>Connexion \u00e0 bride : 2\u2033 \u00e0 24\u2033, ANSI B16.5, 26\u2033 \u00e0 36\u2033, MSS-SP-44 \u00e0 API605<\/p>\n<p>Test et inspection\u00a0: API 598, API 6D, DIN 3230<\/p>\n<p>Extr\u00e9mit\u00e9 soud\u00e9e bout \u00e0 bout\u00a0: ANSI B16.5<\/p>\n<p><strong>Pi\u00e8ces et mat\u00e9riaux\u00a0:<\/strong><\/p>\n<p>Corps\u00a0: Titane TA1, TA2, TA10, TC4, GR2, GR3, GR5, acier inoxydable duplex, acier inoxydable super duplex, alliage<\/p>\n<p>20, CN7M, Hastelloy, acier au carbone, WC6, WC9, C5, C12, LCB, CF3M<\/p>\n<p>Bonnet, portail\u00a0: acier inoxydable duplex, acier inoxydable super duplex, alliage 20, CN7M, Hastelloy, acier au carbone, WC6,<\/p>\n<p>WC9, C5, C12, LCB, CF3M, Titane TA1, TA2, TA10, TC4, GR2, GR3, GR5<\/p>\n<p>Garniture\u00a0:\u00a0Incoloy 800, Incoloy 800H, Incoloy 825, SS304, SS316, SS304L, SS316L, 13%Cr.Steel, Stellite, Hastelloy,<\/p>\n<p>Alliage 20, acier inoxydable duplex, acier inoxydable super duplex<\/p>\n<p>Garniture de presse-\u00e9toupe\u00a0: graphite, PTFE<\/p>\n<p>Connexions d&#039;extr\u00e9mit\u00e9\u00a0: \u00e0 bride, \u00e0 douille, \u00e0 souder bout \u00e0 bout<\/p>\n<p>Op\u00e9rations\u00a0: Actionnement par volant, actionnement \u00e9lectrique, actionnement pneumatique<\/p>\n<table>\n<tbody>\n<tr>\n<td width=\"200\"><strong>Nom du produit<\/strong><\/td>\n<td width=\"481\">Cr\u00e9pine TA2 Y en titane, 150LB, 6 pouces, extr\u00e9mit\u00e9 RF<\/td>\n<\/tr>\n<tr>\n<td width=\"200\">1. Mat\u00e9riel<\/td>\n<td width=\"481\">Titane TA2<\/td>\n<\/tr>\n<tr>\n<td width=\"200\">2. Taille<\/td>\n<td width=\"481\">6&quot;<\/td>\n<\/tr>\n<tr>\n<td width=\"200\">4. Port<\/td>\n<td width=\"481\">Port complet<\/td>\n<\/tr>\n<tr>\n<td width=\"200\">5. Pression de travail<\/td>\n<td width=\"481\">150 livres<\/td>\n<\/tr>\n<tr>\n<td width=\"200\">6. Fin de la connexion<\/td>\n<td width=\"481\">RF<\/td>\n<\/tr>\n<tr>\n<td width=\"200\">7. Temp\u00e9rature de travail.<\/td>\n<td width=\"481\">-29~200\u00baC,<\/td>\n<\/tr>\n<tr>\n<td width=\"200\">8. Support appropri\u00e9<\/td>\n<td width=\"481\">Eau, gaz naturel, p\u00e9trole et certains liquides corrosifs<\/td>\n<\/tr>\n<tr>\n<td width=\"200\">9. Exploit\u00e9<\/td>\n<td width=\"481\">\/<\/td>\n<\/tr>\n<tr>\n<td width=\"200\">10. Inspection et tests<\/td>\n<td width=\"481\">Selon API598<\/td>\n<\/tr>\n<tr>\n<td width=\"200\"><strong>Exp\u00e9dition<\/strong><\/td>\n<td width=\"481\"><\/td>\n<\/tr>\n<tr>\n<td width=\"200\">D\u00e9lai de livraison<\/td>\n<td width=\"481\">30 jours<\/td>\n<\/tr>\n<tr>\n<td width=\"200\">Emballer<\/td>\n<td width=\"481\">Caisse en contreplaqu\u00e9 d&#039;exportation standard<\/td>\n<\/tr>\n<tr>\n<td width=\"200\">Port d&#039;exp\u00e9dition<\/td>\n<td width=\"481\">Ningbo\/Shanghai, Chine<\/td>\n<\/tr>\n<tr>\n<td width=\"200\">Conditions d&#039;exp\u00e9dition<\/td>\n<td width=\"481\">Exw, FOB, CFR, CIF, etc.<\/td>\n<\/tr>\n<tr>\n<td width=\"200\">Modalit\u00e9s de paiement<\/td>\n<td width=\"481\">T\/T, Western Union, PayPal, etc.<\/td>\n<\/tr>\n<tr>\n<td width=\"200\"><\/td>\n<td width=\"481\">Pr\u00e9paiement 30%, solde 70% pay\u00e9 avant l&#039;exp\u00e9dition<\/td>\n<\/tr>\n<tr>\n<td width=\"200\">Pays d&#039;origine<\/td>\n<td width=\"481\">Ville de Wenzhou, Chine<\/td>\n<\/tr>\n<tr>\n<td width=\"200\">Capacit\u00e9 de production<\/td>\n<td width=\"481\">6000 tonnes\/an<\/td>\n<\/tr>\n<tr>\n<td width=\"200\">MOQ<\/td>\n<td width=\"481\">1 pi\u00e8ces\/taille<\/td>\n<\/tr>\n<\/tbody>\n<\/table>","protected":false},"excerpt":{"rendered":"<p>STV Valve Technology Group Co., Ltd est un fournisseur leader professionnel de cr\u00e9pines en titane TA2 Y, cr\u00e9pine en titane TA2 Y en Chine, usine de cr\u00e9pines en titane TA2 Y en Chine, cr\u00e9pine en Y de 6 pouces, cr\u00e9pine de type Y \u00e0 40 mailles, cr\u00e9pine de type Y \u00e0 \u00e9cran Ta2, 6 Fabricant de cr\u00e9pine de type Y en pouces avec une qualit\u00e9 \u00e9lev\u00e9e et un prix comp\u00e9titif<\/p>","protected":false},"featured_media":6580,"template":"","meta":[],"product_brand":[],"product_cat":[48,85],"product_tag":[1547,1704,1706,1703,1705,1702,1701],"class_list":{"0":"post-6579","1":"product","2":"type-product","3":"status-publish","4":"has-post-thumbnail","6":"product_cat-y-strainer","7":"product_cat-stainless-steel-y-type-strainer","8":"product_tag-40-mesh-y-type-strainer","9":"product_tag-6-inch-y-strainer","10":"product_tag-6-inch-y-type-strainer-manufacturer","11":"product_tag-china-titanium-ta2-y-strainer-factory","12":"product_tag-ta2-screen-y-type-strainer","13":"product_tag-titanium-ta2-y-strainer-in-china","14":"product_tag-titanium-ta2-y-strainer-supplier","16":"first","17":"instock","18":"shipping-taxable","19":"product-type-simple"},"_links":{"self":[{"href":"https:\/\/www.stvvalves.com\/fr\/wp-json\/wp\/v2\/product\/6579","targetHints":{"allow":["GET"]}}],"collection":[{"href":"https:\/\/www.stvvalves.com\/fr\/wp-json\/wp\/v2\/product"}],"about":[{"href":"https:\/\/www.stvvalves.com\/fr\/wp-json\/wp\/v2\/types\/product"}],"wp:featuredmedia":[{"embeddable":true,"href":"https:\/\/www.stvvalves.com\/fr\/wp-json\/wp\/v2\/media\/6580"}],"wp:attachment":[{"href":"https:\/\/www.stvvalves.com\/fr\/wp-json\/wp\/v2\/media?parent=6579"}],"wp:term":[{"taxonomy":"product_brand","embeddable":true,"href":"https:\/\/www.stvvalves.com\/fr\/wp-json\/wp\/v2\/product_brand?post=6579"},{"taxonomy":"product_cat","embeddable":true,"href":"https:\/\/www.stvvalves.com\/fr\/wp-json\/wp\/v2\/product_cat?post=6579"},{"taxonomy":"product_tag","embeddable":true,"href":"https:\/\/www.stvvalves.com\/fr\/wp-json\/wp\/v2\/product_tag?post=6579"}],"curies":[{"name":"wp","href":"https:\/\/api.w.org\/{rel}","templated":true}]}}