{"id":6652,"date":"2022-10-17T10:39:22","date_gmt":"2022-10-17T02:39:22","guid":{"rendered":"https:\/\/www.stvvalves.com\/?post_type=product&#038;p=6652"},"modified":"2025-02-17T17:54:57","modified_gmt":"2025-02-17T09:54:57","slug":"basket-strainer-150lb-cf8-body-304-screen-40-mesch-rf","status":"publish","type":"product","link":"https:\/\/www.stvvalves.com\/fr\/products\/basket-strainer-150lb-cf8-body-304-screen-40-mesch-rf\/","title":{"rendered":"Cr\u00e9pine \u00e0 panier 150LB, corps CF8, \u00e9cran 304, 40 mailles. FR"},"content":{"rendered":"<p>Normes<br \/>\nConception et fabrication\u00a0: API6D et ANSI B16.34<br \/>\nDimension face \u00e0 face\u00a0: ASME B16.10<br \/>\nDimension de la bride d&#039;extr\u00e9mit\u00e9\u00a0: ASME B16.5<br \/>\nDimension soud\u00e9e bout \u00e0 bout\u00a0: ASME B16.25<br \/>\nTest et inspection\u00a0: API598<\/p>\n<p>Cr\u00e9pine \u00e0 panier en acier inoxydable \u00e0 bride conforme \u00e0 la norme ANSI 150 avec maille en acier inoxydable 304 (la taille des mailles est de 40 mailles ou 400 microns). Permet un d\u00e9bit important avec une perte de charge minimale. Cette cr\u00e9pine \u00e0 panier est id\u00e9ale pour les applications p\u00e9trochimiques ou autres o\u00f9 le filtrage doit se produire avec le moins de chute de pression possible. Beaucoup moins que la cr\u00e9pine de taille \u00e9quivalente. Toutes les cr\u00e9pines \u00e0 panier en acier moul\u00e9 sont sabl\u00e9es puis recouvertes d&#039;un appr\u00eat r\u00e9sistant \u00e0 la chaleur. Con\u00e7u selon ANSI B16.34 avec brides selon ANSI B16.5 et test\u00e9 conform\u00e9ment \u00e0 la norme API 598.<\/p>\n<table>\n<tbody>\n<tr>\n<td width=\"200\"><strong>Nom du produit<\/strong><\/td>\n<td width=\"481\">Cr\u00e9pine \u00e0 bride de type Y en acier inoxydable, DIN PN16, DN80<\/td>\n<\/tr>\n<tr>\n<td width=\"200\">1. Mat\u00e9riel<\/td>\n<td width=\"481\">304<\/td>\n<\/tr>\n<tr>\n<td width=\"200\">2. Taille<\/td>\n<td width=\"481\">3&quot;<\/td>\n<\/tr>\n<tr>\n<td width=\"200\">4. Port<\/td>\n<td width=\"481\">Port complet<\/td>\n<\/tr>\n<tr>\n<td width=\"200\">5. Pression de travail<\/td>\n<td width=\"481\">150 livres<\/td>\n<\/tr>\n<tr>\n<td width=\"200\">6. Fin de la connexion<\/td>\n<td width=\"481\">RF<\/td>\n<\/tr>\n<tr>\n<td width=\"200\">7. Temp\u00e9rature de travail.<\/td>\n<td width=\"481\">-29~300\u00baC,<\/td>\n<\/tr>\n<tr>\n<td width=\"200\">8. Support appropri\u00e9<\/td>\n<td width=\"481\">Eau, gaz naturel, p\u00e9trole et certains liquides corrosifs<\/td>\n<\/tr>\n<tr>\n<td width=\"200\">9. Exploit\u00e9<\/td>\n<td width=\"481\">\/<\/td>\n<\/tr>\n<tr>\n<td width=\"200\">10. Inspection et tests<\/td>\n<td width=\"481\">Selon API598<\/td>\n<\/tr>\n<tr>\n<td width=\"200\"><strong>Exp\u00e9dition<\/strong><\/td>\n<td width=\"481\"><\/td>\n<\/tr>\n<tr>\n<td width=\"200\">D\u00e9lai de livraison<\/td>\n<td width=\"481\">30 jours<\/td>\n<\/tr>\n<tr>\n<td width=\"200\">Emballer<\/td>\n<td width=\"481\">Caisse en contreplaqu\u00e9 d&#039;exportation standard<\/td>\n<\/tr>\n<tr>\n<td width=\"200\">Port d&#039;exp\u00e9dition<\/td>\n<td width=\"481\">Ningbo\/Shanghai, Chine<\/td>\n<\/tr>\n<tr>\n<td width=\"200\">Conditions d&#039;exp\u00e9dition<\/td>\n<td width=\"481\">Exw, FOB, CFR, CIF, etc.<\/td>\n<\/tr>\n<tr>\n<td width=\"200\">Modalit\u00e9s de paiement<\/td>\n<td width=\"481\">T\/T, Western Union, PayPal, etc.<\/td>\n<\/tr>\n<tr>\n<td width=\"200\"><\/td>\n<td width=\"481\">Pr\u00e9paiement 30%, solde 70% pay\u00e9 avant l&#039;exp\u00e9dition<\/td>\n<\/tr>\n<tr>\n<td width=\"200\">Pays d&#039;origine<\/td>\n<td width=\"481\">Ville de Wenzhou, Chine<\/td>\n<\/tr>\n<tr>\n<td width=\"200\">Capacit\u00e9 de production<\/td>\n<td width=\"481\">6000 tonnes\/an<\/td>\n<\/tr>\n<tr>\n<td width=\"200\">MOQ<\/td>\n<td width=\"481\">1 pi\u00e8ces\/taille<\/td>\n<\/tr>\n<\/tbody>\n<\/table>","protected":false},"excerpt":{"rendered":"<p>STV Valve Technology Group Co., Ltd est un leader professionnel de la cr\u00e9pine \u00e0 panier en Chine 150LB, de la cr\u00e9pine \u00e0 panier \u00e0 corps CF8, de la cr\u00e9pine \u00e0 panier \u00e0 tamis 304, de la cr\u00e9pine \u00e0 panier \u00e0 40 mailles. Cr\u00e9pine \u00e0 panier RF, fabricant de cr\u00e9pine \u00e0 panier \u00e0 bride de haute qualit\u00e9 et prix comp\u00e9titif.<\/p>","protected":false},"featured_media":6653,"template":"","meta":[],"product_brand":[],"product_cat":[48,85],"product_tag":[1774,1775,1773,1772,1776],"class_list":{"0":"post-6652","1":"product","2":"type-product","3":"status-publish","4":"has-post-thumbnail","6":"product_cat-y-strainer","7":"product_cat-stainless-steel-y-type-strainer","8":"product_tag-304-screen-basket-strainer","9":"product_tag-40-mesch-basket-strainer-rf-basket-strainer","10":"product_tag-cf8-body-basket-strainer","11":"product_tag-china-basket-strainer-150lb","12":"product_tag-flanged-basket-strainer-manufacturer","14":"first","15":"instock","16":"shipping-taxable","17":"product-type-simple"},"_links":{"self":[{"href":"https:\/\/www.stvvalves.com\/fr\/wp-json\/wp\/v2\/product\/6652","targetHints":{"allow":["GET"]}}],"collection":[{"href":"https:\/\/www.stvvalves.com\/fr\/wp-json\/wp\/v2\/product"}],"about":[{"href":"https:\/\/www.stvvalves.com\/fr\/wp-json\/wp\/v2\/types\/product"}],"wp:featuredmedia":[{"embeddable":true,"href":"https:\/\/www.stvvalves.com\/fr\/wp-json\/wp\/v2\/media\/6653"}],"wp:attachment":[{"href":"https:\/\/www.stvvalves.com\/fr\/wp-json\/wp\/v2\/media?parent=6652"}],"wp:term":[{"taxonomy":"product_brand","embeddable":true,"href":"https:\/\/www.stvvalves.com\/fr\/wp-json\/wp\/v2\/product_brand?post=6652"},{"taxonomy":"product_cat","embeddable":true,"href":"https:\/\/www.stvvalves.com\/fr\/wp-json\/wp\/v2\/product_cat?post=6652"},{"taxonomy":"product_tag","embeddable":true,"href":"https:\/\/www.stvvalves.com\/fr\/wp-json\/wp\/v2\/product_tag?post=6652"}],"curies":[{"name":"wp","href":"https:\/\/api.w.org\/{rel}","templated":true}]}}