{"id":6683,"date":"2023-02-06T08:40:16","date_gmt":"2023-02-06T00:40:16","guid":{"rendered":"https:\/\/www.stvvalves.com\/?post_type=product&#038;p=6683"},"modified":"2025-02-19T19:44:53","modified_gmt":"2025-02-19T11:44:53","slug":"2pc-body-ball-valve-with-iso5211-mounting-pad","status":"publish","type":"product","link":"https:\/\/www.stvvalves.com\/fr\/products\/2pc-body-ball-valve-with-iso5211-mounting-pad\/","title":{"rendered":"Robinet \u00e0 boisseau sph\u00e9rique 2 pi\u00e8ces avec support de montage ISO5211"},"content":{"rendered":"<p>2pc Body Ball Valve with ISO5211 Mounting Pad is a non-maintainable full bore ball valve; providing safe operation for both general and industrial chemical applications.<\/p>\n<p>robinet \u00e0 tournant sph\u00e9rique \u00e0 usage g\u00e9n\u00e9ral fiable. Corps en acier inoxydable et si\u00e8ge en PTFE charg\u00e9 de carbone.<\/p>\n<p>Comprend une tige anti-\u00e9ruption, une poign\u00e9e isol\u00e9e et une poign\u00e9e \u00e0 levier verrouillable.<\/p>\n<p>Corps en acier inoxydable CF8M 316<br \/>\nViss\u00e9 BSP, NPT<br \/>\nTailles : 1\/4\u2033 \u00e0 4\u2033<br \/>\nPlage de temp\u00e9rature : -20 \u00b0C \u00e0 +200 \u00b0C<br \/>\nPression de fonctionnement\u00a0: 1000 PSI (1\/4\u2033 \u00e0 2\u2033) et 800 PSI (2 1\/2\u2033 \u00e0 4\u2033)<br \/>\nMouvement : rotation \u00e0 90\u00b0<\/p>\n<table>\n<tbody>\n<tr>\n<td width=\"200\"><strong>Nom du produit3<\/strong><\/td>\n<td width=\"481\">\u00a0Robinet \u00e0 boisseau sph\u00e9rique 2 pi\u00e8ces avec support de montage ISO5211<\/td>\n<\/tr>\n<tr>\n<td width=\"200\">1. Mat\u00e9riel<\/td>\n<td width=\"481\">CF8M<\/td>\n<\/tr>\n<tr>\n<td width=\"200\">2. Taille<\/td>\n<td width=\"481\">2&quot;<\/td>\n<\/tr>\n<tr>\n<td width=\"200\">4. Port<\/td>\n<td width=\"481\">Port complet<\/td>\n<\/tr>\n<tr>\n<td width=\"200\">5. Pression de travail<\/td>\n<td width=\"481\">1000WOG<\/td>\n<\/tr>\n<tr>\n<td width=\"200\">6. Fin de la connexion<\/td>\n<td width=\"481\">TNP<\/td>\n<\/tr>\n<tr>\n<td width=\"200\">7. Temp\u00e9rature de travail.<\/td>\n<td width=\"481\">-29~180\u00baC,<\/td>\n<\/tr>\n<tr>\n<td width=\"200\">8. Support appropri\u00e9<\/td>\n<td width=\"481\">Eau, gaz naturel, p\u00e9trole et certains liquides corrosifs<\/td>\n<\/tr>\n<tr>\n<td width=\"200\">9. Exploit\u00e9<\/td>\n<td width=\"481\">Volant<\/td>\n<\/tr>\n<tr>\n<td width=\"200\">10. Inspection et tests<\/td>\n<td width=\"481\">Selon API598<\/td>\n<\/tr>\n<tr>\n<td width=\"200\"><strong>Exp\u00e9dition<\/strong><\/td>\n<td width=\"481\"><\/td>\n<\/tr>\n<tr>\n<td width=\"200\">D\u00e9lai de livraison<\/td>\n<td width=\"481\">30 jours<\/td>\n<\/tr>\n<tr>\n<td width=\"200\">Emballer<\/td>\n<td width=\"481\">Caisse en contreplaqu\u00e9 d&#039;exportation standard<\/td>\n<\/tr>\n<tr>\n<td width=\"200\">Port d&#039;exp\u00e9dition<\/td>\n<td width=\"481\">Ningbo\/Shanghai, Chine<\/td>\n<\/tr>\n<tr>\n<td width=\"200\">Conditions d&#039;exp\u00e9dition<\/td>\n<td width=\"481\">Exw, FOB, CFR, CIF, etc.<\/td>\n<\/tr>\n<tr>\n<td width=\"200\">Modalit\u00e9s de paiement<\/td>\n<td width=\"481\">T\/T, Western Union, PayPal, etc.<\/td>\n<\/tr>\n<tr>\n<td width=\"200\"><\/td>\n<td width=\"481\">Pr\u00e9paiement 30%, solde 70% pay\u00e9 avant l&#039;exp\u00e9dition<\/td>\n<\/tr>\n<tr>\n<td width=\"200\">Pays d&#039;origine<\/td>\n<td width=\"481\">Ville de Wenzhou, Chine<\/td>\n<\/tr>\n<tr>\n<td width=\"200\">Capacit\u00e9 de production<\/td>\n<td width=\"481\">6000 tonnes\/an<\/td>\n<\/tr>\n<tr>\n<td width=\"200\">MOQ<\/td>\n<td width=\"481\">1 pi\u00e8ces\/taille<\/td>\n<\/tr>\n<\/tbody>\n<\/table>","protected":false},"excerpt":{"rendered":"<p>Mod\u00e8le : Q11F-1000WOG-2\u2033<\/p>\n<p>STV Valve Technology Group Co., Ltd is a professional leader China 2pc ball valve,2pc Body Ball Valve with ISO5211 Mounting Pad\uff0cBall valvestainless steel ball valve,Full Port ball valve,NPT Thread ball Valve,Ball Valve With Mounting Pad,CF8M Ball Valve,1000 Wog Ball Valve Manufacturer with high quality and competitive price.<\/p>\n<p>Veuillez contacter notre sales@stvvalve.com pour d&#039;autres mat\u00e9riaux et d\u00e9tails.<\/p>","protected":false},"featured_media":6684,"template":"","meta":[],"product_brand":[],"product_cat":[43,79],"product_tag":[1803,1800,1797,174,1801,156,1802],"class_list":{"0":"post-6683","1":"product","2":"type-product","3":"status-publish","4":"has-post-thumbnail","6":"product_cat-ball-valve","7":"product_cat-threaded-ball-valve","8":"product_tag-1000-wog-ball-valve-manufacturer","9":"product_tag-ball-valve-with-mounting-pad","10":"product_tag-ball-valvestainless-steel-ball-valve","11":"product_tag-cf8m-ball-valve","12":"product_tag-china-2pc-ball-valve","13":"product_tag-full-port-ball-valve","14":"product_tag-npt-thread-ball-valve","16":"first","17":"instock","18":"shipping-taxable","19":"product-type-simple"},"_links":{"self":[{"href":"https:\/\/www.stvvalves.com\/fr\/wp-json\/wp\/v2\/product\/6683","targetHints":{"allow":["GET"]}}],"collection":[{"href":"https:\/\/www.stvvalves.com\/fr\/wp-json\/wp\/v2\/product"}],"about":[{"href":"https:\/\/www.stvvalves.com\/fr\/wp-json\/wp\/v2\/types\/product"}],"wp:featuredmedia":[{"embeddable":true,"href":"https:\/\/www.stvvalves.com\/fr\/wp-json\/wp\/v2\/media\/6684"}],"wp:attachment":[{"href":"https:\/\/www.stvvalves.com\/fr\/wp-json\/wp\/v2\/media?parent=6683"}],"wp:term":[{"taxonomy":"product_brand","embeddable":true,"href":"https:\/\/www.stvvalves.com\/fr\/wp-json\/wp\/v2\/product_brand?post=6683"},{"taxonomy":"product_cat","embeddable":true,"href":"https:\/\/www.stvvalves.com\/fr\/wp-json\/wp\/v2\/product_cat?post=6683"},{"taxonomy":"product_tag","embeddable":true,"href":"https:\/\/www.stvvalves.com\/fr\/wp-json\/wp\/v2\/product_tag?post=6683"}],"curies":[{"name":"wp","href":"https:\/\/api.w.org\/{rel}","templated":true}]}}