{"id":6685,"date":"2023-02-06T09:13:58","date_gmt":"2023-02-06T01:13:58","guid":{"rendered":"https:\/\/www.stvvalves.com\/?post_type=product&#038;p=6685"},"modified":"2025-02-17T17:57:05","modified_gmt":"2025-02-17T09:57:05","slug":"316-wafer-segment-ball-valve-pn25-dn50","status":"publish","type":"product","link":"https:\/\/www.stvvalves.com\/fr\/products\/316-wafer-segment-ball-valve-pn25-dn50\/","title":{"rendered":"Vanne \u00e0 bille \u00e0 segment de plaquette 316, PN25, DN50"},"content":{"rendered":"<p>Le robinet \u00e0 tournant sph\u00e9rique \u00e0 segment de plaquette 316 est un robinet \u00e0 tournant sph\u00e9rique \u00e0 port en V en acier inoxydable de la s\u00e9rie, principalement con\u00e7u pour le contr\u00f4le du d\u00e9bit et peut \u00e9galement \u00eatre utilis\u00e9 pour un fonctionnement d&#039;arr\u00eat. L&#039;orifice crant\u00e9 sur la bille segment\u00e9e contribue \u00e0 une forte contrainte de cisaillement pour couper les supports contenant des fibres et des particules. Par cons\u00e9quent, ce robinet \u00e0 tournant sph\u00e9rique segment\u00e9 est une bonne vanne de r\u00e9gulation g\u00e9n\u00e9rale (caract\u00e8re de d\u00e9bit \u00e0 pourcentage \u00e9gal) pour la plupart des applications de traitement des p\u00e2tes et papiers, ou un d\u00e9bit similaire contient des fibres et des particules.<\/p>\n<p><b>Caract\u00e9ristiques:<\/b><\/p>\n<p>1. Corps :<\/p>\n<p>a) La conception int\u00e9grale du corps offre une plus grande rigidit\u00e9 face aux charges fluctuantes des tuyaux.<\/p>\n<p>b) \u00c9limine le chemin de fuite associ\u00e9 aux conceptions de corps en deux pi\u00e8ces.<\/p>\n<p>c) Des connexions par plaquette et par bride sont disponibles.<\/p>\n<p>&nbsp;<\/p>\n<p>2. Noyau\uff1a<\/p>\n<p>a) La boule \u00e0 encoche en V sp\u00e9cialement con\u00e7ue offre une forte contrainte de coupe et une \u00e9tanch\u00e9it\u00e9 \u00e9tanche.<\/p>\n<p>b) Des traitements au chrome dur, \u00e0 la nitruration et au HCOF sont tous disponibles pour le traitement de surface de la bille, am\u00e9liorant ainsi la duret\u00e9,<\/p>\n<p>r\u00e9sistance \u00e0 l&#039;abrasion, r\u00e9sistance \u00e0 la fatigue, r\u00e9sistance \u00e0 la corrosion et performances \u00e0 haute temp\u00e9rature.<\/p>\n<p>c) La surface de la bille crant\u00e9e bien rectifi\u00e9e garantit un faible couple de fonctionnement et une \u00e9tanch\u00e9it\u00e9 parfaite, en particulier pour les si\u00e8ges m\u00e9talliques<\/p>\n<p>vanne \u00e0 segments.<\/p>\n<p>3. Si\u00e8ge\u00a0:<\/p>\n<p>a) Pour les vannes de classe 150, le dispositif de retenue est coul\u00e9 sur le corps de la vanne pour \u00e9liminer tout espace possible entre le si\u00e8ge<\/p>\n<p>anneau et corps pour l\u2019accumulation de r\u00e9sidus. Par cons\u00e9quent, cela garantit une \u00e9tanch\u00e9it\u00e9 parfaite.<\/p>\n<p>b) La conception sp\u00e9cialis\u00e9e du ressort diminue le couple de la vanne tout en fournissant une force pour une \u00e9tanch\u00e9it\u00e9 parfaite.<\/p>\n<p>c) La conception du si\u00e8ge aliment\u00e9 par pression offre une excellente \u00e9tanch\u00e9it\u00e9 m\u00eame \u00e0 de tr\u00e8s faibles pressions diff\u00e9rentielles.<\/p>\n<p>4. Tige :<\/p>\n<p>a) La tige est finement meul\u00e9e pour s&#039;adapter parfaitement \u00e0 l&#039;actionneur, ce qui emp\u00eache tout mouvement de bascule et toute d\u00e9faillance potentielle.<\/p>\n<p>de la valve segment\u00e9e.<\/p>\n<p><span id=\"remark\">Pr\u00e9sentation du produit<\/span><\/p>\n<table>\n<tbody>\n<tr>\n<td width=\"200\"><strong>Nom du produit<\/strong><\/td>\n<td width=\"481\">Vanne \u00e0 bille \u00e0 segment de plaquette 316, PN25, DN50<\/td>\n<\/tr>\n<tr>\n<td width=\"200\">1. Mat\u00e9riel<\/td>\n<td width=\"481\">316<\/td>\n<\/tr>\n<tr>\n<td width=\"200\">2. Taille<\/td>\n<td width=\"481\">2&quot;<\/td>\n<\/tr>\n<tr>\n<td width=\"200\">4. Port<\/td>\n<td width=\"481\">\u00a0Port V<\/td>\n<\/tr>\n<tr>\n<td width=\"200\">5. Pression de travail<\/td>\n<td width=\"481\">150 livres<\/td>\n<\/tr>\n<tr>\n<td width=\"200\">6. Fin de la connexion<\/td>\n<td width=\"481\">RF<\/td>\n<\/tr>\n<tr>\n<td width=\"200\">7. Temp\u00e9rature de travail.<\/td>\n<td width=\"481\">-29~300\u00baC,<\/td>\n<\/tr>\n<tr>\n<td width=\"200\">8. Support appropri\u00e9<\/td>\n<td width=\"481\">Eau, gaz naturel, p\u00e9trole et certains liquides corrosifs<\/td>\n<\/tr>\n<tr>\n<td width=\"200\">9. Exploit\u00e9<\/td>\n<td width=\"481\">\/<\/td>\n<\/tr>\n<tr>\n<td width=\"200\">10. Inspection et tests<\/td>\n<td width=\"481\">Selon API598<\/td>\n<\/tr>\n<tr>\n<td width=\"200\"><strong>Exp\u00e9dition<\/strong><\/td>\n<td width=\"481\"><\/td>\n<\/tr>\n<tr>\n<td width=\"200\">D\u00e9lai de livraison<\/td>\n<td width=\"481\">30 jours<\/td>\n<\/tr>\n<tr>\n<td width=\"200\">Emballer<\/td>\n<td width=\"481\">Caisse en contreplaqu\u00e9 d&#039;exportation standard<\/td>\n<\/tr>\n<tr>\n<td width=\"200\">Port d&#039;exp\u00e9dition<\/td>\n<td width=\"481\">Ningbo\/Shanghai, Chine<\/td>\n<\/tr>\n<tr>\n<td width=\"200\">Conditions d&#039;exp\u00e9dition<\/td>\n<td width=\"481\">Exw, FOB, CFR, CIF, etc.<\/td>\n<\/tr>\n<tr>\n<td width=\"200\">Modalit\u00e9s de paiement<\/td>\n<td width=\"481\">T\/T, Western Union, PayPal, etc.<\/td>\n<\/tr>\n<tr>\n<td width=\"200\"><\/td>\n<td width=\"481\">Pr\u00e9paiement 30%, solde 70% pay\u00e9 avant l&#039;exp\u00e9dition<\/td>\n<\/tr>\n<tr>\n<td width=\"200\">Pays d&#039;origine<\/td>\n<td width=\"481\">Ville de Wenzhou, Chine<\/td>\n<\/tr>\n<tr>\n<td width=\"200\">Capacit\u00e9 de production<\/td>\n<td width=\"481\">6000 tonnes\/an<\/td>\n<\/tr>\n<tr>\n<td width=\"200\">MOQ<\/td>\n<td width=\"481\">1 pi\u00e8ces\/taille<\/td>\n<\/tr>\n<\/tbody>\n<\/table>\n<table border=\"1\" align=\"left\">\n<tbody>\n<tr>\n<td>\u00a0 \u00a0 \u00a0Gamme de taille:<\/td>\n<td>\u00a0 \u00a0 \u00a0 DN 25~250 mm NPS 1&quot;-10&quot; (plaquette)<\/p>\n<p>DN 25~500 mm NPS 1&quot;-20&quot; (bride)<\/td>\n<\/tr>\n<tr>\n<td>\u00a0 \u00a0 \u00a0Presse. Taux:<\/td>\n<td>\u00a0 \u00a0 \u00a0\u00a0PN 10\/16\/25\/40\/63<\/p>\n<p>ANSI150\/300\/600<\/td>\n<\/tr>\n<tr>\n<td>\u00a0 \u00a0 \u00a0Temp. Gamme:<\/td>\n<td>\u00a0 \u00a0 \u00a0\u00a0Si\u00e8ge en m\u00e9tal -29\u2026+450\u2103<\/p>\n<p>Si\u00e8ge r\u00e9silient -29\u2026+150\u2103<\/td>\n<\/tr>\n<tr>\n<td>\u00a0 \u00a0 \u00a0\u00c9tanch\u00e9it\u00e9 du joint\u00a0:<\/td>\n<td>\u00a0 \u00a0 \u00a0\u00a0Si\u00e8ge en m\u00e9tal Classe IV<\/p>\n<p>Si\u00e8ge r\u00e9silient Classe VI<\/p>\n<p>&nbsp;<\/td>\n<\/tr>\n<tr>\n<td>\u00a0 \u00a0\u00a0\u00a0Mat\u00e9riau du corps :<\/td>\n<td>\u00a0 \u00a0 \u00a0 Acier au carbone, acier inoxydable, alliage sp\u00e9cial<\/td>\n<\/tr>\n<tr>\n<td>\u00a0 \u00a0 \u00a0Mat\u00e9riau de la boule\/tige\u00a0:<\/td>\n<td>\u00a0 \u00a0 \u00a0\u00a0Acier inoxydable, alliage sp\u00e9cial<\/td>\n<\/tr>\n<tr>\n<td>\u00a0 \u00a0 \u00a0Mat\u00e9riau du si\u00e8ge\u00a0:<\/td>\n<td>\u00a0 \u00a0 \u00a0\u00a0Acier inoxydable+STL, PCTFE,PEEK (bride)<\/p>\n<p>Acier inoxydable + STL (plaquette)<\/td>\n<\/tr>\n<tr>\n<td>\u00a0 \u00a0 \u00a0Face \u00e0 face:<\/td>\n<td>\u00a0 \u00a0 \u00a0 ISA S75.04, CEI\/DIN 534-3-2 (bride)<\/p>\n<p>Norme d&#039;usine (plaquette)<\/td>\n<\/tr>\n<tr>\n<td>\u00a0 \u00a0 \u00a0Norme de bride\u00a0:<\/td>\n<td>\u00a0 \u00a0 \u00a0 GB\/T 9113.1, JB\/T 79.1, HG 20592,<\/p>\n<p>ASME B 16.34, ISO 7005 (Autres per\u00e7ages sur demande)<\/td>\n<\/tr>\n<tr>\n<td>\u00a0 \u00a0 \u00a0Applications\u00a0:<\/td>\n<td>\u00a0 \u00a0 \u00a0\u00a0P\u00e2tes et papiers, traitement de l&#039;eau, aliments et boissons,<\/p>\n<p>Chimie fine, centrale \u00e9lectrique, industrie sid\u00e9rurgique<\/td>\n<\/tr>\n<\/tbody>\n<\/table>","protected":false},"excerpt":{"rendered":"<p>Le robinet \u00e0 tournant sph\u00e9rique \u00e0 segment de plaquette 316 de Chine, le fournisseur de robinet \u00e0 tournant sph\u00e9rique STV propose un robinet \u00e0 tournant sph\u00e9rique \u00e0 segment de 2 pouces, le fournisseur de robinet \u00e0 tournant sph\u00e9rique \u00e0 segment PN25 en Chine, le robinet \u00e0 tournant sph\u00e9rique \u00e0 segment de 150 LB, le robinet \u00e0 tournant sph\u00e9rique \u00e0 segment d&#039;extr\u00e9mit\u00e9 de plaquette, la fabrication de robinet \u00e0 tournant sph\u00e9rique \u00e0 segment en Chine.<\/p>","protected":false},"featured_media":6686,"template":"","meta":[],"product_brand":[],"product_cat":[43,56,53],"product_tag":[1807,1804,1809,1806,1805,1808],"class_list":{"0":"post-6685","1":"product","2":"type-product","3":"status-publish","4":"has-post-thumbnail","6":"product_cat-ball-valve","7":"product_cat-trunnion-ball-valve","8":"product_cat-stainless-steel-ball-valve","9":"product_tag-150lb-segment-ball-valve","10":"product_tag-china-316-wafer-segment-ball-valve","11":"product_tag-china-segment-ball-valve-manufacture","12":"product_tag-pn25-segment-ball-valve-supplier-in-china","13":"product_tag-stv-ball-valve-supplier-offers-2-inch-segment-ball-valve","14":"product_tag-wafer-endsegment-ball-valve","16":"first","17":"instock","18":"shipping-taxable","19":"product-type-simple"},"_links":{"self":[{"href":"https:\/\/www.stvvalves.com\/fr\/wp-json\/wp\/v2\/product\/6685","targetHints":{"allow":["GET"]}}],"collection":[{"href":"https:\/\/www.stvvalves.com\/fr\/wp-json\/wp\/v2\/product"}],"about":[{"href":"https:\/\/www.stvvalves.com\/fr\/wp-json\/wp\/v2\/types\/product"}],"wp:featuredmedia":[{"embeddable":true,"href":"https:\/\/www.stvvalves.com\/fr\/wp-json\/wp\/v2\/media\/6686"}],"wp:attachment":[{"href":"https:\/\/www.stvvalves.com\/fr\/wp-json\/wp\/v2\/media?parent=6685"}],"wp:term":[{"taxonomy":"product_brand","embeddable":true,"href":"https:\/\/www.stvvalves.com\/fr\/wp-json\/wp\/v2\/product_brand?post=6685"},{"taxonomy":"product_cat","embeddable":true,"href":"https:\/\/www.stvvalves.com\/fr\/wp-json\/wp\/v2\/product_cat?post=6685"},{"taxonomy":"product_tag","embeddable":true,"href":"https:\/\/www.stvvalves.com\/fr\/wp-json\/wp\/v2\/product_tag?post=6685"}],"curies":[{"name":"wp","href":"https:\/\/api.w.org\/{rel}","templated":true}]}}