{"id":6756,"date":"2023-05-19T13:07:47","date_gmt":"2023-05-19T05:07:47","guid":{"rendered":"https:\/\/www.stvvalves.com\/?post_type=product&#038;p=6756"},"modified":"2025-02-17T17:56:58","modified_gmt":"2025-02-17T09:56:58","slug":"thin-wafer-check-valve-astm-b148-c95800-14-in-cl150-api-594","status":"publish","type":"product","link":"https:\/\/www.stvvalves.com\/fr\/products\/thin-wafer-check-valve-astm-b148-c95800-14-in-cl150-api-594\/","title":{"rendered":"Clapet anti-retour \u00e0 plaquettes minces, ASTM B148 C95800, 14 po CL150, API 594"},"content":{"rendered":"<p>Conception et fabrication\u00a0: API594,API 6D<br \/>\nFace \u00e0 face et bout \u00e0 bout\u00a0:API594,API6D,DIN3202<br \/>\nIndice de pression-temp\u00e9rature\u00a0: ASME B16.34, DIN2410<br \/>\nInspection et test\u00a0: API598<br \/>\nBride de tuyau : ASME B16.5, DIN2543~2548, GB\/T13402, API605, ASME B16.47.<\/p>\n<p>Gamme de produits<\/p>\n<p>Mat\u00e9riau du corps : acier au carbone, acier inoxydable, acier alli\u00e9, bronze<\/p>\n<p>Diam\u00e8tre nominal\u00a0: 1\/2\u2033~48\u2033 (DN15~DN1200)<\/p>\n<p>Connexion d&#039;extr\u00e9mit\u00e9\u00a0: plaquette<\/p>\n<p>Plage de pression\u00a0: Classe 150 ~ 900 (PN16 ~ PN150)<\/p>\n<p>Temp\u00e9rature de fonctionnement\u00a0:\u00a0-196 \u2103 ~ + 560 \u2103<\/p>\n<table>\n<tbody>\n<tr>\n<td width=\"200\"><strong>Nom du produit<\/strong><\/td>\n<td width=\"481\">Clapet anti-retour \u00e0 plaquettes minces, ASTM B148 C95800, 14 po CL150, API 594<\/td>\n<\/tr>\n<tr>\n<td width=\"200\">1. Mat\u00e9riel<\/td>\n<td width=\"481\">C95800<\/td>\n<\/tr>\n<tr>\n<td width=\"200\">2. Taille<\/td>\n<td width=\"481\">14&quot;<\/td>\n<\/tr>\n<tr>\n<td width=\"200\">4. Port<\/td>\n<td width=\"481\">Port r\u00e9ducteur<\/td>\n<\/tr>\n<tr>\n<td width=\"200\">5. Pression de travail<\/td>\n<td width=\"481\">150 livres<\/td>\n<\/tr>\n<tr>\n<td width=\"200\">6. Fin de la connexion<\/td>\n<td width=\"481\">Tranche<\/td>\n<\/tr>\n<tr>\n<td width=\"200\">7. Temp\u00e9rature de travail.<\/td>\n<td width=\"481\">-29~200\u00baC,<\/td>\n<\/tr>\n<tr>\n<td width=\"200\">8. Support appropri\u00e9<\/td>\n<td width=\"481\">Eau, gaz naturel, p\u00e9trole et certains liquides corrosifs<\/td>\n<\/tr>\n<tr>\n<td width=\"200\">9. Exploit\u00e9<\/td>\n<td width=\"481\">\/<\/td>\n<\/tr>\n<tr>\n<td width=\"200\">10. Inspection et tests<\/td>\n<td width=\"481\">Selon API594<\/td>\n<\/tr>\n<tr>\n<td width=\"200\"><strong>Exp\u00e9dition<\/strong><\/td>\n<td width=\"481\"><\/td>\n<\/tr>\n<tr>\n<td width=\"200\">D\u00e9lai de livraison<\/td>\n<td width=\"481\">30 jours<\/td>\n<\/tr>\n<tr>\n<td width=\"200\">Emballer<\/td>\n<td width=\"481\">Caisse en contreplaqu\u00e9 d&#039;exportation standard<\/td>\n<\/tr>\n<tr>\n<td width=\"200\">Port d&#039;exp\u00e9dition<\/td>\n<td width=\"481\">Ningbo\/Shanghai, Chine<\/td>\n<\/tr>\n<tr>\n<td width=\"200\">Conditions d&#039;exp\u00e9dition<\/td>\n<td width=\"481\">Exw, FOB, CFR, CIF, etc.<\/td>\n<\/tr>\n<tr>\n<td width=\"200\">Modalit\u00e9s de paiement<\/td>\n<td width=\"481\">T\/T, Western Union, PayPal, etc.<\/td>\n<\/tr>\n<tr>\n<td width=\"200\"><\/td>\n<td width=\"481\">Pr\u00e9paiement 30%, solde 70% pay\u00e9 avant l&#039;exp\u00e9dition<\/td>\n<\/tr>\n<tr>\n<td width=\"200\">Pays d&#039;origine<\/td>\n<td width=\"481\">Ville de Wenzhou, Chine<\/td>\n<\/tr>\n<tr>\n<td width=\"200\">Capacit\u00e9 de production<\/td>\n<td width=\"481\">6000 tonnes\/an<\/td>\n<\/tr>\n<tr>\n<td width=\"200\">MOQ<\/td>\n<td width=\"481\">1 pi\u00e8ces\/taille<\/td>\n<\/tr>\n<\/tbody>\n<\/table>","protected":false},"excerpt":{"rendered":"<p>Notre clapet anti-retour mince C9500 150LB est un clapet anti-retour ultra-mince, qui pr\u00e9sente les avantages d&#039;une structure simple, d&#039;une belle apparence, d&#039;un poids l\u00e9ger et d&#039;une installation pratique. Les clapets anti-retour minces conviennent principalement aux syst\u00e8mes d&#039;approvisionnement en eau, aux secteurs p\u00e9troliers, chimiques, m\u00e9tallurgiques et autres secteurs industriels, o\u00f9 l&#039;espace d&#039;installation est limit\u00e9.<\/p>\n<p>STV Valve Technology Group Co., Ltd est un leader professionnel en Chine Clapet anti-retour simple mince, Clapet anti-retour \u00e0 disque unique, Clapet anti-retour simple en acier forg\u00e9, Clapet anti-retour en plaquette, Clapet anti-retour simple mince de 150 LB, Clapet anti-retour en acier inoxydable. Fabricant de clapet anti-retour double avec une haute qualit\u00e9 et un prix comp\u00e9titif.<\/p>\n<p>Veuillez contacter notre sales@stvvalve.com pour d&#039;autres mat\u00e9riaux et d\u00e9tails.<\/p>","protected":false},"featured_media":6757,"template":"","meta":[],"product_brand":[],"product_cat":[46,84],"product_tag":[1859,1858,1650,1654,1856,1574,1857],"class_list":{"0":"post-6756","1":"product","2":"type-product","3":"status-publish","4":"has-post-thumbnail","6":"product_cat-check-valves","7":"product_cat-wafer-check-valve","8":"product_tag-14inch-check-valve","9":"product_tag-ame-b16-5-check-valve","10":"product_tag-api-594-check-valve","11":"product_tag-asme-b16-10-check-valve","12":"product_tag-astm-b148-c95800-check-valve","13":"product_tag-class-150-lb-check-valve","14":"product_tag-wfer-check-valve","16":"first","17":"instock","18":"shipping-taxable","19":"product-type-simple"},"_links":{"self":[{"href":"https:\/\/www.stvvalves.com\/fr\/wp-json\/wp\/v2\/product\/6756","targetHints":{"allow":["GET"]}}],"collection":[{"href":"https:\/\/www.stvvalves.com\/fr\/wp-json\/wp\/v2\/product"}],"about":[{"href":"https:\/\/www.stvvalves.com\/fr\/wp-json\/wp\/v2\/types\/product"}],"wp:featuredmedia":[{"embeddable":true,"href":"https:\/\/www.stvvalves.com\/fr\/wp-json\/wp\/v2\/media\/6757"}],"wp:attachment":[{"href":"https:\/\/www.stvvalves.com\/fr\/wp-json\/wp\/v2\/media?parent=6756"}],"wp:term":[{"taxonomy":"product_brand","embeddable":true,"href":"https:\/\/www.stvvalves.com\/fr\/wp-json\/wp\/v2\/product_brand?post=6756"},{"taxonomy":"product_cat","embeddable":true,"href":"https:\/\/www.stvvalves.com\/fr\/wp-json\/wp\/v2\/product_cat?post=6756"},{"taxonomy":"product_tag","embeddable":true,"href":"https:\/\/www.stvvalves.com\/fr\/wp-json\/wp\/v2\/product_tag?post=6756"}],"curies":[{"name":"wp","href":"https:\/\/api.w.org\/{rel}","templated":true}]}}