{"id":6834,"date":"2023-07-10T13:27:34","date_gmt":"2023-07-10T05:27:34","guid":{"rendered":"https:\/\/www.stvvalves.com\/?post_type=product&#038;p=6834"},"modified":"2024-12-24T19:28:19","modified_gmt":"2024-12-24T11:28:19","slug":"di-flange-type-butterfly-valve-pn16-dn150-worm-gear","status":"publish","type":"product","link":"https:\/\/www.stvvalves.com\/fr\/products\/di-flange-type-butterfly-valve-pn16-dn150-worm-gear\/","title":{"rendered":"Vanne papillon \u00e0 bride DI, PN16, DN150, engrenage \u00e0 vis sans fin"},"content":{"rendered":"<p>Gamme de tailles\u00a0: DN40-DN3200<\/p>\n<p>Pression\u00a0: 10K\/150LB\/PN10\/PN16<\/p>\n<p>Mat\u00e9riaux du corps\u00a0: fonte, fonte ductile, WCB, SS304, SS316, SS304L, SS316L, bronze, alliage d&#039;aluminium<\/p>\n<p>Mat\u00e9riaux du si\u00e8ge\u00a0: EPDM, NBR, PTFE, VITON, caoutchouc<\/p>\n<p>Mat\u00e9riaux des disques\u00a0: fonte ductile, WCB, SS304, SS316, SS304L, SS316L, bronze, alliage d&#039;aluminium<\/p>\n<p>Mat\u00e9riaux de tige\/arbre\u00a0: 45#, 410, 420, 431, 304, 304L, 316, 316L, bronze, monel, alliage dur<\/p>\n<p>Goupille\u00a0:\u00a0acier inoxydable<\/p>\n<p>Bague\u00a0: PTFE, Bronze<\/p>\n<p>Joint torique\u00a0: EPDM\/NBR\/\/Viton<\/p>\n<p><strong>Caract\u00e9ristiques de conception:<\/strong><\/p>\n<p>&nbsp;<\/p>\n<p>1. Structure de conception nouvelle, petite taille globale et poids l\u00e9ger.<\/p>\n<p>2. Habituellement, le couple est faible, l&#039;ouverture et la fermeture sont rapides et l&#039;op\u00e9ration est l\u00e9g\u00e8re et permet d&#039;\u00e9conomiser du travail.<\/p>\n<p>3. La plaque papillon et la bague d&#039;\u00e9tanch\u00e9it\u00e9 sont \u00e9troitement combin\u00e9es, ce qui permet d&#039;obtenir une fuite nulle.<\/p>\n<p>4. La connexion de la vanne papillon \u00e0 bride n\u00e9cessite des boulons plus courts que la vanne papillon \u00e0 plaquette, ce qui est plus fiable dans l&#039;application de canalisations de grand diam\u00e8tre. G\u00e9n\u00e9ralement, une vanne papillon \u00e0 bride ou une vanne papillon en forme de U est recommand\u00e9e pour les conditions de travail de grand diam\u00e8tre.<\/p>\n<p>Champs d&#039;application:<\/p>\n<p>Temp\u00e9rature de fonctionnement :<\/p>\n<p>NBR\u00a0: 0\u2103~+90\u2103<\/p>\n<p>EPDM : \u2013 20\u2103~+120\u2103<\/p>\n<p>PTFE\u00a0: -10 \u2103 ~ + 150 \u2103<\/p>\n<p>Fonctionner:<\/p>\n<p>DN32-DN250\u00a0: Levier<\/p>\n<p>DN300-3200\u00a0: engrenage \u00e0 vis sans fin<\/p>\n<p>Fonctionnement en option\u00a0:\u00a0Levier, engrenage \u00e0 vis sans fin, pneumatique, \u00e9lectrique-motoris\u00e9<\/p>\n<p>Application : Traitement chimique, Usines de dessalement, Eau potable, Poudre s\u00e8che, Agroalimentaire, Usines \u00e0 gaz, Industrie mini\u00e8re HAVC, Industrie du papier, Manipulation du sable, Eau de mer, Industrie sucri\u00e8re, Traitement thermotechnique de l&#039;eau, Eaux us\u00e9es, Circulation d&#039;eau de refroidissement, Air comprim\u00e9<\/p>\n<p>&nbsp;<\/p>\n<p>Sp\u00e9cifications techniques:<br \/>\nNorme de conception\u00a0:<\/p>\n<p>EN 593, MSS SP67, API 609, BS5155<\/p>\n<p>Dimension Face \u00e0 Face :<\/p>\n<p>OIN 5752, EN 558, MSS SP67, API 609, DIN3202<\/p>\n<p>Norme de fin\u00a0:<\/p>\n<p>ANSI B16.1 Classe125LB et B16.5 Classe150LB<\/p>\n<p>AS 2129 Tableaux D et E BS 10 Tableaux D et E<\/p>\n<p>DIN 2501 PN6, PN10 &amp; PN16<\/p>\n<p>EN 1092 PN6, PN10 &amp; PN16<\/p>\n<p>ISO 2531 PN6, PN10 et PN16<\/p>\n<p>ISO 7005 PN6, PN10 et PN16<\/p>\n<p>KS B 1511 \/ JIS B 2210 5K et 10K<\/p>\n<p>MSS SP44 CL. 150 LB AWWA C207<\/p>\n<p>SABS 1123 Tableau 1000\/3 et Tableau 1600\/3<\/p>\n<p>Bride sup\u00e9rieure\u00a0: ISO5211<\/p>\n<p>Norme d&#039;essai\u00a0: API 598, ISO 5208, EN 12266<\/p>","protected":false},"excerpt":{"rendered":"<p>STV Valve Technology Group Co., Ltd is a professional leader China Butterfly Valve for seawater,DI Flange type Butterfly valve\uff0cflange ductile iron butterfly valve,Epdm Seat Butterfly Valve,DI Disc Butterfly Valve,6 Inch Butterfly Valve Manufacture with high quality and competitive price.<\/p>","protected":false},"featured_media":6835,"template":"","meta":[],"product_brand":[],"product_cat":[965,972],"product_tag":[1912,1915,1913,1914],"class_list":{"0":"post-6834","1":"product","2":"type-product","3":"status-publish","4":"has-post-thumbnail","6":"product_cat-butterfly-valve","7":"product_cat-flange-butterfly-valve","8":"product_tag-di-flange-type-butterfly-valve","9":"product_tag-dn150-di-flange-type-butterfly-valve","10":"product_tag-pn16-di-flange-type-butterfly-valve","11":"product_tag-worm-gear-di-flange-type-butterfly-valve","13":"first","14":"instock","15":"shipping-taxable","16":"product-type-simple"},"_links":{"self":[{"href":"https:\/\/www.stvvalves.com\/fr\/wp-json\/wp\/v2\/product\/6834","targetHints":{"allow":["GET"]}}],"collection":[{"href":"https:\/\/www.stvvalves.com\/fr\/wp-json\/wp\/v2\/product"}],"about":[{"href":"https:\/\/www.stvvalves.com\/fr\/wp-json\/wp\/v2\/types\/product"}],"wp:featuredmedia":[{"embeddable":true,"href":"https:\/\/www.stvvalves.com\/fr\/wp-json\/wp\/v2\/media\/6835"}],"wp:attachment":[{"href":"https:\/\/www.stvvalves.com\/fr\/wp-json\/wp\/v2\/media?parent=6834"}],"wp:term":[{"taxonomy":"product_brand","embeddable":true,"href":"https:\/\/www.stvvalves.com\/fr\/wp-json\/wp\/v2\/product_brand?post=6834"},{"taxonomy":"product_cat","embeddable":true,"href":"https:\/\/www.stvvalves.com\/fr\/wp-json\/wp\/v2\/product_cat?post=6834"},{"taxonomy":"product_tag","embeddable":true,"href":"https:\/\/www.stvvalves.com\/fr\/wp-json\/wp\/v2\/product_tag?post=6834"}],"curies":[{"name":"wp","href":"https:\/\/api.w.org\/{rel}","templated":true}]}}