{"id":6840,"date":"2023-07-24T13:39:35","date_gmt":"2023-07-24T05:39:35","guid":{"rendered":"https:\/\/www.stvvalves.com\/?post_type=product&#038;p=6840"},"modified":"2023-07-24T13:39:37","modified_gmt":"2023-07-24T05:39:37","slug":"forged-steel-3000lb-cross","status":"publish","type":"product","link":"https:\/\/www.stvvalves.com\/fr\/products\/forged-steel-3000lb-cross\/","title":{"rendered":"Croix en acier forg\u00e9 3000LB"},"content":{"rendered":"<table>\n<tbody>\n<tr>\n<td>Nom du produit<\/td>\n<td>\u00a0 Croix<\/td>\n<\/tr>\n<tr>\n<td>Taille<\/td>\n<td>1\/8&#8243;-4&#8243;<\/td>\n<\/tr>\n<tr>\n<td>Standard<\/td>\n<td>ANSI B16.11<\/td>\n<\/tr>\n<tr>\n<td>Pression<\/td>\n<td>2 000 lb, 3 000 lb, 6 000 lb, 9 000 lb<\/td>\n<\/tr>\n<tr>\n<td>Fin<\/td>\n<td>Filetage (NPT\/BSP), douille soud\u00e9e<\/td>\n<\/tr>\n<tr>\n<td>\u00a0 \u00a0 Taper<\/td>\n<td>\u00a0 \u00a0 \u00c9gal ou r\u00e9duit<\/td>\n<\/tr>\n<tr>\n<td>Processus<\/td>\n<td>Forg\u00e9<\/td>\n<\/tr>\n<tr>\n<td>Surface<\/td>\n<td>\u00a0Usin\u00e9 CNC, huile antirouille, HDG (galv \u00e0 chaud.)<\/td>\n<\/tr>\n<tr>\n<td rowspan=\"6\">Mat\u00e9riel<\/td>\n<td><strong>Acier Carbone:\u00a0<\/strong>A105, A350 LF2, etc.<\/td>\n<\/tr>\n<tr>\n<td><strong>Acier pour pipelines\u00a0:<\/strong>\u00a0ASTM 694 f42, f52, f60, f65, f70 et etc.<\/td>\n<\/tr>\n<tr>\n<td><strong>\u00a0 Acier inoxydable:<\/strong>\u00a0A182F304\/304L, A182 F316\/316L, A182F321, A182F310S, A182F347H, A182F316Ti, 317\/317L, 904L, 1.4301, 1.4307, 1.4401, 1.4571, 1.4541, 254Mo et etc.<\/td>\n<\/tr>\n<tr>\n<td><strong>\u00a0Acier inoxydable duplex\u00a0:<\/strong>\u00a0ASTM A182 F51, F53, F55, UNS31803, SAF2205, UNS32205, UNS32750, UNS32760, 1.4462,1.4410,1.4501 et etc.<\/td>\n<\/tr>\n<tr>\n<td><strong>\u00a0 Alliage de nickel\u00a0:<\/strong>\u00a0inconel600, inconel625, inconel690, incoloy800, incoloy 825, incoloy 800H,C22, C-276, Monel400, Alloy20 etc.<\/td>\n<\/tr>\n<tr>\n<td><strong>Acier alli\u00e9 Cr-Mo\u00a0:\u00a0<\/strong>A182 f11, f22, f5, f9, f91, 10CrMo9-10, 16Mo3 etc.<\/td>\n<\/tr>\n<tr>\n<td>Application<\/td>\n<td>Industrie p\u00e9trochimique\u00a0; industrie a\u00e9ronautique et a\u00e9rospatiale\u00a0; industrie pharmaceutique, gaz d&#039;\u00e9chappement\u00a0; centrale \u00e9lectrique; construction navale; traitement de l&#039;eau, etc.<\/td>\n<\/tr>\n<tr>\n<td>Avantages<\/td>\n<td>stock pr\u00eat, d\u00e9lai de livraison plus rapide\u00a0; disponible dans toutes les tailles, personnalis\u00e9\u00a0; haute qualit\u00e9<\/td>\n<\/tr>\n<\/tbody>\n<\/table>","protected":false},"excerpt":{"rendered":"<p>STV Valve Technology Group Co., Ltd est un leader professionnel en Chine Croix en acier forg\u00e9 de 3000 LB, croix femelle haute pression, croix femelle NPT, croix F304 en acier inoxydable, fabricant de 1 pouce de haute qualit\u00e9 et \u00e0 prix comp\u00e9titif.<\/p>","protected":false},"featured_media":6843,"template":"","meta":[],"product_brand":[],"product_cat":[966,967],"product_tag":[],"class_list":{"0":"post-6840","1":"product","2":"type-product","3":"status-publish","4":"has-post-thumbnail","6":"product_cat-pipe-fitting","7":"product_cat-high-pressure-3000lb6000lb-pipe-fitting","9":"first","10":"instock","11":"shipping-taxable","12":"product-type-simple"},"_links":{"self":[{"href":"https:\/\/www.stvvalves.com\/fr\/wp-json\/wp\/v2\/product\/6840","targetHints":{"allow":["GET"]}}],"collection":[{"href":"https:\/\/www.stvvalves.com\/fr\/wp-json\/wp\/v2\/product"}],"about":[{"href":"https:\/\/www.stvvalves.com\/fr\/wp-json\/wp\/v2\/types\/product"}],"wp:featuredmedia":[{"embeddable":true,"href":"https:\/\/www.stvvalves.com\/fr\/wp-json\/wp\/v2\/media\/6843"}],"wp:attachment":[{"href":"https:\/\/www.stvvalves.com\/fr\/wp-json\/wp\/v2\/media?parent=6840"}],"wp:term":[{"taxonomy":"product_brand","embeddable":true,"href":"https:\/\/www.stvvalves.com\/fr\/wp-json\/wp\/v2\/product_brand?post=6840"},{"taxonomy":"product_cat","embeddable":true,"href":"https:\/\/www.stvvalves.com\/fr\/wp-json\/wp\/v2\/product_cat?post=6840"},{"taxonomy":"product_tag","embeddable":true,"href":"https:\/\/www.stvvalves.com\/fr\/wp-json\/wp\/v2\/product_tag?post=6840"}],"curies":[{"name":"wp","href":"https:\/\/api.w.org\/{rel}","templated":true}]}}