{"id":6844,"date":"2023-07-24T13:52:41","date_gmt":"2023-07-24T05:52:41","guid":{"rendered":"https:\/\/www.stvvalves.com\/?post_type=product&#038;p=6844"},"modified":"2023-07-24T13:52:43","modified_gmt":"2023-07-24T05:52:43","slug":"concentric-reducer-forged-fitting-swage-nipple","status":"publish","type":"product","link":"https:\/\/www.stvvalves.com\/fr\/products\/concentric-reducer-forged-fitting-swage-nipple\/","title":{"rendered":"Mamelon \u00e0 sertir \u00e0 raccord forg\u00e9 \u00e0 r\u00e9ducteur concentrique"},"content":{"rendered":"<table>\n<tbody>\n<tr>\n<td>Nom du produit<\/td>\n<td>\u00a0 Mamelon \u00e0 sertir<\/td>\n<\/tr>\n<tr>\n<td>Taille<\/td>\n<td>1\/4&#8243;-12&#8243;<\/td>\n<\/tr>\n<tr>\n<td>Standard<\/td>\n<td>MSS SP95<\/td>\n<\/tr>\n<tr>\n<td>\u00e9paisseur du mur<\/td>\n<td>STD\/SCH40, SCH80\/XS, SCH160, XXS, personnalis\u00e9, etc.<\/td>\n<\/tr>\n<tr>\n<td>Fin<\/td>\n<td>Extr\u00e9mit\u00e9 simple ou extr\u00e9mit\u00e9 filet\u00e9e (NPT\/BSP), TOE, TBE, POE, BBE, PBE, PE, BE, BLE, BSE, PLE, PSE, TLE, TSE<\/td>\n<\/tr>\n<tr>\n<td>\u00a0 \u00a0 Taper<\/td>\n<td>\u00a0 \u00a0 concentrique, excentrique<\/td>\n<\/tr>\n<tr>\n<td>Processus<\/td>\n<td>\u00a0 \u00a0 sans couture, forg\u00e9<\/td>\n<\/tr>\n<tr>\n<td>Surface<\/td>\n<td>\u00a0Huile antirouille finement usin\u00e9e<\/td>\n<\/tr>\n<tr>\n<td rowspan=\"6\">Mat\u00e9riel<\/td>\n<td>\u00a0 \u00a0 \u00a0<strong>Acier Carbone:\u00a0<\/strong>A105, A350 LF2, etc.<\/td>\n<\/tr>\n<tr>\n<td>\u00a0 \u00a0 \u00a0<strong>Acier pour pipelines\u00a0:<\/strong>\u00a0ASTM 694 f42, f52, f60, f65, f70 et etc.<\/td>\n<\/tr>\n<tr>\n<td>\u00a0 \u00a0 \u00a0<strong>Acier inoxydable:<\/strong>\u00a0A182F304\/304L, A182 F316\/316L, A182F321, A182F310S, A182F347H, A182F316Ti, 317\/317L, 904L, 1.4301, 1.4307, 1.4401, 1.4571, 1.4541, 254Mo et etc.<\/td>\n<\/tr>\n<tr>\n<td><strong>\u00a0 \u00a0 \u00a0Acier inoxydable duplex\u00a0:<\/strong>\u00a0ASTM A182 F51, F53, F55, UNS31803, SAF2205, UNS32205, UNS32750, UNS32760, 1.4462, 1.4410, 1.4501 et etc.<\/td>\n<\/tr>\n<tr>\n<td><strong>\u00a0 \u00a0 \u00a0Alliage de nickel\u00a0:<\/strong>\u00a0inconel600, inconel625, inconel690, incoloy800, incoloy 825, incoloy 800H,C22, C-276, Monel400, Alloy20 etc.<\/td>\n<\/tr>\n<tr>\n<td>\u00a0 \u00a0 \u00a0 \u00a0<strong>Acier alli\u00e9 Cr-Mo\u00a0:\u00a0<\/strong>A182 f11, f22, f5, f9, f91, 10CrMo9-10, 16Mo3 etc.<\/td>\n<\/tr>\n<tr>\n<td>Application<\/td>\n<td>Industrie p\u00e9trochimique\u00a0; industrie a\u00e9ronautique et a\u00e9rospatiale\u00a0; industrie pharmaceutique, gaz d&#039;\u00e9chappement\u00a0; centrale \u00e9lectrique; construction navale; traitement de l&#039;eau, etc.<\/td>\n<\/tr>\n<tr>\n<td>Avantages<\/td>\n<td>stock pr\u00eat, d\u00e9lai de livraison plus rapide\u00a0; disponible dans toutes les tailles, personnalis\u00e9\u00a0; haute qualit\u00e9<\/td>\n<\/tr>\n<\/tbody>\n<\/table>","protected":false},"excerpt":{"rendered":"<p>STV Valve Technology Group Co., Ltd est un leader professionnel en Chine. Mamelon \u00e0 sertir \u00e0 raccord forg\u00e9 \u00e0 r\u00e9ducteur concentrique, mamelon \u00e0 sertir femelle haute pression, mamelon \u00e0 sertir NPT, mamelon \u00e0 sertir F304 en acier inoxydable, fabricant de raccords \u00e0 sertir en PE de haute qualit\u00e9 et \u00e0 prix comp\u00e9titif.<\/p>","protected":false},"featured_media":6845,"template":"","meta":[],"product_brand":[],"product_cat":[966,967],"product_tag":[1920,1921,1922,1924,1923],"class_list":{"0":"post-6844","1":"product","2":"type-product","3":"status-publish","4":"has-post-thumbnail","6":"product_cat-pipe-fitting","7":"product_cat-high-pressure-3000lb6000lb-pipe-fitting","8":"product_tag-china-concentric-reducer-forged-fitting-swage-nipple","9":"product_tag-high-pressure-female-swage-nipple","10":"product_tag-npt-swage-nipple","11":"product_tag-pe-endswage-nipple-manufacturer","12":"product_tag-stainless-steel-f304-swage-nipple","14":"first","15":"instock","16":"shipping-taxable","17":"product-type-simple"},"_links":{"self":[{"href":"https:\/\/www.stvvalves.com\/fr\/wp-json\/wp\/v2\/product\/6844","targetHints":{"allow":["GET"]}}],"collection":[{"href":"https:\/\/www.stvvalves.com\/fr\/wp-json\/wp\/v2\/product"}],"about":[{"href":"https:\/\/www.stvvalves.com\/fr\/wp-json\/wp\/v2\/types\/product"}],"wp:featuredmedia":[{"embeddable":true,"href":"https:\/\/www.stvvalves.com\/fr\/wp-json\/wp\/v2\/media\/6845"}],"wp:attachment":[{"href":"https:\/\/www.stvvalves.com\/fr\/wp-json\/wp\/v2\/media?parent=6844"}],"wp:term":[{"taxonomy":"product_brand","embeddable":true,"href":"https:\/\/www.stvvalves.com\/fr\/wp-json\/wp\/v2\/product_brand?post=6844"},{"taxonomy":"product_cat","embeddable":true,"href":"https:\/\/www.stvvalves.com\/fr\/wp-json\/wp\/v2\/product_cat?post=6844"},{"taxonomy":"product_tag","embeddable":true,"href":"https:\/\/www.stvvalves.com\/fr\/wp-json\/wp\/v2\/product_tag?post=6844"}],"curies":[{"name":"wp","href":"https:\/\/api.w.org\/{rel}","templated":true}]}}