{"id":6856,"date":"2023-07-25T12:15:47","date_gmt":"2023-07-25T04:15:47","guid":{"rendered":"https:\/\/www.stvvalves.com\/?post_type=product&#038;p=6856"},"modified":"2024-12-24T19:26:50","modified_gmt":"2024-12-24T11:26:50","slug":"triple-eccentric-butterfly-valve-a216-wcb-28-inch-300-lb-rf","status":"publish","type":"product","link":"https:\/\/www.stvvalves.com\/fr\/products\/triple-eccentric-butterfly-valve-a216-wcb-28-inch-300-lb-rf\/","title":{"rendered":"Vanne papillon triple excentrique, A216 WCB, 28 pouces, 300 LB, RF"},"content":{"rendered":"<p><strong>Caract\u00e9ristiques:<\/strong><\/p>\n<p>1. Con\u00e7u et fabriqu\u00e9 selon BSEN 593, MSS SP-67 et API 609<\/p>\n<p>2. Convient aux brides ANSI 125\/150, BS4504, DIN<\/p>\n<p>3. Gammes de tailles : NPS 2\u2033~52\u2033<\/p>\n<p>4. Pression nominale\u00a0: PN10\/16, ANSI125\/150\/300\/600\/900<\/p>\n<p>5. Mat\u00e9riaux disponibles en fer, acier, acier inoxydable, duplex et bronze, mat\u00e9riau du si\u00e8ge en type r\u00e9silient et m\u00e9tallique, diff\u00e9rents mat\u00e9riaux de garniture de vanne papillon sont disponibles pour s&#039;adapter \u00e0 diff\u00e9rentes conditions de service.<\/p>\n<p>6. Conception ignifuge selon API 608\/API 6FD sur demande<\/p>\n<p>7. Vers MSS SP 01-75 Sur demande<\/p>\n<p>8. Op\u00e9rations\u00a0:\u00a0Levier, engrenage \u00e0 vis sans fin, \u00e9lectrique, pneumatique et hydra-pneumatique<\/p>\n<div class=\"rich-text-table\">\n<table style=\"height: 148px;\" width=\"843\">\n<tbody>\n<tr>\n<td>CONCEPTION ET MFT.<\/td>\n<td>API609<\/td>\n<td>FIN DE LA CONNEXION<\/td>\n<td>FLG. RF<\/td>\n<\/tr>\n<tr>\n<td>PR\u00c9-TEP. NOTATION<\/td>\n<td>ASME B16.34<\/td>\n<td>INSPECTER ET TESTER<\/td>\n<td>API598<\/td>\n<\/tr>\n<tr>\n<td>DIMENSIONS FR<\/td>\n<td>ANSI B16.10<\/td>\n<td>FIN DE CONNEXION<\/td>\n<td>ANSI B16.5<\/td>\n<\/tr>\n<tr>\n<td>MARQUAGE<\/td>\n<td>MSS SP-25<\/td>\n<td>CONCEPTION S\u00c9CURIS\u00c9E AU FEU<\/td>\n<td>&#8212;<\/td>\n<\/tr>\n<tr>\n<td>PEINTURE<\/td>\n<td>\u00c0 d\u00e9terminer<\/td>\n<td>SPE. EXIGENCES<\/td>\n<td>N \/ A<\/td>\n<\/tr>\n<\/tbody>\n<\/table>\n<\/div>","protected":false},"excerpt":{"rendered":"<p>Fabricant chinois de vanne papillon triple excentrique, STV propose une vanne papillon triple excentrique avec engrenage \u00e0 vis sans fin, ASTM A216 wcb, 28 pouces, 300 LB, API 609.<\/p>\n<p>&nbsp;<\/p>","protected":false},"featured_media":6857,"template":"","meta":[],"product_brand":[],"product_cat":[965,972],"product_tag":[1930,1931,1932,1929,1933],"class_list":{"0":"post-6856","1":"product","2":"type-product","3":"status-publish","4":"has-post-thumbnail","6":"product_cat-butterfly-valve","7":"product_cat-flange-butterfly-valve","8":"product_tag-28-inch-triple-eccentric-butterfly-valve","9":"product_tag-300lb-triple-eccentric-butterfly-valve","10":"product_tag-flange-end-triple-eccentric-butterfly-valve","11":"product_tag-triple-eccentric-butterfly-valve-manufacturer","12":"product_tag-wcb-triple-eccentric-butterfly-valve","14":"first","15":"instock","16":"shipping-taxable","17":"product-type-simple"},"_links":{"self":[{"href":"https:\/\/www.stvvalves.com\/fr\/wp-json\/wp\/v2\/product\/6856","targetHints":{"allow":["GET"]}}],"collection":[{"href":"https:\/\/www.stvvalves.com\/fr\/wp-json\/wp\/v2\/product"}],"about":[{"href":"https:\/\/www.stvvalves.com\/fr\/wp-json\/wp\/v2\/types\/product"}],"wp:featuredmedia":[{"embeddable":true,"href":"https:\/\/www.stvvalves.com\/fr\/wp-json\/wp\/v2\/media\/6857"}],"wp:attachment":[{"href":"https:\/\/www.stvvalves.com\/fr\/wp-json\/wp\/v2\/media?parent=6856"}],"wp:term":[{"taxonomy":"product_brand","embeddable":true,"href":"https:\/\/www.stvvalves.com\/fr\/wp-json\/wp\/v2\/product_brand?post=6856"},{"taxonomy":"product_cat","embeddable":true,"href":"https:\/\/www.stvvalves.com\/fr\/wp-json\/wp\/v2\/product_cat?post=6856"},{"taxonomy":"product_tag","embeddable":true,"href":"https:\/\/www.stvvalves.com\/fr\/wp-json\/wp\/v2\/product_tag?post=6856"}],"curies":[{"name":"wp","href":"https:\/\/api.w.org\/{rel}","templated":true}]}}