{"id":6865,"date":"2023-08-25T13:26:54","date_gmt":"2023-08-25T05:26:54","guid":{"rendered":"https:\/\/www.stvvalves.com\/?post_type=product&#038;p=6865"},"modified":"2023-08-25T13:26:55","modified_gmt":"2023-08-25T05:26:55","slug":"cast-trunnion-mounted-ball-valve-dn500-pn16-wcb-rf-end","status":"publish","type":"product","link":"https:\/\/www.stvvalves.com\/fr\/products\/cast-trunnion-mounted-ball-valve-dn500-pn16-wcb-rf-end\/","title":{"rendered":"Robinet \u00e0 bille mont\u00e9 sur tourillon en fonte, DN500, PN16, WCB, extr\u00e9mit\u00e9 RF"},"content":{"rendered":"<p>Fabricant, usine et fournisseur de robinets \u00e0 tournant sph\u00e9rique mont\u00e9s sur tourillon ChinaCast.<\/p>\n<p><strong>Sp\u00e9cifications du robinet \u00e0 tournant sph\u00e9rique mont\u00e9 sur tourillon moul\u00e9\u00a0:<\/strong><\/p>\n<p>Mat\u00e9riel\u00a0:\u00a0A351 CF8M\/CF8\/CF3, A216 WCB, A352 LCB\/LCC<\/p>\n<p>Etanch\u00e9it\u00e9\u00a0:\u00a0M\u00e9tal ou souple<\/p>\n<p>Pression\u00a0:\u00a0Classe ASME 150~2500LBS (PN16~PN260)<\/p>\n<p>Taille : NPS 2&quot;~48&quot; (50mm~1200mm)<\/p>\n<p>Connexion\u00a0: RF, RTJ, BW<\/p>\n<p>Fonctionnement\u00a0: Levier manuel, Bo\u00eete de vitesses, Pneumatique, \u00c9lectrique<br \/>\n<strong>Norme de robinet \u00e0 tournant sph\u00e9rique mont\u00e9 sur tourillon en fonte\u00a0:<\/strong><\/p>\n<p>Conception\u00a0: API6D, ASME B16.34, BS5351, ISO14313<\/p>\n<p>Coffre-fort incendie\u00a0: API607, API 6FA,<\/p>\n<p>Pr\u00e9sentiel\u00a0: API 6D\/ASME B16.10<\/p>\n<p>Extr\u00e9mit\u00e9s \u00e0 bride\u00a0: ASME B16.5\/B16.47 \/MSS SP-44\/DIN\/EN1092-1\/GOST33259\/JIS<\/p>\n<p>Extr\u00e9mit\u00e9s BW\u00a0:\u00a0ASME B16.25<\/p>\n<p>Test d&#039;inspection\u00a0:API 598,API6D,ISO5208,EN12266-1<\/p>\n<p>Cotes de temp\u00e9rature\u00a0:\u00a0ASME B16.34<\/p>\n<p>Certificat\u00a0:\u00a0EN 10204 type 3.1<\/p>\n<p>Marquages\u00a0: MSS SP25<\/p>\n<p>&nbsp;<\/p>\n<p><strong>Caract\u00e9ristiques du robinet \u00e0 tournant sph\u00e9rique mont\u00e9 sur tourillon moul\u00e9\u00a0:\u00a0<\/strong><br \/>\nCorps boulonn\u00e9 ou corps soud\u00e9, passage r\u00e9duit ou passage int\u00e9gral, bille flottante ou \u00e0 tourillon, d\u00e9bit bidirectionnel, NACE MR-01-75, faible couple, passage int\u00e9gral ou passage r\u00e9duit, raclable, et robinet \u00e0 tournant sph\u00e9rique \u00e0 si\u00e8ge m\u00e9tallique de conception cryog\u00e9nique avec essai \u00e0 basse temp\u00e9rature et un test de faibles \u00e9missions fugitives est \u00e9galement disponible.<\/p>\n<p>\u00c9tanch\u00e9it\u00e9 de si\u00e8ge m\u00e9tal sur m\u00e9tal haute performance sans fuite.<\/p>\n<p>Application haute temp\u00e9rature con\u00e7ue pour les particules solides.<\/p>","protected":false},"excerpt":{"rendered":"<p>STV Valve Technology Group Co., Ltd est un leader professionnel en Chine Robinet \u00e0 tournant sph\u00e9rique en acier moul\u00e9 DN500, Robinet \u00e0 tournant sph\u00e9rique en acier moul\u00e9 DN500 API 6D, Robinet \u00e0 tournant sph\u00e9rique mont\u00e9 sur tourillon en acier moul\u00e9, Robinet \u00e0 tournant sph\u00e9rique mont\u00e9 sur tourillon en 3 pi\u00e8ces, Fabricant de robinet \u00e0 tournant sph\u00e9rique mont\u00e9 sur tourillon WCB avec une haute qualit\u00e9 et un prix comp\u00e9titif.<\/p>","protected":false},"featured_media":6866,"template":"","meta":[],"product_brand":[],"product_cat":[43,56],"product_tag":[1949,1948,1947,1950],"class_list":{"0":"post-6865","1":"product","2":"type-product","3":"status-publish","4":"has-post-thumbnail","6":"product_cat-ball-valve","7":"product_cat-trunnion-ball-valve","8":"product_tag-cast-trunnion-mounted-ball-valve","9":"product_tag-dn500-cast-trunnion-mounted-ball-valve","10":"product_tag-pn16-cast-trunnion-mounted-ball-valve","11":"product_tag-rf-end-cast-trunnion-mounted-ball-valve","13":"first","14":"instock","15":"shipping-taxable","16":"product-type-simple"},"_links":{"self":[{"href":"https:\/\/www.stvvalves.com\/fr\/wp-json\/wp\/v2\/product\/6865","targetHints":{"allow":["GET"]}}],"collection":[{"href":"https:\/\/www.stvvalves.com\/fr\/wp-json\/wp\/v2\/product"}],"about":[{"href":"https:\/\/www.stvvalves.com\/fr\/wp-json\/wp\/v2\/types\/product"}],"wp:featuredmedia":[{"embeddable":true,"href":"https:\/\/www.stvvalves.com\/fr\/wp-json\/wp\/v2\/media\/6866"}],"wp:attachment":[{"href":"https:\/\/www.stvvalves.com\/fr\/wp-json\/wp\/v2\/media?parent=6865"}],"wp:term":[{"taxonomy":"product_brand","embeddable":true,"href":"https:\/\/www.stvvalves.com\/fr\/wp-json\/wp\/v2\/product_brand?post=6865"},{"taxonomy":"product_cat","embeddable":true,"href":"https:\/\/www.stvvalves.com\/fr\/wp-json\/wp\/v2\/product_cat?post=6865"},{"taxonomy":"product_tag","embeddable":true,"href":"https:\/\/www.stvvalves.com\/fr\/wp-json\/wp\/v2\/product_tag?post=6865"}],"curies":[{"name":"wp","href":"https:\/\/api.w.org\/{rel}","templated":true}]}}